{"id":2037,"date":"2020-06-10T15:41:18","date_gmt":"2020-06-10T13:41:18","guid":{"rendered":"https:\/\/us.edu.pl\/szkola-doktorska\/?page_id=2037"},"modified":"2021-02-22T12:18:20","modified_gmt":"2021-02-22T11:18:20","slug":"znajdz-promotora-informatyka-techniczna-i-telekomunikacyjna","status":"publish","type":"page","link":"https:\/\/us.edu.pl\/szkola-doktorska\/znajdz-promotora\/znajdz-promotora-informatyka-techniczna-i-telekomunikacyjna\/","title":{"rendered":"znajd\u017a promotora &#8211; informatyka techniczna i telekomunikacyjna"},"content":{"rendered":"<p>[vc_row][vc_column]\r\n                <div class=\"text-modules\">\r\n                    <div class=\"container\">\r\n                        \r\n                        <div class=\"text-modules__content\"><p>Poni\u017cej znajduje si\u0119 lista os\u00f3b, kt\u00f3re zadeklarowa\u0142y gotowo\u015b\u0107 pracy jako promotorzy w dyscyplinie informatyka techniczna i telekomunikacyjna . Promotorem doktoranta w Szkole Doktorskiej mo\u017ce by\u0107 ka\u017cdy pracownik naukowy ze stopniem doktora habilitowanego lub tytu\u0142em profesora, kt\u00f3ry jest aktywny naukowo i jego zainteresowania naukowe s\u0105 zbli\u017cone do plan\u00f3w naukowych doktoranta. Kompletna lista nauczycieli akademickich prowadz\u0105cych badania w dyscyplinie informatyka techniczna i telekomunikacyjna znajduje si\u0119 na stronie internetowej <a href=\"http:\/\/www.wiinom.us.edu.pl\/instytut-informatyki\">Instytutu Informatyki<\/a><\/p>\n<\/div>\r\n                    <\/div>\r\n                <\/div>\r\n                <div class=\"text-modules \">\r\n                    <div class=\"container\">\r\n                        <h3 class=\"section-title section-title_border-bottom\">dr hab. in\u017c. Wojciech Froelich, prof. U\u015a<\/h3> <h3 class=\"subtitle text-modules__subtitle\">Wydzia\u0142 Nauk \u015acis\u0142ych i Technicznych<\/h3>\r\n                        <div class=\"row m-0\">\r\n                            <div class=\"text-modules__content\">\r\n                                <strong>Dyscypliny:<\/strong><\/p>\n<p>informatyka techniczna i telekomunikacja<\/p>\n<p><strong>Zainteresowania naukowe:<\/strong><\/p>\n<p>sztuczna inteligencja, metody reprezentacji wiedzy, predykcja, klasyfikacja, sieci kognitywne, sieci neuronowe, eksploracja danych<\/p>\n<p><strong>Zobacz wi\u0119cej:<\/strong><\/p>\n<p><a href=\"https:\/\/orcid.org\/0000-0002-3860-9618\">ORCID<\/a><\/p>\n<p><a href=\"https:\/\/www.researchgate.net\/profile\/Wojciech_Froelich\">ResearchGate<\/a><\/p>\n<p><a href=\"https:\/\/sites.google.com\/site\/wfroelichhomepage\/home\">Google <\/a><\/p>\n<p><strong>Kontakt<\/strong>:<\/p>\n<p><a href=\"mailto:wojciech.froelich@us.edu.pl\">wojciech.froelich@us.edu.pl<\/a> \r\n                                <div class=\"mt-3\"><\/div>\r\n                            <\/div>\r\n                            \r\n                            \r\n                        <\/div>\r\n                    <\/div>\r\n                <\/div>\r\n                <div class=\"text-modules \">\r\n                    <div class=\"container\">\r\n                        <h3 class=\"section-title section-title_border-bottom\">dr hab. Krzysztof Gdawiec, prof. U\u015a<\/h3> <h3 class=\"subtitle text-modules__subtitle\">Wydzia\u0142 Nauk \u015acis\u0142ych<\/h3>\r\n                        <div class=\"row m-0\">\r\n                            <div class=\"text-modules__content\">\r\n                                <strong>Dyscypliny:<\/strong><\/p>\n<p>informatyka techniczna i telekomunikacyjna<\/p>\n<p><strong>Zainteresowania naukowe:<\/strong><\/p>\n<p>grafika komputerowa, fraktale, sztuka generatywna<\/p>\n<p><strong>Zobacz wi\u0119cej:<\/strong><\/p>\n<p><a href=\"https:\/\/orcid.org\/0000-0001-9434-9307\">ORCID<\/a><\/p>\n<p><a href=\"https:\/\/www.researchgate.net\/profile\/Krzysztof_Gdawiec\">ResearchGate<\/a><\/p>\n<p><a href=\"https:\/\/scholar.google.pl\/citations?user=Kc4rf0kAAAAJ\">Google Scholar<\/a><\/p>\n<p><strong>Kontakt<\/strong>:<\/p>\n<p><a href=\"mailto:krzysztof.gdawiec@us.edu.pl\">krzysztof.gdawiec@us.edu.pl<\/a> \r\n                                <div class=\"mt-3\"><\/div>\r\n                            <\/div>\r\n                            \r\n                            \r\n                        <\/div>\r\n                    <\/div>\r\n                <\/div>\r\n                <div class=\"text-modules \">\r\n                    <div class=\"container\">\r\n                        <h3 class=\"section-title section-title_border-bottom\">dr hab. in\u017c Robert Koprowski, prof. U\u015a<\/h3> <h3 class=\"subtitle text-modules__subtitle\">Wydzia\u0142 Nauk \u015acis\u0142ych<\/h3>\r\n                        <div class=\"row m-0\">\r\n                            <div class=\"text-modules__content\">\r\n                                <strong>Dyscypliny:<\/strong><\/p>\n<p>in\u017cynieria biomedyczna<\/p>\n<p><strong>Zainteresowania naukowe:<\/strong><\/p>\n<p>in\u017cynieria biomedyczna, analiza i przetwarzanie obraz\u00f3w medycznych, informatyka<\/p>\n<p><strong>Zobacz wi\u0119cej:<\/strong><\/p>\n<p><a href=\"https:\/\/orcid.org\/0000-0001-7015-7984\">ORCID<\/a><\/p>\n<p><a href=\"https:\/\/www.researchgate.net\/profile\/Robert_Koprowski\">ResearchGate<\/a><\/p>\n<p><strong>Kontakt<\/strong>:<\/p>\n<p><a href=\"mailto:robert.koprowski@us.edu.pl\">robert.koprowski@us.edu.pl<\/a> \r\n                                <div class=\"mt-3\"><\/div>\r\n                            <\/div>\r\n                            \r\n                            \r\n                        <\/div>\r\n                    <\/div>\r\n                <\/div>\r\n                <div class=\"text-modules \">\r\n                    <div class=\"container\">\r\n                        <h3 class=\"section-title section-title_border-bottom\">dr hab. Agnieszka Lisowska<\/h3> <h3 class=\"subtitle text-modules__subtitle\">Wydzia\u0142 Nauk \u015acis\u0142ych i Technicznych<\/h3>\r\n                        <div class=\"row m-0\">\r\n                            <div class=\"text-modules__content\">\r\n                                <strong>Dyscypliny:<\/strong><\/p>\n<p>informatyka techniczna i telekomunikacyjna<\/p>\n<p><strong>Zainteresowania naukowe:<\/strong><\/p>\n<p>przetwarzanie obrazu, video, kompresja, falki, fraktale, wielorozdzielcze metody geometryczne, compressed sensing<\/p>\n<p><strong>Zobacz wi\u0119cej:<\/strong><\/p>\n<p><a href=\"https:\/\/orcid.org\/0000-0003-0492-772X\">ORCID<\/a><\/p>\n<p><a href=\"https:\/\/www.researchgate.net\/profile\/Agnieszka_Lisowska5\">ResearchGate<\/a><\/p>\n<p><a href=\"https:\/\/scholar.google.com\/citations?user=TSYi2xUAAAAJ&amp;hl=en\">Google Scholar<\/a><\/p>\n<p><strong>Kontakt<\/strong>:<\/p>\n<p><a href=\"mailto:agnieszka.lisowska@us.edu.pl\">agnieszka.lisowska@us.edu.pl<\/a> \r\n                                <div class=\"mt-3\"><\/div>\r\n                            <\/div>\r\n                            \r\n                            \r\n                        <\/div>\r\n                    <\/div>\r\n                <\/div>\r\n                <div class=\"text-modules \">\r\n                    <div class=\"container\">\r\n                        <h3 class=\"section-title section-title_border-bottom\">dr hab. Agnieszka Nowak-Brzezi\u0144ska, prof. U\u015a<\/h3> <h3 class=\"subtitle text-modules__subtitle\">Wydzia\u0142 Nauk \u015acis\u0142ych<\/h3>\r\n                        <div class=\"row m-0\">\r\n                            <div class=\"text-modules__content\">\r\n                                <strong>Dyscypliny:<\/strong><\/p>\n<p>informatyka techniczna i telekomunikacyjna<\/p>\n<p><strong>Zainteresowania naukowe:<\/strong><\/p>\n<p>eksploracja danych, algorytmy grupowania, sztuczna inteligencja, systemy wyszukiwania informacji, systemy wspomagania decyzji<\/p>\n<p><strong>Zobacz wi\u0119cej:<\/strong><\/p>\n<p><a href=\"https:\/\/orcid.org\/0000-0001-7238-1170\">ORCID<\/a><\/p>\n<p><a href=\"https:\/\/www.researchgate.net\/profile\/Agnieszka_Nowak-Brzezinska\">ResearchGate<\/a><\/p>\n<p><a href=\"https:\/\/scholar.google.pl\/citations?hl=pl&amp;user=9igQp0oAAAAJ\">Google Scholar<\/a><\/p>\n<p><strong>Kontakt<\/strong>:<\/p>\n<p><a href=\"agnieszka.nowak-brzezinska@us.edu.pl\">agnieszka.nowak-brzezinska@us.edu.pl<\/a> \r\n                                <div class=\"mt-3\"><\/div>\r\n                            <\/div>\r\n                            \r\n                            \r\n                        <\/div>\r\n                    <\/div>\r\n                <\/div>\r\n                <div class=\"text-modules \">\r\n                    <div class=\"container\">\r\n                        <h3 class=\"section-title section-title_border-bottom\">dr hab. Beata Zielosko, prof. U\u015a<\/h3> <h3 class=\"subtitle text-modules__subtitle\">Wydzia\u0142 Nauk \u015acis\u0142ych<\/h3>\r\n                        <div class=\"row m-0\">\r\n                            <div class=\"text-modules__content\">\r\n                                <strong>Dyscypliny:<\/strong><\/p>\n<p>informatyka techniczna i telekomunikacyjna<\/p>\n<p><strong>Zainteresowania naukowe:<\/strong><\/p>\n<p>zbiory przybli\u017cone, regu\u0142y decyzyjne, regu\u0142y asocjacyjne, selekcja cech<\/p>\n<p><strong>Zobacz wi\u0119cej:<\/strong><\/p>\n<p><a href=\"https:\/\/orcid.org\/0000-0003-3788-1094\">ORCID<\/a><\/p>\n<p><strong>Kontakt<\/strong>:<\/p>\n<p><a href=\"beata.zielosko@us.edu.pl\">beata.zielosko@us.edu.pl<\/a> \r\n                                <div class=\"mt-3\"><\/div>\r\n                            <\/div>\r\n                            \r\n                            \r\n                        <\/div>\r\n                    <\/div>\r\n                <\/div>[\/vc_column][\/vc_row]<\/p>","protected":false},"excerpt":{"rendered":"<p>[vc_row][vc_column][\/vc_column][\/vc_row] [&#8230;]<\/p>\n<p><a class=\"btn btn-secondary understrap-read-more-link\" href=\"https:\/\/us.edu.pl\/szkola-doktorska\/znajdz-promotora\/znajdz-promotora-informatyka-techniczna-i-telekomunikacyjna\/\">Read More&#8230;<\/a><\/p>\n","protected":false},"author":205,"featured_media":0,"parent":1443,"menu_order":0,"comment_status":"closed","ping_status":"closed","template":"page-templates\/page-with-sidebar.php","meta":{"_expiration-date-status":"saved","_expiration-date":0,"_expiration-date-type":"","_expiration-date-categories":[],"_expiration-date-options":[]},"acf":[],"_links":{"self":[{"href":"https:\/\/us.edu.pl\/szkola-doktorska\/wp-json\/wp\/v2\/pages\/2037"}],"collection":[{"href":"https:\/\/us.edu.pl\/szkola-doktorska\/wp-json\/wp\/v2\/pages"}],"about":[{"href":"https:\/\/us.edu.pl\/szkola-doktorska\/wp-json\/wp\/v2\/types\/page"}],"author":[{"embeddable":true,"href":"https:\/\/us.edu.pl\/szkola-doktorska\/wp-json\/wp\/v2\/users\/205"}],"replies":[{"embeddable":true,"href":"https:\/\/us.edu.pl\/szkola-doktorska\/wp-json\/wp\/v2\/comments?post=2037"}],"version-history":[{"count":17,"href":"https:\/\/us.edu.pl\/szkola-doktorska\/wp-json\/wp\/v2\/pages\/2037\/revisions"}],"predecessor-version":[{"id":4598,"href":"https:\/\/us.edu.pl\/szkola-doktorska\/wp-json\/wp\/v2\/pages\/2037\/revisions\/4598"}],"up":[{"embeddable":true,"href":"https:\/\/us.edu.pl\/szkola-doktorska\/wp-json\/wp\/v2\/pages\/1443"}],"wp:attachment":[{"href":"https:\/\/us.edu.pl\/szkola-doktorska\/wp-json\/wp\/v2\/media?parent=2037"}],"curies":[{"name":"wp","href":"https:\/\/api.w.org\/{rel}","templated":true}]}}