{"id":2196,"date":"2020-06-12T00:57:32","date_gmt":"2020-06-11T22:57:32","guid":{"rendered":"https:\/\/us.edu.pl\/szkola-doktorska\/?page_id=2196"},"modified":"2020-08-12T16:15:17","modified_gmt":"2020-08-12T14:15:17","slug":"znajdz-promotora-nauki-chemiczne","status":"publish","type":"page","link":"https:\/\/us.edu.pl\/szkola-doktorska\/en\/znajdz-promotora\/znajdz-promotora-nauki-chemiczne\/","title":{"rendered":"find a Supervisor &#8211; chemical sciences"},"content":{"rendered":"<p>[vc_row][vc_column]\r\n                <div class=\"text-modules\">\r\n                    <div class=\"container\">\r\n                        \r\n                        <div class=\"text-modules__content\"><p>Below is a list of people who have declared their readiness to work as Supervisor in the field of Chemistry.<\/p>\n<p>The Doctoral Supervisor at the Doctoral School may be any Researcher with a Postdoctoral Degree or the title of professor currently academically active and his scientific interests are similar to the Doctoral student&#8217;s research plans.<\/p>\n<p>A complete list of academic teachers conducting research in the discipline of Chemistry can be found on the website of the <a href=\"\/instytut\/ich\/\">Instytitute of Chemistry<\/a><\/p>\n<\/div>\r\n                    <\/div>\r\n                <\/div>[\/vc_column][\/vc_row][vc_row][vc_column]\r\n                <div class=\"text-modules \">\r\n                    <div class=\"container\">\r\n                        <h3 class=\"section-title section-title_border-bottom\">dr hab. in\u017c. Karolina Adrjanowicz, prof. U\u015a<\/h3> <h3 class=\"subtitle text-modules__subtitle\">Faculty of Science and Technology<\/h3>\r\n                        <div class=\"row m-0\">\r\n                            <div class=\"text-modules__content\">\r\n                                <strong>Disciplines:<\/strong><\/p>\n<p>chemical sciences<br \/>\nphysical sciences<br \/>\nmaterials engineering<\/p>\n<p><strong>Scientific interests:<\/strong><\/p>\n<p>glass transition, dielectric spectroscopy, nanoconfinement, thin films, surface effects, high-field, crystallization, molecular dynamics, relaxation dynamics and crystallization behavior of glass-forming systems under high pressure, geometrical nanoconfinement and high electric fields,understanding factors responsible for physical and chemical instability of amorphous materials, developing strategies allowing to control it<\/p>\n<p><strong>Find out more:<\/strong><\/p>\n<p><a href=\"https:\/\/orcid.org\/0000-0003-0212-5010\">ORCID<\/a><\/p>\n<p><a href=\"https:\/\/scholar.google.pl\/citations?user=z1hmFFYAAAAJ&amp;hl=pl\">Google Scholar<\/a><\/p>\n<p><strong>Contact<\/strong>:<\/p>\n<p><a href=\"mailto:karolina.adrjanowicz@us.edu.pl\">karolina.adrjanowicz@us.edu.pl<\/a> \r\n                                <div class=\"mt-3\"><\/div>\r\n                            <\/div>\r\n                            \r\n                            \r\n                        <\/div>\r\n                    <\/div>\r\n                <\/div>[\/vc_column][\/vc_row][vc_row][vc_column]\r\n                <div class=\"text-modules \">\r\n                    <div class=\"container\">\r\n                        <h3 class=\"section-title section-title_border-bottom\">dr hab. Miros\u0142aw Chor\u0105\u017cewski, prof. U\u015a<\/h3> <h3 class=\"subtitle text-modules__subtitle\">Faculty of Science and Technology<\/h3>\r\n                        <div class=\"row m-0\">\r\n                            <div class=\"text-modules__content\">\r\n                                <strong>Disciplines:<\/strong><\/p>\n<p>chemical sciences<\/p>\n<p><strong>Scientific interests:<\/strong><\/p>\n<p>thermodynamics of liquids and mixtures, high-pressure techniques, speed of sound propagation techniques, calorimetry, transitiometry, equations of state, thermal energy storage methods and materials, molecular springs, phase equilibria<\/p>\n<p><strong>Find out more:<\/strong><\/p>\n<p><a href=\"https:\/\/orcid.org\/0000-0002-8912-9024\">ORCID<\/a><\/p>\n<p><a href=\"https:\/\/www.researchgate.net\/profile\/Miroslaw_Chorazewski\">ResearchGate<\/a><\/p>\n<p><a href=\"https:\/\/scholar.google.com\/citations?user=399lNJ4AAAAJ&amp;hl=pl\">Google Scholar<\/a><\/p>\n<p><a href=\"http:\/\/www.chorazewski.us.edu.pl\/\">w\u0142asna strona internetowa<\/a><\/p>\n<p><strong>Contact<\/strong>:<\/p>\n<p><a href=\"mailto:miroslaw.chorazewski@us.edu.pl\">miroslaw.chorazewski@us.edu.pl<\/a> \r\n                                <div class=\"mt-3\"><\/div>\r\n                            <\/div>\r\n                            \r\n                            \r\n                        <\/div>\r\n                    <\/div>\r\n                <\/div>[\/vc_column][\/vc_row][vc_row][vc_column]\r\n                <div class=\"text-modules \">\r\n                    <div class=\"container\">\r\n                        <h3 class=\"section-title section-title_border-bottom\">dr hab. in\u017c. Jacek Nycz, prof. U\u015a<\/h3> <h3 class=\"subtitle text-modules__subtitle\">Faculty of Science and Technology<\/h3>\r\n                        <div class=\"row m-0\">\r\n                            <div class=\"text-modules__content\">\r\n                                <strong>Disciplines:<\/strong><\/p>\n<p>chemical sciences<\/p>\n<p><strong>Scientific interests:<\/strong><\/p>\n<p>synthetic organic chemistry; phosphorus compounds; heterocyclic chemistry; organometallic synthesis; NMR spectroscopy<\/p>\n<p><strong>Find out more:<\/strong><\/p>\n<p><a href=\"https:\/\/orcid.org\/0000-0002-0992-1960\">ORCID<\/a><\/p>\n<p><a href=\"https:\/\/www.researchgate.net\/profile\/Jacek_Nycz\">ResearchGate<\/a><\/p>\n<p><strong>Kontakt<\/strong>:<\/p>\n<p><a href=\"mailto:jacek.nycz@us.edu.pl\">jacek.nycz@us.edu.pl<\/a> \r\n                                <div class=\"mt-3\"><\/div>\r\n                            <\/div>\r\n                            \r\n                            \r\n                        <\/div>\r\n                    <\/div>\r\n                <\/div>[\/vc_column][\/vc_row]<\/p>","protected":false},"excerpt":{"rendered":"<p>[vc_row][vc_column][\/vc_column][\/vc_row][vc_row][vc_column][\/vc_column][\/vc_row][vc_row][vc_column][\/vc_column][\/vc_row][vc_row][vc_column][\/vc_column][\/vc_row] [&#8230;]<\/p>\n<p><a class=\"btn btn-secondary understrap-read-more-link\" href=\"https:\/\/us.edu.pl\/szkola-doktorska\/en\/znajdz-promotora\/znajdz-promotora-nauki-chemiczne\/\">Read More&#8230;<\/a><\/p>\n","protected":false},"author":42,"featured_media":0,"parent":1443,"menu_order":0,"comment_status":"closed","ping_status":"closed","template":"page-templates\/page-with-sidebar.php","meta":{"_expiration-date-status":"saved","_expiration-date":0,"_expiration-date-type":"","_expiration-date-categories":[],"_expiration-date-options":[]},"acf":[],"_links":{"self":[{"href":"https:\/\/us.edu.pl\/szkola-doktorska\/en\/wp-json\/wp\/v2\/pages\/2196"}],"collection":[{"href":"https:\/\/us.edu.pl\/szkola-doktorska\/en\/wp-json\/wp\/v2\/pages"}],"about":[{"href":"https:\/\/us.edu.pl\/szkola-doktorska\/en\/wp-json\/wp\/v2\/types\/page"}],"author":[{"embeddable":true,"href":"https:\/\/us.edu.pl\/szkola-doktorska\/en\/wp-json\/wp\/v2\/users\/42"}],"replies":[{"embeddable":true,"href":"https:\/\/us.edu.pl\/szkola-doktorska\/en\/wp-json\/wp\/v2\/comments?post=2196"}],"version-history":[{"count":2,"href":"https:\/\/us.edu.pl\/szkola-doktorska\/en\/wp-json\/wp\/v2\/pages\/2196\/revisions"}],"predecessor-version":[{"id":3838,"href":"https:\/\/us.edu.pl\/szkola-doktorska\/en\/wp-json\/wp\/v2\/pages\/2196\/revisions\/3838"}],"up":[{"embeddable":true,"href":"https:\/\/us.edu.pl\/szkola-doktorska\/en\/wp-json\/wp\/v2\/pages\/1443"}],"wp:attachment":[{"href":"https:\/\/us.edu.pl\/szkola-doktorska\/en\/wp-json\/wp\/v2\/media?parent=2196"}],"curies":[{"name":"wp","href":"https:\/\/api.w.org\/{rel}","templated":true}]}}