{"id":22103,"date":"2025-05-12T20:09:34","date_gmt":"2025-05-12T18:09:34","guid":{"rendered":"https:\/\/us.edu.pl\/szkola-doktorska\/?page_id=22103"},"modified":"2026-03-11T20:38:53","modified_gmt":"2026-03-11T19:38:53","slug":"admission","status":"publish","type":"page","link":"https:\/\/us.edu.pl\/szkola-doktorska\/admission\/","title":{"rendered":"Rekrutacja"},"content":{"rendered":"<p>[vc_row][vc_column]\r\n\r\n            <div class=\"blocks\" style=\"text-align: center\">\r\n               <div class=\"container\">\r\n                  <div class=\"page-title\">Rekrutacja do Szko\u0142y Doktorskiej w Uniwersytecie \u015al\u0105skim w Katowicach<\/div>\r\n                  <div class=\"row m-0 blocks_4\">\r\n                  \r\n                     <a href=\"\/szkola-doktorska\/jak-zostac-doktorantem\/\" class=\"thumbnail blocks__item\" style=\"background-image: url(https:\/\/us.edu.pl\/szkola-doktorska\/wp-content\/uploads\/sites\/50\/rekrutacja\/us_sesja_03-12-2024_r_kazmierczak_33-1024x683.jpg)\">\r\n                        <span>wi\u0119cej<\/span>\r\n                        <div class=\"blocks__bottom\">\r\n                        <div class=\"blocks__title\">Jak zosta\u0107 doktorantem<\/div>\r\n                        <div class=\"blocks__subtitle\">\u015bcie\u017cki rekrutacji na Uniwersytet \u015al\u0105ski w Katowicach<\/div>\r\n                        <\/div>\r\n                     <\/a>\r\n                  \r\n                     <a href=\"\/szkola-doktorska\/kamienie-milowe-rekrutacji\/\" class=\"thumbnail blocks__item\" style=\"background-image: url(https:\/\/us.edu.pl\/szkola-doktorska\/wp-content\/uploads\/sites\/50\/rekrutacja\/szkola_doktorkska_us_prawo_10-03-2025_rk_49-1024x681.jpg)\">\r\n                        <span>wi\u0119cej<\/span>\r\n                        <div class=\"blocks__bottom\">\r\n                        <div class=\"blocks__title\">Kamienie milowe rekrutacji<\/div>\r\n                        <div class=\"blocks__subtitle\">krok za krokiem<\/div>\r\n                        <\/div>\r\n                     <\/a>\r\n                  \r\n                     <a href=\"\/szkola-doktorska\/rekrutacja-na-rok-akademicki-2026-2027\/\" class=\"thumbnail blocks__item\" style=\"background-image: url(https:\/\/us.edu.pl\/szkola-doktorska\/wp-content\/uploads\/sites\/50\/rekrutacja\/szkola_doktorkska_us_prawo_10-03-2025_rk_5-1024x682.jpg)\">\r\n                        <span>wi\u0119cej<\/span>\r\n                        <div class=\"blocks__bottom\">\r\n                        <div class=\"blocks__title\">Zasady rekrutacji<\/div>\r\n                        <div class=\"blocks__subtitle\">rok akademicki 2026\/2027<\/div>\r\n                        <\/div>\r\n                     <\/a>\r\n                  \r\n                     <a href=\"\/szkola-doktorska\/rekrutacja-na-rok-akademicki-2026-2027\/topics\" class=\"thumbnail blocks__item\" style=\"background-image: url(https:\/\/us.edu.pl\/szkola-doktorska\/wp-content\/uploads\/sites\/50\/rekrutacja\/pracownie_us_18-02-2025_r_kazmierczak_80-1024x682.jpg)\">\r\n                        <span>wi\u0119cej<\/span>\r\n                        <div class=\"blocks__bottom\">\r\n                        <div class=\"blocks__title\">Tematy<\/div>\r\n                        <div class=\"blocks__subtitle\">nauki \u015bcis\u0142e i in\u017cynieryjno-techniczne<\/div>\r\n                        <\/div>\r\n                     <\/a><\/div>     \r\n               <\/div>\r\n            <\/div>[\/vc_column][\/vc_row]<\/p>","protected":false},"excerpt":{"rendered":"<p>[vc_row][vc_column][\/vc_column][\/vc_row] [&#8230;]<\/p>\n<p><a class=\"btn btn-secondary understrap-read-more-link\" href=\"https:\/\/us.edu.pl\/szkola-doktorska\/admission\/\">Read More&#8230;<\/a><\/p>\n","protected":false},"author":42,"featured_media":0,"parent":0,"menu_order":0,"comment_status":"closed","ping_status":"closed","template":"","meta":{"_expiration-date-status":"","_expiration-date":0,"_expiration-date-type":"","_expiration-date-categories":[],"_expiration-date-options":[]},"acf":[],"_links":{"self":[{"href":"https:\/\/us.edu.pl\/szkola-doktorska\/wp-json\/wp\/v2\/pages\/22103"}],"collection":[{"href":"https:\/\/us.edu.pl\/szkola-doktorska\/wp-json\/wp\/v2\/pages"}],"about":[{"href":"https:\/\/us.edu.pl\/szkola-doktorska\/wp-json\/wp\/v2\/types\/page"}],"author":[{"embeddable":true,"href":"https:\/\/us.edu.pl\/szkola-doktorska\/wp-json\/wp\/v2\/users\/42"}],"replies":[{"embeddable":true,"href":"https:\/\/us.edu.pl\/szkola-doktorska\/wp-json\/wp\/v2\/comments?post=22103"}],"version-history":[{"count":10,"href":"https:\/\/us.edu.pl\/szkola-doktorska\/wp-json\/wp\/v2\/pages\/22103\/revisions"}],"predecessor-version":[{"id":25194,"href":"https:\/\/us.edu.pl\/szkola-doktorska\/wp-json\/wp\/v2\/pages\/22103\/revisions\/25194"}],"wp:attachment":[{"href":"https:\/\/us.edu.pl\/szkola-doktorska\/wp-json\/wp\/v2\/media?parent=22103"}],"curies":[{"name":"wp","href":"https:\/\/api.w.org\/{rel}","templated":true}]}}