{"id":2336,"date":"2020-06-15T10:35:53","date_gmt":"2020-06-15T08:35:53","guid":{"rendered":"https:\/\/us.edu.pl\/szkola-doktorska\/?page_id=2336"},"modified":"2020-06-29T13:10:13","modified_gmt":"2020-06-29T11:10:13","slug":"znajdz-promotora-nauki-socjologiczne","status":"publish","type":"page","link":"https:\/\/us.edu.pl\/szkola-doktorska\/znajdz-promotora\/znajdz-promotora-nauki-socjologiczne\/","title":{"rendered":"znajd\u017a promotora &#8211; nauki socjologiczne"},"content":{"rendered":"<p>[vc_row][vc_column]\r\n                <div class=\"text-modules\">\r\n                    <div class=\"container\">\r\n                        \r\n                        <div class=\"text-modules__content\"><p>Poni\u017cej znajduje si\u0119 lista os\u00f3b, kt\u00f3re zadeklarowa\u0142y gotowo\u015b\u0107 pracy jako promotorzy w dyscyplinie nauki socjologiczne. Promotorem doktoranta w Szkole Doktorskiej mo\u017ce by\u0107 ka\u017cdy pracownik naukowy ze stopniem doktora habilitowanego lub tytu\u0142em profesora, kt\u00f3ry jest aktywny naukowo i jego zainteresowania naukowe s\u0105 zbli\u017cone do plan\u00f3w naukowych doktoranta. Kompletna lista nauczycieli akademickich prowadz\u0105cych badania w dyscyplinie nauki socjologiczne znajduje si\u0119 na stronie internetowej <a href=\"\/instytut\/is\/\">Instytutu Nauk Socjologicznych<\/a>.<\/p>\n<\/div>\r\n                    <\/div>\r\n                <\/div>\r\n                <div class=\"text-modules \">\r\n                    <div class=\"container\">\r\n                        <h3 class=\"section-title section-title_border-bottom\">dr hab. Krystyna Faliszek<\/h3> <h3 class=\"subtitle text-modules__subtitle\">Wydzia\u0142 Nauk Spo\u0142ecznych<\/h3>\r\n                        <div class=\"row m-0\">\r\n                            <div class=\"text-modules__content\">\r\n                                <strong>Dyscypliny:<\/strong><\/p>\n<p>nauki socjologiczne<\/p>\n<p><strong>Zainteresowania naukowe:<\/strong><\/p>\n<p>praca socjalna, lokalna polityka spo\u0142eczna, pomoc spo\u0142eczna, ewaluacja, problemy spo\u0142eczne, dewiacja i patologia spo\u0142eczna<\/p>\n<p><strong>Zobacz wi\u0119cej:<\/strong><\/p>\n<p><a href=\"https:\/\/orcid.org\/0000-0001-6192-6964\">ORC<\/a><a href=\"https:\/\/orcid.org\/0000-0003-0626-0703\">ID<\/a><\/p>\n<p><strong>Kontakt<\/strong>:<\/p>\n<p><a href=\"mailto:krystyna.faliszek@us.edu.pl\">krystyna.faliszek@us.edu.pl<\/a> \r\n                                <div class=\"mt-3\"><\/div>\r\n                            <\/div>\r\n                            \r\n                            \r\n                        <\/div>\r\n                    <\/div>\r\n                <\/div>\r\n                <div class=\"text-modules \">\r\n                    <div class=\"container\">\r\n                        <h3 class=\"section-title section-title_border-bottom\">dr hab. Andrzej Niesporek, prof. U\u015a<\/h3> <h3 class=\"subtitle text-modules__subtitle\">Wydzia\u0142 Nauk Spo\u0142ecznych<\/h3>\r\n                        <div class=\"row m-0\">\r\n                            <div class=\"text-modules__content\">\r\n                                <strong>Dyscypliny:<\/strong><\/p>\n<p>nauki socjologiczne<\/p>\n<p><strong>Zainteresowania naukowe:<\/strong><\/p>\n<p>praca socjalna, teoria socjologiczna, socjologia problem\u00f3w i kwestii spo\u0142ecznych<\/p>\n<p><strong>Zobacz wi\u0119cej:<\/strong><\/p>\n<p><a href=\"https:\/\/orcid.org\/0000-0001-7514-8163\">ORCID<\/a><\/p>\n<p><a href=\"https:\/\/www.researchgate.net\/profile\/Andrzej_Niesporek\">ResearchGate<\/a><\/p>\n<p><strong>Kontakt<\/strong>:<\/p>\n<p><a href=\"mailto:andrzej.niesporek@us.edu.pl\">andrzej.niesporek@us.edu.pl<\/a> \r\n                                <div class=\"mt-3\"><\/div>\r\n                            <\/div>\r\n                            \r\n                            \r\n                        <\/div>\r\n                    <\/div>\r\n                <\/div>\r\n                <div class=\"text-modules \">\r\n                    <div class=\"container\">\r\n                        <h3 class=\"section-title section-title_border-bottom\">dr hab. Robert Pyka, prof. U\u015a<\/h3> <h3 class=\"subtitle text-modules__subtitle\">Wydzia\u0142 Nauk Spo\u0142ecznych<\/h3>\r\n                        <div class=\"row m-0\">\r\n                            <div class=\"text-modules__content\">\r\n                                <strong>Dyscypliny:<\/strong><\/p>\n<p>nauki o polityce i administracji<\/p>\n<p>nauki socjologiczne<\/p>\n<p><strong>Zainteresowania naukowe:<\/strong><\/p>\n<p>rozw\u00f3j terytorialny, metropolie, obszary metropolitalne, governance, samorz\u0105d terytorialny, reformy administracji terytorialnej, wyzwania globalizacji, przysz\u0142o\u015b\u0107 demokracji, problematyka z\u0142o\u017cono\u015bci<\/p>\n<p><strong>Zobacz wi\u0119cej:<\/strong><\/p>\n<p><a href=\"https:\/\/orcid.org\/0000-0001-6690-9207\">ORCID<\/a><\/p>\n<p><a href=\"http:\/\/www.researchgate.net\/profile\/Robert_Pyka\">ResearchGate<\/a><\/p>\n<p><strong>Kontakt<\/strong>:<\/p>\n<p><a href=\"mailto:robert.pyka@us.edu.pl\">robert.pyka@us.edu.pl<\/a> \r\n                                <div class=\"mt-3\"><\/div>\r\n                            <\/div>\r\n                            \r\n                            \r\n                        <\/div>\r\n                    <\/div>\r\n                <\/div>\r\n                <div class=\"text-modules \">\r\n                    <div class=\"container\">\r\n                        <h3 class=\"section-title section-title_border-bottom\">dr hab. Edyta Widawska, prof. U\u015a<\/h3> <h3 class=\"subtitle text-modules__subtitle\">Wydzia\u0142 Nauk Spo\u0142ecznych<\/h3>\r\n                        <div class=\"row m-0\">\r\n                            <div class=\"text-modules__content\">\r\n                                <strong>Dyscypliny:<\/strong><\/p>\n<p>pedagogika, nauki socjologiczne<\/p>\n<p><strong>Zainteresowania naukowe:<\/strong><\/p>\n<p>animacja spo\u0142eczna, inkluzja spo\u0142eczna, prawa cz\u0142owieka, prawa dziecka, polityka r\u00f3wno\u015bciowa, dzia\u0142ania antydyskryminacyjne, prawa os\u00f3b z niepe\u0142nopsrawno\u015bci\u0105, partycypacja spo\u0142eczna, edukacja medialna, edukacyjna analiza transakcyjna, mediacje i negocjacje spo\u0142eczne, edukacja mi\u0119dzykulturowa<\/p>\n<p><strong>Zobacz wi\u0119cej:<\/strong><\/p>\n<p><a href=\"https:\/\/orcid.org\/0000-0001-9044-8156\">OR<\/a><a href=\"https:\/\/orcid.org\/0000-0002-0964-0341\">CI<\/a><a href=\"https:\/\/orcid.org\/0000-0002-0964-0341\">D<\/a><\/p>\n<p><a href=\"https:\/\/www.researchgate.net\/profile\/Edyta_Widawska\">ResearchGa<\/a><a href=\"https:\/\/www.researchgate.net\/profile\/Krzysztof_Maliszewski2\/research\">te<\/a><\/p>\n<p><strong>Kontakt<\/strong>:<\/p>\n<p><a href=\"mailto:edyta.widawska@us.edu.pl\">edyta.widawska@us.edu.pl<\/a> \r\n                                <div class=\"mt-3\"><\/div>\r\n                            <\/div>\r\n                            \r\n                            \r\n                        <\/div>\r\n                    <\/div>\r\n                <\/div>[\/vc_column][\/vc_row]<\/p>","protected":false},"excerpt":{"rendered":"<p>[vc_row][vc_column][\/vc_column][\/vc_row] [&#8230;]<\/p>\n<p><a class=\"btn btn-secondary understrap-read-more-link\" href=\"https:\/\/us.edu.pl\/szkola-doktorska\/znajdz-promotora\/znajdz-promotora-nauki-socjologiczne\/\">Read More&#8230;<\/a><\/p>\n","protected":false},"author":205,"featured_media":0,"parent":1443,"menu_order":0,"comment_status":"closed","ping_status":"closed","template":"page-templates\/page-with-sidebar.php","meta":{"_expiration-date-status":"saved","_expiration-date":0,"_expiration-date-type":"","_expiration-date-categories":[],"_expiration-date-options":[]},"acf":[],"_links":{"self":[{"href":"https:\/\/us.edu.pl\/szkola-doktorska\/wp-json\/wp\/v2\/pages\/2336"}],"collection":[{"href":"https:\/\/us.edu.pl\/szkola-doktorska\/wp-json\/wp\/v2\/pages"}],"about":[{"href":"https:\/\/us.edu.pl\/szkola-doktorska\/wp-json\/wp\/v2\/types\/page"}],"author":[{"embeddable":true,"href":"https:\/\/us.edu.pl\/szkola-doktorska\/wp-json\/wp\/v2\/users\/205"}],"replies":[{"embeddable":true,"href":"https:\/\/us.edu.pl\/szkola-doktorska\/wp-json\/wp\/v2\/comments?post=2336"}],"version-history":[{"count":6,"href":"https:\/\/us.edu.pl\/szkola-doktorska\/wp-json\/wp\/v2\/pages\/2336\/revisions"}],"predecessor-version":[{"id":2991,"href":"https:\/\/us.edu.pl\/szkola-doktorska\/wp-json\/wp\/v2\/pages\/2336\/revisions\/2991"}],"up":[{"embeddable":true,"href":"https:\/\/us.edu.pl\/szkola-doktorska\/wp-json\/wp\/v2\/pages\/1443"}],"wp:attachment":[{"href":"https:\/\/us.edu.pl\/szkola-doktorska\/wp-json\/wp\/v2\/media?parent=2336"}],"curies":[{"name":"wp","href":"https:\/\/api.w.org\/{rel}","templated":true}]}}