{"id":23518,"date":"2025-08-06T11:05:32","date_gmt":"2025-08-06T09:05:32","guid":{"rendered":"https:\/\/us.edu.pl\/szkola-doktorska\/?page_id=23518"},"modified":"2025-08-06T11:59:11","modified_gmt":"2025-08-06T09:59:11","slug":"ubezpieczenie-zdrowotne","status":"publish","type":"page","link":"https:\/\/us.edu.pl\/szkola-doktorska\/ubezpieczenie-zdrowotne\/","title":{"rendered":"Ubezpieczenie zdrowotne"},"content":{"rendered":"<p>[vc_row][vc_column]\r\n                <div class=\"text-modules\">\r\n                    <div class=\"container\">\r\n                        \r\n                        <div class=\"text-modules__content\"><p><strong>Doktoranci z Polski, UE oraz posiadaj\u0105cy Kart\u0119 Polaka<\/strong><\/p>\n<p>Uczelnia zg\u0142asza obowi\u0105zkowo do ubezpieczenia zdrowotnego doktorant\u00f3w, kt\u00f3rzy nie posiadaj\u0105 innego tytu\u0142u do tego ubezpieczenia. Obowi\u0105zek ten powstaje z dniem z\u0142o\u017cenia o\u015bwiadczenia o niepodleganiu obowi\u0105zkowi ubezpieczenia zdrowotnego z innego tytu\u0142u, nie wcze\u015bniej jednak ni\u017c z dniem rozpocz\u0119cia kszta\u0142cenia, a wygasa z dniem uko\u0144czenia kszta\u0142cenia w szkole doktorskiej albo skre\u015blenia z listy doktorant\u00f3w.<\/p>\n<p>Ka\u017cdorazowa zmiana tytu\u0142\u00f3w do ubezpieczenia, tj. nabycie\/utrata prawa do renty, rozpocz\u0119cie pracy na podstawie umowy o prac\u0119 lub umowy zlecenia, utrata prawa do ubezpieczenia jako cz\u0142onek rodziny po uko\u0144czeniu 26 roku \u017cycia, wymaga natychmiastowego z\u0142o\u017cenia ww. o\u015bwiadczenia. Zg\u0142oszenie do ubezpieczenia zdrowotnego na podstawie innego tytu\u0142u do ubezpieczenia zdrowotnego ni\u017c status doktoranta, powoduje automatycznie utrat\u0119 prawa do \u015bwiadcze\u0144 zdrowotnych na podstawie statusu doktoranta.<\/p>\n<p>Wyrejestrowanie z ubezpieczenia zdrowotnego na podstawie innego tytu\u0142u do ubezpieczenia zdrowotnego ni\u017c status doktoranta, powoduje automatycznie utrat\u0119 prawa do \u015bwiadcze\u0144 zdrowotnych.<\/p>\n<p>Doktorant nie nabywa automatycznie prawa do \u015bwiadcze\u0144 zdrowotnych tylko z tego wzgl\u0119du, \u017ce jest doktorantem. Zg\u0142oszenie do tego ubezpieczenia przez Uczelni\u0119 odbywa si\u0119 tylko na podstawie z\u0142o\u017conego przez doktoranta o\u015bwiadczenia.<\/p>\n<p>Zg\u0142oszenie do ubezpieczenia zdrowotnego przez Uczelni\u0119, nie powoduje zmniejszenia kwoty stypendium doktoranckiego.<\/p>\n<p>Aby doktorant zosta\u0142 zg\u0142oszony do ubezpieczenia zdrowotnego powinien z\u0142o\u017cy\u0107 w biurze Szko\u0142y Doktorskiej:<\/p>\n<ol>\n<li>Uzupe\u0142niony i podpisany przez doktoranta wniosek stypendialny za\u0142 nr 1: <a href=\"https:\/\/us.edu.pl\/szkola-doktorska\/wp-content\/uploads\/sites\/50\/Bez-kategorii\/zal-nr-1-wniosek-stypendialny.docx\" class=\"mtli_attachment mtli_docx\" data-mtli=\"mtli_filesize20,23kB\" class=\"mtli_attachment mtli_docx\" data-mtli=\"mtli_filesize20,23kB\">za\u0142 nr 1 wniosek stypendialny<\/a><\/li>\n<li>Wype\u0142niony i podpisany, zgodnie z instrukcj\u0105, druk ZUS ZUA za\u0142 nr 2: <a href=\"https:\/\/us.edu.pl\/szkola-doktorska\/wp-content\/uploads\/sites\/50\/Bez-kategorii\/zal-nr-2-ZUS-ZUA.pdf\" class=\"mtli_attachment mtli_pdf\" data-mtli=\"mtli_filesize964,35kB\" class=\"mtli_attachment mtli_pdf\" data-mtli=\"mtli_filesize964,35kB\">za\u0142 nr 2 ZUS ZUA<\/a><\/li>\n<\/ol>\n<p>obja\u015bnienia do ZUS ZUA za\u0142 nr 3: <a href=\"https:\/\/us.edu.pl\/szkola-doktorska\/wp-content\/uploads\/sites\/50\/Bez-kategorii\/zal-nr-3-ZUS-ZUA-objasnienia-2.pdf\" class=\"mtli_attachment mtli_pdf\" data-mtli=\"mtli_filesize74,25kB\" class=\"mtli_attachment mtli_pdf\" data-mtli=\"mtli_filesize74,25kB\">za\u0142 nr 3 ZUS ZUA obja\u015bnienia<\/a><\/p>\n<ol start=\"3\">\n<li>W przypadku zmiany danych osobowych druk ZUS ZIUA za\u0142 nr 4: <a href=\"https:\/\/us.edu.pl\/szkola-doktorska\/wp-content\/uploads\/sites\/50\/Bez-kategorii\/ZUS-ZIUA-zal-nr-4.pdf\" class=\"mtli_attachment mtli_pdf\" data-mtli=\"mtli_filesize647,24kB\" class=\"mtli_attachment mtli_pdf\" data-mtli=\"mtli_filesize647,24kB\">ZUS ZIUA za\u0142 nr 4<\/a><\/li>\n<li>W przypadku zg\u0142oszenia cz\u0142onka rodziny druk ZUS ZCNA za\u0142 nr 5: <a href=\"https:\/\/us.edu.pl\/szkola-doktorska\/wp-content\/uploads\/sites\/50\/Bez-kategorii\/ZUS-ZCNA-zal-nr-5.pdf\" class=\"mtli_attachment mtli_pdf\" data-mtli=\"mtli_filesize989,93kB\" class=\"mtli_attachment mtli_pdf\" data-mtli=\"mtli_filesize989,93kB\">ZUS ZCNA za\u0142 nr 5<\/a><\/li>\n<\/ol>\n<p>&nbsp;<\/p>\n<p><strong>Doktoranci spoza UE lub EFTA<\/strong><\/p>\n<p>Doktoranci spoza Unii Europejskiej lub pa\u0144stwa cz\u0142onkowskiego Europejskiego Porozumienia o Wolnym Handlu (EFTA), kt\u00f3rzy kszta\u0142c\u0105 si\u0119 w Polsce i nie posiadaj\u0105 uprawnie\u0144 do ubezpieczenia zdrowotnego z innego tytu\u0142u, mog\u0105 ubezpieczy\u0107 si\u0119 dobrowolnie. W tym celu, bez po\u015brednictwa Szko\u0142y Doktorskiej, doktorant powinien:<\/p>\n<ul>\n<li>Zg\u0142osi\u0107 si\u0119 do plac\u00f3wki NFZ i z\u0142o\u017cy\u0107 wniosek o dobrowolne obj\u0119cie ubezpieczeniem zdrowotnym.<\/li>\n<li>Nale\u017cy mie\u0107 ze sob\u0105 dokument to\u017csamo\u015bci, dokument potwierdzaj\u0105cy status pobytu oraz za\u015bwiadczenie z Uczelni potwierdzaj\u0105ce status doktoranta.<\/li>\n<li>Po pozytywnym rozpatrzeniu wniosku podpisa\u0107 umow\u0119 o obj\u0119cie ubezpieczeniem z NFZ-tem.<\/li>\n<li>W ci\u0105gu 7 dni od podpisania umowy zg\u0142osi\u0107 si\u0119 z ni\u0105 do plac\u00f3wki ZUS-u i wype\u0142ni\u0107 druk ZUS ZZA.<\/li>\n<\/ul>\n<p>Pami\u0119ta\u0107 o terminowym odprowadzaniu sk\u0142adki zdrowotnej<\/p>\n<p>Prawo do \u015bwiadcze\u0144 opieki zdrowotnej dla os\u00f3b, kt\u00f3re uko\u0144czy\u0142y szko\u0142\u0119 doktorsk\u0105 \u2013 wygasa po up\u0142ywie 4 miesi\u0119cy od jej uko\u0144czenia albo skre\u015blenia z listy doktorant\u00f3w.<\/p>\n<p>&nbsp;<\/p>\n<p>&nbsp;<\/p>\n<p>\n<style type=\"text\/css\">a[data-mtli~=\"mtli_filesize20,23kB\"]:after {content:\" (20,23 kB)\"}a[data-mtli~=\"mtli_filesize964,35kB\"]:after {content:\" (964,35 kB)\"}a[data-mtli~=\"mtli_filesize74,25kB\"]:after {content:\" (74,25 kB)\"}a[data-mtli~=\"mtli_filesize647,24kB\"]:after {content:\" (647,24 kB)\"}a[data-mtli~=\"mtli_filesize989,93kB\"]:after {content:\" (989,93 kB)\"}<\/style><\/div>\r\n                    <\/div>\r\n                <\/div>[\/vc_column][\/vc_row]<\/p>\n<style type=\"text\/css\">a[data-mtli~=\"mtli_filesize20,23kB\"]:after {content:\" (20,23 kB)\"}a[data-mtli~=\"mtli_filesize964,35kB\"]:after {content:\" (964,35 kB)\"}a[data-mtli~=\"mtli_filesize74,25kB\"]:after {content:\" (74,25 kB)\"}a[data-mtli~=\"mtli_filesize647,24kB\"]:after {content:\" (647,24 kB)\"}a[data-mtli~=\"mtli_filesize989,93kB\"]:after {content:\" (989,93 kB)\"}<\/style>","protected":false},"excerpt":{"rendered":"<p>[vc_row][vc_column][\/vc_column][\/vc_row] [&#8230;]<\/p>\n<p><a class=\"btn btn-secondary understrap-read-more-link\" href=\"https:\/\/us.edu.pl\/szkola-doktorska\/ubezpieczenie-zdrowotne\/\">Read More&#8230;<\/a><\/p>\n","protected":false},"author":205,"featured_media":0,"parent":0,"menu_order":0,"comment_status":"closed","ping_status":"closed","template":"","meta":{"_expiration-date-status":"","_expiration-date":0,"_expiration-date-type":"","_expiration-date-categories":[],"_expiration-date-options":[]},"acf":[],"_links":{"self":[{"href":"https:\/\/us.edu.pl\/szkola-doktorska\/wp-json\/wp\/v2\/pages\/23518"}],"collection":[{"href":"https:\/\/us.edu.pl\/szkola-doktorska\/wp-json\/wp\/v2\/pages"}],"about":[{"href":"https:\/\/us.edu.pl\/szkola-doktorska\/wp-json\/wp\/v2\/types\/page"}],"author":[{"embeddable":true,"href":"https:\/\/us.edu.pl\/szkola-doktorska\/wp-json\/wp\/v2\/users\/205"}],"replies":[{"embeddable":true,"href":"https:\/\/us.edu.pl\/szkola-doktorska\/wp-json\/wp\/v2\/comments?post=23518"}],"version-history":[{"count":4,"href":"https:\/\/us.edu.pl\/szkola-doktorska\/wp-json\/wp\/v2\/pages\/23518\/revisions"}],"predecessor-version":[{"id":23551,"href":"https:\/\/us.edu.pl\/szkola-doktorska\/wp-json\/wp\/v2\/pages\/23518\/revisions\/23551"}],"wp:attachment":[{"href":"https:\/\/us.edu.pl\/szkola-doktorska\/wp-json\/wp\/v2\/media?parent=23518"}],"curies":[{"name":"wp","href":"https:\/\/api.w.org\/{rel}","templated":true}]}}