{"id":23587,"date":"2025-08-26T10:58:55","date_gmt":"2025-08-26T08:58:55","guid":{"rendered":"https:\/\/us.edu.pl\/szkola-doktorska\/?page_id=23587"},"modified":"2026-03-31T10:20:57","modified_gmt":"2026-03-31T08:20:57","slug":"informacja-o-otwartych-naborach-na-stypendia-doktoranckie-2025-2026","status":"publish","type":"page","link":"https:\/\/us.edu.pl\/szkola-doktorska\/informacje-o-otwartych-naborach-na-miejsca-stypendialne-w-ramach-grantow-i-programow-stypendialnych\/informacja-o-otwartych-naborach-na-stypendia-doktoranckie-2025-2026\/","title":{"rendered":"Informacja o otwartych naborach na stypendia doktoranckie 2025\/2026"},"content":{"rendered":"<p>[vc_row][vc_column]\r\n                <div class=\"text-modules\">\r\n                    <div class=\"container\">\r\n                        <h3 class=\"page-title text__title\">INFORMACJA<\/h3>\r\n                        <div class=\"text-modules__content\"><p>Poni\u017cej publikujemy otwarte nabory na stypendia doktoranckie finansowane z grant\u00f3w i projekt\u00f3w, kt\u00f3re s\u0105 jednocze\u015bnie indywidualn\u0105 rekrutacj\u0105 do Szko\u0142y Doktorskiej.<\/p>\n<p>Informacja o naborach na stypendia naukowe dla obecnych doktorant\u00f3w znajduje si\u0119 tutaj: <a href=\"\/szkola-doktorska\/informacje-o-otwartych-naborach-na-miejsca-stypendialne-w-ramach-grantow-i-programow-stypendialnych\/informacja-o-otwartych-naborach-na-stypendia-naukowe\/\">Stypendia naukowe dla doktorant\u00f3w<\/a><\/p>\n<p>Informacja o g\u0142\u00f3wnej \u015bcie\u017cce rekrutacyjnej na rok akademicki 2024\/2025 (zako\u0144czone post\u0119powanie): <a href=\"\/szkola-doktorska\/rekrutacja-na-rok-akademicki-2025-2026\/\">Rekrutacja na rok akademicki 2025\/2026<\/a><\/p>\n<\/div>\r\n                    <\/div>\r\n                <\/div>\r\n                <div class='sidebar_moduls sidebar_one_header' style='color:#002E5A;background-color: #EBEBEB'>\r\n                    <a href='' class='link'>AKTUALNIE OTWARTE NABORY NA ROK AKADEMICKI 2025\/2026<\/a>\r\n                <\/div>\r\n                <div class=\"text-modules \">\r\n                    <div class=\"container\">\r\n                        <h3 class=\"section-title section-title_border-bottom\">Dwa stanowiska: doktorant w dyscyplinie nauki biologiczne<\/h3> \r\n                        <div class=\"row m-0\">\r\n                            <div class=\"text-modules__content\">\r\n                                <strong>Tytu\u0142 projektu:<\/strong><em> Mechanizmy regulacyjne czynnik\u00f3w transkrypcyjnych FtPLATZ3 i FtAThook podczas rozwoju nasion u Fagopyrum tataricum i Fagopyrum esculentum<\/em> pod kierownictwem dr hab. Alexander Betekhtin, prof. U\u015a<\/p>\n<p><strong>Jednostka realizuj\u0105ca kszta\u0142cenie doktorant\u00f3w: <\/strong>Szko\u0142a Doktorska Uniwersytetu \u015al\u0105skiego w Katowicach<\/p>\n<p><strong>Jednostka realizuj\u0105ca projekt<\/strong>: Wydzia\u0142 Nauk Przyrodniczych \u2013 Uniwersytet \u015al\u0105ski w Katowicach<\/p>\n<p><strong>Jednostka kszta\u0142cenia doktoranta<\/strong>: Szko\u0142a Doktorska w Uniwersytecie \u015al\u0105skim w Katowicach<\/p>\n<p>Zadania doktorant\u00f3w:<\/p>\n<ol>\n<li>Wprowadzanie konstrukt\u00f3w genetycznych do kom\u00f3rek ro\u015blin z rodzaju <em>Fagopyrum<\/em> za pomoc\u0105 metody bombardowania cz\u0105steczkowego (particle bombardment).<\/li>\n<li>Wprowadzanie konstrukt\u00f3w CRISPR do kom\u00f3rek ro\u015blin z rodzaju <em>Fagopyrum<\/em> metod\u0105 transformacji genetycznej.<\/li>\n<li>Indukowanie i prowadzenie hodowli tkankowej (kultur <em>in vitro<\/em>) ro\u015blin, niezb\u0119dnej do procesu transformacji.<\/li>\n<li>Selekcja i regeneracja ro\u015blin transformowanych z hodowli tkankowej.<\/li>\n<li>Molekularna analiza i weryfikacja uzyskanych ro\u015blin transformowanych przy u\u017cyciu techniki<\/li>\n<li>Przeprowadzanie bada\u0144 przesiewowych (screening) ro\u015blin pod k\u0105tem po\u017c\u0105danych zmian genetycznych.<\/li>\n<li>Dokumentowanie wynik\u00f3w i przygotowywanie raport\u00f3w z realizacji prac badawczych.<\/li>\n<\/ol>\n<p><strong>Czas trwania stypendium<\/strong>: \u00a048 miesi\u0119cy<\/p>\n<p><strong>Wysoko\u015b\u0107 stypendium<\/strong> 3\u00a0466,90 PLN brutto\/ 5340,90 PLN brutto\u00a0 ( po ocenie \u015br\u00f3dokresowej)<\/p>\n<p>Dokumenty nale\u017cy z\u0142o\u017cy\u0107 do <strong><span style=\"font-family: 'Calibri',sans-serif;\">dnia 30.06.2026<\/span><\/strong> r. na adres e-mail: <a href=\"mailto:alexander.betekhtin@us.edu.pl\">alexander.betekhtin@us.edu.pl<\/a>.<\/p>\n<p><strong><span style=\"font-family: 'Calibri',sans-serif;\">pe\u0142na tre\u015b\u0107 og\u0142oszenia<\/span><\/strong>: <span style=\"color: red;\"><a href=\"https:\/\/us.edu.pl\/szkola-doktorska\/wp-content\/uploads\/sites\/50\/Bez-kategorii\/Ad_SHENG_-26.03.2026.pdf\" class=\"mtli_attachment mtli_pdf\" data-mtli=\"mtli_filesize434,67kB\">Ad_SHENG_ 26.03.2026<\/a><\/span><\/p>\n<p><strong><span style=\"font-family: 'Calibri',sans-serif;\">Link do rejestracji<\/span><\/strong>: <a href=\"https:\/\/irk.us.edu.pl\/pl\/offer\/SD-GRANT-2025\/programme\/20-S3SPIT_NZ900076\/\">https:\/\/irk.us.edu.pl\/pl\/offer\/SD-GRANT-2025\/programme\/20-S3SPIT_NZ900076\/<\/a> \r\n                                <div class=\"mt-3\"><\/div>\r\n                            <\/div>\r\n                            \r\n                            \r\n                        <\/div>\r\n                    <\/div>\r\n                <\/div>\r\n                <div class=\"text-modules \">\r\n                    <div class=\"container\">\r\n                        <h3 class=\"section-title section-title_border-bottom\">Stanowisko: doktorant-stypendysta w dyscyplinie nauki fizyczne<\/h3> \r\n                        <div class=\"row m-0\">\r\n                            <div class=\"text-modules__content\">\r\n                                Tytu\u0142 projektu: \u00a0\u201d<em>Geometria a przenikalno\u015b\u0107 elektryczna: badanie\u00a0 dynamiki przej\u015b\u0107 fazowych pierwszego rodzaju w\u00a0 prze\u0142\u0105czalnych dielektrykach<\/em>\u201d<\/p>\n<p><strong>Jednostka realizuj\u0105cej projekt<\/strong>: \u00a0Wydzia\u0142 Nauk \u015acis\u0142ych i Technicznych \u2013 Uniwersytet \u015al\u0105ski w\u00a0 Katowicach<\/p>\n<p><strong>Jednostka kszta\u0142cenia doktoranta<\/strong>: Szko\u0142a Doktorska w Uniwersytecie \u015al\u0105skim w Katowicach<\/p>\n<p>[zadania doktoranta]<\/p>\n<p>Doktorantka\/doktorant b\u0119dzie zajmowa\u0142 si\u0119 badaniami dielektrycznymi nisko- i wysokoci\u015bnieniowymi materia\u0142\u00f3w hybrydowych b\u0119d\u0105cych obiektem zainteresowania w projekcie grantowym, analiz\u0105 uzyskanych danych badawczych, ich interpretacj\u0105 oraz prezentacj\u0105 w formie publikacji oraz wyst\u0105pie\u0144 ustnych.<\/p>\n<p><strong>Czas trwania stypendium<\/strong>: \u00a048 miesi\u0119cy<\/p>\n<p><strong>Wysoko\u015b\u0107 stypendium<\/strong> 4 269,81 PLN brutto przed ocen\u0105 \u015br\u00f3dokresow\u0105 \/ 5 550,81 PLN brutto po ocenie \u015br\u00f3dokresowej<\/p>\n<p>Dokumenty nale\u017cy z\u0142o\u017cy\u0107 do 9 stycznia 2026 \u00a0r. na adres e-mail: <u>sebastian.pawlus@us.edu.pl<\/u><\/p>\n<p><strong>pe\u0142na tre\u015b\u0107 og\u0142oszenia<\/strong>: <a href=\"https:\/\/us.edu.pl\/szkola-doktorska\/wp-content\/uploads\/sites\/50\/Bez-kategorii\/Geometria-a-przenikalnosc-elektryczna-ogloszenie.pdf\" class=\"mtli_attachment mtli_pdf\" data-mtli=\"mtli_filesize261,36kB\">Geometria a przenikalno\u015b\u0107 elektryczna &#8211; og\u0142oszenie<\/a><\/p>\n<p><strong>Link do rejestracji<\/strong>: <a href=\"https:\/\/irk.us.edu.pl\/pl\/offer\/SD-GRANT-2025\/programme\/20-S3SPIT_ST301250\/\">https:\/\/irk.us.edu.pl\/pl\/offer\/SD-GRANT-2025\/programme\/20-S3SPIT_ST301250\/<\/a> \r\n                                <div class=\"mt-3\"><\/div>\r\n                            <\/div>\r\n                            \r\n                            \r\n                        <\/div>\r\n                    <\/div>\r\n                <\/div>\r\n                <div class=\"text-modules \">\r\n                    <div class=\"container\">\r\n                        <h3 class=\"section-title section-title_border-bottom\">Stanowisko: doktorant-stypendysta w dyscyplinie nauki fizyczne<\/h3> \r\n                        <div class=\"row m-0\">\r\n                            <div class=\"text-modules__content\">\r\n                                Tytu\u0142 projektu<em>: <\/em>\u201eChelatory metali wp\u0142ywaj\u0105ce na metabolizm \u017celaza jako narz\u0119dzie do badania nieodkrytych aspekt\u00f3w ferroptozy\u201d<\/p>\n<p><strong>Jednostka realizuj\u0105cej projekt<\/strong>: Wydzia\u0142 Nauk \u015acis\u0142ych i Technicznych \u2013 Uniwersytet \u015al\u0105ski w Katowicach<\/p>\n<p><strong>Jednostka kszta\u0142cenia doktoranta<\/strong>: Szko\u0142a Doktorska w Uniwersytecie \u015al\u0105skim w Katowicach<\/p>\n<p><strong>Zadania doktoranta<\/strong><\/p>\n<p>Doktorant b\u0119dzie odpowiedzialny za wykonanie bada\u0144 biologicznych, pozwalaj\u0105cych na okre\u015blenie wp\u0142ywu zwi\u0105zk\u00f3w chelatuj\u0105cych metale na \u015bcie\u017cki kom\u00f3rkowe, w tym w szczeg\u00f3lno\u015bci proces ferroptozy. Wykorzystywane metody badawcze to techniki hodowli kom\u00f3rkowych, okre\u015blania przepuszczalno\u015bci bariery krew-m\u00f3zg, charakterystyka interakcji bia\u0142ko-ligand, wp\u0142yw badanych zwi\u0105zk\u00f3w na ekspresj\u0119 mRNA i bia\u0142ek.<\/p>\n<p><strong>Czas trwania stypendium<\/strong>: 48 miesi\u0119cy<\/p>\n<p><strong>Wysoko\u015b\u0107 stypendium<\/strong>: 4 266,58 PLN brutto przed ocen\u0105 \u015br\u00f3dokresow\u0105 \/ 5 546,54 PLN\/brutto (po ocenie \u015br\u00f3dokresowej) na miesi\u0105c<\/p>\n<p>Dokumenty nale\u017cy z\u0142o\u017cy\u0107 do <strong>12 wrze\u015bnia<\/strong> na adres e-mail: <a href=\"mailto:anna.mrozek-wilczkiewicz@us.edu.pl\"><strong>anna.mrozek-wilczkiewicz@us.edu.pl<\/strong><\/a><\/p>\n<p><strong>Link do rejestracji<\/strong>: <a href=\"https:\/\/irk.us.edu.pl\/pl\/offer\/SD-GRANT-2025\/programme\/20-S3SPIT_NZ503048\/\">https:\/\/irk.us.edu.pl\/pl\/offer\/SD-GRANT-2025\/programme\/20-S3SPIT_NZ503048\/<\/a><\/p>\n<p><strong>Pe\u0142na tre\u015b\u0107 og\u0142oszenia<\/strong>: <a href=\"https:\/\/us.edu.pl\/szkola-doktorska\/wp-content\/uploads\/sites\/50\/Bez-kategorii\/2025-ogloszenie-grant_pl.pdf\" class=\"mtli_attachment mtli_pdf\" data-mtli=\"mtli_filesize281,87kB\">2025 og\u0142oszenie grant_pl<\/a> \r\n                                <div class=\"mt-3\"><\/div>\r\n                            <\/div>\r\n                            \r\n                            \r\n                        <\/div>\r\n                    <\/div>\r\n                <\/div>\r\n                <div class='sidebar_moduls sidebar_one_header' style='color:#002E5A;background-color: #EBEBEB'>\r\n                    <a href='' class='link'>ZAKO\u0143CZONE NABORY NA ROK AKADEMICKI 2025\/2026<\/a>\r\n                <\/div>\r\n                <div class=\"text-modules \">\r\n                    <div class=\"container\">\r\n                        <h3 class=\"section-title section-title_border-bottom\">Stanowisko: doktorant-stypendysta w dyscyplinie nauki biologiczne<\/h3> \r\n                        <div class=\"row m-0\">\r\n                            <div class=\"text-modules__content\">\r\n                                Tytu\u0142 projektu: \u00a0\u201eFilogeneza m\u0105czlik\u00f3w (Hemiptera: Sternorrhyncha: Aleyrodoidea) w oparciu o morfologi\u0119 owad\u00f3w kopalnych i wsp\u00f3\u0142czesnych\u201d<\/p>\n<p><strong>Jednostka realizuj\u0105cej projekt<\/strong>: : Wydzia\u0142 Nauk Przyrodniczych \u2013 Uniwersytet \u015al\u0105ski w Katowicach<\/p>\n<p><strong>Jednostka kszta\u0142cenia doktoranta<\/strong>: Szko\u0142a Doktorska w Uniwersytecie \u015al\u0105skim w Katowicach<\/p>\n<p>Zadania doktoranta:<\/p>\n<ol>\n<li>Przygotowanie materia\u0142u wsp\u00f3\u0142czesnego i kopalnego do analiz.<\/li>\n<li>Analiza pr\u00f3bek z wykorzystaniem technik obrazowania uwzgl\u0119dnionych w projekcie.<\/li>\n<li>Dokumentowanie i interpretacja uzyskanych wynik\u00f3w.<\/li>\n<li>Asystowanie w badaniach prowadzonych przez pozosta\u0142ych wykonawc\u00f3w projektu.<\/li>\n<li>Udzia\u0142 w przygotowywaniu publikacji naukowych i upowszechnianiu wynik\u00f3w projektu.<\/li>\n<\/ol>\n<p><strong>Czas trwania stypendium<\/strong>: \u00a048 miesi\u0119cy<\/p>\n<p><strong>Wysoko\u015b\u0107 stypendium<\/strong>: 3466,90 PLN \/ 5340,90 PLN (po ocenie \u015br\u00f3dokresowej) na miesi\u0105c PLN\/miesi\u0105c<\/p>\n<p>Dokumenty nale\u017cy z\u0142o\u017cy\u0107 do 16 lipca 2025 r. na adres e-mail: <a href=\"mailto:jowita.drohojowska@us.edu.pl\">jowita.drohojowska@us.edu.pl<\/a><\/p>\n<p><strong>pe\u0142na tre\u015b\u0107 og\u0142oszenia<\/strong>: <a href=\"https:\/\/us.edu.pl\/szkola-doktorska\/wp-content\/uploads\/sites\/50\/Bez-kategorii\/JD_2-og\u253ceoszenie-konkursowe.pdf\" class=\"mtli_attachment mtli_pdf\" data-mtli=\"mtli_filesize186,32kB\">JD_2 og\u253c\u00e9oszenie konkursowe<\/a><\/p>\n<p><strong>Link do rejestracji<\/strong>: https:\/\/irk.us.edu.pl\/pl\/offer\/SD-GRANT-2025\/programme\/20-S3SPIT_NZ802113\/ \r\n                                <div class=\"mt-3\"><\/div>\r\n                            <\/div>\r\n                            \r\n                            \r\n                        <\/div>\r\n                    <\/div>\r\n                <\/div>\r\n                <div class=\"text-modules \">\r\n                    <div class=\"container\">\r\n                        <h3 class=\"section-title section-title_border-bottom\">Stanowisko: doktorant w dyscyplinie nauki biologiczne zatrudniony na uczelni<\/h3> \r\n                        <div class=\"row m-0\">\r\n                            <div class=\"text-modules__content\">\r\n                                W projekcie: \u201e HEATDDR \u2013 Harnessing the DNA Damage Response to improve plant tolerance to heat stress\u201d (HORIZON-MSCA-2023-DN-01, project number: 101169110)<\/p>\n<p><strong>Jednostka realizuj\u0105cej projekt<\/strong>: Wydzia\u0142 Nauk Przyrodniczych \u2013 Uniwersytet \u015al\u0105ski w Katowicach<\/p>\n<p><strong>Jednostka kszta\u0142cenia doktoranta<\/strong>: Szko\u0142a Doktorska w Uniwersytecie \u015al\u0105skim w Katowicach<\/p>\n<p>Zadania doktoranta:<\/p>\n<p>Poszukujemy wysoce zmotywowanego doktoranta (DC) do obsadzenia stanowisk na Uniwersytecie w Sielsia, w Polsce, w naszej sieci doktorskiej HeatDDR w ramach dzia\u0142ania Marie Sk\u0142odowska-Curie (MSCA). Laboratoria partnerskie znajduj\u0105 si\u0119 we Francji, Niemczech, Belgii, Polsce, Czechach, na W\u0119grzech i we W\u0142oszech.<\/p>\n<p>Rozw\u00f3j kariery i mobilno\u015b\u0107 mi\u0119dzynarodowa naukowc\u00f3w to kluczowe poj\u0119cie w ramach dzia\u0142a\u0144 &#8222;Maria Sk\u0142odowska-Identyfikacja&#8221;. Po\u0142\u0105czenie szkolenia akademickiego w zakresie najnowocze\u015bniejszych technik z intensywnymi interakcjami z partnerami spoza \u015brodowiska akademickiego, kt\u00f3rzy s\u0105 bezpo\u015brednio zaanga\u017cowani w hodowl\u0119 ro\u015blin, przygotuje DC do wyzwa\u0144 stoj\u0105cych przed opracowaniem strategii zr\u00f3wnowa\u017conej produkcji ro\u015blinnej i zwi\u0119kszy ich szanse na zatrudnienie zar\u00f3wno w sektorach akademickich, jak i pozaakademickich.<\/p>\n<p>Badania b\u0119d\u0105 prowadzone w ramach projektu &#8221; HEATDDR \u2013 Harnessing the DNA Damage Response to improve plant tolerance to heat stress&#8221; (HORIZON-MSCA-2023-DN-01, numer projektu: 101169110), finansowanego przez Uni\u0119 Europejsk\u0105 w ramach programu Horizon Europe Marie Sk\u0142odowska-Curie Actions Doctoral Networks.<\/p>\n<p><strong>Czas trwania: 48 miesi\u0119cy<\/strong><\/p>\n<p><strong>Wysoko\u015b\u0107 stypendium: zgodnie z zadaniami projektu<\/strong><\/p>\n<p>Dokumenty nale\u017cy z\u0142o\u017cy\u0107 do <strong>25.06.2025<\/strong> na adres e-mail: <a href=\"mailto:miriam.szurman@us.edu.pl\">miriam.szurman@us.edu.pl<\/a><\/p>\n<p><strong>pe\u0142na tre\u015b\u0107 og\u0142oszenia<\/strong>: <a href=\"https:\/\/us.edu.pl\/szkola-doktorska\/wp-content\/uploads\/sites\/50\/Bez-kategorii\/Doktorant-w-Szkole-Doktorskiej.pdf\" class=\"mtli_attachment mtli_pdf\" data-mtli=\"mtli_filesize276,98kB\">Doktorant w Szkole Doktorskiej<\/a><\/p>\n<p><strong>Link do rejestracji<\/strong>: <a href=\"https:\/\/irk.us.edu.pl\/pl\/offer\/SD-GRANT-2025\/programme\/20-S3SPIT_MSCA101169110\/\">https:\/\/irk.us.edu.pl\/pl\/offer\/SD-GRANT-2025\/programme\/20-S3SPIT_MSCA101169110\/<\/a> \r\n                                <div class=\"mt-3\"><\/div>\r\n                            <\/div>\r\n                            \r\n                            \r\n                        <\/div>\r\n                    <\/div>\r\n                <\/div>\r\n                <div class=\"text-modules \">\r\n                    <div class=\"container\">\r\n                        <h3 class=\"section-title section-title_border-bottom\">Stanowisko: doktorant-stypendysta w dyscyplinie nauki fizyczne<\/h3> \r\n                        <div class=\"row m-0\">\r\n                            <div class=\"text-modules__content\">\r\n                                Tytu\u0142 projektu: \u00a0\u201e<em>W kierunku stanu r\u00f3wnowagi &#8211; nier\u00f3wnowagowe zachowanie mi\u0119kkiej materii w warunkach ograniczonej do skali nano geometrii<\/em>\u201d<\/p>\n<p><strong>Jednostka realizuj\u0105cej projekt<\/strong>: : Wydzia\u0142 Nauk \u015acis\u0142ych i Technicznych \u2013 Uniwersytet \u015al\u0105ski w Katowicach<\/p>\n<p><strong>Jednostka kszta\u0142cenia doktoranta<\/strong>: Szko\u0142a Doktorska w Uniwersytecie \u015al\u0105skim w Katowicach<\/p>\n<p><strong>Zadania doktoranta<\/strong><\/p>\n<p>Celem bada\u0144 b\u0119dzie fabrykacja i szczeg\u00f3\u0142owa charakterystyka w\u0142asno\u015bci nanometrycznych warstw ultrastabilnych szkie\u0142 organicznych przygotowanych technik\u0105 fizycznego naparowywania z fazy gazowej. Badanymi materia\u0142ami b\u0119d\u0105 substancje lecznicze o dzia\u0142aniu przeciwgrzybiczym do zastosowa\u0144 w medycynie<strong> i farmacji.<\/strong> Projekt ma charakter do\u015bwiadczalny i b\u0119dzie si\u0119 opiera\u0107 o r\u00f3\u017cnorodne techniki eksperymentalne umo\u017cliwiaj\u0105ce fabrykacj\u0119 nanometrycznych warstw organicznych oraz charakterystyk\u0119 ich w\u0142asno\u015bci fizycznych takie jak spektroskopia dielektryczna, mikroskopia si\u0142 atomowych, spektroskopia w podczerwieni, elipsometria spektroskopowa.<\/p>\n<p><strong>Czas trwania stypendium<\/strong>: \u00a048 miesi\u0119cy<\/p>\n<p><strong>Wysoko\u015b\u0107 stypendium<\/strong>: 5 000 PLN\/ brutto \/ 5340,90 PLN\/brutto (po ocenie \u015br\u00f3dokresowej) na miesi\u0105c PLN\/miesi\u0105c<\/p>\n<p>Dokumenty nale\u017cy z\u0142o\u017cy\u0107 do 6 sierpnia 2025 r. na adres e-mail: <em>kadrjano@us.edu.pl<\/em><\/p>\n<p><strong>pe\u0142na tre\u015b\u0107 og\u0142oszenia<\/strong>: <a href=\"https:\/\/us.edu.pl\/szkola-doktorska\/wp-content\/uploads\/sites\/50\/Bez-kategorii\/\u201eW-kierunku-stanu-rownowagi-nierownowagowe-zachowanie-miekkiej-materii-w-warunkach-ograniczonej-do-skali-nano-geometrii.pdf\" class=\"mtli_attachment mtli_pdf\" data-mtli=\"mtli_filesize259,91kB\">\u201eW kierunku stanu r\u00f3wnowagi &#8211; nier\u00f3wnowagowe zachowanie mi\u0119kkiej materii w warunkach ograniczonej do skali nano geometrii\u201d<\/a><\/p>\n<p><strong>Link do rejestracji<\/strong>: <a href=\"https:\/\/irk.us.edu.pl\/pl\/offer\/SD-GRANT-2025\/programme\/20-S3SPIT_ST501237\/\">https:\/\/irk.us.edu.pl\/pl\/offer\/SD-GRANT-2025\/programme\/20-S3SPIT_ST501237\/<\/a> \r\n                                <div class=\"mt-3\"><\/div>\r\n                            <\/div>\r\n                            \r\n                            \r\n                        <\/div>\r\n                    <\/div>\r\n                <\/div>[\/vc_column][\/vc_row][vc_row][vc_column]\r\n                <div class=\"text-modules\">\r\n                    <div class=\"container\">\r\n                        <h3 class=\"page-title text__title\">ARCHIWUM NABOR\u00d3W<\/h3>\r\n                        <div class=\"text-modules__content\"><p>Zobacz nabory w roku akademickim 2024\/2025 w <a href=\"\/szkola-doktorska\/informacje-o-otwartych-naborach-na-miejsca-stypendialne-w-ramach-grantow-i-programow-stypendialnych\/informacja-o-otwartych-naborach-na-stypendia-doktoranckie-2024-2025\/\">Archive 2024\/2025<\/a>.<\/p>\n<p>Zobacz nabory w roku akademickim 2022\/2023 w <a href=\"\/szkola-doktorska\/informacje-o-otwartych-naborach-na-miejsca-stypendialne-w-ramach-grantow-i-programow-stypendialnych\/informacja-o-naborach-na-miejsca-stypendialne-w-projektach-na-rok-akademickim-2022-2023\/\">Archive 2022\/2023<\/a>.<\/p>\n<p>Zobacz nabory w roku akademickim 2021\/2022 w <a href=\"\/szkola-doktorska\/en\/zakonczone-nabory-na-miejsca-stypendialne-w-ramach-grantow-i-programow-stypendialnych-w-roku-akademickim-2021-2022\/\">Archive 2021\/2022<\/a>.<\/p>\n<\/div>\r\n                    <\/div>\r\n                <\/div>[\/vc_column][\/vc_row][vc_row][vc_column][\/vc_column][\/vc_row]<\/p>\n<style type=\"text\/css\">a[data-mtli~=\"mtli_filesize434,67kB\"]:after {content:\" (434,67 kB)\"}a[data-mtli~=\"mtli_filesize261,36kB\"]:after {content:\" (261,36 kB)\"}a[data-mtli~=\"mtli_filesize281,87kB\"]:after {content:\" (281,87 kB)\"}a[data-mtli~=\"mtli_filesize186,32kB\"]:after {content:\" (186,32 kB)\"}a[data-mtli~=\"mtli_filesize276,98kB\"]:after {content:\" (276,98 kB)\"}a[data-mtli~=\"mtli_filesize259,91kB\"]:after {content:\" (259,91 kB)\"}a[data-mtli~=\"mtli_filesize268,20kB\"]:after {content:\" (268,20 kB)\"}a[data-mtli~=\"mtli_filesize278,06kB\"]:after {content:\" (278,06 kB)\"}a[data-mtli~=\"mtli_filesize263,56kB\"]:after {content:\" (263,56 kB)\"}<\/style>","protected":false},"excerpt":{"rendered":"<p>[vc_row][vc_column][\/vc_column][\/vc_row][vc_row][vc_column][\/vc_column][\/vc_row][vc_row][vc_column][\/vc_column][\/vc_row] [&#8230;]<\/p>\n<p><a class=\"btn btn-secondary understrap-read-more-link\" href=\"https:\/\/us.edu.pl\/szkola-doktorska\/informacje-o-otwartych-naborach-na-miejsca-stypendialne-w-ramach-grantow-i-programow-stypendialnych\/informacja-o-otwartych-naborach-na-stypendia-doktoranckie-2025-2026\/\">Read More&#8230;<\/a><\/p>\n","protected":false},"author":42,"featured_media":3685,"parent":806,"menu_order":0,"comment_status":"closed","ping_status":"closed","template":"","meta":{"_expiration-date-status":"","_expiration-date":0,"_expiration-date-type":"","_expiration-date-categories":[],"_expiration-date-options":[]},"acf":[],"_links":{"self":[{"href":"https:\/\/us.edu.pl\/szkola-doktorska\/wp-json\/wp\/v2\/pages\/23587"}],"collection":[{"href":"https:\/\/us.edu.pl\/szkola-doktorska\/wp-json\/wp\/v2\/pages"}],"about":[{"href":"https:\/\/us.edu.pl\/szkola-doktorska\/wp-json\/wp\/v2\/types\/page"}],"author":[{"embeddable":true,"href":"https:\/\/us.edu.pl\/szkola-doktorska\/wp-json\/wp\/v2\/users\/42"}],"replies":[{"embeddable":true,"href":"https:\/\/us.edu.pl\/szkola-doktorska\/wp-json\/wp\/v2\/comments?post=23587"}],"version-history":[{"count":11,"href":"https:\/\/us.edu.pl\/szkola-doktorska\/wp-json\/wp\/v2\/pages\/23587\/revisions"}],"predecessor-version":[{"id":25308,"href":"https:\/\/us.edu.pl\/szkola-doktorska\/wp-json\/wp\/v2\/pages\/23587\/revisions\/25308"}],"up":[{"embeddable":true,"href":"https:\/\/us.edu.pl\/szkola-doktorska\/wp-json\/wp\/v2\/pages\/806"}],"wp:featuredmedia":[{"embeddable":true,"href":"https:\/\/us.edu.pl\/szkola-doktorska\/wp-json\/wp\/v2\/media\/3685"}],"wp:attachment":[{"href":"https:\/\/us.edu.pl\/szkola-doktorska\/wp-json\/wp\/v2\/media?parent=23587"}],"curies":[{"name":"wp","href":"https:\/\/api.w.org\/{rel}","templated":true}]}}