{"id":23671,"date":"2025-09-25T00:00:58","date_gmt":"2025-09-24T22:00:58","guid":{"rendered":"https:\/\/us.edu.pl\/szkola-doktorska\/?page_id=23671"},"modified":"2025-10-07T16:16:29","modified_gmt":"2025-10-07T14:16:29","slug":"harmonogram-zajec-semestr-zimowy-2025-2026","status":"publish","type":"page","link":"https:\/\/us.edu.pl\/szkola-doktorska\/harmonogram-zajec-semestr-zimowy-2025-2026\/","title":{"rendered":"Harmonogram zaj\u0119\u0107 &#8211; semestr zimowy 2025\/2026"},"content":{"rendered":"<p>[vc_row][vc_column]\r\n                <div class=\"text-modules \">\r\n                    <div class=\"container\">\r\n                        <h3 class=\"section-title section-title_border-bottom\">Informacja o organizacji zaj\u0119\u0107<\/h3> \r\n                        <div class=\"row m-0\">\r\n                            <div class=\"text-modules__content\">\r\n                                Standardowo zaj\u0119cia realizowane s\u0105 w formie kontaktowej. Cz\u0119\u015b\u0107 zaj\u0119\u0107 zaplanowana zosta\u0142a w formie zdalnej &#8211; lektoraty i Academic English (cz\u0119\u015b\u0107 grup). Zdalnie jest te\u017c realizowana cz\u0119\u015b\u0107 zaj\u0119\u0107 w j\u0119zyku angielskim i zaj\u0119\u0107 dla doktorant\u00f3w programu &#8222;Doktorat wdro\u017ceniowy&#8221; oraz niekt\u00f3re zaj\u0119cia fakultatywne i specjalistyczne.<\/p>\n<p>Wszystkie zaj\u0119cia zdalne organizowane s\u0105 za po\u015brednictwem MS Teams, przy u\u017cyciu kont uczelnianych, kt\u00f3re ka\u017cdy doktorant powinien mie\u0107 aktywne.<\/p>\n<p>Pierwsze zaj\u0119cia zaczynaj\u0105 si\u0119 6 pa\u017adziernika lub zgodnie z podanym harmonogramem. Zaj\u0119cia fakultatywne i specjalistyczne rozpoczynaj\u0105 si\u0119 nie wcze\u015bniej ni\u017c 13 pa\u017adziernika. \r\n                                <div class=\"mt-3\"><\/div>\r\n                            <\/div>\r\n                            \r\n                            <div class=\"text-modules__img\"><a href=\"https:\/\/www.zdalny.us.edu.pl\/\" target=\"_blank\"><img src=\"https:\/\/us.edu.pl\/szkola-doktorska\/wp-content\/uploads\/sites\/50\/Nieprzypisane\/uczelnia_mobilna-1-150x150.jpg\" alt=\"img\"><\/a><\/div>\r\n                        <\/div>\r\n                    <\/div>\r\n                <\/div>[\/vc_column][\/vc_row][vc_row][vc_column]\r\n                <div class=\"text-modules \">\r\n                    <div class=\"container\">\r\n                        <h3 class=\"section-title section-title_border-bottom\">Metodyka bada\u0144 naukowych \/ Artistic Research<\/h3> <h3 class=\"subtitle text-modules__subtitle\">zaj\u0119cia obowi\u0105zkowe dla doktorant\u00f3w I roku<\/h3>\r\n                        <div class=\"row m-0\">\r\n                            <div class=\"text-modules__content\">\r\n                                Modu\u0142 ma 30 godzin zaj\u0119\u0107. Ka\u017cdy doktorant zalicza trzy 10-godzinne zaj\u0119cia w ramach modu\u0142u (pojedyncze modu\u0142y maj\u0105 20 godzin).<\/p>\n<p>Doktoranci <strong>nauk humanistycznych<\/strong> maj\u0105 zaliczy\u0107 trzy dowolne zaj\u0119cia.<\/p>\n<p>Doktoranci obszaru <strong>nauk \u015bcis\u0142ych i przyrodniczych oraz in\u017cynieryjno-technicznych<\/strong> maj\u0105 zaliczy\u0107 zaj\u0119cia wsp\u00f3lne (z prof. Jerzym \u0141uczk\u0105) i dwa wybrane przez siebie zaj\u0119cia.<\/p>\n<p>Doktoranci obszaru <strong>nauk spo\u0142ecznych<\/strong> maj\u0105 zaliczy\u0107 zaj\u0119cia wsp\u00f3lne (z prof. Agnieszk\u0105 Tursk\u0105-Kaw\u0105) i dwa wybrane przez siebie zaj\u0119cia.<\/p>\n<p>Doktoranci <strong>dyscyplin artystycznych<\/strong> zamiast Metodyki bada\u0144 naukowych realizuj\u0105 modu\u0142 <strong>Artistic research<\/strong> w terminach do indywidualnego uzgodnienia z prowadz\u0105cymi.<\/p>\n<p>Doktoranci <strong>programu \u201eDoktorat wdro\u017ceniowy\u201d<\/strong> maj\u0105 zaliczy\u0107 zaj\u0119cia wsp\u00f3lne dla programu i co najmniej jedne inne zaj\u0119cia, w\u0142a\u015bciwe dla ich dyscypliny.<\/p>\n<p>Harmonogramy:<\/p>\n<ul>\n<li>nauki humanistyczne: <a href=\"https:\/\/uniwersytetslaski-my.sharepoint.com\/:x:\/g\/personal\/ryszard_knapek_o365_us_edu_pl\/EY3Zs5SOsVtGhU6NbOL3cXwBUfeISWEX9wXWEpwAd3bgoQ?e=5tgyWO\">Methodology of Research 2025-2026 &#8211; humanistics.xlsx<\/a><\/li>\n<li>nauki przyrodnicze i \u015bcis\u0142e oraz in\u017cynieryjno-techniczne: <a href=\"https:\/\/uniwersytetslaski-my.sharepoint.com\/:x:\/g\/personal\/ryszard_knapek_o365_us_edu_pl\/EbIDKXFIRFBMg5tTcEWDUx4BQuAvYUdrpimL72oaK2xyLA?e=bkthhR\">Methodology of Research 2025-2026 &#8211; natural sciences and engineering and technology.xlsx<\/a><\/li>\n<li>nauki spo\u0142eczne: <a href=\"https:\/\/uniwersytetslaski-my.sharepoint.com\/:x:\/g\/personal\/ryszard_knapek_o365_us_edu_pl\/EfgOj47TqbZEn0Jvzzqr6-IB4MrmUaBQtT3qFyLPvNvOAw?e=awsPNq\">Methodology of Research 2025-2026 &#8211; social sciences.xlsx<\/a><\/li>\n<li>program &#8222;Doktorat wdro\u017ceniowy&#8221;: <a href=\"https:\/\/uniwersytetslaski-my.sharepoint.com\/:x:\/g\/personal\/ryszard_knapek_o365_us_edu_pl\/Ee53FTEgA31CinADD1ItIOEBk0hPobPg_vpsY-CgSrldvg?e=SVtI6d\">Methodology of Research 2025-2026 &#8211; implementation doctorate.xlsx<\/a><\/li>\n<li>dyscypliny artystyczne: <a href=\"https:\/\/uniwersytetslaski-my.sharepoint.com\/:x:\/g\/personal\/ryszard_knapek_o365_us_edu_pl\/Ec_ljQCMaX5DluDMT0FN0jcBJJT2tQ16XWRteFIJ534gaw?e=zNmU63\">Artistic Reserach 2025-2026.xlsx<\/a><\/li>\n<\/ul>\n<div class=\"mt-3\"><\/div>\r\n                            <\/div>\r\n                            \r\n                            <div class=\"text-modules__img\"><img src=\"https:\/\/us.edu.pl\/szkola-doktorska\/wp-content\/uploads\/sites\/50\/Nieprzypisane\/tools-1083796_640-300x225.jpg\" alt=\"img\"><\/div>\r\n                        <\/div>\r\n                    <\/div>\r\n                <\/div>\r\n                <div class=\"text-modules \">\r\n                    <div class=\"container\">\r\n                        <h3 class=\"section-title section-title_border-bottom\">Dydaktyka szko\u0142y wy\u017cszej<\/h3> <h3 class=\"subtitle text-modules__subtitle\">zaj\u0119cia obowi\u0105zkowe dla doktorant\u00f3w I roku<\/h3>\r\n                        <div class=\"row m-0\">\r\n                            <div class=\"text-modules__content\">\r\n                                Modu\u0142 sk\u0142ada si\u0119 z dw\u00f3ch blok\u00f3w:<\/p>\n<ol>\n<li>Cz\u0119\u015bci wsp\u00f3lnej dla wszystkich doktorant\u00f3w &#8211; grupy mieszane pod k\u0105tem dyscyplin i obszar\u00f3w (12 godzin).<\/li>\n<li>Cz\u0119\u015bci kierunkowej &#8211; grupy dla poszczeg\u00f3lnych dyscyplin lub kierunk\u00f3w studi\u00f3w (8 godzin).<\/li>\n<\/ol>\n<p>Harmonogram:\u00a0<!--StartFragment --><\/p>\n<ul>\n<li>cze\u015b\u0107 wsp\u00f3lna: <a href=\"https:\/\/uniwersytetslaski-my.sharepoint.com\/:x:\/g\/personal\/ryszard_knapek_o365_us_edu_pl\/EVbkDA1Y2gFCqqProjA6LxYBtf9EfqxfycA6af5l6l3lTw?e=MSv6Hp\">Teaching in higher education 2025-2026 &#8211; interdisciplinary classes.xlsx<\/a><\/li>\n<li>cz\u0119\u015b\u0107 kierunkowa: <a href=\"https:\/\/uniwersytetslaski-my.sharepoint.com\/:x:\/g\/personal\/ryszard_knapek_o365_us_edu_pl\/EU0mX0kdUJVJiww0JgV6fsUB5w89YD_rlImyJzwd_7PxvA?e=jy4FvD\">Teaching in higher education 2025-2026 &#8211; didactic in the disciplines.xlsx<\/a><\/li>\n<\/ul>\n<div class=\"mt-3\"><\/div>\r\n                            <\/div>\r\n                            \r\n                            <div class=\"text-modules__img\"><img src=\"https:\/\/us.edu.pl\/szkola-doktorska\/wp-content\/uploads\/sites\/50\/Nieprzypisane\/Obraz-Harish-Sharma-z-Pixabay_obrazek-wyrozniajacy-600x399-300x200.jpg\" alt=\"img\"><\/div>\r\n                        <\/div>\r\n                    <\/div>\r\n                <\/div>\r\n                <div class=\"text-modules \">\r\n                    <div class=\"container\">\r\n                        <h3 class=\"section-title section-title_border-bottom\">Lektorat j\u0119zyka angielskiego<\/h3> <h3 class=\"subtitle text-modules__subtitle\">zaj\u0119cia dodatkowe<\/h3>\r\n                        <div class=\"row m-0\">\r\n                            <div class=\"text-modules__content\">\r\n                                Doktoranci I roku wype\u0142niaj\u0105 test poziomuj\u0105cy (dost\u0119p przes\u0142any na \u017cyczenie &#8211; kontakt z biurem SD lub koordynatorem modu\u0142u).<\/p>\n<p>Doktoranci starszych lat ustalaj\u0105 zasady uczestnictwa z koordynatorem modu\u0142u.<\/p>\n<p>Zaj\u0119cia prowadzone w \u015brody, od 8 pa\u017adziernika, w formie zdalnej, w grupach na odpowiednim poziomie.<\/p>\n<p>Harmonogram:<\/p>\n<p><a href=\"https:\/\/uniwersytetslaski-my.sharepoint.com\/:x:\/g\/personal\/ryszard_knapek_o365_us_edu_pl\/EZGhF4vwYxhAl8ZyjMvjQU4Bq6fH4oU52stHgxCDe3p86Q?e=6p38Ja\">English language course 1 2025-2026Z.xlsx<\/a><\/p>\n<p>Koordynator modu\u0142u: <a href=\"https:\/\/ab.us.edu.pl\/emp?id=712\">mgr Katarzyna Bana\u015b-Sieradzka<\/a> \r\n                                <div class=\"mt-3\"><\/div>\r\n                            <\/div>\r\n                            \r\n                            <div class=\"text-modules__img\"><img src=\"https:\/\/us.edu.pl\/szkola-doktorska\/wp-content\/uploads\/sites\/50\/Nieprzypisane\/DSC4867-300x200.jpg\" alt=\"img\"><\/div>\r\n                        <\/div>\r\n                    <\/div>\r\n                <\/div>\r\n                <div class=\"text-modules \">\r\n                    <div class=\"container\">\r\n                        <h3 class=\"section-title section-title_border-bottom\">Academic English I<\/h3> <h3 class=\"subtitle text-modules__subtitle\">zaj\u0119cia otwarte dla wszystkich, sugerowane dla doktorant\u00f3w II roku<\/h3>\r\n                        <div class=\"row m-0\">\r\n                            <div class=\"text-modules__content\">\r\n                                Zaj\u0119cia rozpoczynaj\u0105 si\u0119 w tygodniu 6-10 pa\u017adziernika, prowadzone s\u0105 w formie zdalnej lub stacjonarnej, w zale\u017cno\u015bci od grupy. Grupy podzielone s\u0105 zgodnie z dyscyplinami. <strong>Nale\u017cy logowa\u0107 si\u0119 do grupy odpowiadaj\u0105cej dyscyplinie<\/strong>.<\/p>\n<p>Uwaga: doktoranci literaturoznawstwa, polonistyki i nauk o kulturze maj\u0105 dwie wsp\u00f3lne grupy, podzielone wed\u0142ug poziomu znajomo\u015bci j\u0119zyka angielskiego.<\/p>\n<p>Zaj\u0119cia realizowane s\u0105 przez oba semestry.<\/p>\n<p>Harmonogram: <a href=\"https:\/\/uniwersytetslaski-my.sharepoint.com\/:x:\/g\/personal\/ryszard_knapek_o365_us_edu_pl\/EelQ9NIhYxhGpEKF-GiZhg8Bmeviu3VCnc42JdA9hXNDpA?e=JsaYwM\">Academic English 2025-2026Z.xlsx<\/a><!--StartFragment --> \r\n                                <div class=\"mt-3\"><\/div>\r\n                            <\/div>\r\n                            \r\n                            <div class=\"text-modules__img\"><img src=\"https:\/\/us.edu.pl\/szkola-doktorska\/wp-content\/uploads\/sites\/50\/Nieprzypisane\/library-g7d681f1ca_1280-300x199.jpg\" alt=\"img\"><\/div>\r\n                        <\/div>\r\n                    <\/div>\r\n                <\/div>\r\n                <div class=\"text-modules \">\r\n                    <div class=\"container\">\r\n                        <h3 class=\"section-title section-title_border-bottom\">Prawo w\u0142asno\u015bci intelektualnej i prawo autorskie<\/h3> <h3 class=\"subtitle text-modules__subtitle\">zaj\u0119cia otwarte dla wszystkich, sugerowane dla II roku<\/h3>\r\n                        <div class=\"row m-0\">\r\n                            <div class=\"text-modules__content\">\r\n                                W semestrze zimowym odbywaj\u0105 si\u0119 zaj\u0119cia dla wszystkich grup, z wyj\u0105tkiem doktorant\u00f3w dyscyplin artystycznych. Zaj\u0119cia podzielone s\u0105 na nast\u0119puj\u0105ce grupy:<\/p>\n<ul>\n<li>obszar nauk \u015bcis\u0142ych i przyrodniczych oraz in\u017cynieryjno-technicznych<\/li>\n<li>obszar nauk humanistycznych, nauk teologicznych i sztuki oraz obszar nauk spo\u0142ecznych (dwie grupy, w tym jedna zdalnie)<\/li>\n<li>doktoranci programu doktorat wdro\u017ceniowy (zaj\u0119cia zdalne)<\/li>\n<li>grupa w j\u0119zyku angielskim (zaj\u0119cia zdalne)<\/li>\n<\/ul>\n<p>Zaj\u0119cia realizowane w formie stacjonarnej lub zdalnej (do wyboru, w zale\u017cno\u015bci od grupy)<\/p>\n<p>Harmonogram: <a href=\"https:\/\/uniwersytetslaski-my.sharepoint.com\/:x:\/g\/personal\/ryszard_knapek_o365_us_edu_pl\/EU9QHVzbeGlJj8lJX3dk8lkBxoDuaLwRaC_drxt_BNuVVw?e=ILtbaV\">Intellectual property law 2025-2026.xlsx<\/a><!--StartFragment --> \r\n                                <div class=\"mt-3\"><\/div>\r\n                            <\/div>\r\n                            \r\n                            <div class=\"text-modules__img\"><img src=\"https:\/\/us.edu.pl\/szkola-doktorska\/wp-content\/uploads\/sites\/50\/Nieprzypisane\/wood-g586117a51_1280-300x210.jpg\" alt=\"img\"><\/div>\r\n                        <\/div>\r\n                    <\/div>\r\n                <\/div>\r\n                <div class=\"text-modules \">\r\n                    <div class=\"container\">\r\n                        <h3 class=\"section-title section-title_border-bottom\">Zaj\u0119cia do wyboru (fakultatywne i specjalistyczne)<\/h3> <h3 class=\"subtitle text-modules__subtitle\">oferta do wyboru dla wszystkich doktorant\u00f3w<\/h3>\r\n                        <div class=\"row m-0\">\r\n                            <div class=\"text-modules__content\">\r\n                                Szko\u0142a Doktorska prezentuje ofert\u0119 zaj\u0119\u0107 fakultatywnych i specjalistycznych. Zaj\u0119cia fakultatywne to modu\u0142y wprowadzaj\u0105ce w okre\u015blon\u0105 tematyk\u0119 albo rozwijaj\u0105ce kompetencje og\u00f3lne lub mi\u0119kkie. Otwarte s\u0105 dla wszystkich doktorant\u00f3w. Zaj\u0119cia specjalistyczne wymagaj\u0105 okre\u015blonej wiedzy wst\u0119pnej i s\u0105 otwarte tylko dla doktorant\u00f3w okre\u015blonych dyscyplin.<\/p>\n<p>Doktoranci w trakcie kszta\u0142cenie maj\u0105 zaliczy\u0107 zaj\u0119cia do wyboru za:<\/p>\n<ul>\n<li>co najmniej 9 ECTS &#8211; roczniki 2020\/2021, 2021\/2022 i 2022\/2023<\/li>\n<li>co najmniej 8 ECTS &#8211; rocznik 2023\/2024<\/li>\n<li>zaj\u0119cia specjalistyczne za co najmniej 4 ECTS i fakultatywne za co najmniej 2 ECTS &#8211; rocznik 2024\/2025 i 2025\/2026<\/li>\n<\/ul>\n<p>Alternatywnie mo\u017cna zdobywa\u0107 ECTS za zaj\u0119cia fakultatywne realizuj\u0105c:<\/p>\n<ul>\n<li>zaj\u0119cia w ramach Transform4Europe Week<\/li>\n<li>zaj\u0119cia dla doktorant\u00f3w na innych uczelniach<\/li>\n<\/ul>\n<p><strong>Opisy poszczeg\u00f3lnych modu\u0142\u00f3w:<\/strong><\/p>\n<p><a href=\"https:\/\/us.edu.pl\/szkola-doktorska\/wp-content\/uploads\/sites\/50\/Bez-kategorii\/Facultative-classes-offer-for-2025-2026.pdf\" class=\"mtli_attachment mtli_pdf\" data-mtli=\"mtli_filesize374,06kB\">Facultative classes &#8211; offer for 2025-2026<\/a><\/p>\n<p><a href=\"https:\/\/us.edu.pl\/szkola-doktorska\/wp-content\/uploads\/sites\/50\/Bez-kategorii\/Specialized-classes-offer-for-2025-2026.pdf\" class=\"mtli_attachment mtli_pdf\" data-mtli=\"mtli_filesize419,94kB\">Specialized classes &#8211; offer for 2025-2026<\/a><\/p>\n<p><strong>Harmonogram zaj\u0119\u0107:<\/strong><\/p>\n<p><a href=\"https:\/\/uniwersytetslaski-my.sharepoint.com\/:x:\/g\/personal\/ryszard_knapek_o365_us_edu_pl\/EXvQMZJ2mvJPnSv4Aidxja4Bqb7js6-HzatS-toErMwNeg?e=exwYYF\">Zaj\u0119cia fakultatywne w Szkole Doktorskiej SEMESTR ZIMOWY.xlsx<\/a><\/p>\n<p><a href=\"https:\/\/uniwersytetslaski-my.sharepoint.com\/:x:\/g\/personal\/ryszard_knapek_o365_us_edu_pl\/ET-qxjrN7xlGo5hyFwW5amsBj0_lyYnxvRg86wXeLaQOSg?e=f0xKS6\">zaj\u0119cia specjalistyczne 25-26 &#8211; SEMESTR ZIMOWY.xlsx<\/a><\/p>\n<p>Doktoranci rejestruj\u0105 si\u0119 na pocz\u0105tku rok na zaj\u0119cia fakultatywne i specjalistyczne na oba semestry. Dodatkowa rejestracja przed semestrem letnim umo\u017cliwia tylko poprawki zwi\u0105zane z harmonogramem. \r\n                                <div class=\"mt-3\"><\/div>\r\n                            <\/div>\r\n                            \r\n                            <div class=\"text-modules__img\"><img src=\"https:\/\/us.edu.pl\/szkola-doktorska\/wp-content\/uploads\/sites\/50\/Nieprzypisane\/joshua-eckstein-VAJEea9u6k8-unsplash-300x200.jpg\" alt=\"img\"><\/div>\r\n                        <\/div>\r\n                    <\/div>\r\n                <\/div>\r\n                <div class=\"text-modules \">\r\n                    <div class=\"container\">\r\n                        <h3 class=\"section-title section-title_border-bottom\">Seminaria doktoranckie<\/h3> <h3 class=\"subtitle text-modules__subtitle\">indywidualne zaj\u0119cia z promotorem<\/h3>\r\n                        <div class=\"row m-0\">\r\n                            <div class=\"text-modules__content\">\r\n                                Brak rejestracji, doktoranci wprowadzeni do USOS. Prosimy o weryfikacj\u0119 obecnego stanu w USOS. W przypadku, je\u017celi cz\u0119\u015b\u0107 godzin ma by\u0107 przydzielona promotorowi pomocniczego, prosimy o kontakt mailowy promotora lub promotora pomocniczego. \r\n                                <div class=\"mt-3\"><\/div>\r\n                            <\/div>\r\n                            \r\n                            <div class=\"text-modules__img\"><img src=\"https:\/\/us.edu.pl\/szkola-doktorska\/wp-content\/uploads\/sites\/50\/2019\/11\/apple-256261_640-300x198.jpg\" alt=\"img\"><\/div>\r\n                        <\/div>\r\n                    <\/div>\r\n                <\/div>\r\n                <div class=\"text-modules \">\r\n                    <div class=\"container\">\r\n                        <h3 class=\"section-title section-title_border-bottom\">Tutoring ekspercki<\/h3> <h3 class=\"subtitle text-modules__subtitle\">zaj\u0119cia indywidualne z tutorami<\/h3>\r\n                        <div class=\"row m-0\">\r\n                            <div class=\"text-modules__content\">\r\n                                Ka\u017cdy doktorant ma zrealizowa\u0107 trzy cykle tutorskie w trakcie ca\u0142ego kszta\u0142cenia. Zaj\u0119cia zg\u0142oszone na rok akademicki 2025\/2026 z nauczycielami akademickimi zatrudnionymi w U\u015a s\u0105 ju\u017c w USOS &#8211; prosimy o weryfikacj\u0119 i ewentualne zg\u0142aszanie zmian.<\/p>\n<p>Zaj\u0119cia z osobami spoza U\u015a musz\u0105 by\u0107 zg\u0142aszane z wyprzedzeniem &#8211; szczeg\u00f3\u0142owy komunikat wkr\u00f3tce.<\/p>\n<p>Wi\u0119cej: <a href=\"\/szkola-doktorska\/ksztalcenie-indywidualne\/tutoring\/\">Tutoring ekspercki<\/a> \r\n                                <div class=\"mt-3\"><\/div>\r\n                            <\/div>\r\n                            \r\n                            <div class=\"text-modules__img\"><img src=\"https:\/\/us.edu.pl\/szkola-doktorska\/wp-content\/uploads\/sites\/50\/Nieprzypisane\/pencil-1891732_1920-300x182.jpg\" alt=\"img\"><\/div>\r\n                        <\/div>\r\n                    <\/div>\r\n                <\/div>\r\n                <div class=\"text-modules \">\r\n                    <div class=\"container\">\r\n                        <h3 class=\"section-title section-title_border-bottom\">Seminaria obszarowe doktorant\u00f3w IV roku<\/h3> <h3 class=\"subtitle text-modules__subtitle\">informacja wkr\u00f3tce<\/h3>\r\n                        <div class=\"row m-0\">\r\n                            <div class=\"text-modules__content\">\r\n                                 \r\n                                <div class=\"mt-3\"><\/div>\r\n                            <\/div>\r\n                            \r\n                            <div class=\"text-modules__img\"><img src=\"https:\/\/us.edu.pl\/szkola-doktorska\/wp-content\/uploads\/sites\/50\/Nieprzypisane\/provetas-118222_1280-300x183-1-300x183.jpg\" alt=\"img\"><\/div>\r\n                        <\/div>\r\n                    <\/div>\r\n                <\/div>[\/vc_column][\/vc_row]<\/p>\n<style type=\"text\/css\">a[data-mtli~=\"mtli_filesize374,06kB\"]:after {content:\" (374,06 kB)\"}a[data-mtli~=\"mtli_filesize419,94kB\"]:after {content:\" (419,94 kB)\"}<\/style>","protected":false},"excerpt":{"rendered":"<p>[vc_row][vc_column][\/vc_column][\/vc_row][vc_row][vc_column][\/vc_column][\/vc_row] [&#8230;]<\/p>\n<p><a class=\"btn btn-secondary understrap-read-more-link\" href=\"https:\/\/us.edu.pl\/szkola-doktorska\/harmonogram-zajec-semestr-zimowy-2025-2026\/\">Read More&#8230;<\/a><\/p>\n","protected":false},"author":42,"featured_media":0,"parent":0,"menu_order":0,"comment_status":"closed","ping_status":"closed","template":"","meta":{"_expiration-date-status":"","_expiration-date":0,"_expiration-date-type":"","_expiration-date-categories":[],"_expiration-date-options":[]},"acf":[],"_links":{"self":[{"href":"https:\/\/us.edu.pl\/szkola-doktorska\/wp-json\/wp\/v2\/pages\/23671"}],"collection":[{"href":"https:\/\/us.edu.pl\/szkola-doktorska\/wp-json\/wp\/v2\/pages"}],"about":[{"href":"https:\/\/us.edu.pl\/szkola-doktorska\/wp-json\/wp\/v2\/types\/page"}],"author":[{"embeddable":true,"href":"https:\/\/us.edu.pl\/szkola-doktorska\/wp-json\/wp\/v2\/users\/42"}],"replies":[{"embeddable":true,"href":"https:\/\/us.edu.pl\/szkola-doktorska\/wp-json\/wp\/v2\/comments?post=23671"}],"version-history":[{"count":5,"href":"https:\/\/us.edu.pl\/szkola-doktorska\/wp-json\/wp\/v2\/pages\/23671\/revisions"}],"predecessor-version":[{"id":23696,"href":"https:\/\/us.edu.pl\/szkola-doktorska\/wp-json\/wp\/v2\/pages\/23671\/revisions\/23696"}],"wp:attachment":[{"href":"https:\/\/us.edu.pl\/szkola-doktorska\/wp-json\/wp\/v2\/media?parent=23671"}],"curies":[{"name":"wp","href":"https:\/\/api.w.org\/{rel}","templated":true}]}}