{"id":23744,"date":"2025-10-16T10:29:01","date_gmt":"2025-10-16T08:29:01","guid":{"rendered":"https:\/\/us.edu.pl\/szkola-doktorska\/?page_id=23744"},"modified":"2026-04-08T10:26:20","modified_gmt":"2026-04-08T08:26:20","slug":"seminaria-obszarowe-w-roku-akademickim-2025-2026","status":"publish","type":"page","link":"https:\/\/us.edu.pl\/szkola-doktorska\/seminaria-obszarowe-w-roku-akademickim-2025-2026\/","title":{"rendered":"Seminaria obszarowe w roku akademickim 2025\/2026"},"content":{"rendered":"<p>[vc_row][vc_column]\r\n                <div class=\"text-modules \">\r\n                    <div class=\"container\">\r\n                        <h3 class=\"section-title section-title_border-bottom\">Seminaria obszarowe doktorant\u00f3w w roku akademickim 2025\/2026<\/h3> \r\n                        <div class=\"row m-0\">\r\n                            <div class=\"text-modules__content\">\r\n                                Szko\u0142a Doktorska inicjuje cykl seminari\u00f3w, na kt\u00f3rych doktoranci ostatniego roku prezentuj\u0105 swoje projekty doktorskie. Seminaria maj\u0105 charakter otwarty \u2013 do udzia\u0142u w nich zapraszamy ca\u0142\u0105 spo\u0142eczno\u015b\u0107 akademick\u0105. Szczeg\u00f3lnie zach\u0119camy do uczestnictwa pracownik\u00f3w naukowych wydzia\u0142\u00f3w, na kt\u00f3rych doktoranci realizuj\u0105 swoje projekty doktorskie, oraz student\u00f3w zainteresowanych kszta\u0142ceniem w Szkole Doktorskiej.<\/p>\n<p>Obowi\u0105zek uczestnictwa w seminarium obszarowym wynika z <a href=\"\/szkola-doktorska\/program-ksztalcenia\/\">Programu kszta\u0142cenia w Szkole Doktorskiej<\/a>.<\/p>\n<p>Zasady realizacji seminari\u00f3w okre\u015bla zarz\u0105dzenie dziekana SD: <a href=\"https:\/\/us.edu.pl\/szkola-doktorska\/wp-content\/uploads\/sites\/50\/prawo\/zarzadzenia-dziekana\/2023\/zarzadzenie-nr-10-2023-seminarium-obszarowe.pdf\" class=\"mtli_attachment mtli_pdf\" data-mtli=\"mtli_filesize207,80kB\">zarz\u0105dzenie nr 10-2023 &#8211; seminarium obszarowe<\/a> &#8211; prosimy doktorant\u00f3w 4. roku o zapoznanie si\u0119 z tymi zasadami.<\/p>\n<p>W roku akademickim 2025\/2026 informacje o planowanych seminariach zbieramy do 10 marca 2026. Dotyczy to zar\u00f3wno seminari\u00f3w, kt\u00f3re s\u0105 planowane do ko\u0144ca roku akademickiego, jak i tych, kt\u00f3re ju\u017c si\u0119 odby\u0142y i s\u0105 podstaw\u0105 zaliczenia tego wymogu.<\/p>\n<p>Link do formularza: <a href=\"https:\/\/formularze.us.edu.pl\/form\/index\/6963\">https:\/\/formularze.us.edu.pl\/form\/index\/6963<\/a><\/p>\n<p>Inicjatywa w organizacji seminarium jest po stronie doktorant\u00f3w. Ustalone sk\u0142ady, tematy i harmonogram nale\u017cy przes\u0142a\u0107 do Szko\u0142y Doktorskiej za po\u015brednictwem formularza, kt\u00f3ry b\u0119dzie udost\u0119pniony.<\/p>\n<p>Prosimy o wype\u0142nienie formularza wszystkich doktorant\u00f3w IV roku, tak\u017ce tych, kt\u00f3rzy odbyli seminarium ju\u017c wcze\u015bniej albo uzyskali zaliczenie tego obowi\u0105zku w innej formie &#8211; odpowiedni\u0105 informacj\u0119 nale\u017cy wtedy wpisa\u0107 w rubryce &#8222;Harmonogram seminarium&#8221;. \r\n                                <div class=\"mt-3\"><\/div>\r\n                            <\/div>\r\n                            \r\n                            \r\n                        <\/div>\r\n                    <\/div>\r\n                <\/div>[\/vc_column][\/vc_row][vc_row][vc_column]\r\n                <div class=\"tiles-section\" style=\"background: \">\r\n                    <div class=\"container\">\r\n                        <h3 class=\"page-title\"><\/h3>\r\n                        <div class=\"tiles tiles-2\">\r\n                            <a href=\"https:\/\/us.edu.pl\/szkola-doktorska\/seminaria-obszarowe-doktorantow-w-roku-akademickim-2025-2026\/\" class=\"tile tile_ justify-content-center\" style=\"background-color: #002E5A; font-weight: ; color: #ffffff;  \">\r\n                                \r\n                                   \r\n                               \r\n                                <div class=\"tile__name\">Harmonogram seminari\u00f3w w roku akademickim 2025\/2026<\/div>\r\n                            <\/a><\/div>\r\n                    <\/div>\r\n                <\/div><div class=\"container\"><div class=\"separator\" style=\"background-color: #002E5A\"><\/div><\/div>[\/vc_column][\/vc_row][vc_row][vc_column]\r\n                <div class=\"tiles-section\" style=\"background: \">\r\n                    <div class=\"container\">\r\n                        <h3 class=\"page-title\"><\/h3>\r\n                        <div class=\"tiles tiles-2\">\r\n                            <a href=\"https:\/\/us.edu.pl\/szkola-doktorska\/seminaria-obszarowe-w-roku-akademickim-2024-2025\/\" class=\"tile tile_ justify-content-center\" style=\"background-color: #002E5A; font-weight: ; color: #ffffff;  \">\r\n                                \r\n                                   \r\n                               \r\n                                <div class=\"tile__name\">Harmonogram seminari\u00f3w w roku akademickim 2024\/2025<\/div>\r\n                            <\/a>\r\n                            <a href=\"\/szkola-doktorska\/seminaria-obszarowe-w-roku-akademickim-2023-2024_arch\/\" class=\"tile tile_ justify-content-center\" style=\"background-color: #002E5A; font-weight: ; color: #ffffff;  \">\r\n                                \r\n                                   \r\n                               \r\n                                <div class=\"tile__name\">Harmonogram seminari\u00f3w w roku akademickim 2023\/2024<\/div>\r\n                            <\/a><\/div>\r\n                    <\/div>\r\n                <\/div>[\/vc_column][\/vc_row]<\/p>\n<style type=\"text\/css\">a[data-mtli~=\"mtli_filesize207,80kB\"]:after {content:\" (207,80 kB)\"}<\/style>","protected":false},"excerpt":{"rendered":"<p>[vc_row][vc_column][\/vc_column][\/vc_row][vc_row][vc_column][\/vc_column][\/vc_row][vc_row][vc_column][\/vc_column][\/vc_row] [&#8230;]<\/p>\n<p><a class=\"btn btn-secondary understrap-read-more-link\" href=\"https:\/\/us.edu.pl\/szkola-doktorska\/seminaria-obszarowe-w-roku-akademickim-2025-2026\/\">Read More&#8230;<\/a><\/p>\n","protected":false},"author":205,"featured_media":0,"parent":0,"menu_order":0,"comment_status":"closed","ping_status":"closed","template":"","meta":{"_expiration-date-status":"","_expiration-date":0,"_expiration-date-type":"","_expiration-date-categories":[],"_expiration-date-options":[]},"acf":[],"_links":{"self":[{"href":"https:\/\/us.edu.pl\/szkola-doktorska\/wp-json\/wp\/v2\/pages\/23744"}],"collection":[{"href":"https:\/\/us.edu.pl\/szkola-doktorska\/wp-json\/wp\/v2\/pages"}],"about":[{"href":"https:\/\/us.edu.pl\/szkola-doktorska\/wp-json\/wp\/v2\/types\/page"}],"author":[{"embeddable":true,"href":"https:\/\/us.edu.pl\/szkola-doktorska\/wp-json\/wp\/v2\/users\/205"}],"replies":[{"embeddable":true,"href":"https:\/\/us.edu.pl\/szkola-doktorska\/wp-json\/wp\/v2\/comments?post=23744"}],"version-history":[{"count":10,"href":"https:\/\/us.edu.pl\/szkola-doktorska\/wp-json\/wp\/v2\/pages\/23744\/revisions"}],"predecessor-version":[{"id":25401,"href":"https:\/\/us.edu.pl\/szkola-doktorska\/wp-json\/wp\/v2\/pages\/23744\/revisions\/25401"}],"wp:attachment":[{"href":"https:\/\/us.edu.pl\/szkola-doktorska\/wp-json\/wp\/v2\/media?parent=23744"}],"curies":[{"name":"wp","href":"https:\/\/api.w.org\/{rel}","templated":true}]}}