{"id":23796,"date":"2025-11-10T17:46:18","date_gmt":"2025-11-10T16:46:18","guid":{"rendered":"https:\/\/us.edu.pl\/szkola-doktorska\/?page_id=23796"},"modified":"2025-12-12T11:18:02","modified_gmt":"2025-12-12T10:18:02","slug":"zwiekszenie-stypendium-doktoranckiego-reguly-2025-2026","status":"publish","type":"page","link":"https:\/\/us.edu.pl\/szkola-doktorska\/stypendium-doktoranckie-w-szkole-doktorskiej\/zwiekszenie-stypendium-doktoranckiego-reguly-2025-2026\/","title":{"rendered":"Zwi\u0119kszenie stypendium doktoranckiego &#8211; regu\u0142y 2025\/2026"},"content":{"rendered":"<p>[vc_row][vc_column]\r\n                <div class=\"text-modules\">\r\n                    <div class=\"container\">\r\n                        <h3 class=\"page-title text__title\">Zwi\u0119kszenie stypendium doktoranckiego w roku akademickim 2025\/2026 - regu\u0142y<\/h3>\r\n                        <div class=\"text-modules__content\"><p>Zasady przyznawania zwi\u0119kszenia stypendium okre\u015bla &#8222;Regulamin przyznawania zwi\u0119kszenia stypendium doktoranckiego dla doktorant\u00f3w szk\u00f3\u0142 doktorskich w Uniwersytecie \u015al\u0105skim w Katowicach w ramach Inicjatywy Doskona\u0142o\u015bci Badawczej&#8221;, stanowi\u0105cy za\u0142\u0105cznik nr 3 do zarz\u0105dzenia rektora nr 153\/2023, wraz z za\u0142\u0105cznikami nr 1 i 2 do Regulaminu.<\/p>\n<p>Link do zarz\u0105dzenia: <a href=\"https:\/\/aktyprawne.us.edu.pl\/423-lista\/d\/6748\/5\/\">https:\/\/aktyprawne.us.edu.pl\/423-lista\/d\/6748\/5\/<\/a> (wymaga logowania &#8211; wybra\u0107 logowanie anonimowe).<\/p>\n<p><a href=\"https:\/\/us.edu.pl\/szkola-doktorska\/wp-content\/uploads\/sites\/50\/prawo\/zalacznik-nr-3_Regulamin-przyznawania-zwiekszenia-stypendium-doktoranckiego-dla-doktorantow-szkol-doktorskich-w-US-w-ramach-Inicjatywy-Doskonalosci-Badawczej.pdf\" class=\"mtli_attachment mtli_pdf\" data-mtli=\"mtli_filesize178,99kB\" class=\"mtli_attachment mtli_pdf\" data-mtli=\"mtli_filesize178,99kB\">Regulamin przyznawania zwi\u0119kszenia stypendium doktoranckiego dla doktorant\u00f3w szk\u00f3\u0142 doktorskich w U\u015a w ramach Inicjatywy Doskona\u0142o\u015bci Badawczej<\/a><\/p>\n<p><a href=\"https:\/\/us.edu.pl\/szkola-doktorska\/wp-content\/uploads\/sites\/50\/prawo\/zalacznik-nr-1-do-zalacznika-nr-3.pdf\" class=\"mtli_attachment mtli_pdf\" data-mtli=\"mtli_filesize238,86kB\" class=\"mtli_attachment mtli_pdf\" data-mtli=\"mtli_filesize238,86kB\">za\u0142\u0105cznik nr 1 do za\u0142\u0105cznika nr 3<\/a> &#8211; Kryteria oceny osi\u0105gni\u0119\u0107 doktorant\u00f3w<\/p>\n<p><a href=\"https:\/\/us.edu.pl\/szkola-doktorska\/wp-content\/uploads\/sites\/50\/prawo\/zalacznik-nr-2-do-zalacznika-nr-3.pdf\" class=\"mtli_attachment mtli_pdf\" data-mtli=\"mtli_filesize194,28kB\" class=\"mtli_attachment mtli_pdf\" data-mtli=\"mtli_filesize194,28kB\">za\u0142\u0105cznik nr 2 do za\u0142\u0105cznika nr 3<\/a> &#8211; Kryteria zakwalifikowania dorobku doktorant\u00f3w w dziedzinie sztuki do wy\u017cszych kategorii punktowych<\/p>\n<style type=\"text\/css\">a[data-mtli~=\"mtli_filesize178,99kB\"]:after {content:\" (178,99 kB)\"}a[data-mtli~=\"mtli_filesize238,86kB\"]:after {content:\" (238,86 kB)\"}a[data-mtli~=\"mtli_filesize194,28kB\"]:after {content:\" (194,28 kB)\"}<\/style><\/div>\r\n                    <\/div>\r\n                <\/div>[\/vc_column][\/vc_row]<\/p>\n<style type=\"text\/css\">a[data-mtli~=\"mtli_filesize178,99kB\"]:after {content:\" (178,99 kB)\"}a[data-mtli~=\"mtli_filesize238,86kB\"]:after {content:\" (238,86 kB)\"}a[data-mtli~=\"mtli_filesize194,28kB\"]:after {content:\" (194,28 kB)\"}<\/style>","protected":false},"excerpt":{"rendered":"<p>[vc_row][vc_column][\/vc_column][\/vc_row] [&#8230;]<\/p>\n<p><a class=\"btn btn-secondary understrap-read-more-link\" href=\"https:\/\/us.edu.pl\/szkola-doktorska\/stypendium-doktoranckie-w-szkole-doktorskiej\/zwiekszenie-stypendium-doktoranckiego-reguly-2025-2026\/\">Read More&#8230;<\/a><\/p>\n","protected":false},"author":42,"featured_media":0,"parent":8923,"menu_order":0,"comment_status":"closed","ping_status":"closed","template":"page-templates\/page-with-sidebar.php","meta":{"_expiration-date-status":"","_expiration-date":0,"_expiration-date-type":"","_expiration-date-categories":[],"_expiration-date-options":[]},"acf":[],"_links":{"self":[{"href":"https:\/\/us.edu.pl\/szkola-doktorska\/wp-json\/wp\/v2\/pages\/23796"}],"collection":[{"href":"https:\/\/us.edu.pl\/szkola-doktorska\/wp-json\/wp\/v2\/pages"}],"about":[{"href":"https:\/\/us.edu.pl\/szkola-doktorska\/wp-json\/wp\/v2\/types\/page"}],"author":[{"embeddable":true,"href":"https:\/\/us.edu.pl\/szkola-doktorska\/wp-json\/wp\/v2\/users\/42"}],"replies":[{"embeddable":true,"href":"https:\/\/us.edu.pl\/szkola-doktorska\/wp-json\/wp\/v2\/comments?post=23796"}],"version-history":[{"count":6,"href":"https:\/\/us.edu.pl\/szkola-doktorska\/wp-json\/wp\/v2\/pages\/23796\/revisions"}],"predecessor-version":[{"id":23976,"href":"https:\/\/us.edu.pl\/szkola-doktorska\/wp-json\/wp\/v2\/pages\/23796\/revisions\/23976"}],"up":[{"embeddable":true,"href":"https:\/\/us.edu.pl\/szkola-doktorska\/wp-json\/wp\/v2\/pages\/8923"}],"wp:attachment":[{"href":"https:\/\/us.edu.pl\/szkola-doktorska\/wp-json\/wp\/v2\/media?parent=23796"}],"curies":[{"name":"wp","href":"https:\/\/api.w.org\/{rel}","templated":true}]}}