{"id":23981,"date":"2025-11-12T22:50:52","date_gmt":"2025-11-12T21:50:52","guid":{"rendered":"https:\/\/us.edu.pl\/szkola-doktorska\/?page_id=23981"},"modified":"2025-11-12T22:50:52","modified_gmt":"2025-11-12T21:50:52","slug":"ogloszenie-rekrutacji-do-programu-stypendialnego-dla-doktorantow-realizujacych-doktorat-miedzynarodowy-2025-2026","status":"publish","type":"page","link":"https:\/\/us.edu.pl\/szkola-doktorska\/ster\/ogloszenia\/ogloszenie-rekrutacji-do-programu-stypendialnego-dla-doktorantow-realizujacych-doktorat-miedzynarodowy-2025-2026\/","title":{"rendered":"Og\u0142oszenie rekrutacji do programu stypendialnego dla doktorant\u00f3w realizuj\u0105cych doktorat mi\u0119dzynarodowy 2025\/2026"},"content":{"rendered":"<p>[vc_row][vc_column]\r\n                <div class=\"text-modules \">\r\n                    <div class=\"container\">\r\n                        <h3 class=\"section-title section-title_border-bottom\">Og\u0142oszenie rekrutacji do programu stypendialnego dla doktorant\u00f3w realizuj\u0105cych doktorat mi\u0119dzynarodowy na rok 2025\/2026<\/h3> <h3 class=\"subtitle text-modules__subtitle\">w projekcie \u201eInternational from the beginning \u2013 wsparcie umi\u0119dzynarodowienia\u201d, finansowanym przez Narodow\u0105 Agencj\u0119 Wymiany Akademickiej w ramach programu STER<\/h3>\r\n                        <div class=\"row m-0\">\r\n                            <div class=\"text-modules__content\">\r\n                                <\/p>\n<p style=\"text-align: center;\">Kierownik projektu \u201eInternational from the beginning \u2013 wsparcie umi\u0119dzynarodowienia\u201d og\u0142asza<\/p>\n<p style=\"text-align: center;\"><span style=\"font-size: 12pt;\"><strong>nab\u00f3r do programu stypendialnego dla doktorant\u00f3w realizuj\u0105cych doktorat mi\u0119dzynarodowy<\/strong><\/span><\/p>\n<p style=\"text-align: center;\">na rok akademicki 2025\/2026<\/p>\n<p><strong>Informacje na temat naboru<\/strong><\/p>\n<p>Termin naboru: 12.11.2025 godz. 12:00 &#8211; 27.11.2025 godz. 12:00<\/p>\n<p>Forma naboru: elektroniczna, za pomoc\u0105 systemu informatycznego SRW<\/p>\n<p>Link do formularza zg\u0142oszeniowego:<\/p>\n<p><a href=\"https:\/\/formularze.us.edu.pl\/form\/index\/6789\">https:\/\/formularze.us.edu.pl\/form\/index\/6789<\/a><\/p>\n<p><strong>Przedmiot rekrutacji<\/strong><\/p>\n<p>Zwi\u0119kszenie stypendium doktoranckiego w wysoko\u015bci 1280 z\u0142 miesi\u0119cznie na 12 miesi\u0119cy roku akademickiego 2025\/2026. Stypendium wyp\u0142acone b\u0119dzie miesi\u0119cznie, ostatniego roboczego dnia miesi\u0105ca. Pierwsza wyp\u0142ata nast\u0105pi na koniec grudnia 2025 z wyr\u00f3wnaniem za pa\u017adziernik i listopad 2025.<\/p>\n<p><strong>Kto mo\u017ce ubiega\u0107 si\u0119 o stypendium<\/strong><\/p>\n<p>O stypendium mo\u017ce ubiega\u0107 si\u0119 osoba spe\u0142niaj\u0105ca \u0142\u0105cznie nast\u0119puj\u0105ce warunki:<\/p>\n<ol>\n<li>Posiada status doktoranta szko\u0142y doktorskiej;<\/li>\n<li>Terminowo rozliczy\u0142a pierwszy rok kszta\u0142cenia w szkole doktorskiej i jest obecnie na drugim roku kszta\u0142cenia.<\/li>\n<li>Ma prawo do otrzymywania stypendium doktoranckiego.<\/li>\n<li>Posiada polskie obywatelstwo.<\/li>\n<li>Realizuje doktorat mi\u0119dzynarodowy, w rozumieniu przyj\u0119tym w projekcie, przez co rozumie si\u0119 jedno z poni\u017cszych:\n<ol style=\"list-style-type: lower-alpha;\">\n<li>doktorat realizowany w formie co-tutelle w ramach umowy indywidualnej lub wsp\u00f3\u0142pracy Uniwersytetu \u015al\u0105skiego z inn\u0105 uczelni\u0105,<\/li>\n<li>doktorat realizowany we wsp\u00f3\u0142pracy z inn\u0105 uczelni\u0105 zagraniczn\u0105 w ramach programu lub umowy,<\/li>\n<li>posiadanie promotora zatrudnionego na zagranicznej uczelni,<\/li>\n<li>realizacj\u0119 doktoratu w ramach wsp\u00f3\u0142pracy mi\u0119dzynarodowej (np. grantu realizowanego wsp\u00f3lnie z badaczami z zagranicy).<\/li>\n<\/ol>\n<\/li>\n<li>Przebywa stale na terytorium Rzeczpospolitej Polskiej, z wy\u0142\u0105czeniem okres\u00f3w mobilno\u015bci.<\/li>\n<li>Z\u0142o\u017cy\u0142a poprawny wniosek za po\u015brednictwem formularza podanego w niniejszym og\u0142oszeniu.<\/li>\n<\/ol>\n<p><b>Kryteria oceny<\/b><\/p>\n<p>W ocenie wniosk\u00f3w brane b\u0119d\u0105 pod uwag\u0119 nast\u0119puj\u0105ce kryteria:<\/p>\n<ol>\n<li>Osi\u0105gni\u0119cia naukowe na pierwszym roku kszta\u0142cenia.<\/li>\n<li>Realizacja doktoratu mi\u0119dzynarodowego.<\/li>\n<li>Dzia\u0142alno\u015b\u0107 popularnonaukowa.<\/li>\n<\/ol>\n<p>W przypadku z\u0142o\u017cenia mniejszej liczby wniosk\u00f3w ni\u017c liczba miejsc stypendialnych odst\u0119puje si\u0119 od merytorycznej oceny wniosk\u00f3w.<\/p>\n<p><strong>Przed z\u0142o\u017ceniem wniosku nale\u017cy zapozna\u0107 si\u0119 ze szczeg\u00f3\u0142owymi zasadami\u00a0wnioskowania<\/strong>, kt\u00f3re opisuje Regulamin rekrutacji i uczestnictwa w programie stypendialnym, stanowi\u0105cy <a href=\"https:\/\/aktyprawne.us.edu.pl\/423-lista\/d\/7366\/5\/\">za\u0142\u0105cznik do Zarz\u0105dzenia nr 78\/2024 Rektora Uniwersytetu \u015al\u0105skiego w Katowicach<\/a>. \r\n                                <div class=\"mt-3\"><\/div>\r\n                            <\/div>\r\n                            \r\n                            <div class=\"text-modules__img\"><img src=\"https:\/\/us.edu.pl\/szkola-doktorska\/wp-content\/uploads\/sites\/50\/STER\/NAWA-logotyp-STER-PL_page-0001.jpg\" alt=\"img\"><\/div>\r\n                        <\/div>\r\n                    <\/div>\r\n                <\/div><div class=\"container\"><div class=\"separator\" style=\"background-color: #000000\"><\/div><\/div>\r\n                <div class=\"text-modules \">\r\n                    <div class=\"container\">\r\n                         \r\n                        <div class=\"row m-0\">\r\n                            <div class=\"text-modules__content\">\r\n                                <\/p>\n<p>&nbsp;<\/p>\n<p>Dzia\u0142anie wsp\u00f3\u0142finansowane w ramach projektu <strong>International from the beginning \u2013 wsparcie umi\u0119dzynarodowienia<\/strong> finansowanego przez Narodow\u0105 Agencj\u0119 Wymiany Akademickiej w ramach Programu STER. \r\n                                <div class=\"mt-3\"><\/div>\r\n                            <\/div>\r\n                            \r\n                            <div class=\"text-modules__img\"><img src=\"https:\/\/us.edu.pl\/szkola-doktorska\/wp-content\/uploads\/sites\/50\/STER\/K1_logo_dopuszcz_wers_podstawowa_PL_RGB-02-75proc.png\" alt=\"img\"><\/div>\r\n                        <\/div>\r\n                    <\/div>\r\n                <\/div>[\/vc_column][\/vc_row]<\/p>","protected":false},"excerpt":{"rendered":"<p>[vc_row][vc_column][\/vc_column][\/vc_row] [&#8230;]<\/p>\n<p><a class=\"btn btn-secondary understrap-read-more-link\" href=\"https:\/\/us.edu.pl\/szkola-doktorska\/ster\/ogloszenia\/ogloszenie-rekrutacji-do-programu-stypendialnego-dla-doktorantow-realizujacych-doktorat-miedzynarodowy-2025-2026\/\">Read More&#8230;<\/a><\/p>\n","protected":false},"author":42,"featured_media":9730,"parent":10702,"menu_order":0,"comment_status":"closed","ping_status":"closed","template":"","meta":{"_expiration-date-status":"","_expiration-date":0,"_expiration-date-type":"","_expiration-date-categories":[],"_expiration-date-options":[]},"acf":[],"_links":{"self":[{"href":"https:\/\/us.edu.pl\/szkola-doktorska\/wp-json\/wp\/v2\/pages\/23981"}],"collection":[{"href":"https:\/\/us.edu.pl\/szkola-doktorska\/wp-json\/wp\/v2\/pages"}],"about":[{"href":"https:\/\/us.edu.pl\/szkola-doktorska\/wp-json\/wp\/v2\/types\/page"}],"author":[{"embeddable":true,"href":"https:\/\/us.edu.pl\/szkola-doktorska\/wp-json\/wp\/v2\/users\/42"}],"replies":[{"embeddable":true,"href":"https:\/\/us.edu.pl\/szkola-doktorska\/wp-json\/wp\/v2\/comments?post=23981"}],"version-history":[{"count":1,"href":"https:\/\/us.edu.pl\/szkola-doktorska\/wp-json\/wp\/v2\/pages\/23981\/revisions"}],"predecessor-version":[{"id":23982,"href":"https:\/\/us.edu.pl\/szkola-doktorska\/wp-json\/wp\/v2\/pages\/23981\/revisions\/23982"}],"up":[{"embeddable":true,"href":"https:\/\/us.edu.pl\/szkola-doktorska\/wp-json\/wp\/v2\/pages\/10702"}],"wp:featuredmedia":[{"embeddable":true,"href":"https:\/\/us.edu.pl\/szkola-doktorska\/wp-json\/wp\/v2\/media\/9730"}],"wp:attachment":[{"href":"https:\/\/us.edu.pl\/szkola-doktorska\/wp-json\/wp\/v2\/media?parent=23981"}],"curies":[{"name":"wp","href":"https:\/\/api.w.org\/{rel}","templated":true}]}}