{"id":24044,"date":"2025-12-11T10:59:06","date_gmt":"2025-12-11T09:59:06","guid":{"rendered":"https:\/\/us.edu.pl\/szkola-doktorska\/?page_id=24044"},"modified":"2025-12-18T12:30:56","modified_gmt":"2025-12-18T11:30:56","slug":"wyniki-konkursu-na-zwiekszenie-stypendium-doktoranckiego-w-roku-akademickim-2025-2026","status":"publish","type":"page","link":"https:\/\/us.edu.pl\/szkola-doktorska\/stypendium-doktoranckie-w-szkole-doktorskiej\/wyniki-konkursu-na-zwiekszenie-stypendium-doktoranckiego-w-roku-akademickim-2025-2026\/","title":{"rendered":"Wyniki konkursu na zwi\u0119kszenie stypendium doktoranckiego w roku akademickim 2025\/2026"},"content":{"rendered":"<p>[vc_row][vc_column]\r\n                <div class=\"text-modules\">\r\n                    <div class=\"container\">\r\n                        <h3 class=\"page-title text__title\">Wyniki konkursu na zwi\u0119kszenie stypendium doktoranckiego w roku akademickim 2025\/2026<\/h3>\r\n                        <div class=\"text-modules__content\"><p>Komisja konkursowa powo\u0142ana przez Pani\u0105 Dziekan Szko\u0142y Doktorskiej w dniu 9 grudnia 2025 roku rozpatrzy\u0142a wnioski doktorant\u00f3w szk\u00f3\u0142 doktorskich w Uniwersytecie \u015al\u0105skim w Katowicach w konkursie na zwi\u0119kszenie stypendium doktoranckiego na rok akademicki 2025\/2026. Po rozpatrzeniu wszystkich wniosk\u00f3w komisja zdecydowa\u0142a o przyznaniu zwi\u0119kszenia stypendium doktoranckiego 33 doktorantom:<\/p>\n<h2><strong>Mi\u0119dzynarodowa \u015arodowiskowa Szko\u0142a Doktorska<\/strong><\/h2>\n<p><strong>Rok II<\/strong><\/p>\n<ul>\n<li>Hieu Tran<\/li>\n<li>Natalia \u0141atacz<\/li>\n<\/ul>\n<p><strong>Rok III<\/strong><\/p>\n<ul>\n<li>Marta Woszczycka<\/li>\n<\/ul>\n<p><strong>Rok IV<\/strong><\/p>\n<ul>\n<li>Dawid Saferna<\/li>\n<\/ul>\n<h2><strong>Szko\u0142a Doktorska<\/strong><\/h2>\n<p><strong>Obszar nauk humanistycznych, nauk teologicznych i sztuki, rok II<\/strong><\/p>\n<ul>\n<li>Weronika Paszek<\/li>\n<li>Aleksandra S\u0119d\u0142akowska<\/li>\n<li>Sylwia Zazulak<\/li>\n<\/ul>\n<p><strong>Obszar nauk humanistycznych, nauk teologicznych i sztuki, rok III<\/strong><\/p>\n<ul>\n<li>Natalia Koniarz<\/li>\n<li>Dorota Ko\u0142odziej<\/li>\n<li>Karolina Kmita<\/li>\n<li>Tomasz Noco\u0144<\/li>\n<\/ul>\n<p><strong>Obszar nauk humanistycznych, nauk teologicznych i sztuki, rok IV<\/strong><\/p>\n<ul>\n<li>Maciej Mazur<\/li>\n<li>Bat\u0142omiej Bielas<\/li>\n<li>Aleksandra Ry\u015b<\/li>\n<\/ul>\n<p><strong>Obszar nauk spo\u0142ecznych, rok II<\/strong><\/p>\n<ul>\n<li>Dariusz Niedba\u0142a<\/li>\n<li>Monika Lisiecka<\/li>\n<li>Paulina Kandzia<\/li>\n<li>Patryk Leks<\/li>\n<\/ul>\n<p><strong>Obszar nauk spo\u0142ecznych, rok III<\/strong><\/p>\n<ul>\n<li>Zuzanna Schneider<\/li>\n<li>Ari Nowacki<\/li>\n<li>\u0141ukasz Hawrylak<\/li>\n<\/ul>\n<p><strong>Obszar nauk spo\u0142ecznych, rok IV<\/strong><\/p>\n<ul>\n<li>Miko\u0142aj Pietrzyk<\/li>\n<\/ul>\n<p><strong>Obszar nauk \u015bcis\u0142ych i przyrodniczych oraz in\u017cynieryjno-technicznych, rok II<\/strong><\/p>\n<ul>\n<li>Pawe\u0142 Kalarus<\/li>\n<li>Anna Kryczka<\/li>\n<li>Hina Schimomai<\/li>\n<li>Agnieszka Krawiec<\/li>\n<\/ul>\n<p><strong>Obszar nauk \u015bcis\u0142ych i przyrodniczych oraz in\u017cynieryjno-technicznych, rok III<\/strong><\/p>\n<ul>\n<li>Karolina \u017b\u00f3\u0142kiewicz<\/li>\n<li>Soorya Koymeth<\/li>\n<li>Ma\u0142gorzata Soko\u0142owska<\/li>\n<li>Agata Kumor<\/li>\n<\/ul>\n<p><strong>Obszar nauk \u015bcis\u0142ych i przyrodniczych oraz in\u017cynieryjno-technicznych, rok IV<\/strong><\/p>\n<ul>\n<li>Mateusz Wi\u015bniewski<\/li>\n<li>Luiza Orszulak<\/li>\n<li>Przemys\u0142aw Roma\u0144ski<\/li>\n<\/ul>\n<p>\n<\/div>\r\n                    <\/div>\r\n                <\/div>[\/vc_column][\/vc_row][vc_row][vc_column]\r\n                <div class=\"text-modules\">\r\n                    <div class=\"container\">\r\n                        \r\n                        <div class=\"text-modules__content\"><p>Wyp\u0142ata nast\u0105pi w grudniu, z wyr\u00f3wnaniem za pa\u017adziernik i listopad 2025.<\/p>\n<p>Osoby, kt\u00f3re z\u0142o\u017cy\u0142y wniosek w konkursie i nie otrzyma\u0142y stypendium zostan\u0105 poinformowane o przyczynie nieotrzymania stypendium (liczbie otrzymanych punkt\u00f3w w poszczeg\u00f3lnych kategoriach i progu punktowym) drog\u0105 elektroniczn\u0105 do 15 stycznia 2026 roku.<\/p>\n<\/div>\r\n                    <\/div>\r\n                <\/div>[\/vc_column][\/vc_row]<\/p>","protected":false},"excerpt":{"rendered":"<p>[vc_row][vc_column][\/vc_column][\/vc_row][vc_row][vc_column][\/vc_column][\/vc_row] [&#8230;]<\/p>\n<p><a class=\"btn btn-secondary understrap-read-more-link\" href=\"https:\/\/us.edu.pl\/szkola-doktorska\/stypendium-doktoranckie-w-szkole-doktorskiej\/wyniki-konkursu-na-zwiekszenie-stypendium-doktoranckiego-w-roku-akademickim-2025-2026\/\">Read More&#8230;<\/a><\/p>\n","protected":false},"author":205,"featured_media":0,"parent":8923,"menu_order":0,"comment_status":"closed","ping_status":"closed","template":"page-templates\/page-with-sidebar.php","meta":{"_expiration-date-status":"","_expiration-date":0,"_expiration-date-type":"","_expiration-date-categories":[],"_expiration-date-options":[]},"acf":[],"_links":{"self":[{"href":"https:\/\/us.edu.pl\/szkola-doktorska\/wp-json\/wp\/v2\/pages\/24044"}],"collection":[{"href":"https:\/\/us.edu.pl\/szkola-doktorska\/wp-json\/wp\/v2\/pages"}],"about":[{"href":"https:\/\/us.edu.pl\/szkola-doktorska\/wp-json\/wp\/v2\/types\/page"}],"author":[{"embeddable":true,"href":"https:\/\/us.edu.pl\/szkola-doktorska\/wp-json\/wp\/v2\/users\/205"}],"replies":[{"embeddable":true,"href":"https:\/\/us.edu.pl\/szkola-doktorska\/wp-json\/wp\/v2\/comments?post=24044"}],"version-history":[{"count":10,"href":"https:\/\/us.edu.pl\/szkola-doktorska\/wp-json\/wp\/v2\/pages\/24044\/revisions"}],"predecessor-version":[{"id":24218,"href":"https:\/\/us.edu.pl\/szkola-doktorska\/wp-json\/wp\/v2\/pages\/24044\/revisions\/24218"}],"up":[{"embeddable":true,"href":"https:\/\/us.edu.pl\/szkola-doktorska\/wp-json\/wp\/v2\/pages\/8923"}],"wp:attachment":[{"href":"https:\/\/us.edu.pl\/szkola-doktorska\/wp-json\/wp\/v2\/media?parent=24044"}],"curies":[{"name":"wp","href":"https:\/\/api.w.org\/{rel}","templated":true}]}}