{"id":24228,"date":"2025-12-23T11:29:30","date_gmt":"2025-12-23T10:29:30","guid":{"rendered":"https:\/\/us.edu.pl\/szkola-doktorska\/?page_id=24228"},"modified":"2026-03-19T10:40:33","modified_gmt":"2026-03-19T09:40:33","slug":"rekrutacja-na-rok-akademicki-2026-2027","status":"publish","type":"page","link":"https:\/\/us.edu.pl\/szkola-doktorska\/rekrutacja-na-rok-akademicki-2026-2027\/","title":{"rendered":"Rekrutacja na rok akademicki 2026\/2027"},"content":{"rendered":"<p>[vc_row][vc_column]\r\n                <div class=\"text-modules\">\r\n                    <div class=\"container\">\r\n                        \r\n                        <div class=\"text-modules__content\"><p><!--StartFragment --><strong><span class=\"cf0\">\u015acie\u017cki rekrutacji do Szko\u0142y Doktorskiej<\/span><\/strong><\/p>\n<p><span class=\"cf0\">1. G\u0142<\/span><span class=\"cf1\">\u00f3wna <\/span><span class=\"cf2\">\u015bcie\u017cka w postaci otwartego, mi\u0119dzynarodowego konkursu &#8211; pe\u0142ne informacje poni\u017cej.<\/span><\/p>\n<p><span class=\"cf2\">2. Rekrutacja na miejsca finansowane z grant<\/span><span class=\"cf1\">\u00f3w &#8211; <a href=\"\/szkola-doktorska\/informacje-o-otwartych-naborach-na-miejsca-stypendialne-w-ramach-grantow-i-programow-stypendialnych\/\">informacje o otwartych naborach<\/a><\/span><\/p>\n<p><span class=\"cf1\">3. Rekrutacja do <a href=\"\/szkola-doktorska\/doktorat-wdrozeniowy\/\">programu Doktorat wdro\u017ceniowy<\/a><\/span><\/p>\n<p><!--EndFragment --><\/p>\n<\/div>\r\n                    <\/div>\r\n                <\/div>\r\n                <div class=\"text-modules \">\r\n                    <div class=\"container\">\r\n                         \r\n                        <div class=\"row m-0\">\r\n                            <div class=\"text-modules__content\">\r\n                                <strong>Mi\u0119dzynarodowy konkurs &#8211; g\u0142\u00f3wny nab\u00f3r do Szko\u0142y Doktorskiej<\/strong><\/p>\n<p>Nab\u00f3r do Szko\u0142y Doktorskiej na rok akademicki 2026\/2027 odbywa si\u0119 w formie otwartego, mi\u0119dzynarodowego konkursu. Konkurs przeprowadzany jest z podzia\u0142em na pi\u0119\u0107 obszar\u00f3w:<\/p>\n<ul>\n<li>Obszar nauk humanistycznych i teologicznych,<\/li>\n<li>Obszar sztuki,<\/li>\n<li>Obszar nauk \u015bcis\u0142ych i in\u017cynieryjno-technicznych,<\/li>\n<li>Obszar nauk przyrodniczych,<\/li>\n<li>Obszar nauk spo\u0142ecznych.<\/li>\n<\/ul>\n<p>Konkurs przeprowadza komisja rekrutacyjna powo\u0142ana przez rektora.<br \/>\nPodstaw\u0105 prawn\u0105 przeprowadzanego post\u0119powania jest Uchwa\u0142a nr 182 Senatu Uniwersytetu \u015al\u0105skiego w Katowicach z dnia 18 listopada 2025 roku w sprawie zasad i trybu rekrutacji do Szko\u0142y Doktorskiej w Uniwersytecie \u015al\u0105skim w Katowicach na rok akademicki 2026\/2027. Poni\u017csze informacje s\u0105 wyborem najwa\u017cniejszych warunk\u00f3w rekrutacji i informacjami dotycz\u0105cymi decyzji wykonawczych ww. uchwa\u0142y.<\/p>\n<p>Link do uchwa\u0142y:<\/p>\n<p><a href=\"https:\/\/aktyprawne.us.edu.pl\/d\/8662\/5\/\">https:\/\/aktyprawne.us.edu.pl\/d\/8662\/5\/<\/a> (logowanie anonimowe). \r\n                                <div class=\"mt-3\"><\/div>\r\n                            <\/div>\r\n                            \r\n                            <div class=\"text-modules__img\"><img src=\"https:\/\/us.edu.pl\/szkola-doktorska\/wp-content\/uploads\/sites\/50\/Nieprzypisane\/DSC1491-kopia-small-300x200.jpg\" alt=\"img\"><\/div>\r\n                        <\/div>\r\n                    <\/div>\r\n                <\/div>[\/vc_column][\/vc_row]<\/p>","protected":false},"excerpt":{"rendered":"<p>[vc_row][vc_column][\/vc_column][\/vc_row] [&#8230;]<\/p>\n<p><a class=\"btn btn-secondary understrap-read-more-link\" href=\"https:\/\/us.edu.pl\/szkola-doktorska\/rekrutacja-na-rok-akademicki-2026-2027\/\">Read More&#8230;<\/a><\/p>\n","protected":false},"author":42,"featured_media":7944,"parent":0,"menu_order":0,"comment_status":"closed","ping_status":"closed","template":"page-templates\/page-with-bookmarks.php","meta":{"_expiration-date-status":"","_expiration-date":0,"_expiration-date-type":"","_expiration-date-categories":[],"_expiration-date-options":[]},"acf":[],"_links":{"self":[{"href":"https:\/\/us.edu.pl\/szkola-doktorska\/wp-json\/wp\/v2\/pages\/24228"}],"collection":[{"href":"https:\/\/us.edu.pl\/szkola-doktorska\/wp-json\/wp\/v2\/pages"}],"about":[{"href":"https:\/\/us.edu.pl\/szkola-doktorska\/wp-json\/wp\/v2\/types\/page"}],"author":[{"embeddable":true,"href":"https:\/\/us.edu.pl\/szkola-doktorska\/wp-json\/wp\/v2\/users\/42"}],"replies":[{"embeddable":true,"href":"https:\/\/us.edu.pl\/szkola-doktorska\/wp-json\/wp\/v2\/comments?post=24228"}],"version-history":[{"count":10,"href":"https:\/\/us.edu.pl\/szkola-doktorska\/wp-json\/wp\/v2\/pages\/24228\/revisions"}],"predecessor-version":[{"id":25274,"href":"https:\/\/us.edu.pl\/szkola-doktorska\/wp-json\/wp\/v2\/pages\/24228\/revisions\/25274"}],"wp:featuredmedia":[{"embeddable":true,"href":"https:\/\/us.edu.pl\/szkola-doktorska\/wp-json\/wp\/v2\/media\/7944"}],"wp:attachment":[{"href":"https:\/\/us.edu.pl\/szkola-doktorska\/wp-json\/wp\/v2\/media?parent=24228"}],"curies":[{"name":"wp","href":"https:\/\/api.w.org\/{rel}","templated":true}]}}