{"id":24467,"date":"2026-02-12T15:13:43","date_gmt":"2026-02-12T14:13:43","guid":{"rendered":"https:\/\/us.edu.pl\/szkola-doktorska\/?page_id=24467"},"modified":"2026-02-13T15:08:07","modified_gmt":"2026-02-13T14:08:07","slug":"harmonogram-zajec-semestr-letni-2025-2026","status":"publish","type":"page","link":"https:\/\/us.edu.pl\/szkola-doktorska\/harmonogram-zajec-semestr-letni-2025-2026\/","title":{"rendered":"Harmonogram zaj\u0119\u0107 &#8211; semestr letni 2025\/2026"},"content":{"rendered":"<p>[vc_row][vc_column]\r\n                <div class=\"text-modules \">\r\n                    <div class=\"container\">\r\n                        <h3 class=\"section-title section-title_border-bottom\">Seminarium doktorskie i tutoring<\/h3> \r\n                        <div class=\"row m-0\">\r\n                            <div class=\"text-modules__content\">\r\n                                Zaj\u0119cia indywidualne (seminarium, tutoring) realizowane s\u0105 zgodnie ze zg\u0142oszeniami. O formie zaj\u0119\u0107 i kryteriach zaliczenia decyduj\u0105 wsp\u00f3lnie prowadz\u0105cy i doktorant.<\/p>\n<p>Je\u017celi co\u015b wymaga poprawy w USOS &#8211; zg\u0142o\u015b to do biura SD.<\/p>\n<p>Je\u017celi rozpoczynasz wsp\u00f3\u0142prac\u0119 z tutorem spoza Uniwersytetu \u015al\u0105skiego &#8211; poinformuj biuro o termiach pracy i zapytaj o podpisanie umowy.<\/p>\n<p>Kontakt w obu sprawach: <a href=\"mailto:agnieszka.a.szewczyk@us.edu.pl\">Agnieszka Szewczyk<\/a><\/p>\n<p>Wi\u0119cej na temat tutoringu: <a href=\"\/szkola-doktorska\/ksztalcenie-indywidualne\/tutoring\/\">tutoring ekspercki w Szkole Doktorskiej<\/a> \r\n                                <div class=\"mt-3\"><\/div>\r\n                            <\/div>\r\n                            \r\n                            <div class=\"text-modules__img\"><img src=\"https:\/\/us.edu.pl\/szkola-doktorska\/wp-content\/uploads\/sites\/50\/2019\/11\/apple-256268_1920-300x199.jpg\" alt=\"img\"><\/div>\r\n                        <\/div>\r\n                    <\/div>\r\n                <\/div>\r\n                <div class='sidebar_moduls sidebar_one_header' style='color:#FFFFFF;background-color: #002E5A'>\r\n                    <a href='' class='link'>Zaj\u0119cia obowi\u0105zkowe do zrealizowania do ko\u0144ca pierwszego roku kszta\u0142cenia<\/a>\r\n                <\/div>\r\n                <div class=\"text-modules \">\r\n                    <div class=\"container\">\r\n                        <h3 class=\"section-title section-title_border-bottom\">Warsztaty doktoranckie 1 - przygotowanie planu badawczego<\/h3> <h3 class=\"subtitle text-modules__subtitle\">3 godziny, 1 ECTS<\/h3>\r\n                        <div class=\"row m-0\">\r\n                            <div class=\"text-modules__content\">\r\n                                Zaj\u0119cia obowi\u0105zkowe dla doktorant\u00f3w pierwszego roku, kt\u00f3rzy przygotowuj\u0105 Indywidualny plan badawczy.<\/p>\n<p>Zaj\u0119cia w postaci jednorazowego spotkania z koordynatorem obszarowym.<\/p>\n<p>Harmonogram: <a href=\"https:\/\/uniwersytetslaski-my.sharepoint.com\/:x:\/g\/personal\/ryszard_knapek_o365_us_edu_pl\/IQBzJMhUVYowTKPNUEOhxNgwAeHKFK2O8YNRZxuzA2nCrZM?e=laLggZ\">Doctoral workshops 1 2025-2026L.xlsx<\/a><\/p>\n<p>Zaj\u0119cia nie wymagaj\u0105 rejestracji &#8211; doktoranci s\u0105 umieszczeni w odpowiednich grupach i otrzymuj\u0105 link do spotkania online.<\/p>\n<p>Doktoranci starszych rocznik\u00f3w zainteresowani do\u0142\u0105czeniem do warsztat\u00f3w z IPB proszeni s\u0105 o kontakt z biurem SD do 1 marca. \r\n                                <div class=\"mt-3\"><\/div>\r\n                            <\/div>\r\n                            \r\n                            <div class=\"text-modules__img\"><img src=\"https:\/\/us.edu.pl\/szkola-doktorska\/wp-content\/uploads\/sites\/50\/Nieprzypisane\/tools-1083796_640-300x225.jpg\" alt=\"img\"><\/div>\r\n                        <\/div>\r\n                    <\/div>\r\n                <\/div>\r\n                <div class='sidebar_moduls sidebar_one_header' style='color:#FFFFFF;background-color: #002E5A'>\r\n                    <a href='' class='link'>Zaj\u0119cia obowi\u0105zkowe do zrealizowania do ko\u0144ca drugiego roku kszta\u0142cenia<\/a>\r\n                <\/div>\r\n                <div class=\"text-modules \">\r\n                    <div class=\"container\">\r\n                        <h3 class=\"section-title section-title_border-bottom\">Etyka bada\u0144 \/ Etyka w sztuce<\/h3> \r\n                        <div class=\"row m-0\">\r\n                            <div class=\"text-modules__content\">\r\n                                <\/p>\n<h3><span style=\"text-decoration: underline;\">Doktoranci dyscyplin naukowych<\/span><\/h3>\n<p>Zaj\u0119cia sugerowane dla I roku, zw\u0142aszcza os\u00f3b przygotowuj\u0105cych projekty grantowe.<\/p>\n<p>10 godzin, 2 ECTS<\/p>\n<p>koordynator: dr hab. Monika Jagielska, prof. U\u015a<\/p>\n<p>prowadz\u0105cy: dr hab. Monika Jagielska, prof. U\u015a, dr hab. Mariusz Jagielski, prof. U\u015a<\/p>\n<p>Harmonogram zaj\u0119\u0107: <a href=\"https:\/\/uniwersytetslaski-my.sharepoint.com\/:x:\/g\/personal\/ryszard_knapek_o365_us_edu_pl\/IQAlaBHxsM2QR7EYW0ankJ-bATUcx79gnVtzieJREgeVhwY?e=b9falC\">Research ethics 2025-2026L.xlsx<\/a><\/p>\n<p>Rejestracja na zaj\u0119cia od 12.02 godz. 18:00 do 17.02. godz.23:59 w USOSweb<\/p>\n<h3><span style=\"text-decoration: underline;\">Doktoranci dyscyplin artystycznych<\/span><\/h3>\n<p>Koordynator i prowadz\u0105ca: dr Mariola Su\u0142kowska-Janowska, prof. U\u015a<\/p>\n<p>Harmonogram: <a href=\"https:\/\/uniwersytetslaski-my.sharepoint.com\/:x:\/g\/personal\/ryszard_knapek_o365_us_edu_pl\/IQD8pBm_vw2aTbhOUKurWjepAZY0VivF81dK_8FWEpRZxnY?e=QENhqe\">Ethics in art 2025-2026L.xlsx<\/a> \r\n                                <div class=\"mt-3\"><\/div>\r\n                            <\/div>\r\n                            \r\n                            <div class=\"text-modules__img\"><img src=\"https:\/\/us.edu.pl\/szkola-doktorska\/wp-content\/uploads\/sites\/50\/Nieprzypisane\/animal-1554745_1280-300x195-1-300x195.jpg\" alt=\"img\"><\/div>\r\n                        <\/div>\r\n                    <\/div>\r\n                <\/div>\r\n                <div class=\"text-modules \">\r\n                    <div class=\"container\">\r\n                        <h3 class=\"section-title section-title_border-bottom\">Przygotowanie i realizacja projektu badawczego \/ artystycznego<\/h3> <h3 class=\"subtitle text-modules__subtitle\">30 godzin, 5 ECTS (wraz ze z\u0142o\u017ceniem wniosku grantowego)<\/h3>\r\n                        <div class=\"row m-0\">\r\n                            <div class=\"text-modules__content\">\r\n                                <\/p>\n<h3><span style=\"text-decoration: underline;\">Doktoranci dyscyplin naukowych<\/span><\/h3>\n<p>Zaj\u0119cia dla os\u00f3b przygotowuj\u0105cych wnioski grantowe, w szczeg\u00f3lno\u015bci Preludium NCN. <span style=\"text-decoration: underline;\">Warunkiem zapisania si\u0119 na zaj\u0119cia jest plan z\u0142o\u017cenia wniosku grantowego w tym roku akademickim*<\/span>.<\/p>\n<p>Podstaw\u0105 zaliczenia zaj\u0119\u0107 jest przygotowanie wniosku grantowego. O tym, czy wniosek zostanie z\u0142o\u017cony decyduj\u0105 prowadz\u0105cy zaj\u0119cia w porozumieniu z doktorantem i promotorem.<\/p>\n<p>Zaj\u0119cia z\u0142o\u017cone z czterech element\u00f3w:<\/p>\n<ol>\n<li>Wprowadzenie &#8211; model i strategie przygotowania projektu.<\/li>\n<li>Praca merytoryczna nad wnioskiem.<\/li>\n<li>Strona formalna wniosku &#8211; pracownicy wydzia\u0142owych biur projektowych.<\/li>\n<li>Plan zarz\u0105dzania danymi.<\/li>\n<\/ol>\n<p>Harmonogram zaj\u0119\u0107: <a href=\"https:\/\/uniwersytetslaski-my.sharepoint.com\/:x:\/g\/personal\/ryszard_knapek_o365_us_edu_pl\/IQCcc7_IKDpWSKjNEnIxhv1GASIzUAUzXwe5QN7jRkutNG4?e=TwCRgf\">Project preparation 2025-2026L.xlsx<\/a><\/p>\n<p>&nbsp;<\/p>\n<p><span style=\"text-decoration: underline;\"><strong>Przy rejestracji doktorant wybiera grup\u0119 odpowiadaj\u0105c\u0105 swojej dyscyplinie.<\/strong><\/span><\/p>\n<p>Rejestracja na zaj\u0119cia od 12.02 godz. 18:00 do 17.02. godz.23:59 w USOSweb<\/p>\n<p>*doktoranci zwolnieni z obowi\u0105zku sk\u0142adania wniosku grantowego, ale nie zwolnieni z obowi\u0105zku zaliczenia tego modu\u0142u w trakcie zaj\u0119\u0107 przygotowuj\u0105 wniosek grantowy, ale nie wysy\u0142aj\u0105 go do instytucji finansuj\u0105cej.<\/p>\n<h3><span style=\"text-decoration: underline;\">Doktoranci dyscyplin artystycznych<\/span><\/h3>\n<p>Zaj\u0119cia wspieraj\u0105ce doktorant\u00f3w w poszukiwaniu \u017ar\u00f3de\u0142 finansowania dzia\u0142alno\u015bci artystycznej, pozyskiwania sta\u017cy i rezydencji artystycznych itd.<\/p>\n<p>Zaj\u0119cia zdalne, w podziale na dyscypliny.<\/p>\n<p>Harmonogram: <a href=\"https:\/\/uniwersytetslaski-my.sharepoint.com\/:x:\/g\/personal\/ryszard_knapek_o365_us_edu_pl\/IQBM_jsB5cxGT56jJap1dTacAW6Vw5qUJBlSPB8XLFqZ_b4?e=rrHRPe\">Art project preparation 2025-2026L.xlsx<\/a> \r\n                                <div class=\"mt-3\"><\/div>\r\n                            <\/div>\r\n                            \r\n                            <div class=\"text-modules__img\"><img src=\"https:\/\/us.edu.pl\/szkola-doktorska\/wp-content\/uploads\/sites\/50\/Nieprzypisane\/DSC6703-300x206.jpg\" alt=\"img\"><\/div>\r\n                        <\/div>\r\n                    <\/div>\r\n                <\/div>\r\n                <div class=\"text-modules \">\r\n                    <div class=\"container\">\r\n                        <h3 class=\"section-title section-title_border-bottom\">Warsztaty doktoranckie 2 - prezentacja planu badawczego<\/h3> <h3 class=\"subtitle text-modules__subtitle\">10 godzin, 2 ECTS<\/h3>\r\n                        <div class=\"row m-0\">\r\n                            <div class=\"text-modules__content\">\r\n                                Zaj\u0119cia obowi\u0105zkowe dla doktorant\u00f3w drugiego roku, kt\u00f3rzy przyst\u0119puj\u0105 do oceny \u015br\u00f3dokresowej.<\/p>\n<p>Zaj\u0119cia polegaj\u0105 na szlifowaniu umiej\u0119tno\u015bci prezentacji swoich bada\u0144 przed audytorium naukowym. K\u0142ad\u0105 szczeg\u00f3lny nacisk na prezentacj\u0119 podczas oceny \u015br\u00f3dokresowej.<\/p>\n<p>Harmonogram warsztat\u00f3w: <a href=\"https:\/\/uniwersytetslaski-my.sharepoint.com\/:x:\/g\/personal\/ryszard_knapek_o365_us_edu_pl\/IQACVGSibiKGS7xLnXMBBByNAd30L85F-AvGBbHdIPFCODQ?e=KFQVj3\">Doctoral workshops 2 2025-2026L.xlsx<\/a><\/p>\n<p>Zaj\u0119cia nie wymagaj\u0105 rejestracji &#8211; doktoranci s\u0105 umieszczeni w grupa w\u0142a\u015bciwych ich dyscyplinie. <strong>Zaliczenie zaj\u0119\u0107 na drugim roku jest obowi\u0105zkowe.<\/strong><\/p>\n<p>W razie potrzeby dopisania lub przepisania prosimy o kontakt z biurem SD. \r\n                                <div class=\"mt-3\"><\/div>\r\n                            <\/div>\r\n                            \r\n                            <div class=\"text-modules__img\"><img src=\"https:\/\/us.edu.pl\/szkola-doktorska\/wp-content\/uploads\/sites\/50\/Nieprzypisane\/tools-1083796_640-300x225.jpg\" alt=\"img\"><\/div>\r\n                        <\/div>\r\n                    <\/div>\r\n                <\/div>\r\n                <div class='sidebar_moduls sidebar_one_header' style='color:#FFFFFF;background-color: #002E5A'>\r\n                    <a href='' class='link'>Zaj\u0119cia obowi\u0105zkowe do zrealizowania do ko\u0144ca kszta\u0142cenia<\/a>\r\n                <\/div>\r\n                <div class=\"text-modules \">\r\n                    <div class=\"container\">\r\n                        <h3 class=\"section-title section-title_border-bottom\">Academic English II<\/h3> <h3 class=\"subtitle text-modules__subtitle\">40 godzin (20 w semestrze zimowym i 20 w semestrze letnim), 4 ECTS<\/h3>\r\n                        <div class=\"row m-0\">\r\n                            <div class=\"text-modules__content\">\r\n                                Kontynuacja zaj\u0119\u0107 z semestru zimowego. Zaj\u0119cia prowadzone w formie zdalne (z wyj\u0105tkiem nauk chemicznych). Zaj\u0119cia dla wszystkich doktorant\u00f3w, w tym wdro\u017ceniowych i niepolskoj\u0119zycznych.<\/p>\n<p>Harmonogram zaj\u0119\u0107: <a href=\"https:\/\/uniwersytetslaski-my.sharepoint.com\/:x:\/g\/personal\/ryszard_knapek_o365_us_edu_pl\/IQCva4hU7sftQK0HVKG54TZiAaAOkoIIohQD3dFnFyDwocM?e=bvJjxh\">Academic English 2025-2026L.xlsx<\/a><\/p>\n<p>Zaj\u0119cia nie wymagaj\u0105 logowania &#8211; doktoranci przepisywani s\u0105 do grup z semestru zimowego &#8211; ewentualne zmiany nale\u017cy om\u00f3wi\u0107 z prowadz\u0105cymi i zg\u0142osi\u0107 do biura SD. \r\n                                <div class=\"mt-3\"><\/div>\r\n                            <\/div>\r\n                            \r\n                            <div class=\"text-modules__img\"><img src=\"https:\/\/us.edu.pl\/szkola-doktorska\/wp-content\/uploads\/sites\/50\/Nieprzypisane\/pexels-pixabay-415071-300x178.jpg\" alt=\"img\"><\/div>\r\n                        <\/div>\r\n                    <\/div>\r\n                <\/div>\r\n                <div class=\"text-modules \">\r\n                    <div class=\"container\">\r\n                        <h3 class=\"section-title section-title_border-bottom\">Przygotowanie tekst\u00f3w naukowych i krytyczna analiza tekstu \/ Przygotowanie tekst\u00f3w oko\u0142oartystycznych<\/h3> <h3 class=\"subtitle text-modules__subtitle\">20 godzin, 4 ECTS (30 godzin dla rocznika 2021\/2022 i 2022\/2023)<\/h3>\r\n                        <div class=\"row m-0\">\r\n                            <div class=\"text-modules__content\">\r\n                                Zaj\u0119cia podzielone na dwie cz\u0119\u015bci:<\/p>\n<ol>\n<li>\u0106wiczenia z badaczami do\u015bwiadczonymi w przygotowywaniu publikacji naukowych i pracy z tekstem naukowym<\/li>\n<li>Spotkania z redaktorami wa\u017cnych czasopism naukowych<\/li>\n<\/ol>\n<p><span style=\"text-decoration: underline;\"><strong>\u0106wiczenia<\/strong><\/span> &#8211; 15 godzin zaj\u0119\u0107 w grupach podzielnych na obszary<\/p>\n<p>Harmonogram tej cz\u0119\u015bci: <a href=\"https:\/\/uniwersytetslaski-my.sharepoint.com\/:x:\/g\/personal\/ryszard_knapek_o365_us_edu_pl\/IQAJbDJq-iPiS4qneprseajsARSLvvIGYTOHs1m1i_AVftk?e=UoD5kN\">Developing scientific papers 2025-2026L.xlsx<\/a><\/p>\n<p>Rejestracja na t\u0119 cz\u0119\u015b\u0107 zaj\u0119\u0107 od 12.02 godz. 18:00 do 17.02. godz.23:59 w USOSweb.<\/p>\n<p><span style=\"text-decoration: underline;\"><strong>Spotkania z redaktorami<\/strong><\/span><\/p>\n<p>Ka\u017cdy doktorant ma obowi\u0105zek do ko\u0144ca swojego kszta\u0142cenia uczestniczy\u0107 w co najmniej trzech takich spotkaniach (roczniki 2021\/2022 i 2022\/2023) albo w co najmniej jednym takim spotkaniu (roczniki 2023\/2024 i 2024\/2025). Terminarz spotka\u0144 b\u0119dzie publikowany na bie\u017c\u0105co na oddzielnej stronie internetowej.<\/p>\n<p>Spotkania planowane s\u0105 we wtorki w godz. 15:30-17:45 przez ca\u0142y semestr (szczeg\u00f3\u0142y wkr\u00f3tce) &#8211; pojedyncze zaj\u0119cia w innych terminach.<\/p>\n<p><span style=\"text-decoration: underline;\"><strong>Zaj\u0119cia dla doktorant\u00f3w dyscyplin artystycznych zorganizowane w postaci jednolitego kursu (bez warsztat\u00f3w z redaktorami):<\/strong><\/span><\/p>\n<p><a href=\"https:\/\/uniwersytetslaski-my.sharepoint.com\/:x:\/g\/personal\/ryszard_knapek_o365_us_edu_pl\/IQBAxmiDh8h-TofN_nTJBnZtAfDG2ieygnrtkPd7tdWvHI0?e=qmhvP8\">Przygotowanie tekst\u00f3w oko\u0142oartystycznych 2025-2026L.xlsx<\/a> \r\n                                <div class=\"mt-3\"><\/div>\r\n                            <\/div>\r\n                            \r\n                            <div class=\"text-modules__img\"><img src=\"https:\/\/us.edu.pl\/szkola-doktorska\/wp-content\/uploads\/sites\/50\/Nieprzypisane\/library-g7d681f1ca_1280-300x199.jpg\" alt=\"img\"><\/div>\r\n                        <\/div>\r\n                    <\/div>\r\n                <\/div>\r\n                <div class=\"text-modules \">\r\n                    <div class=\"container\">\r\n                        <h3 class=\"section-title section-title_border-bottom\">Prawo w\u0142asno\u015bci intelektualnej i prawo autorskie (tylko dla dyscyplin artystycznych)<\/h3> <h3 class=\"subtitle text-modules__subtitle\">15 godzin, 2 ECTS<\/h3>\r\n                        <div class=\"row m-0\">\r\n                            <div class=\"text-modules__content\">\r\n                                Harmonogram zaj\u0119\u0107: <a href=\"https:\/\/uniwersytetslaski-my.sharepoint.com\/:x:\/g\/personal\/ryszard_knapek_o365_us_edu_pl\/IQDCmaXkV4sjSJA6umE-5uoOAXC6SbT6CsA8rVsxN0CT_Lc?e=JkpQPl\">Intellectual property law &#8211; art.xlsx<\/a><\/p>\n<p><strong>Rejestracja na zaj\u0119cia od 12.02 godz. 18:00 do 17.02. godz.23:59.<\/strong><\/p>\n<p>Zaj\u0119cia dla dyscyplin naukowych odby\u0142y si\u0119 w semestrze zimowym. \r\n                                <div class=\"mt-3\"><\/div>\r\n                            <\/div>\r\n                            \r\n                            <div class=\"text-modules__img\"><img src=\"https:\/\/us.edu.pl\/szkola-doktorska\/wp-content\/uploads\/sites\/50\/Nieprzypisane\/wood-g586117a51_1280-300x210.jpg\" alt=\"img\"><\/div>\r\n                        <\/div>\r\n                    <\/div>\r\n                <\/div>\r\n                <div class='sidebar_moduls sidebar_one_header' style='color:#FFFFFF;background-color: #002E5A'>\r\n                    <a href='' class='link'>Zaj\u0119cia fakultatywne i dodatkowe<\/a>\r\n                <\/div>\r\n                <div class=\"text-modules reverse\">\r\n                    <div class=\"container\">\r\n                        <h3 class=\"section-title section-title_border-bottom\">Lektorat j\u0119zyka angielskiego<\/h3> <h3 class=\"subtitle text-modules__subtitle\">zaj\u0119cia dodatkowe (nieobowi\u0105zkowe), 2 ECTS<\/h3>\r\n                        <div class=\"row m-0\">\r\n                            <div class=\"text-modules__content\">\r\n                                Kontynuacja zaj\u0119\u0107 z pierwszego semestru &#8211; doktoranci zostan\u0105 przeniesieni do grup bez rejestracji. Zaj\u0119cia wed\u0142ug dotychczasowego harmonogramu.<\/p>\n<p>W przypadku konieczno\u015bci zmiany prosimy o kontakt z biurem SD.<\/p>\n<p>Lektoraty innych j\u0119zyk\u00f3w ni\u017c angielski nie b\u0119d\u0105 w tym roku organizowane w Szkole Dokorskiej. \r\n                                <div class=\"mt-3\"><\/div>\r\n                            <\/div>\r\n                            \r\n                            <div class=\"text-modules__img\"><img src=\"https:\/\/us.edu.pl\/szkola-doktorska\/wp-content\/uploads\/sites\/50\/Nieprzypisane\/DSC4867-300x200.jpg\" alt=\"img\"><\/div>\r\n                        <\/div>\r\n                    <\/div>\r\n                <\/div>\r\n                <div class=\"text-modules \">\r\n                    <div class=\"container\">\r\n                        <h3 class=\"section-title section-title_border-bottom\">Zaj\u0119cia fakultatywne i specjalistyczne<\/h3> \r\n                        <div class=\"row m-0\">\r\n                            <div class=\"text-modules__content\">\r\n                                Harmonogram zaj\u0119\u0107 fakultatywnych: <a href=\"https:\/\/uniwersytetslaski-my.sharepoint.com\/:x:\/g\/personal\/ryszard_knapek_o365_us_edu_pl\/IQD2zgiAWnsVQL6yr_MMjZV2AUaf0mA4Ulr_tmNlj7s-BR4?e=u9lOeO\">facultative courses 2025-2026L.xlsx<\/a><\/p>\n<p>Harmonogram zaj\u0119\u0107 specjalistycznych: <a href=\"https:\/\/uniwersytetslaski-my.sharepoint.com\/:x:\/g\/personal\/ryszard_knapek_o365_us_edu_pl\/IQC7lopIrT9fSpuy8FGT65iPAUWhm0ScguF_-H25AyvBFSY?e=uPVe08\">specialised courses 2025-2026L.xlsx<\/a><\/p>\n<p>Uwaga &#8211; oferta zosta\u0142a rozszerzona wobec tego, co by\u0142o w rejestracji zimowej.<\/p>\n<p><strong>Rejestracja na zaj\u0119cia od 19.02 godz. 18:00 do 23.02. godz.23:59.<\/strong> \r\n                                <div class=\"mt-3\"><\/div>\r\n                            <\/div>\r\n                            \r\n                            <div class=\"text-modules__img\"><img src=\"https:\/\/us.edu.pl\/szkola-doktorska\/wp-content\/uploads\/sites\/50\/Nieprzypisane\/joshua-eckstein-VAJEea9u6k8-unsplash-300x200.jpg\" alt=\"img\"><\/div>\r\n                        <\/div>\r\n                    <\/div>\r\n                <\/div>[\/vc_column][\/vc_row]<\/p>","protected":false},"excerpt":{"rendered":"<p>[vc_row][vc_column][\/vc_column][\/vc_row] [&#8230;]<\/p>\n<p><a class=\"btn btn-secondary understrap-read-more-link\" href=\"https:\/\/us.edu.pl\/szkola-doktorska\/harmonogram-zajec-semestr-letni-2025-2026\/\">Read More&#8230;<\/a><\/p>\n","protected":false},"author":42,"featured_media":0,"parent":0,"menu_order":0,"comment_status":"closed","ping_status":"closed","template":"","meta":{"_expiration-date-status":"","_expiration-date":0,"_expiration-date-type":"","_expiration-date-categories":[],"_expiration-date-options":[]},"acf":[],"_links":{"self":[{"href":"https:\/\/us.edu.pl\/szkola-doktorska\/wp-json\/wp\/v2\/pages\/24467"}],"collection":[{"href":"https:\/\/us.edu.pl\/szkola-doktorska\/wp-json\/wp\/v2\/pages"}],"about":[{"href":"https:\/\/us.edu.pl\/szkola-doktorska\/wp-json\/wp\/v2\/types\/page"}],"author":[{"embeddable":true,"href":"https:\/\/us.edu.pl\/szkola-doktorska\/wp-json\/wp\/v2\/users\/42"}],"replies":[{"embeddable":true,"href":"https:\/\/us.edu.pl\/szkola-doktorska\/wp-json\/wp\/v2\/comments?post=24467"}],"version-history":[{"count":2,"href":"https:\/\/us.edu.pl\/szkola-doktorska\/wp-json\/wp\/v2\/pages\/24467\/revisions"}],"predecessor-version":[{"id":24659,"href":"https:\/\/us.edu.pl\/szkola-doktorska\/wp-json\/wp\/v2\/pages\/24467\/revisions\/24659"}],"wp:attachment":[{"href":"https:\/\/us.edu.pl\/szkola-doktorska\/wp-json\/wp\/v2\/media?parent=24467"}],"curies":[{"name":"wp","href":"https:\/\/api.w.org\/{rel}","templated":true}]}}