{"id":24484,"date":"2026-02-13T12:34:38","date_gmt":"2026-02-13T11:34:38","guid":{"rendered":"https:\/\/us.edu.pl\/szkola-doktorska\/?page_id=24484"},"modified":"2026-03-30T23:28:55","modified_gmt":"2026-03-30T21:28:55","slug":"beyond-barriers","status":"publish","type":"page","link":"https:\/\/us.edu.pl\/szkola-doktorska\/ster\/seasonal-schools\/beyond-barriers\/","title":{"rendered":"Beyond Barriers"},"content":{"rendered":"<p>[vc_row][vc_column]\r\n                <div class=\"text-modules \">\r\n                    <div class=\"container\">\r\n                         \r\n                        <div class=\"row m-0\">\r\n                            <div class=\"text-modules__content\">\r\n                                <\/p>\n<p>&nbsp;<\/p>\n<p>&nbsp;<\/p>\n<p style=\"text-align: center;\"><span style=\"font-size: 24pt; font-family: arial, helvetica, sans-serif;\">BEYOND BARRIERS<\/span><\/p>\n<p style=\"text-align: center;\"><span style=\"font-size: 24pt; font-family: arial, helvetica, sans-serif;\">the Role of Social Sciences in building Accessibility<\/span><\/p>\n<p style=\"text-align: center;\"><span style=\"font-size: 24pt; font-family: arial, helvetica, sans-serif;\">08.06.2026 &#8211; 12.06 2026<\/span><\/p>\n<div class=\"mt-3\"><\/div>\r\n                            <\/div>\r\n                            \r\n                            <div class=\"text-modules__img\"><img src=\"https:\/\/us.edu.pl\/szkola-doktorska\/wp-content\/uploads\/sites\/50\/STER\/Ilustracja_250x250-na-bialym-scaled.jpg\" alt=\"img\"><\/div>\r\n                        <\/div>\r\n                    <\/div>\r\n                <\/div>\r\n                <div class=\"text-modules \">\r\n                    <div class=\"container\">\r\n                        <h3 class=\"section-title section-title_border-bottom\">Invitation<\/h3> \r\n                        <div class=\"row m-0\">\r\n                            <div class=\"text-modules__content\">\r\n                                <\/p>\n<p style=\"text-align: left;\">The University of Silesia in Katowice, as a member of the Transform4Europe alliance,<\/p>\n<p style=\"text-align: left;\">invites doctoral students and Master&#8217;s students<\/p>\n<p style=\"text-align: left;\">to <strong>the Spring School 2026<\/strong>, entitled<\/p>\n<p style=\"text-align: left;\"><strong>BEYOND BARRIERS: the Role of Social Sciences in building Accessibility<\/strong><\/p>\n<p><strong>Organising Committee: Grzegorz Gawron, Zuzanna Neuve-\u00c9glise, Ryszard Knapek (University of Silesia in Katowice)<\/strong><\/p>\n<p style=\"text-align: left;\">\ud83d\udcc6\u00a0 <strong>When:<\/strong> June 8\u201312, 2026<\/p>\n<p>\ud83d\udccd <strong>Where:<\/strong> Katowice, Poland<\/p>\n<p><strong>\ud83d\udcb0Participation is free of charge<\/strong> &#8211; the event is fully funded with the Polish National Agency for Academic Exchange under the STER Program and Erasmus+ BIP.<\/p>\n<p>Doctoral students from outside of Poland will have the opportunity to apply for financing of travel and accommodation costs in the BIP Erasmus+<\/p>\n<p>\ud83d\udcc5 <strong><u>Registration time: by April 20, 2026<\/u><\/strong> \r\n                                <div class=\"mt-3\"><\/div>\r\n                            <\/div>\r\n                            \r\n                            \r\n                        <\/div>\r\n                    <\/div>\r\n                <\/div>\r\n                <div class=\"text-modules \">\r\n                    <div class=\"container\">\r\n                        <h3 class=\"section-title section-title_border-bottom\">Concept note<\/h3> \r\n                        <div class=\"row m-0\">\r\n                            <div class=\"text-modules__content\">\r\n                                Accessibility has become one of the most significant challenges and at the same time one of the greatest promises of contemporary societies. In an era marked by rapid social change, digital transformation, growing inequalities, and increasing cultural diversity, questions of who has access, under what conditions, and with what consequences have moved to the very center of social and political debates. Accessibility concerns not only access to education and knowledge, but also access to public space, digital technologies, legal protection, political participation, communication channels, cultural resources, and social recognition. Barriers to access may be visible and material, but they are often subtle, institutionalized, and deeply embedded in social norms, power relations, and everyday practices.<\/p>\n<p>This summer school invites early-career researchers to critically rethink access as a complex, multidimensional social process rather than a purely technical or administrative issue. Accessibility will be explored in its structural, cultural, technological, legal, and symbolic dimensions, highlighting how different forms of exclusion and inclusion are produced, maintained, and contested. Through interdisciplinary perspectives drawn from the social sciences, participants will be able to explore issues that illuminate the dynamics of accessibility in diverse social contexts. The school aims to foster critical reflection, methodological sensitivity, and collaborative dialogue, encouraging participants to develop innovative research approaches that contribute to more inclusive and accessible societies. \r\n                                <div class=\"mt-3\"><\/div>\r\n                            <\/div>\r\n                            \r\n                            \r\n                        <\/div>\r\n                    <\/div>\r\n                <\/div>\r\n                <div class=\"text-modules \">\r\n                    <div class=\"container\">\r\n                        <h3 class=\"section-title section-title_border-bottom\">General information<\/h3> \r\n                        <div class=\"row m-0\">\r\n                            <div class=\"text-modules__content\">\r\n                                <\/p>\n<ul>\n<li>Event date: <strong>June 8-12, 2026<\/strong><\/li>\n<li>Duration: 5 days (Monday\u2013Friday)<\/li>\n<li>Participants: 40 master&#8217;s and doctoral students from across Europe<\/li>\n<li>Staff: lecturers from across Europe<\/li>\n<li>Scope of participation for each participant: 1 x thematic block (15 x 45 min.); 1 x pecha-kucha presentation; 2 x workshops (2 x 3 x 45 min.) (Tuesday\u2013Thursday);<\/li>\n<li>Course formats: lectures, workshops, seminars, individual presentations, case studies, field trips, group work;<\/li>\n<li>What you gain: a certificate of participation, new knowledge and skills, new friendships, a broad perspective on development opportunities and applications in social sciences.<\/li>\n<li>Participating in Seasonal School allows you to get 4 ECTS<\/li>\n<\/ul>\n<div class=\"mt-3\"><\/div>\r\n                            <\/div>\r\n                            \r\n                            \r\n                        <\/div>\r\n                    <\/div>\r\n                <\/div>\r\n                <div class=\"text-modules \">\r\n                    <div class=\"container\">\r\n                        <h3 class=\"section-title section-title_border-bottom\">How to apply<\/h3> \r\n                        <div class=\"row m-0\">\r\n                            <div class=\"text-modules__content\">\r\n                                <strong>By <\/strong><strong>April 24, 2026:<\/strong><\/p>\n<ul>\n<li>complete the registration form on our website: <a href=\"https:\/\/formularze.us.edu.pl\/form\/index\/7002\">Registration form [extermal link]<\/a><\/li>\n<li>prepare a maximum 3-minute video presenting your scientific interests and achievements and upload it here: <a href=\"https:\/\/ssd.us.edu.pl\/index.php\/s\/ibJmlzSwpkIGuWL\">Cloud storage [external link]<\/a>\u00a0or send us a link to <a href=\"mailto:seasonalschool@us.edu.pl\">seasonalschool@us.edu.pl<\/a>. If you are not ready for a video, show us yourself and your interest in any other way!<\/li>\n<\/ul>\n<p>Based on this, we will choose participants for our Seasonal School <strong>by April 30, 2026<\/strong>.<\/p>\n<p><strong>The number of attendees is limited, so act quickly!<\/strong> \r\n                                <div class=\"mt-3\"><\/div>\r\n                            <\/div>\r\n                            \r\n                            \r\n                        <\/div>\r\n                    <\/div>\r\n                <\/div>\r\n                <div class=\"text-modules \">\r\n                    <div class=\"container\">\r\n                        <h3 class=\"section-title section-title_border-bottom\">Contact<\/h3> \r\n                        <div class=\"row m-0\">\r\n                            <div class=\"text-modules__content\">\r\n                                Contact: <a href=\"mailto:seasonalschool@us.edu.pl\">seasonalschool@us.edu.pl<\/a> \r\n                                <div class=\"mt-3\"><\/div>\r\n                            <\/div>\r\n                            \r\n                            \r\n                        <\/div>\r\n                    <\/div>\r\n                <\/div><div class=\"container\"><div class=\"separator\" style=\"background-color: #002E5A\"><\/div><\/div>\r\n                <div class=\"text-modules \">\r\n                    <div class=\"container\">\r\n                         \r\n                        <div class=\"row m-0\">\r\n                            <div class=\"text-modules__content\">\r\n                                Dzia\u0142anie wsp\u00f3\u0142finansowane w ramach projektu\u00a0<strong>International from the beginning \u2013 wsparcie umi\u0119dzynarodowienia<\/strong>\u00a0finansowanego przez Narodow\u0105 Agencj\u0119 Wymiany Akademickiej w ramach Programu STER.<\/p>\n<p>Wi\u0119cej: <a href=\"https:\/\/us.edu.pl\/szkola-doktorska\/ster\/\">https:\/\/us.edu.pl\/szkola-doktorska\/ster\/<\/a> \r\n                                <div class=\"mt-3\"><\/div>\r\n                            <\/div>\r\n                            \r\n                            <div class=\"text-modules__img\"><img src=\"https:\/\/us.edu.pl\/szkola-doktorska\/wp-content\/uploads\/sites\/50\/STER\/K1_logo_dopuszcz_wers_podstawowa_PL_RGB-02-75proc.png\" alt=\"img\"><\/div>\r\n                        <\/div>\r\n                    <\/div>\r\n                <\/div>[\/vc_column][\/vc_row]<\/p>","protected":false},"excerpt":{"rendered":"<p>[vc_row][vc_column][\/vc_column][\/vc_row] [&#8230;]<\/p>\n<p><a class=\"btn btn-secondary understrap-read-more-link\" href=\"https:\/\/us.edu.pl\/szkola-doktorska\/ster\/seasonal-schools\/beyond-barriers\/\">Read More&#8230;<\/a><\/p>\n","protected":false},"author":42,"featured_media":0,"parent":13007,"menu_order":0,"comment_status":"closed","ping_status":"closed","template":"page-templates\/page-with-sidebar.php","meta":{"_expiration-date-status":"","_expiration-date":0,"_expiration-date-type":"","_expiration-date-categories":[],"_expiration-date-options":[]},"acf":[],"_links":{"self":[{"href":"https:\/\/us.edu.pl\/szkola-doktorska\/wp-json\/wp\/v2\/pages\/24484"}],"collection":[{"href":"https:\/\/us.edu.pl\/szkola-doktorska\/wp-json\/wp\/v2\/pages"}],"about":[{"href":"https:\/\/us.edu.pl\/szkola-doktorska\/wp-json\/wp\/v2\/types\/page"}],"author":[{"embeddable":true,"href":"https:\/\/us.edu.pl\/szkola-doktorska\/wp-json\/wp\/v2\/users\/42"}],"replies":[{"embeddable":true,"href":"https:\/\/us.edu.pl\/szkola-doktorska\/wp-json\/wp\/v2\/comments?post=24484"}],"version-history":[{"count":8,"href":"https:\/\/us.edu.pl\/szkola-doktorska\/wp-json\/wp\/v2\/pages\/24484\/revisions"}],"predecessor-version":[{"id":25302,"href":"https:\/\/us.edu.pl\/szkola-doktorska\/wp-json\/wp\/v2\/pages\/24484\/revisions\/25302"}],"up":[{"embeddable":true,"href":"https:\/\/us.edu.pl\/szkola-doktorska\/wp-json\/wp\/v2\/pages\/13007"}],"wp:attachment":[{"href":"https:\/\/us.edu.pl\/szkola-doktorska\/wp-json\/wp\/v2\/media?parent=24484"}],"curies":[{"name":"wp","href":"https:\/\/api.w.org\/{rel}","templated":true}]}}