{"id":24812,"date":"2026-02-25T23:44:55","date_gmt":"2026-02-25T22:44:55","guid":{"rendered":"https:\/\/us.edu.pl\/szkola-doktorska\/?page_id=24812"},"modified":"2026-04-15T11:24:16","modified_gmt":"2026-04-15T09:24:16","slug":"topics","status":"publish","type":"page","link":"https:\/\/us.edu.pl\/szkola-doktorska\/rekrutacja-na-rok-akademicki-2026-2027\/topics\/","title":{"rendered":"Tematy projekt\u00f3w badawczych &#8211; rekrutacja do Szko\u0142y Doktorskiej w obszarze nauk \u015bcis\u0142ych i in\u017cynieryjno-technicznych"},"content":{"rendered":"<p>[vc_row][vc_column]\r\n                <div class=\"text-modules\">\r\n                    <div class=\"container\">\r\n                        \r\n                        <div class=\"text-modules__content\"><p>Poni\u017cej przedstawiamy list\u0119 temat\u00f3w projekt\u00f3w, do kt\u00f3rych mog\u0105 rekrutowa\u0107 si\u0119 kandydatci w obszarze nauk \u015bcis\u0142ych i in\u017cynieryjno-technicznych.<\/p>\n<p>Zadaniem kandydata\/kandydatki jest wybranie odpowiedniego tematu, a nast\u0119pnie przygotowanie listu motywacyjnego, uzasadniaj\u0105cy ch\u0119\u0107 podj\u0119cia kszta\u0142cenia w Szkole Doktorskiej w odpowiedniej dyscyplinie, uwzgl\u0119dniaj\u0105cego do\u015bwiadczenie badawcze kandydata\/kandydatki oraz uzasadniaj\u0105cy wyb\u00f3r tematu badawczego, do kt\u00f3rego rekrutuje si\u0119 kandydat\/kandydatka (maks. 12 tysi\u0119cy znak\u00f3w ze spacjami, nie licz\u0105c bibliografii).<\/p>\n<p>List motywacyjny nie jest wymagany w rekrutacji do matematyki.<\/p>\n<p>Pozosta\u0142e wymogi i dokumenty niezb\u0119dne w rekrutacji opisane s\u0105 na stronie <a href=\"https:\/\/us.edu.pl\/szkola-doktorska\/rekrutacja-na-rok-akademicki-2026-2027\/\">https:\/\/us.edu.pl\/szkola-doktorska\/rekrutacja-na-rok-akademicki-2026-2027\/<\/a><\/p>\n<\/div>\r\n                    <\/div>\r\n                <\/div>[\/vc_column][\/vc_row]<\/p>","protected":false},"excerpt":{"rendered":"<p>[vc_row][vc_column][\/vc_column][\/vc_row] [&#8230;]<\/p>\n<p><a class=\"btn btn-secondary understrap-read-more-link\" href=\"https:\/\/us.edu.pl\/szkola-doktorska\/rekrutacja-na-rok-akademicki-2026-2027\/topics\/\">Read More&#8230;<\/a><\/p>\n","protected":false},"author":42,"featured_media":0,"parent":24228,"menu_order":0,"comment_status":"closed","ping_status":"closed","template":"page-templates\/page-with-bookmarks.php","meta":{"_expiration-date-status":"","_expiration-date":0,"_expiration-date-type":"","_expiration-date-categories":[],"_expiration-date-options":[]},"acf":[],"_links":{"self":[{"href":"https:\/\/us.edu.pl\/szkola-doktorska\/wp-json\/wp\/v2\/pages\/24812"}],"collection":[{"href":"https:\/\/us.edu.pl\/szkola-doktorska\/wp-json\/wp\/v2\/pages"}],"about":[{"href":"https:\/\/us.edu.pl\/szkola-doktorska\/wp-json\/wp\/v2\/types\/page"}],"author":[{"embeddable":true,"href":"https:\/\/us.edu.pl\/szkola-doktorska\/wp-json\/wp\/v2\/users\/42"}],"replies":[{"embeddable":true,"href":"https:\/\/us.edu.pl\/szkola-doktorska\/wp-json\/wp\/v2\/comments?post=24812"}],"version-history":[{"count":10,"href":"https:\/\/us.edu.pl\/szkola-doktorska\/wp-json\/wp\/v2\/pages\/24812\/revisions"}],"predecessor-version":[{"id":25421,"href":"https:\/\/us.edu.pl\/szkola-doktorska\/wp-json\/wp\/v2\/pages\/24812\/revisions\/25421"}],"up":[{"embeddable":true,"href":"https:\/\/us.edu.pl\/szkola-doktorska\/wp-json\/wp\/v2\/pages\/24228"}],"wp:attachment":[{"href":"https:\/\/us.edu.pl\/szkola-doktorska\/wp-json\/wp\/v2\/media?parent=24812"}],"curies":[{"name":"wp","href":"https:\/\/api.w.org\/{rel}","templated":true}]}}