{"id":25244,"date":"2026-03-18T13:12:20","date_gmt":"2026-03-18T12:12:20","guid":{"rendered":"https:\/\/us.edu.pl\/szkola-doktorska\/?page_id=25244"},"modified":"2026-04-02T18:20:24","modified_gmt":"2026-04-02T16:20:24","slug":"konkursy-dla-doktorantow-srodki-na-dzialalnosc-naukowa-2026","status":"publish","type":"page","link":"https:\/\/us.edu.pl\/szkola-doktorska\/srodki-na-dzialalnosc-naukowa-doktorantow-2026\/konkursy-dla-doktorantow-srodki-na-dzialalnosc-naukowa-2026\/","title":{"rendered":"Konkursy dla doktorant\u00f3w \u2013 \u015brodki na dzia\u0142alno\u015b\u0107 naukow\u0105 2026"},"content":{"rendered":"<p>[vc_row][vc_column]\r\n                <div class=\"text-modules\">\r\n                    <div class=\"container\">\r\n                        <h3 class=\"page-title text__title\">Wyniki konkurs\u00f3w dla doktorant\u00f3w ze \u015brodk\u00f3w Inicjatywy Doskona\u0142o\u015bci Badawczej 2026<\/h3>\r\n                        <div class=\"text-modules__content\"><p>W dniach 31.03-1.04.2026 komisja w sk\u0142adzie zgodnym z Zarz\u0105dzeniem rektora nr 37\/3036 pracowa\u0142a nad wnioskami we wszystkich trzech konkursach, rozpatruj\u0105c je oddzielnie, ale w odniesieniu do siebie wzajemnie, aby finansowa\u0107 projekty o podobnej warto\u015bci merytorycznej. Ko\u0144cowa propozycja komisji to finansowanie wniosk\u00f3w na tym samym punkcie odci\u0119cia we wszystkich trzech konkursach: 27\/36 punkt\u00f3w (75%).<\/p>\n<h3>1. Konkurs <b>Zagraniczne kursy specjalistyczne doktorant\u00f3w.<\/b><\/h3>\n<p>Z\u0142o\u017cono 1 wniosek, poprawny pod k\u0105tem formalnym. Wniosek oceniony na 22 punkty, nie b\u0119dzie finansowany.<\/p>\n<h3>2. Konkurs <b>Sta\u017ce krajowe doktorant\u00f3w.<\/b><\/h3>\n<p>Z\u0142o\u017cono 6 wniosk\u00f3w, wszystkie poprawne pod k\u0105tem formalnym. Odpowiedni\u0105 liczb\u0119 punkt\u00f3w uzyska\u0142o 5 wniosk\u00f3w, \u0142\u0105czna warto\u015b\u0107 (po racjonalnym obni\u017ceniu niekt\u00f3rych kosztorys\u00f3w): <b>34 160 PLN<\/b><\/p>\n<h3>3. Konkurs <b>Zadania badawcze doktorant\u00f3w.<\/b><\/h3>\n<p>Z\u0142o\u017cono 129 wniosk\u00f3w, w tym 17 niedoko\u0144czonych lub wt\u00f3rnik\u00f3w (wt\u00f3rnik = ten sam wniosek omy\u0142kowo wys\u0142any po raz drugi).<\/p>\n<p><b>Ocena formalna<\/b><\/p>\n<p>31 wniosk\u00f3w zosta\u0142o odrzuconych z przyczyn formalnych, w tym 3 z powodu braku potwierdzenia promotora, a 29 z powodu braku zadeklarowania jakiegokolwiek efektu ewaluacyjnego (jeden wniosek odrzucony z obu powod\u00f3w). Komisja na samym pocz\u0105tku posiedzenia, po przeanalizowaniu sytuacji finansowej i zapis\u00f3w regulaminu zdecydowa\u0142a, \u017ce nie b\u0119dzie finansowa\u0107 wniosk\u00f3w, w kt\u00f3rych nie by\u0142o deklaracji efektu ewaluacyjnego. Dotyczy\u0142o to przede wszystkim wnioskuj\u0105cych, kt\u00f3rzy w pozycji &#8222;Zak\u0142adany rezultat planowanego przedsi\u0119wzi\u0119cia&#8221; zamiast publikacji, wniosku grantowego albo innego osi\u0105gni\u0119cia ewaluowanego podawali np. wyg\u0142oszenie referatu, sta\u017c, rozdzia\u0142 rozprawy itp.<\/p>\n<p><b>Ocena merytoryczna<\/b><\/p>\n<p>Komisja ocenia\u0142a \u0142\u0105czenie 81 wniosk\u00f3w na \u0142\u0105czn\u0105 kwot\u0119 409 032,53 PLN, w tym:<\/p>\n<ul>\n<li>6 wniosk\u00f3w doktorant\u00f3w M\u015aSD<\/li>\n<li>23 wnioski doktorant\u00f3w SD obszaru nauk humanistycznych, nauk teologicznych i sztuki<\/li>\n<li>42 wnioski doktorant\u00f3w SD obszaru nauk \u015bcis\u0142ych i przyrodniczych oraz in\u017cynieryjno-technicznych<\/li>\n<li>10 wniosk\u00f3w doktorant\u00f3w SD obszaru nauk spo\u0142ecznych<\/li>\n<\/ul>\n<p>Na podstawie przeprowadzonej oceny i po racjonalnym obni\u017ceniu niekt\u00f3rych kosztorys\u00f3w <b>komisja zdecydowa\u0142a o finansowaniu 35 wniosk\u00f3w na \u0142\u0105czn\u0105 kwot\u0119 149 663,95 PLN<\/b>, w tym:<\/p>\n<ul>\n<li>4 wnioski doktorant\u00f3w M\u015aSD<\/li>\n<li>12 wniosk\u00f3w doktorant\u00f3w SD obszaru nauk humanistycznych, nauk teologicznych i sztuki<\/li>\n<li>14 wniosk\u00f3w doktorant\u00f3w SD obszaru nauk \u015bcis\u0142ych i przyrodniczych oraz in\u017cynieryjno-technicznych<\/li>\n<li>5 wniosk\u00f3w doktorant\u00f3w SD obszaru nauk spo\u0142ecznych<\/li>\n<\/ul>\n<p><b>\u0141\u0104CZNIE<\/b><\/p>\n<p>W trzech konkursach komisja zdecydowa\u0142a o finansowaniu 40 wniosk\u00f3w na \u0142\u0105czn\u0105 kwot\u0119 183 763,95 PLN.<\/p>\n<p>Wyniki publikowane s\u0105 w zakresie wniosk\u00f3w, kt\u00f3re uzyska\u0142y finansowanie. Zestawienie zawiera dane doktoranta (imi\u0119 i nazwisko, dyscyplina, szko\u0142a doktorska), tytu\u0142 finansowanego projektu i przyznan\u0105 kwot\u0119.<\/p>\n<p>Wszyscy wnioskuj\u0105cy otrzymaj\u0105 swoje indywidualne wyniki na e-mail podany w rejestracji w ci\u0105gu 2 tygodni od og\u0142oszenia rozstrzygni\u0119cia konkurs\u00f3w.<\/p>\n<p>W konkursie nie przewidziano trybu odwo\u0142awczego.<\/p>\n<\/div>\r\n                    <\/div>\r\n                <\/div>\r\n                <div class=\"tiles-section\" style=\"background: \">\r\n                    <div class=\"container\">\r\n                        <h3 class=\"page-title\">Projekty finansowane w konkursach dla doktorant\u00f3w ramach Inicjatywy Doskona\u0142o\u015bci Badawczej 2026<\/h3>\r\n                        <div class=\"tiles tiles-3\">\r\n                            <a href=\"\/szkola-doktorska\/srodki-na-dzialalnosc-naukowa-doktorantow-2026\/konkursy-dla-doktorantow-srodki-na-dzialalnosc-naukowa-2026\/staze-krajowe-doktorantow-idb-2026\/\" class=\"tile tile_ justify-content-center\" style=\"background-color: #002E5A; font-weight: ; color: #ffffff;  \">\r\n                                \r\n                                   \r\n                               \r\n                                <div class=\"tile__name\">Sta\u017ce krajowe doktorant\u00f3w<\/div>\r\n                            <\/a>\r\n                            <a href=\"\/szkola-doktorska\/srodki-na-dzialalnosc-naukowa-doktorantow-2026\/konkursy-dla-doktorantow-srodki-na-dzialalnosc-naukowa-2026\/zadania-badawcze-doktorantow-projekty-finansowane-ze-srodkow-programu-inicjatywa-doskonalosci-badawczej-2026\/\" class=\"tile tile_ justify-content-center\" style=\"background-color: #002E5A; font-weight: ; color: #ffffff;  \">\r\n                                \r\n                                   \r\n                               \r\n                                <div class=\"tile__name\">Zadania badawcze doktorant\u00f3w<\/div>\r\n                            <\/a>\r\n                            <a href=\"\" class=\"tile tile_ justify-content-center\" style=\"background-color: #002E5A; font-weight: ; color: #ffffff;  \">\r\n                                \r\n                                   \r\n                               \r\n                                <div class=\"tile__name\">Zagraniczne kursy specjalistyczne (\u017caden wniosek nie jest finansowany)<\/div>\r\n                            <\/a><\/div>\r\n                    <\/div>\r\n                <\/div><div class=\"container\"><div class=\"separator\" style=\"background-color: #EBEBEB\"><\/div><\/div>\r\n                <div class=\"text-modules\">\r\n                    <div class=\"container\">\r\n                        <h3 class=\"page-title text__title\">Og\u0142oszenie konkursu \u201eSta\u017ce krajowe doktorant\u00f3w\u201d w ramach Inicjatywy Doskona\u0142o\u015bci Badawczej<\/h3>\r\n                        <div class=\"text-modules__content\"><p><strong>Og\u0142oszenie z dnia 18 marca 2026 roku<\/strong><\/p>\n<p>Przedmiotem konkursu jest finansowanie sta\u017cy naukowych lub artystycznych doktorant\u00f3w SD zwi\u0105zane z realizacj\u0105 IPB, realizowanych w polskich o\u015brodkach akademickich i badawczych, trwaj\u0105cych nie kr\u00f3cej ni\u017c 3 tygodnie i nie d\u0142u\u017cej ni\u017c 3 miesi\u0105ce<\/p>\n<p><span style=\"text-decoration: underline;\"><strong>Podstawowe informacje:<\/strong><\/span><\/p>\n<ul>\n<li>Termin zamkni\u0119cia formularza aplikacyjnego: 27 marca 2026 (pi\u0105tek) godz. 12:00.<\/li>\n<li>Termin potwierdzenia przez promotora: 30 marca 2026 r. (poniedzia\u0142ek) do godz. 12:00.<\/li>\n<li>Link do formularza: <a href=\"https:\/\/formularze.us.edu.pl\/form\/index\/7113\">https:\/\/formularze.us.edu.pl\/form\/index\/7113<\/a><\/li>\n<li>Link do potwierdzenia promotora: <a href=\"https:\/\/formularze.us.edu.pl\/form\/index\/7114\">https:\/\/formularze.us.edu.pl\/form\/index\/7114<\/a><\/li>\n<li>Planowany termin og\u0142oszenia wynik\u00f3w: 2 kwietnia 2026 roku (mo\u017ce ulec zmianie) na stronie internetowej Szko\u0142y Doktorskiej.<\/li>\n<\/ul>\n<p><span style=\"text-decoration: underline;\"><strong>Procedura aplikacyjna:<\/strong><\/span><\/p>\n<ol>\n<li>Doktorant wype\u0142nia i wysy\u0142a formularz SRW (link powy\u017cej), a nast\u0119pnie potwierdza z\u0142o\u017cenie wniosku, klikaj\u0105c na link wys\u0142any przez system.<\/li>\n<li>Doktorant przekazuje wype\u0142niony formularz w wersji elektronicznej lub papierowej, to\u017csamy z formularzem z\u0142o\u017conym w systemie informatycznym Szko\u0142y, promotorowi do akceptacji.<\/li>\n<li>Promotor informuje Szko\u0142\u0119 Doktorsk\u0105 o zaakceptowaniu wniosku wype\u0142niaj\u0105c formularz (link powy\u017cej). Wprowadzenie istotnych zmian we wniosku przez promotora skutkuje obowi\u0105zkiem powt\u00f3rzenia opisanej wy\u017cej procedury przez doktoranta. <strong>Nie jest to mo\u017cliwe po zamkni\u0119ciu systemu<\/strong>.<\/li>\n<li>Wnioski niepotwierdzone przez promotora nie b\u0119d\u0105 rozpatrywane (bez wzywania do uzupe\u0142nienia).<\/li>\n<li>Wnioski, kt\u00f3re nie b\u0119d\u0105 spe\u0142nia\u0107 kt\u00f3rego\u015b z wymog\u00f3w formalnych wynikaj\u0105cych z regulaminu lub z dodatkowych warunk\u00f3w wyliczonych poni\u017cej, nie b\u0119d\u0105 rozpatrywane (bez wzywania do uzupe\u0142nienia lub poprawiania).<\/li>\n<li>Decyzja komisji jest ostateczna i nie przys\u0142uguje od niej odwo\u0142anie.<\/li>\n<li>Doktorant mo\u017ce z\u0142o\u017cy\u0107 tylko jeden wniosek.<\/li>\n<li>Maksymalna kwota dofinansowania dla jednego doktoranta: 16 000 PLN.<\/li>\n<\/ol>\n<p>Regulamin konkursu: <a href=\"https:\/\/us.edu.pl\/szkola-doktorska\/wp-content\/uploads\/sites\/50\/2026\/Regulamin-konkursow-dla-doktorantow-IDB.pdf\" class=\"mtli_attachment mtli_pdf\" data-mtli=\"mtli_filesize291,21kB\" class=\"mtli_attachment mtli_pdf\" data-mtli=\"mtli_filesize291,21kB\">Regulamin konkurs\u00f3w dla doktorant\u00f3w IDB<\/a><\/p>\n<p>Klauzula informacyjna RODO: <a href=\"https:\/\/us.edu.pl\/szkola-doktorska\/wp-content\/uploads\/sites\/50\/2026\/klauzula-RODO-konkursy-IDB-dla-doktorantow.pdf\" class=\"mtli_attachment mtli_pdf\" data-mtli=\"mtli_filesize156,11kB\" class=\"mtli_attachment mtli_pdf\" data-mtli=\"mtli_filesize156,11kB\">klauzula RODO konkursy IDB dla doktorant\u00f3w<\/a><\/p>\n<style type=\"text\/css\">a[data-mtli~=\"mtli_filesize291,21kB\"]:after {content:\" (291,21 kB)\"}a[data-mtli~=\"mtli_filesize156,11kB\"]:after {content:\" (156,11 kB)\"}<\/style><\/div>\r\n                    <\/div>\r\n                <\/div><div class=\"container\"><div class=\"separator\" style=\"background-color: #EBEBEB\"><\/div><\/div>\r\n                <div class=\"text-modules\">\r\n                    <div class=\"container\">\r\n                        <h3 class=\"page-title text__title\">Og\u0142oszenie konkursu \u201eZadania badawcze doktorant\u00f3w\u201d w ramach Inicjatywy Doskona\u0142o\u015bci Badawczej<\/h3>\r\n                        <div class=\"text-modules__content\"><p><strong>Og\u0142oszenie z dnia 18 marca 2026 roku<\/strong><\/p>\n<p>Przedmiotem konkursu jest finansowanie cel\u00f3w badawczych lub artystycznych doktorant\u00f3w szk\u00f3\u0142 doktorskich Uniwersytetu \u015al\u0105skiego w Katowicach, zwi\u0105zanych z realizacj\u0105 konkretnych zada\u0144 badawczych wynikaj\u0105cych z Indywidualnego planu badawczego doktoranta oraz upowszechnienie wynik\u00f3w zrealizowanych zada\u0144 badawczych.<\/p>\n<p><span style=\"text-decoration: underline;\"><strong>Podstawowe informacje:<\/strong><\/span><\/p>\n<ul>\n<li>Termin zamkni\u0119cia formularza aplikacyjnego: 27 marca 2026 (pi\u0105tek) godz. 12:00.<\/li>\n<li>Termin potwierdzenia przez promotora: 30 marca 2026 r. (poniedzia\u0142ek) do godz. 12:00.<\/li>\n<li>Link do formularza: <a href=\"https:\/\/formularze.us.edu.pl\/form\/index\/7101\">https:\/\/formularze.us.edu.pl\/form\/index\/7101<\/a><\/li>\n<li>Link do potwierdzenia promotora: <a href=\"https:\/\/formularze.us.edu.pl\/form\/index\/7112\">https:\/\/formularze.us.edu.pl\/form\/index\/7112<\/a><\/li>\n<li>Planowany termin og\u0142oszenia wynik\u00f3w: 2 kwietnia 2026 roku (mo\u017ce ulec zmianie) na stronie internetowej Szko\u0142y Doktorskiej.<\/li>\n<\/ul>\n<p><span style=\"text-decoration: underline;\"><strong>Procedura aplikacyjna:<\/strong><\/span><\/p>\n<ol>\n<li>Doktorant wype\u0142nia i wysy\u0142a formularz SRW (link powy\u017cej), a nast\u0119pnie potwierdza z\u0142o\u017cenie wniosku, klikaj\u0105c na link wys\u0142any przez system.<\/li>\n<li>Doktorant przekazuje wype\u0142niony formularz w wersji elektronicznej lub papierowej, to\u017csamy z formularzem z\u0142o\u017conym w systemie informatycznym Szko\u0142y, promotorowi do akceptacji.<\/li>\n<li>Promotor informuje Szko\u0142\u0119 Doktorsk\u0105 o zaakceptowaniu wniosku wype\u0142niaj\u0105c formularz (link powy\u017cej). Wprowadzenie istotnych zmian we wniosku przez promotora skutkuje obowi\u0105zkiem powt\u00f3rzenia opisanej wy\u017cej procedury przez doktoranta. <strong>Nie jest to mo\u017cliwe po zamkni\u0119ciu systemu<\/strong>.<\/li>\n<li>Wnioski niepotwierdzone przez promotora nie b\u0119d\u0105 rozpatrywane (bez wzywania do uzupe\u0142nienia).<\/li>\n<li>Wnioski, kt\u00f3re nie b\u0119d\u0105 spe\u0142nia\u0107 kt\u00f3rego\u015b z wymog\u00f3w formalnych wynikaj\u0105cych z regulaminu lub z dodatkowych warunk\u00f3w wyliczonych poni\u017cej, nie b\u0119d\u0105 rozpatrywane (bez wzywania do uzupe\u0142nienia lub poprawiania).<\/li>\n<li>Decyzja komisji jest ostateczna i nie przys\u0142uguje od niej odwo\u0142anie.<\/li>\n<li>Doktorant mo\u017ce z\u0142o\u017cy\u0107 kilka wniosk\u00f3w, je\u017celi zamierza wnioskowa\u0107 o finansowanie kilku zada\u0144 badawczych.<\/li>\n<li>Maksymalna kwota dofinansowania dla jednego doktoranta: 7500 PLN (\u0142\u0105czna kwota wszystkich wniosk\u00f3w).<\/li>\n<\/ol>\n<p>Regulamin konkursu: <a href=\"https:\/\/us.edu.pl\/szkola-doktorska\/wp-content\/uploads\/sites\/50\/2026\/Regulamin-konkursow-dla-doktorantow-IDB.pdf\" class=\"mtli_attachment mtli_pdf\" data-mtli=\"mtli_filesize291,21kB\" class=\"mtli_attachment mtli_pdf\" data-mtli=\"mtli_filesize291,21kB\">Regulamin konkurs\u00f3w dla doktorant\u00f3w IDB<\/a><\/p>\n<p>Klauzula informacyjna RODO: <a href=\"https:\/\/us.edu.pl\/szkola-doktorska\/wp-content\/uploads\/sites\/50\/2026\/klauzula-RODO-konkursy-IDB-dla-doktorantow.pdf\" class=\"mtli_attachment mtli_pdf\" data-mtli=\"mtli_filesize156,11kB\" class=\"mtli_attachment mtli_pdf\" data-mtli=\"mtli_filesize156,11kB\">klauzula RODO konkursy IDB dla doktorant\u00f3w<\/a><\/p>\n<style type=\"text\/css\">a[data-mtli~=\"mtli_filesize291,21kB\"]:after {content:\" (291,21 kB)\"}a[data-mtli~=\"mtli_filesize156,11kB\"]:after {content:\" (156,11 kB)\"}<\/style><\/div>\r\n                    <\/div>\r\n                <\/div>[vc_row_inner][vc_column_inner][\/vc_column_inner][\/vc_row_inner][\/vc_column][\/vc_row]<\/p>\n<style type=\"text\/css\">a[data-mtli~=\"mtli_filesize291,21kB\"]:after {content:\" (291,21 kB)\"}a[data-mtli~=\"mtli_filesize156,11kB\"]:after {content:\" (156,11 kB)\"}<\/style>","protected":false},"excerpt":{"rendered":"<p>[vc_row][vc_column][vc_row_inner][vc_column_inner][\/vc_column_inner][\/vc_row_inner][\/vc_column][\/vc_row] [&#8230;]<\/p>\n<p><a class=\"btn btn-secondary understrap-read-more-link\" href=\"https:\/\/us.edu.pl\/szkola-doktorska\/srodki-na-dzialalnosc-naukowa-doktorantow-2026\/konkursy-dla-doktorantow-srodki-na-dzialalnosc-naukowa-2026\/\">Read More&#8230;<\/a><\/p>\n","protected":false},"author":42,"featured_media":0,"parent":25242,"menu_order":0,"comment_status":"closed","ping_status":"closed","template":"","meta":{"_expiration-date-status":"","_expiration-date":0,"_expiration-date-type":"","_expiration-date-categories":[],"_expiration-date-options":[]},"acf":[],"_links":{"self":[{"href":"https:\/\/us.edu.pl\/szkola-doktorska\/wp-json\/wp\/v2\/pages\/25244"}],"collection":[{"href":"https:\/\/us.edu.pl\/szkola-doktorska\/wp-json\/wp\/v2\/pages"}],"about":[{"href":"https:\/\/us.edu.pl\/szkola-doktorska\/wp-json\/wp\/v2\/types\/page"}],"author":[{"embeddable":true,"href":"https:\/\/us.edu.pl\/szkola-doktorska\/wp-json\/wp\/v2\/users\/42"}],"replies":[{"embeddable":true,"href":"https:\/\/us.edu.pl\/szkola-doktorska\/wp-json\/wp\/v2\/comments?post=25244"}],"version-history":[{"count":3,"href":"https:\/\/us.edu.pl\/szkola-doktorska\/wp-json\/wp\/v2\/pages\/25244\/revisions"}],"predecessor-version":[{"id":25326,"href":"https:\/\/us.edu.pl\/szkola-doktorska\/wp-json\/wp\/v2\/pages\/25244\/revisions\/25326"}],"up":[{"embeddable":true,"href":"https:\/\/us.edu.pl\/szkola-doktorska\/wp-json\/wp\/v2\/pages\/25242"}],"wp:attachment":[{"href":"https:\/\/us.edu.pl\/szkola-doktorska\/wp-json\/wp\/v2\/media?parent=25244"}],"curies":[{"name":"wp","href":"https:\/\/api.w.org\/{rel}","templated":true}]}}