{"id":25322,"date":"2026-04-02T16:05:44","date_gmt":"2026-04-02T14:05:44","guid":{"rendered":"https:\/\/us.edu.pl\/szkola-doktorska\/?page_id=25322"},"modified":"2026-04-02T16:05:44","modified_gmt":"2026-04-02T14:05:44","slug":"zadania-badawcze-doktorantow-projekty-finansowane-ze-srodkow-programu-inicjatywa-doskonalosci-badawczej-2026","status":"publish","type":"page","link":"https:\/\/us.edu.pl\/szkola-doktorska\/srodki-na-dzialalnosc-naukowa-doktorantow-2026\/konkursy-dla-doktorantow-srodki-na-dzialalnosc-naukowa-2026\/zadania-badawcze-doktorantow-projekty-finansowane-ze-srodkow-programu-inicjatywa-doskonalosci-badawczej-2026\/","title":{"rendered":"Zadania badawcze doktorant\u00f3w &#8211; projekty finansowane ze \u015brodk\u00f3w programu Inicjatywa Doskona\u0142o\u015bci Badawczej 2026"},"content":{"rendered":"<p>[vc_row][vc_column]\r\n                <div class=\"text-modules\">\r\n                    <div class=\"container\">\r\n                        <h3 class=\"page-title text__title\">Zadania badawcze doktorant\u00f3w - projekty finansowane ze \u015brodk\u00f3w programu Inicjatywa Doskona\u0142o\u015bci Badawczej 2026<\/h3>\r\n                        <div class=\"text-modules__content\"><p>\u015arodki przyznane w konkursie Zadania badawcze doktorant\u00f3w w ramach programu Inicjatywa Doskona\u0142o\u015bci Badawczej 2026<\/p>\n<\/div>\r\n                    <\/div>\r\n                <\/div>[\/vc_column][\/vc_row][vc_row][vc_column]\r\n                <div class=\"text-modules\">\r\n                    <div class=\"container\">\r\n                        \r\n                        <div class=\"text-modules__content\"><\/p>\n<table style=\"height: 12px; width: 100.155%;\" border=\"1\" width=\"101.732%\">\n<tbody>\n<tr style=\"height: 10px;\">\n<td style=\"width: 4.70796%; height: 72px;\" width=\"49\"><strong>No.<\/strong><\/td>\n<td style=\"width: 22.0606%; height: 72px;\" width=\"221\"><strong>Name and last name \/ Imi\u0119 i nazwisko<\/strong><\/td>\n<td style=\"width: 12.8956%;\"><strong>Doctoral school \/ Szko\u0142a doktorska<br \/>\n<\/strong><\/td>\n<td style=\"width: 12.8956%; height: 72px;\" width=\"211\"><strong>Scientific discipline \/ Dyscyplina naukowa<\/strong><\/td>\n<td style=\"width: 38.9206%; height: 72px;\" width=\"258\"><strong>Nazwa zadania badawczego \/ Name of the research task<\/strong><\/td>\n<td style=\"width: 7.61481%; height: 72px;\" width=\"135\"><strong>Allocated funds \/ Przyznane \u015brodki<\/strong><\/td>\n<\/tr>\n<tr>\n<td style=\"width: 4.70796%;\" width=\"142\">1.<\/td>\n<td style=\"width: 22.0606%;\" width=\"142\">\u0141atacz Natalia<\/td>\n<td style=\"width: 12.8956%;\" width=\"142\">M\u015aSD<\/td>\n<td style=\"width: 12.8956%;\" width=\"318\">Earth and related environmental sciences (nauki o Ziemi i \u015brodowisku)<\/td>\n<td style=\"width: 38.9206%;\" width=\"64\">Badania terenowe dot. zmian w obr\u0119bie klif\u00f3w lodowych lodowc\u00f3w otoczenia fiordu Hornsund (Svalbard)<\/td>\n<td style=\"width: 7.61481%;\" width=\"171\">7 500,00 PLN<\/td>\n<\/tr>\n<tr>\n<td style=\"width: 4.70796%;\">2.<\/td>\n<td style=\"width: 22.0606%;\">Manocha Akshay Raj<\/td>\n<td style=\"width: 12.8956%;\">M\u015aSD<\/td>\n<td style=\"width: 12.8956%;\">Earth and related environmental sciences (nauki o Ziemi i \u015brodowisku)<\/td>\n<td style=\"width: 38.9206%;\">International Conference<\/td>\n<td style=\"width: 7.61481%;\">7 207,00 PLN<\/td>\n<\/tr>\n<tr>\n<td style=\"width: 4.70796%;\">3.<\/td>\n<td style=\"width: 22.0606%;\">Saferna Dawid<\/td>\n<td style=\"width: 12.8956%;\">M\u015aSD<\/td>\n<td style=\"width: 12.8956%;\">Earth and related environmental sciences (nauki o Ziemi i \u015brodowisku)<\/td>\n<td style=\"width: 38.9206%;\">Badania batymetryczne Po\u0142udniowego Spitsbergenu<\/td>\n<td style=\"width: 7.61481%;\">7 500,00 PLN<\/td>\n<\/tr>\n<tr>\n<td style=\"width: 4.70796%;\">4.<\/td>\n<td style=\"width: 22.0606%;\">Zaj\u0105c Julia<\/td>\n<td style=\"width: 12.8956%;\">M\u015aSD<\/td>\n<td style=\"width: 12.8956%;\">materials engineering (in\u017cynieria materia\u0142owa)<\/td>\n<td style=\"width: 38.9206%;\">Opracowanie i optymalizacja proces\u00f3w wytwarzania wielosk\u0142adnikowych stop\u00f3w Zr\u2013Nb\u2013Mo metodami metalurgii proszk\u00f3w i topienia \u0142ukowego z wykorzystaniem kontrolowanych warunk\u00f3w syntezy wysokotemperaturowej.<\/td>\n<td style=\"width: 7.61481%;\">3 000,00 PLN<\/td>\n<\/tr>\n<tr>\n<td style=\"width: 4.70796%;\">5.<\/td>\n<td style=\"width: 22.0606%;\">Paszek Weronika<\/td>\n<td style=\"width: 12.8956%;\">SD<\/td>\n<td style=\"width: 12.8956%;\">history (historia)<\/td>\n<td style=\"width: 38.9206%;\">zgromadzenie materia\u0142u badawczego dotycz\u0105cego rodu Radziwi\u0142\u0142\u00f3w<\/td>\n<td style=\"width: 7.61481%;\">1 290,34 PLN<\/td>\n<\/tr>\n<tr>\n<td style=\"width: 4.70796%;\">6.<\/td>\n<td style=\"width: 22.0606%;\">Roter Kamil<\/td>\n<td style=\"width: 12.8956%;\">SD<\/td>\n<td style=\"width: 12.8956%;\">history (historia)<\/td>\n<td style=\"width: 38.9206%;\">Kwerenda archiwalna w Archiwum G\u0142\u00f3wnym Akt Dawnych w Warszawie oraz Bibliotece Narodowej<\/td>\n<td style=\"width: 7.61481%;\">2 685,00 PLN<\/td>\n<\/tr>\n<tr>\n<td style=\"width: 4.70796%;\">7.<\/td>\n<td style=\"width: 22.0606%;\">Zaborowska Wiktoria<\/td>\n<td style=\"width: 12.8956%;\">SD<\/td>\n<td style=\"width: 12.8956%;\">history (historia)<\/td>\n<td style=\"width: 38.9206%;\">Augustae et Matres. Analiza ikonografii rzymskich cesarzowych III wieku w mennictwie centralnym i prowincjonalnym. Kwerenda \u017ar\u00f3d\u0142owa w zbiorach Gabinetu Monet i Medali Muzeum Narodowego w Warszawie.<\/td>\n<td style=\"width: 7.61481%;\">2 685,00 PLN<\/td>\n<\/tr>\n<tr>\n<td style=\"width: 4.70796%;\">8.<\/td>\n<td style=\"width: 22.0606%;\">Gryncewicz Katarzyna<\/td>\n<td style=\"width: 12.8956%;\">SD<\/td>\n<td style=\"width: 12.8956%;\">linguistics (j\u0119zykoznawstwo)<\/td>\n<td style=\"width: 38.9206%;\">Czynny udzia\u0142 w mi\u0119dzynarodowej konferencji naukowej \u201eKomparativnoslavisti\u010dke lingvokulturalne teme. 3. KOMPAS\u201d<\/td>\n<td style=\"width: 7.61481%;\">4 245,00 PLN<\/td>\n<\/tr>\n<tr>\n<td style=\"width: 4.70796%;\">9.<\/td>\n<td style=\"width: 22.0606%;\">Kraus Marta<\/td>\n<td style=\"width: 12.8956%;\">SD<\/td>\n<td style=\"width: 12.8956%;\">linguistics (j\u0119zykoznawstwo)<\/td>\n<td style=\"width: 38.9206%;\">wyjazd na konferencj\u0119 zagraniczn\u0105<\/td>\n<td style=\"width: 7.61481%;\">4 000,00 PLN<\/td>\n<\/tr>\n<tr>\n<td style=\"width: 4.70796%;\">10.<\/td>\n<td style=\"width: 22.0606%;\">Moskal Marlena<\/td>\n<td style=\"width: 12.8956%;\">SD<\/td>\n<td style=\"width: 12.8956%;\">linguistics (j\u0119zykoznawstwo)<\/td>\n<td style=\"width: 38.9206%;\">Zagraniczna konferencja naukowa<\/td>\n<td style=\"width: 7.61481%;\">4 725,00 PLN<\/td>\n<\/tr>\n<tr>\n<td style=\"width: 4.70796%;\">11.<\/td>\n<td style=\"width: 22.0606%;\">Zalega Jan<\/td>\n<td style=\"width: 12.8956%;\">SD<\/td>\n<td style=\"width: 12.8956%;\">linguistics (j\u0119zykoznawstwo)<\/td>\n<td style=\"width: 38.9206%;\">Zagraniczna Konferencja Naukowa<\/td>\n<td style=\"width: 7.61481%;\">6 025,00 PLN<\/td>\n<\/tr>\n<tr>\n<td style=\"width: 4.70796%;\">12.<\/td>\n<td style=\"width: 22.0606%;\">Dusza Julia<\/td>\n<td style=\"width: 12.8956%;\">SD<\/td>\n<td style=\"width: 12.8956%;\">literary studies (literaturoznawstwo)<\/td>\n<td style=\"width: 38.9206%;\">Kwerenda biblioteczna<\/td>\n<td style=\"width: 7.61481%;\">657,00 PLN<\/td>\n<\/tr>\n<tr>\n<td style=\"width: 4.70796%;\">13.<\/td>\n<td style=\"width: 22.0606%;\">Ko\u0142odziej Dorota<\/td>\n<td style=\"width: 12.8956%;\">SD<\/td>\n<td style=\"width: 12.8956%;\">literary studies (literaturoznawstwo)<\/td>\n<td style=\"width: 38.9206%;\">Analiza por\u00f3wnawcza inspirowanej cybernetyk\u0105 tw\u00f3rczo\u015bci Witolda Wirpszy uwzgl\u0119dniaj\u0105ca neoawangardowe eksperymenty z Europy Zachodniej<\/td>\n<td style=\"width: 7.61481%;\">6 049,00 PLN<\/td>\n<\/tr>\n<tr>\n<td style=\"width: 4.70796%;\">14.<\/td>\n<td style=\"width: 22.0606%;\">Warbisch Marcel<\/td>\n<td style=\"width: 12.8956%;\">SD<\/td>\n<td style=\"width: 12.8956%;\">literary studies (literaturoznawstwo)<\/td>\n<td style=\"width: 38.9206%;\">Interpretacja praktyk logowizualnych w kontek\u015bcie wsp\u00f3\u0142czesnych teorii afektu i reprezentacji<\/td>\n<td style=\"width: 7.61481%;\">3 485,00 PLN<\/td>\n<\/tr>\n<tr>\n<td style=\"width: 4.70796%;\">15.<\/td>\n<td style=\"width: 22.0606%;\">Moczarska Wiktoria<\/td>\n<td style=\"width: 12.8956%;\">SD<\/td>\n<td style=\"width: 12.8956%;\">philosophy (filozofia)<\/td>\n<td style=\"width: 38.9206%;\">Aktywny udzia\u0142 w zagranicznej konferencji naukowej ISAZ 2026<\/td>\n<td style=\"width: 7.61481%;\">5 397,55 PLN<\/td>\n<\/tr>\n<tr>\n<td style=\"width: 4.70796%;\">16.<\/td>\n<td style=\"width: 22.0606%;\">Nied\u017awiecki Dominik<\/td>\n<td style=\"width: 12.8956%;\">SD<\/td>\n<td style=\"width: 12.8956%;\">Polish studies (polonistyka)<\/td>\n<td style=\"width: 38.9206%;\">Opracowanie og\u00f3lnej typologii odautorskich element\u00f3w s\u0142ownych w partyturach polskiej muzyki wsp\u00f3\u0142czesnej<\/td>\n<td style=\"width: 7.61481%;\">575,00 PLN<\/td>\n<\/tr>\n<tr>\n<td style=\"width: 4.70796%;\">17.<\/td>\n<td style=\"width: 22.0606%;\">Franke Paula<\/td>\n<td style=\"width: 12.8956%;\">SD<\/td>\n<td style=\"width: 12.8956%;\">biological sciences (nauki biologiczne)<\/td>\n<td style=\"width: 38.9206%;\">Wyjazd i prezentacja wynik\u00f3w projektu doktorskiego na mi\u0119dzynarodowej konferencji naukowej \u201eThe 9th Asia-Pacific Chromosome Colloquium (APCC9)\u201d (Chiba, Japonia)<\/td>\n<td style=\"width: 7.61481%;\">7 500,00 PLN<\/td>\n<\/tr>\n<tr>\n<td style=\"width: 4.70796%;\">18.<\/td>\n<td style=\"width: 22.0606%;\">Jendrzejek Bartosz<\/td>\n<td style=\"width: 12.8956%;\">SD<\/td>\n<td style=\"width: 12.8956%;\">biological sciences (nauki biologiczne)<\/td>\n<td style=\"width: 38.9206%;\">Zadanie 8. Analiza zale\u017cno\u015bci mi\u0119dzy w\u0142a\u015bciwo\u015bciami fizykochemicznymi gleby, aktywno\u015bci\u0105 enzymatyczn\u0105 i struktur\u0105 mikroorganizm\u00f3w<\/td>\n<td style=\"width: 7.61481%;\">1 000,00 PLN<\/td>\n<\/tr>\n<tr>\n<td style=\"width: 4.70796%;\">19.<\/td>\n<td style=\"width: 22.0606%;\">Kasztowski Jacek<\/td>\n<td style=\"width: 12.8956%;\">SD<\/td>\n<td style=\"width: 12.8956%;\">biological sciences (nauki biologiczne)<\/td>\n<td style=\"width: 38.9206%;\">Analiza sieci ekologicznych<\/td>\n<td style=\"width: 7.61481%;\">1 000,00 PLN<\/td>\n<\/tr>\n<tr>\n<td style=\"width: 4.70796%;\">20.<\/td>\n<td style=\"width: 22.0606%;\">Shimomai Hina<\/td>\n<td style=\"width: 12.8956%;\">SD<\/td>\n<td style=\"width: 12.8956%;\">biological sciences (nauki biologiczne)<\/td>\n<td style=\"width: 38.9206%;\">Characterisation of nucleoli in Nicotiana bethamiana FIB1: GFP mutants<\/td>\n<td style=\"width: 7.61481%;\">2 700,00 PLN<\/td>\n<\/tr>\n<tr>\n<td style=\"width: 4.70796%;\">21.<\/td>\n<td style=\"width: 22.0606%;\">Szwajczak Ewa<\/td>\n<td style=\"width: 12.8956%;\">SD<\/td>\n<td style=\"width: 12.8956%;\">biological sciences (nauki biologiczne)<\/td>\n<td style=\"width: 38.9206%;\">Publikacja artyku\u0142u naukowego w otwartym dost\u0119pie \u2013 op\u0142ata APC<\/td>\n<td style=\"width: 7.61481%;\">6 200,00 PLN<\/td>\n<\/tr>\n<tr>\n<td style=\"width: 4.70796%;\">22.<\/td>\n<td style=\"width: 22.0606%;\">Wittocx Hilke<\/td>\n<td style=\"width: 12.8956%;\">SD<\/td>\n<td style=\"width: 12.8956%;\">biological sciences (nauki biologiczne)<\/td>\n<td style=\"width: 38.9206%;\">Participation in conferences<\/td>\n<td style=\"width: 7.61481%;\">5 000,00 PLN<\/td>\n<\/tr>\n<tr>\n<td style=\"width: 4.70796%;\">23.<\/td>\n<td style=\"width: 22.0606%;\">Auer Marcin<\/td>\n<td style=\"width: 12.8956%;\">SD<\/td>\n<td style=\"width: 12.8956%;\">biomedical engineering (in\u017cynieria biomedyczna)<\/td>\n<td style=\"width: 38.9206%;\">Sporz\u0105dzenie sieci inteligentnych sensor\u00f3w<\/td>\n<td style=\"width: 7.61481%;\">1 000,00 PLN<\/td>\n<\/tr>\n<tr>\n<td style=\"width: 4.70796%;\">24.<\/td>\n<td style=\"width: 22.0606%;\">Mrowiec Aleksandra<\/td>\n<td style=\"width: 12.8956%;\">SD<\/td>\n<td style=\"width: 12.8956%;\">biomedical engineering (in\u017cynieria biomedyczna)<\/td>\n<td style=\"width: 38.9206%;\">III.1 \u2013 Thermographic studies of children with lateral spine curvature (kyphosis)\u00a0 III.2 \u2013 Analysis of the correlation between temperature gradients and curvature of spinal curvature<\/td>\n<td style=\"width: 7.61481%;\">800,00 PLN<\/td>\n<\/tr>\n<tr>\n<td style=\"width: 4.70796%;\">25.<\/td>\n<td style=\"width: 22.0606%;\">Dadzie Benjamin Mensah<\/td>\n<td style=\"width: 12.8956%;\">SD<\/td>\n<td style=\"width: 12.8956%;\">Computer and information sciences (informatyka)<\/td>\n<td style=\"width: 38.9206%;\">Noise-Tolerant Multi-View Concept Drift Detection Based on Statistical Fusion<\/td>\n<td style=\"width: 7.61481%;\">7 000,00 PLN<\/td>\n<\/tr>\n<tr>\n<td style=\"width: 4.70796%;\">26.<\/td>\n<td style=\"width: 22.0606%;\">Kusztal Katarzyna<\/td>\n<td style=\"width: 12.8956%;\">SD<\/td>\n<td style=\"width: 12.8956%;\">Computer and information sciences (informatyka)<\/td>\n<td style=\"width: 38.9206%;\">Czynny udzia\u0142 w mi\u0119dzynarodowej konferencji naukowej ICCS 2026 w Hamburgu<\/td>\n<td style=\"width: 7.61481%;\">7 500,00 PLN<\/td>\n<\/tr>\n<tr>\n<td style=\"width: 4.70796%;\">27.<\/td>\n<td style=\"width: 22.0606%;\">Janik Krzysztof<\/td>\n<td style=\"width: 12.8956%;\">SD<\/td>\n<td style=\"width: 12.8956%;\">Earth and related environmental sciences (nauki o Ziemi i \u015brodowisku)<\/td>\n<td style=\"width: 38.9206%;\">Wyjazd na konferencj\u0119 zagraniczn\u0105 &#8222;IAH 2026 World Groundwater Congress&#8221;<\/td>\n<td style=\"width: 7.61481%;\">4 100,00 PLN<\/td>\n<\/tr>\n<tr>\n<td style=\"width: 4.70796%;\">28.<\/td>\n<td style=\"width: 22.0606%;\">Lalik Martyna<\/td>\n<td style=\"width: 12.8956%;\">SD<\/td>\n<td style=\"width: 12.8956%;\">Earth and related environmental sciences (nauki o Ziemi i \u015brodowisku)<\/td>\n<td style=\"width: 38.9206%;\">Fitoremediacja gleb zanieczyszczonych odciekami<\/td>\n<td style=\"width: 7.61481%;\">5 000,00 PLN<\/td>\n<\/tr>\n<tr>\n<td style=\"width: 4.70796%;\">29.<\/td>\n<td style=\"width: 22.0606%;\">Pyryt Piotr<\/td>\n<td style=\"width: 12.8956%;\">SD<\/td>\n<td style=\"width: 12.8956%;\">Earth and related environmental sciences (nauki o Ziemi i \u015brodowisku)<\/td>\n<td style=\"width: 38.9206%;\">Zad. VI.V: Udzia\u0142 w konferencji \u2013 The General Assembly 2027 of the European Geosciences Union (EGU)<\/td>\n<td style=\"width: 7.61481%;\">910,00 PLN<\/td>\n<\/tr>\n<tr>\n<td style=\"width: 4.70796%;\">30.<\/td>\n<td style=\"width: 22.0606%;\">Czempik Adam<\/td>\n<td style=\"width: 12.8956%;\">SD<\/td>\n<td style=\"width: 12.8956%;\">physical sciences (nauki fizyczne)<\/td>\n<td style=\"width: 38.9206%;\">Performing M\u00f6ssbauer spectrometry measurements of MFe2O4@SiO2 GO-functionalized nanocomposites<\/td>\n<td style=\"width: 7.61481%;\">7 500,00 PLN<\/td>\n<\/tr>\n<tr>\n<td style=\"width: 4.70796%;\">31.<\/td>\n<td style=\"width: 22.0606%;\">Bura Zuzanna<\/td>\n<td style=\"width: 12.8956%;\">SD<\/td>\n<td style=\"width: 12.8956%;\">law (nauki prawne)<\/td>\n<td style=\"width: 38.9206%;\">VI. Konferencje<\/td>\n<td style=\"width: 7.61481%;\">6 238,17 PLN<\/td>\n<\/tr>\n<tr>\n<td style=\"width: 4.70796%;\">32.<\/td>\n<td style=\"width: 22.0606%;\">Sikorska Wiktoria<\/td>\n<td style=\"width: 12.8956%;\">SD<\/td>\n<td style=\"width: 12.8956%;\">law (nauki prawne)<\/td>\n<td style=\"width: 38.9206%;\">Projekt regulacji norm przeciwko podrobionym produktom rzemie\u015blniczym i przemys\u0142owym, w tym sprzedawanym przez Internet<\/td>\n<td style=\"width: 7.61481%;\">2 000,00 PLN<\/td>\n<\/tr>\n<tr>\n<td style=\"width: 4.70796%;\">33.<\/td>\n<td style=\"width: 22.0606%;\">Bandarzewska Weronika Felicja<\/td>\n<td style=\"width: 12.8956%;\">SD<\/td>\n<td style=\"width: 12.8956%;\">psychology (psychologia)<\/td>\n<td style=\"width: 38.9206%;\">Badanie 1 \u2013 Analiza relacji mi\u0119dzy sadyzmem codziennym a pogl\u0105dami moralnymi (utylitaryzmem)<\/td>\n<td style=\"width: 7.61481%;\">4 000,00 PLN<\/td>\n<\/tr>\n<tr>\n<td style=\"width: 4.70796%;\">34.<\/td>\n<td style=\"width: 22.0606%;\">Nowacki Ari<\/td>\n<td style=\"width: 12.8956%;\">SD<\/td>\n<td style=\"width: 12.8956%;\">psychology (psychologia)<\/td>\n<td style=\"width: 38.9206%;\">Badanie 2. 10-dniowe badanie dzienniczkowe w\u015br\u00f3d nieadaptacyjnych marzycieli na jawie<\/td>\n<td style=\"width: 7.61481%;\">6 584,89 PLN<\/td>\n<\/tr>\n<tr>\n<td style=\"width: 4.70796%;\">35.<\/td>\n<td style=\"width: 22.0606%;\">Kandzia Paulina<\/td>\n<td style=\"width: 12.8956%;\">SD<\/td>\n<td style=\"width: 12.8956%;\">social and economic geography and spatial management (geografia spo\u0142eczno-ekonomiczna i gospodarka przestrzenna)<\/td>\n<td style=\"width: 38.9206%;\">Czynny udzia\u0142 w mi\u0119dzynarodowej konferencji naukowej PECSRL 2026 wraz z prezentacj\u0105 referatu<\/td>\n<td style=\"width: 7.61481%;\">6 605,00 PLN<\/td>\n<\/tr>\n<\/tbody>\n<\/table>\n<p>\n<\/div>\r\n                    <\/div>\r\n                <\/div>[\/vc_column][\/vc_row]<\/p>","protected":false},"excerpt":{"rendered":"<p>[vc_row][vc_column][\/vc_column][\/vc_row][vc_row][vc_column][\/vc_column][\/vc_row] [&#8230;]<\/p>\n<p><a class=\"btn btn-secondary understrap-read-more-link\" href=\"https:\/\/us.edu.pl\/szkola-doktorska\/srodki-na-dzialalnosc-naukowa-doktorantow-2026\/konkursy-dla-doktorantow-srodki-na-dzialalnosc-naukowa-2026\/zadania-badawcze-doktorantow-projekty-finansowane-ze-srodkow-programu-inicjatywa-doskonalosci-badawczej-2026\/\">Read More&#8230;<\/a><\/p>\n","protected":false},"author":42,"featured_media":0,"parent":25244,"menu_order":0,"comment_status":"closed","ping_status":"closed","template":"","meta":{"_expiration-date-status":"","_expiration-date":0,"_expiration-date-type":"","_expiration-date-categories":[],"_expiration-date-options":[]},"acf":[],"_links":{"self":[{"href":"https:\/\/us.edu.pl\/szkola-doktorska\/wp-json\/wp\/v2\/pages\/25322"}],"collection":[{"href":"https:\/\/us.edu.pl\/szkola-doktorska\/wp-json\/wp\/v2\/pages"}],"about":[{"href":"https:\/\/us.edu.pl\/szkola-doktorska\/wp-json\/wp\/v2\/types\/page"}],"author":[{"embeddable":true,"href":"https:\/\/us.edu.pl\/szkola-doktorska\/wp-json\/wp\/v2\/users\/42"}],"replies":[{"embeddable":true,"href":"https:\/\/us.edu.pl\/szkola-doktorska\/wp-json\/wp\/v2\/comments?post=25322"}],"version-history":[{"count":1,"href":"https:\/\/us.edu.pl\/szkola-doktorska\/wp-json\/wp\/v2\/pages\/25322\/revisions"}],"predecessor-version":[{"id":25324,"href":"https:\/\/us.edu.pl\/szkola-doktorska\/wp-json\/wp\/v2\/pages\/25322\/revisions\/25324"}],"up":[{"embeddable":true,"href":"https:\/\/us.edu.pl\/szkola-doktorska\/wp-json\/wp\/v2\/pages\/25244"}],"wp:attachment":[{"href":"https:\/\/us.edu.pl\/szkola-doktorska\/wp-json\/wp\/v2\/media?parent=25322"}],"curies":[{"name":"wp","href":"https:\/\/api.w.org\/{rel}","templated":true}]}}