{"id":25330,"date":"2026-04-07T09:34:21","date_gmt":"2026-04-07T07:34:21","guid":{"rendered":"https:\/\/us.edu.pl\/szkola-doktorska\/?page_id=25330"},"modified":"2026-04-07T09:34:21","modified_gmt":"2026-04-07T07:34:21","slug":"procedura-powolania-komisji-ewaluacyjnych-dla-doktorantow-i-roku-w-roku-akademickim-2025-2026","status":"publish","type":"page","link":"https:\/\/us.edu.pl\/szkola-doktorska\/ocena-srodokresowa\/procedura-powolania-komisji-ewaluacyjnych-dla-doktorantow-i-roku-w-roku-akademickim-2025-2026\/","title":{"rendered":"Procedura powo\u0142ania komisji ewaluacyjnych dla doktorant\u00f3w I roku w roku akademickim 2025\/2026"},"content":{"rendered":"<p>[vc_row][vc_column]\r\n                <div class=\"text-modules\">\r\n                    <div class=\"container\">\r\n                        <h3 class=\"page-title text__title\">Procedura powo\u0142ania komisji ewaluacyjnych dla doktorant\u00f3w I roku w roku akademickim 2025\/2026<\/h3>\r\n                        <div class=\"text-modules__content\"><p><strong>I<\/strong><\/p>\n<p><strong>Promotorzy \u2013 <span style=\"text-decoration: underline;\">do 7 maja<\/span><\/strong> \u2013 przedstawiaj\u0105 propozycj\u0119 5 kandydat\u00f3w do komisji ewaluacyjnej doktoranta.<\/p>\n<p>Wymagania co do listy kandydat\u00f3w:<\/p>\n<ol>\n<li>Co najmniej 2 osoby to nauczyciele akademiccy zatrudnieni w Uniwersytecie \u015al\u0105skim, posiadaj\u0105cy stopie\u0144 doktora habilitowanego lub tytu\u0142 profesora.<\/li>\n<li>Co najmniej 2 osoby to nauczyciele akademiccy spe\u0142niaj\u0105cy jeden z warunk\u00f3w:\n<ul>\n<li>zatrudniony w innej <span style=\"text-decoration: underline;\">krajowej uczelni lub jednostce badawczej<\/span>, posiadaj\u0105cy stopie\u0144 doktora habilitowanego lub tytu\u0142 profesora w dyscyplinie, w kt\u00f3rej doktorant przygotowuje rozpraw\u0119 doktorsk\u0105<\/li>\n<li>zatrudniony <span style=\"text-decoration: underline;\">w zagranicznej uczelni lub jednostce badawczej<\/span>, posiada znacz\u0105ce osi\u0105gni\u0119cia w zakresie zagadnie\u0144 naukowych, kt\u00f3rych dotyczy rozprawa doktorska<\/li>\n<\/ul>\n<\/li>\n<li>Pi\u0105ta osoba &#8211; powinna spe\u0142nia\u0107 warunek 1 lub 2 przy czym nauczyciel akademicki zatrudniony na U\u015a mo\u017ce mie\u0107 stopie\u0144 doktora.<\/li>\n<\/ol>\n<p>Zadaniem promotora jest uzyskanie wst\u0119pnej akceptacji tych os\u00f3b na prac\u0119 w roli cz\u0142onka komisji ewaluacyjnej doktoranta, przy jednoczesnej informacji, \u017ce ostateczny wyb\u00f3r trzech spo\u015br\u00f3d kandydat\u00f3w nale\u017ce\u0107 b\u0119dzie do dyrektora instytutu; kandydatom do pracy w komisji ewaluacyjnej warto przekaza\u0107 informacj\u0119 o dzia\u0142aniu komisji: <a href=\"https:\/\/us.edu.pl\/szkola-doktorska\/ocena-srodokresowa\/\">https:\/\/us.edu.pl\/szkola-doktorska\/ocena-srodokresowa\/<\/a><\/p>\n<p>Zestawienie tych os\u00f3b w tabeli (za\u0142\u0105cznik: <a href=\"https:\/\/us.edu.pl\/szkola-doktorska\/wp-content\/uploads\/sites\/50\/ewaluacja\/komisje-ewaluacyjne-dla-doktorantow-z-rocznika-2023-formularz-dla-promotorow.xlsx\" class=\"mtli_attachment mtli_xlsx\" class=\"mtli_attachment mtli_xlsx\">komisje ewaluacyjne dla doktorant\u00f3w &#8211; formularz dla promotor\u00f3w<\/a>) nale\u017cy przes\u0142a\u0107 <strong>do 7 maja<\/strong> do biura Szko\u0142y Doktorskiej do p. Agnieszki Szewczyk (<a href=\"mailto:agnieszka.a.szewczyk@us.edu.pl\">agnieszka.a.szewczyk@us.edu.pl<\/a>; do wiadomo\u015bci <a href=\"mailto:szkola.doktorska@us.edu.pl\">szkola.doktorska@us.edu.pl<\/a>)<\/p>\n<p><strong>II<\/strong><\/p>\n<p>Biuro Szko\u0142y Doktorskiej przekazuje zweryfikowane propozycje do dyrektor\u00f3w w\u0142a\u015bciwych instytut\u00f3w. <strong>Dyrektor instytutu <\/strong>wybiera z przedstawionej listy 3 osoby. Pozosta\u0142e osoby biuro SD traktuje jako rezerwowe, w przypadku konieczno\u015bci zmiany cz\u0142onka komisji.<\/p>\n<p>Je\u017celi dyrektor instytutu ma w\u0105tpliwo\u015bci co do bezstronno\u015bci kt\u00f3rej\u015b z os\u00f3b zaproponowanych przez promotora, przedstawia te w\u0105tpliwo\u015bci w odpowiedzi do biura SD. Je\u017celi w\u0105tpliwo\u015bci dotycz\u0105 wi\u0119kszej liczby os\u00f3b i z tego powodu nie ma mo\u017cliwo\u015bci wyznaczenia trzech cz\u0142onk\u00f3w zgodnie z za\u0142o\u017ceniami, dyrektor instytutu przedstawia swoj\u0105 propozycj\u0119 cz\u0142onka komisji wraz z uzasadnieniem.<\/p>\n<p><strong>III<\/strong><\/p>\n<p><strong>Biuro Szko\u0142y Doktorskiej<\/strong> kontaktuje si\u0119 z wybranymi osobami i pyta o zgod\u0119. Po akceptacji, <strong>dziekan Szko\u0142y Doktorskiej<\/strong> powo\u0142uje komisje zarz\u0105dzeniem, a biuro informuje o harmonogramie prac.<\/p>\n<\/div>\r\n                    <\/div>\r\n                <\/div>[\/vc_column][\/vc_row]<\/p>","protected":false},"excerpt":{"rendered":"<p>[vc_row][vc_column][\/vc_column][\/vc_row] [&#8230;]<\/p>\n<p><a class=\"btn btn-secondary understrap-read-more-link\" href=\"https:\/\/us.edu.pl\/szkola-doktorska\/ocena-srodokresowa\/procedura-powolania-komisji-ewaluacyjnych-dla-doktorantow-i-roku-w-roku-akademickim-2025-2026\/\">Read More&#8230;<\/a><\/p>\n","protected":false},"author":42,"featured_media":0,"parent":5680,"menu_order":0,"comment_status":"closed","ping_status":"closed","template":"","meta":{"_expiration-date-status":"","_expiration-date":0,"_expiration-date-type":"","_expiration-date-categories":[],"_expiration-date-options":[]},"acf":[],"_links":{"self":[{"href":"https:\/\/us.edu.pl\/szkola-doktorska\/wp-json\/wp\/v2\/pages\/25330"}],"collection":[{"href":"https:\/\/us.edu.pl\/szkola-doktorska\/wp-json\/wp\/v2\/pages"}],"about":[{"href":"https:\/\/us.edu.pl\/szkola-doktorska\/wp-json\/wp\/v2\/types\/page"}],"author":[{"embeddable":true,"href":"https:\/\/us.edu.pl\/szkola-doktorska\/wp-json\/wp\/v2\/users\/42"}],"replies":[{"embeddable":true,"href":"https:\/\/us.edu.pl\/szkola-doktorska\/wp-json\/wp\/v2\/comments?post=25330"}],"version-history":[{"count":1,"href":"https:\/\/us.edu.pl\/szkola-doktorska\/wp-json\/wp\/v2\/pages\/25330\/revisions"}],"predecessor-version":[{"id":25331,"href":"https:\/\/us.edu.pl\/szkola-doktorska\/wp-json\/wp\/v2\/pages\/25330\/revisions\/25331"}],"up":[{"embeddable":true,"href":"https:\/\/us.edu.pl\/szkola-doktorska\/wp-json\/wp\/v2\/pages\/5680"}],"wp:attachment":[{"href":"https:\/\/us.edu.pl\/szkola-doktorska\/wp-json\/wp\/v2\/media?parent=25330"}],"curies":[{"name":"wp","href":"https:\/\/api.w.org\/{rel}","templated":true}]}}