{"id":25333,"date":"2026-04-07T09:58:00","date_gmt":"2026-04-07T07:58:00","guid":{"rendered":"https:\/\/us.edu.pl\/szkola-doktorska\/?page_id=25333"},"modified":"2026-04-07T10:02:31","modified_gmt":"2026-04-07T08:02:31","slug":"struktura-i-wlasciwosci-stopow-metali","status":"publish","type":"page","link":"https:\/\/us.edu.pl\/szkola-doktorska\/struktura-i-wlasciwosci-stopow-metali\/","title":{"rendered":"Struktura i w\u0142a\u015bciwo\u015bci stop\u00f3w metali"},"content":{"rendered":"<p>[vc_row][vc_column]\r\n                <div class=\"text-modules \">\r\n                    <div class=\"container\">\r\n                        <h3 class=\"section-title section-title_border-bottom\">Struktura i w\u0142a\u015bciwo\u015bci stop\u00f3w metali<\/h3> \r\n                        <div class=\"row m-0\">\r\n                            <div class=\"text-modules__content\">\r\n                                Wydzia\u0142 Nauk \u015acis\u0142ych i Technicznych, ul. 75 Pu\u0142ku Piechoty 1A, 41-500 Chorz\u00f3w, sala F\/2\/4+5<\/p>\n<p>28.04.2026 11.00<\/p>\n<p>Khrystyna Khrushchyk &#8211; Nanostructuring as a factor influencing the physical and chemical properties of amorphous metal alloys based on aluminium<\/p>\n<p>Adrianna Chojnowska &#8211; Opracowanie nowych wielosk\u0142adnikowych uk\u0142ad\u00f3w metalicznych jako no\u015bnik\u00f3w dla nanocz\u0105stek do zastosowa\u0144 katalitycznych wytworzone metod\u0105 metalurgii proszk\u00f3w<\/p>\n<p>Opiekun seminarium: dr in\u017c. Izabela Matu\u0142a, prof. U\u015a \r\n                                <div class=\"mt-3\"><\/div>\r\n                            <\/div>\r\n                            \r\n                            <div class=\"text-modules__img\"><img src=\"https:\/\/us.edu.pl\/szkola-doktorska\/wp-content\/uploads\/sites\/50\/Bez-kategorii\/1200x1200_ogolny_SD_Seminaria_Obszarowe_Doktorant-w-2.png\" alt=\"img\"><\/div>\r\n                        <\/div>\r\n                    <\/div>\r\n                <\/div>[\/vc_column][\/vc_row]<\/p>","protected":false},"excerpt":{"rendered":"<p>[vc_row][vc_column][\/vc_column][\/vc_row] [&#8230;]<\/p>\n<p><a class=\"btn btn-secondary understrap-read-more-link\" href=\"https:\/\/us.edu.pl\/szkola-doktorska\/struktura-i-wlasciwosci-stopow-metali\/\">Read More&#8230;<\/a><\/p>\n","protected":false},"author":205,"featured_media":0,"parent":0,"menu_order":0,"comment_status":"closed","ping_status":"closed","template":"","meta":{"_expiration-date-status":"","_expiration-date":0,"_expiration-date-type":"","_expiration-date-categories":[],"_expiration-date-options":[]},"acf":[],"_links":{"self":[{"href":"https:\/\/us.edu.pl\/szkola-doktorska\/wp-json\/wp\/v2\/pages\/25333"}],"collection":[{"href":"https:\/\/us.edu.pl\/szkola-doktorska\/wp-json\/wp\/v2\/pages"}],"about":[{"href":"https:\/\/us.edu.pl\/szkola-doktorska\/wp-json\/wp\/v2\/types\/page"}],"author":[{"embeddable":true,"href":"https:\/\/us.edu.pl\/szkola-doktorska\/wp-json\/wp\/v2\/users\/205"}],"replies":[{"embeddable":true,"href":"https:\/\/us.edu.pl\/szkola-doktorska\/wp-json\/wp\/v2\/comments?post=25333"}],"version-history":[{"count":2,"href":"https:\/\/us.edu.pl\/szkola-doktorska\/wp-json\/wp\/v2\/pages\/25333\/revisions"}],"predecessor-version":[{"id":25337,"href":"https:\/\/us.edu.pl\/szkola-doktorska\/wp-json\/wp\/v2\/pages\/25333\/revisions\/25337"}],"wp:attachment":[{"href":"https:\/\/us.edu.pl\/szkola-doktorska\/wp-json\/wp\/v2\/media?parent=25333"}],"curies":[{"name":"wp","href":"https:\/\/api.w.org\/{rel}","templated":true}]}}