{"id":25338,"date":"2026-04-07T10:10:09","date_gmt":"2026-04-07T08:10:09","guid":{"rendered":"https:\/\/us.edu.pl\/szkola-doktorska\/?page_id=25338"},"modified":"2026-04-07T10:11:31","modified_gmt":"2026-04-07T08:11:31","slug":"seminarium-obszarowe-doktorantow-w-ramach-otwartego-seminarium-zespolu-cytogenetyki-i-biologii-molekularnej-roslin","status":"publish","type":"page","link":"https:\/\/us.edu.pl\/szkola-doktorska\/seminarium-obszarowe-doktorantow-w-ramach-otwartego-seminarium-zespolu-cytogenetyki-i-biologii-molekularnej-roslin\/","title":{"rendered":"Seminarium obszarowe doktorant\u00f3w w ramach otwartego seminarium Zespo\u0142u Cytogenetyki i Biologii Molekularnej Ro\u015blin"},"content":{"rendered":"<p>[vc_row][vc_column]\r\n                <div class=\"text-modules \">\r\n                    <div class=\"container\">\r\n                        <h3 class=\"section-title section-title_border-bottom\">Seminarium obszarowe doktorant\u00f3w w ramach otwartego seminarium Zespo\u0142u Cytogenetyki i Biologii Molekularnej Ro\u015blin<\/h3> \r\n                        <div class=\"row m-0\">\r\n                            <div class=\"text-modules__content\">\r\n                                Data odbywania si\u0119 seminarium: 29.05.2026;<br \/>\nMiejsce odbywania si\u0119 seminarium: Instytut Biologii, Biotechnologii i Ochrony \u015arodowiska, sala: B-01, ul. Jagiello\u0144ska 28, 40-032 Katowice;<br \/>\nHarmonogram seminarium:<br \/>\n10:00 &#8211; Hilke Wittocx &#8211; prezentacja projektu doktorskiego pt. &#8222;Establishing the role of the cell wall in salt tolerance in Brachypodium&#8221;;<br \/>\n11:00 &#8211; Paula Franke &#8211; prezentacja projektu doktorskiego pt. &#8222;Cytogenomic analysis of key aspects of the spatial nucleus organisation in the polyploid model grass Brachypodium hybridum and its evolutionary ancestors&#8221;<\/p>\n<p>Opiekun seminarium: prof. dr hab. Robert Hasterok \r\n                                <div class=\"mt-3\"><\/div>\r\n                            <\/div>\r\n                            \r\n                            <div class=\"text-modules__img\"><img src=\"https:\/\/us.edu.pl\/szkola-doktorska\/wp-content\/uploads\/sites\/50\/Bez-kategorii\/1200x1200_ogolny_SD_Seminaria_Obszarowe_Doktorant-w-2.png\" alt=\"img\"><\/div>\r\n                        <\/div>\r\n                    <\/div>\r\n                <\/div>[\/vc_column][\/vc_row]<\/p>","protected":false},"excerpt":{"rendered":"<p>[vc_row][vc_column][\/vc_column][\/vc_row] [&#8230;]<\/p>\n<p><a class=\"btn btn-secondary understrap-read-more-link\" href=\"https:\/\/us.edu.pl\/szkola-doktorska\/seminarium-obszarowe-doktorantow-w-ramach-otwartego-seminarium-zespolu-cytogenetyki-i-biologii-molekularnej-roslin\/\">Read More&#8230;<\/a><\/p>\n","protected":false},"author":205,"featured_media":0,"parent":0,"menu_order":0,"comment_status":"closed","ping_status":"closed","template":"","meta":{"_expiration-date-status":"","_expiration-date":0,"_expiration-date-type":"","_expiration-date-categories":[],"_expiration-date-options":[]},"acf":[],"_links":{"self":[{"href":"https:\/\/us.edu.pl\/szkola-doktorska\/wp-json\/wp\/v2\/pages\/25338"}],"collection":[{"href":"https:\/\/us.edu.pl\/szkola-doktorska\/wp-json\/wp\/v2\/pages"}],"about":[{"href":"https:\/\/us.edu.pl\/szkola-doktorska\/wp-json\/wp\/v2\/types\/page"}],"author":[{"embeddable":true,"href":"https:\/\/us.edu.pl\/szkola-doktorska\/wp-json\/wp\/v2\/users\/205"}],"replies":[{"embeddable":true,"href":"https:\/\/us.edu.pl\/szkola-doktorska\/wp-json\/wp\/v2\/comments?post=25338"}],"version-history":[{"count":2,"href":"https:\/\/us.edu.pl\/szkola-doktorska\/wp-json\/wp\/v2\/pages\/25338\/revisions"}],"predecessor-version":[{"id":25341,"href":"https:\/\/us.edu.pl\/szkola-doktorska\/wp-json\/wp\/v2\/pages\/25338\/revisions\/25341"}],"wp:attachment":[{"href":"https:\/\/us.edu.pl\/szkola-doktorska\/wp-json\/wp\/v2\/media?parent=25338"}],"curies":[{"name":"wp","href":"https:\/\/api.w.org\/{rel}","templated":true}]}}