{"id":25343,"date":"2026-04-07T10:20:27","date_gmt":"2026-04-07T08:20:27","guid":{"rendered":"https:\/\/us.edu.pl\/szkola-doktorska\/?page_id=25343"},"modified":"2026-04-07T13:04:38","modified_gmt":"2026-04-07T11:04:38","slug":"seminarium-obszarowe-doktorantow-instytutu-fizyki","status":"publish","type":"page","link":"https:\/\/us.edu.pl\/szkola-doktorska\/seminarium-obszarowe-doktorantow-instytutu-fizyki\/","title":{"rendered":"Seminarium obszarowe doktorant\u00f3w Instytutu Fizyki"},"content":{"rendered":"<p>[vc_row][vc_column]\r\n                <div class=\"text-modules \">\r\n                    <div class=\"container\">\r\n                        <h3 class=\"section-title section-title_border-bottom\">Seminarium obszarowe doktorant\u00f3w Instytutu Fizyki<\/h3> \r\n                        <div class=\"row m-0\">\r\n                            <div class=\"text-modules__content\">\r\n                                Wydzia\u0142 Nauk \u015acis\u0142ych i Technicznych Uniwersytetu \u015al\u0105skiego, ul. 75 Pu\u0142ku Piechoty 1A, 41-500 Chorz\u00f3w, sala A\/1\/14<\/p>\n<p>20.04.2026:<br \/>\n&#8211; Diana Havryliuk &#8222;Monokryszta\u0142y na bazie hafnianu o\u0142owiu jako kondensatory energii elektrycznej do zastosowa\u0144 o du\u017cej mocy&#8221;<br \/>\n&#8211; Karol Bia\u0142as &#8222;Materia aktywna: anomalie dyfuzji i transportu poza r\u00f3wnowag\u0105 termodynamiczn\u0105&#8221;<br \/>\n&#8211; Mateusz Wi\u015bniewski &#8222;Niemarkowowska dynamika nier\u00f3wnowagowych motor\u00f3w brownowskich&#8221;<\/p>\n<p>Seminarium obszarowe: dr Julita Piecha \r\n                                <div class=\"mt-3\"><\/div>\r\n                            <\/div>\r\n                            \r\n                            <div class=\"text-modules__img\"><img src=\"https:\/\/us.edu.pl\/szkola-doktorska\/wp-content\/uploads\/sites\/50\/Bez-kategorii\/1200x1200_ogolny_SD_Seminaria_Obszarowe_Doktorant-w-2.png\" alt=\"img\"><\/div>\r\n                        <\/div>\r\n                    <\/div>\r\n                <\/div>[\/vc_column][\/vc_row]<\/p>","protected":false},"excerpt":{"rendered":"<p>[vc_row][vc_column][\/vc_column][\/vc_row] [&#8230;]<\/p>\n<p><a class=\"btn btn-secondary understrap-read-more-link\" href=\"https:\/\/us.edu.pl\/szkola-doktorska\/seminarium-obszarowe-doktorantow-instytutu-fizyki\/\">Read More&#8230;<\/a><\/p>\n","protected":false},"author":205,"featured_media":0,"parent":0,"menu_order":0,"comment_status":"closed","ping_status":"closed","template":"","meta":{"_expiration-date-status":"","_expiration-date":0,"_expiration-date-type":"","_expiration-date-categories":[],"_expiration-date-options":[]},"acf":[],"_links":{"self":[{"href":"https:\/\/us.edu.pl\/szkola-doktorska\/wp-json\/wp\/v2\/pages\/25343"}],"collection":[{"href":"https:\/\/us.edu.pl\/szkola-doktorska\/wp-json\/wp\/v2\/pages"}],"about":[{"href":"https:\/\/us.edu.pl\/szkola-doktorska\/wp-json\/wp\/v2\/types\/page"}],"author":[{"embeddable":true,"href":"https:\/\/us.edu.pl\/szkola-doktorska\/wp-json\/wp\/v2\/users\/205"}],"replies":[{"embeddable":true,"href":"https:\/\/us.edu.pl\/szkola-doktorska\/wp-json\/wp\/v2\/comments?post=25343"}],"version-history":[{"count":2,"href":"https:\/\/us.edu.pl\/szkola-doktorska\/wp-json\/wp\/v2\/pages\/25343\/revisions"}],"predecessor-version":[{"id":25398,"href":"https:\/\/us.edu.pl\/szkola-doktorska\/wp-json\/wp\/v2\/pages\/25343\/revisions\/25398"}],"wp:attachment":[{"href":"https:\/\/us.edu.pl\/szkola-doktorska\/wp-json\/wp\/v2\/media?parent=25343"}],"curies":[{"name":"wp","href":"https:\/\/api.w.org\/{rel}","templated":true}]}}