{"id":25348,"date":"2026-04-07T10:32:00","date_gmt":"2026-04-07T08:32:00","guid":{"rendered":"https:\/\/us.edu.pl\/szkola-doktorska\/?page_id=25348"},"modified":"2026-04-07T10:32:52","modified_gmt":"2026-04-07T08:32:52","slug":"seminarium-obszarowe-ziemia-i-srodowisko","status":"publish","type":"page","link":"https:\/\/us.edu.pl\/szkola-doktorska\/seminarium-obszarowe-ziemia-i-srodowisko\/","title":{"rendered":"Seminarium obszarowe &#8211; Ziemia i \u015brodowisko"},"content":{"rendered":"<p>[vc_row][vc_column]\r\n                <div class=\"text-modules \">\r\n                    <div class=\"container\">\r\n                        <h3 class=\"section-title section-title_border-bottom\">Seminarium obszarowe - Ziemia i \u015brodowisko<\/h3> \r\n                        <div class=\"row m-0\">\r\n                            <div class=\"text-modules__content\">\r\n                                Wydzia\u0142 Nauk Przyrodniczych, B\u0119dzi\u0144ska 60, Sosnowiec,<br \/>\n1. 29 maja 2026r., 10:00 &#8211; 10:30 &#8211; Karolina Paszcza, &#8222;Emisja i migracja zanieczyszcze\u0144 atmosferycznych pochodz\u0105cych z samozagrzewaj\u0105cych si\u0119 sk\u0142adowisk odpad\u00f3w g\u00f3rnictwa w\u0119gla kamiennego (G\u00f3rny \u015al\u0105sk)&#8221;<br \/>\n2. 29 maja 2026r., 10:30 &#8211; 11:00 &#8211; Krzysztof Janik, &#8222;Ocena funkcjonowania uj\u0119\u0107 infiltracyjnych w oparciu o metody znacznikowe i monitoring wysokiej rozdzielczo\u015bci wybranych parametr\u00f3w \u015brodowiska wodnego na przyk\u0142adzie uj\u0119cia K\u0119pa Bogumi\u0142owicka&#8221;<br \/>\n3. 29 maja 2026r., 11:00 &#8211; 11:30 &#8211; Przemys\u0142aw Roma\u0144ski, &#8222;Modele wyzwalania energii sejsmicznej przed silnym wstrz\u0105sem&#8221;<\/p>\n<p>Opiekun seminarium: dr hab. Maciej Mendecki, prof. U\u015a \r\n                                <div class=\"mt-3\"><\/div>\r\n                            <\/div>\r\n                            \r\n                            <div class=\"text-modules__img\"><img src=\"https:\/\/us.edu.pl\/szkola-doktorska\/wp-content\/uploads\/sites\/50\/Bez-kategorii\/1200x1200_ogolny_SD_Seminaria_Obszarowe_Doktorant-w-2.png\" alt=\"img\"><\/div>\r\n                        <\/div>\r\n                    <\/div>\r\n                <\/div>[\/vc_column][\/vc_row]<\/p>","protected":false},"excerpt":{"rendered":"<p>[vc_row][vc_column][\/vc_column][\/vc_row] [&#8230;]<\/p>\n<p><a class=\"btn btn-secondary understrap-read-more-link\" href=\"https:\/\/us.edu.pl\/szkola-doktorska\/seminarium-obszarowe-ziemia-i-srodowisko\/\">Read More&#8230;<\/a><\/p>\n","protected":false},"author":205,"featured_media":0,"parent":0,"menu_order":0,"comment_status":"closed","ping_status":"closed","template":"","meta":{"_expiration-date-status":"","_expiration-date":0,"_expiration-date-type":"","_expiration-date-categories":[],"_expiration-date-options":[]},"acf":[],"_links":{"self":[{"href":"https:\/\/us.edu.pl\/szkola-doktorska\/wp-json\/wp\/v2\/pages\/25348"}],"collection":[{"href":"https:\/\/us.edu.pl\/szkola-doktorska\/wp-json\/wp\/v2\/pages"}],"about":[{"href":"https:\/\/us.edu.pl\/szkola-doktorska\/wp-json\/wp\/v2\/types\/page"}],"author":[{"embeddable":true,"href":"https:\/\/us.edu.pl\/szkola-doktorska\/wp-json\/wp\/v2\/users\/205"}],"replies":[{"embeddable":true,"href":"https:\/\/us.edu.pl\/szkola-doktorska\/wp-json\/wp\/v2\/comments?post=25348"}],"version-history":[{"count":2,"href":"https:\/\/us.edu.pl\/szkola-doktorska\/wp-json\/wp\/v2\/pages\/25348\/revisions"}],"predecessor-version":[{"id":25350,"href":"https:\/\/us.edu.pl\/szkola-doktorska\/wp-json\/wp\/v2\/pages\/25348\/revisions\/25350"}],"wp:attachment":[{"href":"https:\/\/us.edu.pl\/szkola-doktorska\/wp-json\/wp\/v2\/media?parent=25348"}],"curies":[{"name":"wp","href":"https:\/\/api.w.org\/{rel}","templated":true}]}}