{"id":25352,"date":"2026-04-07T10:50:09","date_gmt":"2026-04-07T08:50:09","guid":{"rendered":"https:\/\/us.edu.pl\/szkola-doktorska\/?page_id=25352"},"modified":"2026-04-07T10:50:59","modified_gmt":"2026-04-07T08:50:59","slug":"od-zrodla-do-interpretacji-sredniowieczny-slask-boleslawa-iii-ksiecia-legnicko-brzeskiego","status":"publish","type":"page","link":"https:\/\/us.edu.pl\/szkola-doktorska\/od-zrodla-do-interpretacji-sredniowieczny-slask-boleslawa-iii-ksiecia-legnicko-brzeskiego\/","title":{"rendered":"Od \u017ar\u00f3d\u0142a do interpretacji: \u015bredniowieczny \u015al\u0105sk Boles\u0142awa III ksi\u0119cia legnicko-brzeskiego"},"content":{"rendered":"<p>[vc_row][vc_column]\r\n                <div class=\"text-modules \">\r\n                    <div class=\"container\">\r\n                        <h3 class=\"section-title section-title_border-bottom\">Od \u017ar\u00f3d\u0142a do interpretacji: \u015bredniowieczny \u015al\u0105sk Boles\u0142awa III ksi\u0119cia legnicko-brzeskiego<\/h3> \r\n                        <div class=\"row m-0\">\r\n                            <div class=\"text-modules__content\">\r\n                                Instytut Historii U\u015a, Bankowa 11, Katowice, sala 121.<br \/>\n10.03.2026, godz.: 15:30 &#8211; Micha\u0142 Hankus &#8211; Ksi\u0119stwo Boles\u0142awa III w \u017ar\u00f3d\u0142ach: dokumenty, kroniki, piecz\u0119cie.<br \/>\n24.03.2026, godz.: 15:30 &#8211; Micha\u0142 Hankus &#8211; Interpretacja i krytyka \u017ar\u00f3de\u0142: \u015bredniowieczny \u015al\u0105sk oczami kronikarzy i wsp\u00f3\u0142czesnych dokument\u00f3w.<\/p>\n<p>Opiekun seminarium: dr hab. Jakub Morawiec, prof. U\u015a \r\n                                <div class=\"mt-3\"><\/div>\r\n                            <\/div>\r\n                            \r\n                            <div class=\"text-modules__img\"><img src=\"https:\/\/us.edu.pl\/szkola-doktorska\/wp-content\/uploads\/sites\/50\/Bez-kategorii\/1200x1200_ogolny_SD_Seminaria_Obszarowe_Doktorant-w-2.png\" alt=\"img\"><\/div>\r\n                        <\/div>\r\n                    <\/div>\r\n                <\/div>[\/vc_column][\/vc_row]<\/p>","protected":false},"excerpt":{"rendered":"<p>[vc_row][vc_column][\/vc_column][\/vc_row] [&#8230;]<\/p>\n<p><a class=\"btn btn-secondary understrap-read-more-link\" href=\"https:\/\/us.edu.pl\/szkola-doktorska\/od-zrodla-do-interpretacji-sredniowieczny-slask-boleslawa-iii-ksiecia-legnicko-brzeskiego\/\">Read More&#8230;<\/a><\/p>\n","protected":false},"author":205,"featured_media":0,"parent":0,"menu_order":0,"comment_status":"closed","ping_status":"closed","template":"","meta":{"_expiration-date-status":"","_expiration-date":0,"_expiration-date-type":"","_expiration-date-categories":[],"_expiration-date-options":[]},"acf":[],"_links":{"self":[{"href":"https:\/\/us.edu.pl\/szkola-doktorska\/wp-json\/wp\/v2\/pages\/25352"}],"collection":[{"href":"https:\/\/us.edu.pl\/szkola-doktorska\/wp-json\/wp\/v2\/pages"}],"about":[{"href":"https:\/\/us.edu.pl\/szkola-doktorska\/wp-json\/wp\/v2\/types\/page"}],"author":[{"embeddable":true,"href":"https:\/\/us.edu.pl\/szkola-doktorska\/wp-json\/wp\/v2\/users\/205"}],"replies":[{"embeddable":true,"href":"https:\/\/us.edu.pl\/szkola-doktorska\/wp-json\/wp\/v2\/comments?post=25352"}],"version-history":[{"count":1,"href":"https:\/\/us.edu.pl\/szkola-doktorska\/wp-json\/wp\/v2\/pages\/25352\/revisions"}],"predecessor-version":[{"id":25353,"href":"https:\/\/us.edu.pl\/szkola-doktorska\/wp-json\/wp\/v2\/pages\/25352\/revisions\/25353"}],"wp:attachment":[{"href":"https:\/\/us.edu.pl\/szkola-doktorska\/wp-json\/wp\/v2\/media?parent=25352"}],"curies":[{"name":"wp","href":"https:\/\/api.w.org\/{rel}","templated":true}]}}