{"id":25354,"date":"2026-04-07T10:54:37","date_gmt":"2026-04-07T08:54:37","guid":{"rendered":"https:\/\/us.edu.pl\/szkola-doktorska\/?page_id=25354"},"modified":"2026-04-07T10:55:00","modified_gmt":"2026-04-07T08:55:00","slug":"wplyw-spoleczno-polityczny-na-dzialalnosc-kapeli-jasnogorskiej","status":"publish","type":"page","link":"https:\/\/us.edu.pl\/szkola-doktorska\/wplyw-spoleczno-polityczny-na-dzialalnosc-kapeli-jasnogorskiej\/","title":{"rendered":"Wp\u0142yw spo\u0142eczno-polityczny na dzia\u0142alno\u015b\u0107 kapeli jasnog\u00f3rskiej"},"content":{"rendered":"<p>[vc_row][vc_column]\r\n                <div class=\"text-modules \">\r\n                    <div class=\"container\">\r\n                        <h3 class=\"section-title section-title_border-bottom\">Wp\u0142yw spo\u0142eczno-polityczny na dzia\u0142alno\u015b\u0107 kapeli jasnog\u00f3rskiej<\/h3> \r\n                        <div class=\"row m-0\">\r\n                            <div class=\"text-modules__content\">\r\n                                Wydzia\u0142 Humanistyczny\/Nauk Spo\u0142ecznych, Katowice ul. Bankowa 11, s. 132<br \/>\n22.05.2026 &#8211; Ewa Roma\u0144czak &#8211; Wsp\u0142yw spo\u0142eczno-polityczny na dzia\u0142alno\u015b\u0107 kapeli jasnog\u00f3rskiej &#8211; godz. 13.00.<\/p>\n<p>Opiekun seminarium: dr Aleksandra Barwicka-Makula \r\n                                <div class=\"mt-3\"><\/div>\r\n                            <\/div>\r\n                            \r\n                            <div class=\"text-modules__img\"><img src=\"https:\/\/us.edu.pl\/szkola-doktorska\/wp-content\/uploads\/sites\/50\/Bez-kategorii\/1200x1200_ogolny_SD_Seminaria_Obszarowe_Doktorant-w-2.png\" alt=\"img\"><\/div>\r\n                        <\/div>\r\n                    <\/div>\r\n                <\/div>[\/vc_column][\/vc_row]<\/p>","protected":false},"excerpt":{"rendered":"<p>[vc_row][vc_column][\/vc_column][\/vc_row] [&#8230;]<\/p>\n<p><a class=\"btn btn-secondary understrap-read-more-link\" href=\"https:\/\/us.edu.pl\/szkola-doktorska\/wplyw-spoleczno-polityczny-na-dzialalnosc-kapeli-jasnogorskiej\/\">Read More&#8230;<\/a><\/p>\n","protected":false},"author":205,"featured_media":0,"parent":0,"menu_order":0,"comment_status":"closed","ping_status":"closed","template":"","meta":{"_expiration-date-status":"","_expiration-date":0,"_expiration-date-type":"","_expiration-date-categories":[],"_expiration-date-options":[]},"acf":[],"_links":{"self":[{"href":"https:\/\/us.edu.pl\/szkola-doktorska\/wp-json\/wp\/v2\/pages\/25354"}],"collection":[{"href":"https:\/\/us.edu.pl\/szkola-doktorska\/wp-json\/wp\/v2\/pages"}],"about":[{"href":"https:\/\/us.edu.pl\/szkola-doktorska\/wp-json\/wp\/v2\/types\/page"}],"author":[{"embeddable":true,"href":"https:\/\/us.edu.pl\/szkola-doktorska\/wp-json\/wp\/v2\/users\/205"}],"replies":[{"embeddable":true,"href":"https:\/\/us.edu.pl\/szkola-doktorska\/wp-json\/wp\/v2\/comments?post=25354"}],"version-history":[{"count":1,"href":"https:\/\/us.edu.pl\/szkola-doktorska\/wp-json\/wp\/v2\/pages\/25354\/revisions"}],"predecessor-version":[{"id":25355,"href":"https:\/\/us.edu.pl\/szkola-doktorska\/wp-json\/wp\/v2\/pages\/25354\/revisions\/25355"}],"wp:attachment":[{"href":"https:\/\/us.edu.pl\/szkola-doktorska\/wp-json\/wp\/v2\/media?parent=25354"}],"curies":[{"name":"wp","href":"https:\/\/api.w.org\/{rel}","templated":true}]}}