{"id":25362,"date":"2026-04-07T11:08:04","date_gmt":"2026-04-07T09:08:04","guid":{"rendered":"https:\/\/us.edu.pl\/szkola-doktorska\/?page_id=25362"},"modified":"2026-04-07T11:08:31","modified_gmt":"2026-04-07T09:08:31","slug":"nie-zaden-flak-cialo-czy-tez-gnat-ale-noga-naukowa-czyli-czlowiek-protetyczny-w-wizji-juliusza-kadena-bandrowskiego","status":"publish","type":"page","link":"https:\/\/us.edu.pl\/szkola-doktorska\/nie-zaden-flak-cialo-czy-tez-gnat-ale-noga-naukowa-czyli-czlowiek-protetyczny-w-wizji-juliusza-kadena-bandrowskiego\/","title":{"rendered":"&#8221;[&#8230;] nie \u017caden flak, cia\u0142o, czy te\u017c gnat, ale noga naukowa&#8221; &#8211; czyli cz\u0142owiek protetyczny w wizji Juliusza Kadena-Bandrowskiego"},"content":{"rendered":"<p>[vc_row][vc_column]\r\n                <div class=\"text-modules \">\r\n                    <div class=\"container\">\r\n                        <h3 class=\"section-title section-title_border-bottom\">```{`...`}` nie \u017caden flak, cia\u0142o, czy te\u017c gnat, ale noga naukowa`` - czyli cz\u0142owiek protetyczny w wizji Juliusza Kadena-Bandrowskiego<\/h3> \r\n                        <div class=\"row m-0\">\r\n                            <div class=\"text-modules__content\">\r\n                                Wydzia\u0142 Humanistyczny Uniwersytetu \u015al\u0105skiego, ul. Uniwersytecka 4<br \/>\nsala A6.6<br \/>\n26.03.2026, godz. 17:00<\/p>\n<p>Opiekun seminarium: dr hab. Maciej Tramer, prof. U\u015a \r\n                                <div class=\"mt-3\"><\/div>\r\n                            <\/div>\r\n                            \r\n                            <div class=\"text-modules__img\"><img src=\"https:\/\/us.edu.pl\/szkola-doktorska\/wp-content\/uploads\/sites\/50\/Bez-kategorii\/1200x1200_ogolny_SD_Seminaria_Obszarowe_Doktorant-w-2.png\" alt=\"img\"><\/div>\r\n                        <\/div>\r\n                    <\/div>\r\n                <\/div>[\/vc_column][\/vc_row]<\/p>","protected":false},"excerpt":{"rendered":"<p>[vc_row][vc_column][\/vc_column][\/vc_row] [&#8230;]<\/p>\n<p><a class=\"btn btn-secondary understrap-read-more-link\" href=\"https:\/\/us.edu.pl\/szkola-doktorska\/nie-zaden-flak-cialo-czy-tez-gnat-ale-noga-naukowa-czyli-czlowiek-protetyczny-w-wizji-juliusza-kadena-bandrowskiego\/\">Read More&#8230;<\/a><\/p>\n","protected":false},"author":205,"featured_media":0,"parent":0,"menu_order":0,"comment_status":"closed","ping_status":"closed","template":"","meta":{"_expiration-date-status":"","_expiration-date":0,"_expiration-date-type":"","_expiration-date-categories":[],"_expiration-date-options":[]},"acf":[],"_links":{"self":[{"href":"https:\/\/us.edu.pl\/szkola-doktorska\/wp-json\/wp\/v2\/pages\/25362"}],"collection":[{"href":"https:\/\/us.edu.pl\/szkola-doktorska\/wp-json\/wp\/v2\/pages"}],"about":[{"href":"https:\/\/us.edu.pl\/szkola-doktorska\/wp-json\/wp\/v2\/types\/page"}],"author":[{"embeddable":true,"href":"https:\/\/us.edu.pl\/szkola-doktorska\/wp-json\/wp\/v2\/users\/205"}],"replies":[{"embeddable":true,"href":"https:\/\/us.edu.pl\/szkola-doktorska\/wp-json\/wp\/v2\/comments?post=25362"}],"version-history":[{"count":1,"href":"https:\/\/us.edu.pl\/szkola-doktorska\/wp-json\/wp\/v2\/pages\/25362\/revisions"}],"predecessor-version":[{"id":25363,"href":"https:\/\/us.edu.pl\/szkola-doktorska\/wp-json\/wp\/v2\/pages\/25362\/revisions\/25363"}],"wp:attachment":[{"href":"https:\/\/us.edu.pl\/szkola-doktorska\/wp-json\/wp\/v2\/media?parent=25362"}],"curies":[{"name":"wp","href":"https:\/\/api.w.org\/{rel}","templated":true}]}}