{"id":25364,"date":"2026-04-07T11:19:18","date_gmt":"2026-04-07T09:19:18","guid":{"rendered":"https:\/\/us.edu.pl\/szkola-doktorska\/?page_id=25364"},"modified":"2026-04-08T11:30:49","modified_gmt":"2026-04-08T09:30:49","slug":"wywolujac-katastrofe-fenomen-i-fantom-w-tworczosci-zdzislawa-beksinskiego","status":"publish","type":"page","link":"https:\/\/us.edu.pl\/szkola-doktorska\/wywolujac-katastrofe-fenomen-i-fantom-w-tworczosci-zdzislawa-beksinskiego\/","title":{"rendered":"Wywo\u0142uj\u0105c katastrof\u0119.\u200b Fenomen i fantom \u200bw tw\u00f3rczo\u015bci Zdzis\u0142awa Beksi\u0144skiego\u200b"},"content":{"rendered":"<p>[vc_row][vc_column]\r\n                <div class=\"text-modules \">\r\n                    <div class=\"container\">\r\n                        <h3 class=\"section-title section-title_border-bottom\">Wywo\u0142uj\u0105c katastrof\u0119. Fenomen i fantom w tw\u00f3rczo\u015bci Zdzis\u0142awa Beksi\u0144skiego<\/h3> \r\n                        <div class=\"row m-0\">\r\n                            <div class=\"text-modules__content\">\r\n                                20.04.2026, godz. 9:00 &#8211; Klaudia W\u0119grzyn &#8211; Wywo\u0142uj\u0105c katastrof\u0119.\u200b Fenomen i fantom \u200bw tw\u00f3rczo\u015bci Zdzis\u0142awa Beksi\u0144skiego\u200b<\/p>\n<p>Opiekun seminarium: prof. dr hab. Marta Tomczok \r\n                                <div class=\"mt-3\"><\/div>\r\n                            <\/div>\r\n                            \r\n                            <div class=\"text-modules__img\"><img src=\"https:\/\/us.edu.pl\/szkola-doktorska\/wp-content\/uploads\/sites\/50\/Bez-kategorii\/1200x1200_ogolny_SD_Seminaria_Obszarowe_Doktorant-w-2.png\" alt=\"img\"><\/div>\r\n                        <\/div>\r\n                    <\/div>\r\n                <\/div>[\/vc_column][\/vc_row]<\/p>","protected":false},"excerpt":{"rendered":"<p>[vc_row][vc_column][\/vc_column][\/vc_row] [&#8230;]<\/p>\n<p><a class=\"btn btn-secondary understrap-read-more-link\" href=\"https:\/\/us.edu.pl\/szkola-doktorska\/wywolujac-katastrofe-fenomen-i-fantom-w-tworczosci-zdzislawa-beksinskiego\/\">Read More&#8230;<\/a><\/p>\n","protected":false},"author":205,"featured_media":0,"parent":0,"menu_order":0,"comment_status":"closed","ping_status":"closed","template":"","meta":{"_expiration-date-status":"","_expiration-date":0,"_expiration-date-type":"","_expiration-date-categories":[],"_expiration-date-options":[]},"acf":[],"_links":{"self":[{"href":"https:\/\/us.edu.pl\/szkola-doktorska\/wp-json\/wp\/v2\/pages\/25364"}],"collection":[{"href":"https:\/\/us.edu.pl\/szkola-doktorska\/wp-json\/wp\/v2\/pages"}],"about":[{"href":"https:\/\/us.edu.pl\/szkola-doktorska\/wp-json\/wp\/v2\/types\/page"}],"author":[{"embeddable":true,"href":"https:\/\/us.edu.pl\/szkola-doktorska\/wp-json\/wp\/v2\/users\/205"}],"replies":[{"embeddable":true,"href":"https:\/\/us.edu.pl\/szkola-doktorska\/wp-json\/wp\/v2\/comments?post=25364"}],"version-history":[{"count":2,"href":"https:\/\/us.edu.pl\/szkola-doktorska\/wp-json\/wp\/v2\/pages\/25364\/revisions"}],"predecessor-version":[{"id":25402,"href":"https:\/\/us.edu.pl\/szkola-doktorska\/wp-json\/wp\/v2\/pages\/25364\/revisions\/25402"}],"wp:attachment":[{"href":"https:\/\/us.edu.pl\/szkola-doktorska\/wp-json\/wp\/v2\/media?parent=25364"}],"curies":[{"name":"wp","href":"https:\/\/api.w.org\/{rel}","templated":true}]}}