{"id":25367,"date":"2026-04-07T11:25:46","date_gmt":"2026-04-07T09:25:46","guid":{"rendered":"https:\/\/us.edu.pl\/szkola-doktorska\/?page_id=25367"},"modified":"2026-04-07T11:26:21","modified_gmt":"2026-04-07T09:26:21","slug":"konwencje-coming-of-age-we-wspolczesnym-kinie-poludniowokoreanskim","status":"publish","type":"page","link":"https:\/\/us.edu.pl\/szkola-doktorska\/konwencje-coming-of-age-we-wspolczesnym-kinie-poludniowokoreanskim\/","title":{"rendered":"Konwencje coming of age we wsp\u00f3\u0142czesnym kinie po\u0142udniowokorea\u0144skim"},"content":{"rendered":"<p>[vc_row][vc_column]\r\n                <div class=\"text-modules \">\r\n                    <div class=\"container\">\r\n                        <h3 class=\"section-title section-title_border-bottom\">Konwencje coming of age we wsp\u00f3\u0142czesnym kinie po\u0142udniowokorea\u0144skim<\/h3> \r\n                        <div class=\"row m-0\">\r\n                            <div class=\"text-modules__content\">\r\n                                Wydzia\u0142 Humanistyczny U\u015a, ul. Uniwersytecka 4, Katowice, sala A2.1 godz. 16:00<br \/>\n26.03.2026r. &#8211; Martyna Halor &#8211; Konwencje coming of age we wsp\u00f3\u0142czesnym kinie po\u0142udniowokorea\u0144skim<\/p>\n<p>Opiekun Seminarium &#8211; dr hab. Magdalena Kempna-Pieni\u0105\u017cek, prof. U\u015a \r\n                                <div class=\"mt-3\"><\/div>\r\n                            <\/div>\r\n                            \r\n                            <div class=\"text-modules__img\"><img src=\"https:\/\/us.edu.pl\/szkola-doktorska\/wp-content\/uploads\/sites\/50\/Bez-kategorii\/1200x1200_ogolny_SD_Seminaria_Obszarowe_Doktorant-w-2.png\" alt=\"img\"><\/div>\r\n                        <\/div>\r\n                    <\/div>\r\n                <\/div>[\/vc_column][\/vc_row]<\/p>","protected":false},"excerpt":{"rendered":"<p>[vc_row][vc_column][\/vc_column][\/vc_row] [&#8230;]<\/p>\n<p><a class=\"btn btn-secondary understrap-read-more-link\" href=\"https:\/\/us.edu.pl\/szkola-doktorska\/konwencje-coming-of-age-we-wspolczesnym-kinie-poludniowokoreanskim\/\">Read More&#8230;<\/a><\/p>\n","protected":false},"author":205,"featured_media":0,"parent":0,"menu_order":0,"comment_status":"closed","ping_status":"closed","template":"","meta":{"_expiration-date-status":"","_expiration-date":0,"_expiration-date-type":"","_expiration-date-categories":[],"_expiration-date-options":[]},"acf":[],"_links":{"self":[{"href":"https:\/\/us.edu.pl\/szkola-doktorska\/wp-json\/wp\/v2\/pages\/25367"}],"collection":[{"href":"https:\/\/us.edu.pl\/szkola-doktorska\/wp-json\/wp\/v2\/pages"}],"about":[{"href":"https:\/\/us.edu.pl\/szkola-doktorska\/wp-json\/wp\/v2\/types\/page"}],"author":[{"embeddable":true,"href":"https:\/\/us.edu.pl\/szkola-doktorska\/wp-json\/wp\/v2\/users\/205"}],"replies":[{"embeddable":true,"href":"https:\/\/us.edu.pl\/szkola-doktorska\/wp-json\/wp\/v2\/comments?post=25367"}],"version-history":[{"count":1,"href":"https:\/\/us.edu.pl\/szkola-doktorska\/wp-json\/wp\/v2\/pages\/25367\/revisions"}],"predecessor-version":[{"id":25368,"href":"https:\/\/us.edu.pl\/szkola-doktorska\/wp-json\/wp\/v2\/pages\/25367\/revisions\/25368"}],"wp:attachment":[{"href":"https:\/\/us.edu.pl\/szkola-doktorska\/wp-json\/wp\/v2\/media?parent=25367"}],"curies":[{"name":"wp","href":"https:\/\/api.w.org\/{rel}","templated":true}]}}