{"id":25372,"date":"2026-04-07T11:35:06","date_gmt":"2026-04-07T09:35:06","guid":{"rendered":"https:\/\/us.edu.pl\/szkola-doktorska\/?page_id=25372"},"modified":"2026-04-07T11:35:34","modified_gmt":"2026-04-07T09:35:34","slug":"recepcja-nauczania-papieza-franciszka-o-nowej-ewangelizacji-studium-na-przykladzie-archidiecezji-katowickiej","status":"publish","type":"page","link":"https:\/\/us.edu.pl\/szkola-doktorska\/recepcja-nauczania-papieza-franciszka-o-nowej-ewangelizacji-studium-na-przykladzie-archidiecezji-katowickiej\/","title":{"rendered":"Recepcja nauczania papie\u017ca Franciszka o nowej ewangelizacji. Studium na przyk\u0142adzie archidiecezji katowickiej"},"content":{"rendered":"<p>[vc_row][vc_column]\r\n                <div class=\"text-modules \">\r\n                    <div class=\"container\">\r\n                        <h3 class=\"section-title section-title_border-bottom\">Recepcja nauczania papie\u017ca Franciszka o nowej ewangelizacji. Studium na przyk\u0142adzie archidiecezji katowickiej.<\/h3> \r\n                        <div class=\"row m-0\">\r\n                            <div class=\"text-modules__content\">\r\n                                Wydzia\u0142 Teologiczny U\u015a, ul. Jordana 18, Katowice, sala 207<br \/>\ngodz. 11:30-13:00<br \/>\n1. 26.05.2026- mgr Mateusz W\u0142osek- &#8222;Recepcja nauczania papie\u017ca Franciszka o nowej ewangelizacji. Studium na przyk\u0142adzie archidiecezji katowickiej&#8221;<\/p>\n<p>Opiekun seminarium: prof. dr hab. Leszek Szewczyk<\/p>\n<div class=\"mt-3\"><\/div>\r\n                            <\/div>\r\n                            \r\n                            <div class=\"text-modules__img\"><img src=\"https:\/\/us.edu.pl\/szkola-doktorska\/wp-content\/uploads\/sites\/50\/Bez-kategorii\/1200x1200_ogolny_SD_Seminaria_Obszarowe_Doktorant-w-2.png\" alt=\"img\"><\/div>\r\n                        <\/div>\r\n                    <\/div>\r\n                <\/div>[\/vc_column][\/vc_row]<\/p>","protected":false},"excerpt":{"rendered":"<p>[vc_row][vc_column][\/vc_column][\/vc_row] [&#8230;]<\/p>\n<p><a class=\"btn btn-secondary understrap-read-more-link\" href=\"https:\/\/us.edu.pl\/szkola-doktorska\/recepcja-nauczania-papieza-franciszka-o-nowej-ewangelizacji-studium-na-przykladzie-archidiecezji-katowickiej\/\">Read More&#8230;<\/a><\/p>\n","protected":false},"author":205,"featured_media":0,"parent":0,"menu_order":0,"comment_status":"closed","ping_status":"closed","template":"","meta":{"_expiration-date-status":"","_expiration-date":0,"_expiration-date-type":"","_expiration-date-categories":[],"_expiration-date-options":[]},"acf":[],"_links":{"self":[{"href":"https:\/\/us.edu.pl\/szkola-doktorska\/wp-json\/wp\/v2\/pages\/25372"}],"collection":[{"href":"https:\/\/us.edu.pl\/szkola-doktorska\/wp-json\/wp\/v2\/pages"}],"about":[{"href":"https:\/\/us.edu.pl\/szkola-doktorska\/wp-json\/wp\/v2\/types\/page"}],"author":[{"embeddable":true,"href":"https:\/\/us.edu.pl\/szkola-doktorska\/wp-json\/wp\/v2\/users\/205"}],"replies":[{"embeddable":true,"href":"https:\/\/us.edu.pl\/szkola-doktorska\/wp-json\/wp\/v2\/comments?post=25372"}],"version-history":[{"count":1,"href":"https:\/\/us.edu.pl\/szkola-doktorska\/wp-json\/wp\/v2\/pages\/25372\/revisions"}],"predecessor-version":[{"id":25373,"href":"https:\/\/us.edu.pl\/szkola-doktorska\/wp-json\/wp\/v2\/pages\/25372\/revisions\/25373"}],"wp:attachment":[{"href":"https:\/\/us.edu.pl\/szkola-doktorska\/wp-json\/wp\/v2\/media?parent=25372"}],"curies":[{"name":"wp","href":"https:\/\/api.w.org\/{rel}","templated":true}]}}