{"id":25376,"date":"2026-04-07T12:21:54","date_gmt":"2026-04-07T10:21:54","guid":{"rendered":"https:\/\/us.edu.pl\/szkola-doktorska\/?page_id=25376"},"modified":"2026-04-07T12:22:24","modified_gmt":"2026-04-07T10:22:24","slug":"wplyw-globalizacji-na-rozwoj-turystyki-w-hiszpanii","status":"publish","type":"page","link":"https:\/\/us.edu.pl\/szkola-doktorska\/wplyw-globalizacji-na-rozwoj-turystyki-w-hiszpanii\/","title":{"rendered":"Wp\u0142yw globalizacji na rozw\u00f3j turystyki w Hiszpanii"},"content":{"rendered":"<p>[vc_row][vc_column]\r\n                <div class=\"text-modules \">\r\n                    <div class=\"container\">\r\n                        <h3 class=\"section-title section-title_border-bottom\">Wp\u0142yw globalizacji na rozw\u00f3j turystyki w Hiszpanii<\/h3> \r\n                        <div class=\"row m-0\">\r\n                            <div class=\"text-modules__content\">\r\n                                Wydzia\u0142 Nauk Przyrodnicznych U\u015a, ul. B\u0119dzi\u0144ska 60, 41-200 Sosnowiec<\/p>\n<p>1. 21.04.2026, godz. 13:15 &#8211; mgr Ma\u0142gorzata Szymiczek<\/p>\n<p>Opiekun seminarium: dr hab. El\u017cbieta Zuza\u0144ska-\u017by\u015bko, prof. U\u015a \r\n                                <div class=\"mt-3\"><\/div>\r\n                            <\/div>\r\n                            \r\n                            <div class=\"text-modules__img\"><img src=\"https:\/\/us.edu.pl\/szkola-doktorska\/wp-content\/uploads\/sites\/50\/Bez-kategorii\/1200x1200_ogolny_SD_Seminaria_Obszarowe_Doktorant-w-2.png\" alt=\"img\"><\/div>\r\n                        <\/div>\r\n                    <\/div>\r\n                <\/div>[\/vc_column][\/vc_row]<\/p>","protected":false},"excerpt":{"rendered":"<p>[vc_row][vc_column][\/vc_column][\/vc_row] [&#8230;]<\/p>\n<p><a class=\"btn btn-secondary understrap-read-more-link\" href=\"https:\/\/us.edu.pl\/szkola-doktorska\/wplyw-globalizacji-na-rozwoj-turystyki-w-hiszpanii\/\">Read More&#8230;<\/a><\/p>\n","protected":false},"author":205,"featured_media":0,"parent":0,"menu_order":0,"comment_status":"closed","ping_status":"closed","template":"","meta":{"_expiration-date-status":"","_expiration-date":0,"_expiration-date-type":"","_expiration-date-categories":[],"_expiration-date-options":[]},"acf":[],"_links":{"self":[{"href":"https:\/\/us.edu.pl\/szkola-doktorska\/wp-json\/wp\/v2\/pages\/25376"}],"collection":[{"href":"https:\/\/us.edu.pl\/szkola-doktorska\/wp-json\/wp\/v2\/pages"}],"about":[{"href":"https:\/\/us.edu.pl\/szkola-doktorska\/wp-json\/wp\/v2\/types\/page"}],"author":[{"embeddable":true,"href":"https:\/\/us.edu.pl\/szkola-doktorska\/wp-json\/wp\/v2\/users\/205"}],"replies":[{"embeddable":true,"href":"https:\/\/us.edu.pl\/szkola-doktorska\/wp-json\/wp\/v2\/comments?post=25376"}],"version-history":[{"count":1,"href":"https:\/\/us.edu.pl\/szkola-doktorska\/wp-json\/wp\/v2\/pages\/25376\/revisions"}],"predecessor-version":[{"id":25377,"href":"https:\/\/us.edu.pl\/szkola-doktorska\/wp-json\/wp\/v2\/pages\/25376\/revisions\/25377"}],"wp:attachment":[{"href":"https:\/\/us.edu.pl\/szkola-doktorska\/wp-json\/wp\/v2\/media?parent=25376"}],"curies":[{"name":"wp","href":"https:\/\/api.w.org\/{rel}","templated":true}]}}