{"id":25378,"date":"2026-04-07T12:26:06","date_gmt":"2026-04-07T10:26:06","guid":{"rendered":"https:\/\/us.edu.pl\/szkola-doktorska\/?page_id=25378"},"modified":"2026-04-07T12:26:06","modified_gmt":"2026-04-07T10:26:06","slug":"nowe-perspektywy-badan-komunikacji-publicznej-i-mediow-regionalnych-na-przykladzie-wojewodztwa-slaskiego","status":"publish","type":"page","link":"https:\/\/us.edu.pl\/szkola-doktorska\/nowe-perspektywy-badan-komunikacji-publicznej-i-mediow-regionalnych-na-przykladzie-wojewodztwa-slaskiego\/","title":{"rendered":"Nowe perspektywy bada\u0144 komunikacji publicznej i medi\u00f3w regionalnych na przyk\u0142adzie wojew\u00f3dztwa \u015bl\u0105skiego"},"content":{"rendered":"<p>[vc_row][vc_column]\r\n                <div class=\"text-modules \">\r\n                    <div class=\"container\">\r\n                        <h3 class=\"section-title section-title_border-bottom\">Nowe perspektywy bada\u0144 komunikacji publicznej i medi\u00f3w regionalnych na przyk\u0142adzie wojew\u00f3dztwa \u015bl\u0105skiego<\/h3> \r\n                        <div class=\"row m-0\">\r\n                            <div class=\"text-modules__content\">\r\n                                Wydzia\u0142 Nauk Spo\u0142ecznych, ul. Bankowa 12, sala , godz. 13.00<\/p>\n<p>HARMONOGRAM:<br \/>\n13.00-13.30 &#8211; mgr Katarzyna Siwczyk, Perspektywy kszta\u0142towania \u015bl\u0105skiej to\u017csamo\u015bci przez lider\u00f3w opinii w zakresie spraw \u015bl\u0105skich na podstawie analizy wypowiedzi w wybranych mediach regionalnych.<\/p>\n<p>13.30-14.00 &#8211; mgr Adam Skowron, Hub zintegrowanej komunikacji publicznej jako narz\u0119dzie poprawiaj\u0105ce procesy komunikowania w mie\u015bcie na prawach powiatu na przyk\u0142adzie Katowic<\/p>\n<p>Opiekun seminarium: dr hab. Miros\u0142awa Wielopolska-Szymura<\/p>\n<p>14.00 &#8211; otwarta dyskusja i zako\u0144czenie. \r\n                                <div class=\"mt-3\"><\/div>\r\n                            <\/div>\r\n                            \r\n                            \r\n                        <\/div>\r\n                    <\/div>\r\n                <\/div>[\/vc_column][\/vc_row]<\/p>","protected":false},"excerpt":{"rendered":"<p>[vc_row][vc_column][\/vc_column][\/vc_row] [&#8230;]<\/p>\n<p><a class=\"btn btn-secondary understrap-read-more-link\" href=\"https:\/\/us.edu.pl\/szkola-doktorska\/nowe-perspektywy-badan-komunikacji-publicznej-i-mediow-regionalnych-na-przykladzie-wojewodztwa-slaskiego\/\">Read More&#8230;<\/a><\/p>\n","protected":false},"author":205,"featured_media":0,"parent":0,"menu_order":0,"comment_status":"closed","ping_status":"closed","template":"","meta":{"_expiration-date-status":"","_expiration-date":0,"_expiration-date-type":"","_expiration-date-categories":[],"_expiration-date-options":[]},"acf":[],"_links":{"self":[{"href":"https:\/\/us.edu.pl\/szkola-doktorska\/wp-json\/wp\/v2\/pages\/25378"}],"collection":[{"href":"https:\/\/us.edu.pl\/szkola-doktorska\/wp-json\/wp\/v2\/pages"}],"about":[{"href":"https:\/\/us.edu.pl\/szkola-doktorska\/wp-json\/wp\/v2\/types\/page"}],"author":[{"embeddable":true,"href":"https:\/\/us.edu.pl\/szkola-doktorska\/wp-json\/wp\/v2\/users\/205"}],"replies":[{"embeddable":true,"href":"https:\/\/us.edu.pl\/szkola-doktorska\/wp-json\/wp\/v2\/comments?post=25378"}],"version-history":[{"count":1,"href":"https:\/\/us.edu.pl\/szkola-doktorska\/wp-json\/wp\/v2\/pages\/25378\/revisions"}],"predecessor-version":[{"id":25379,"href":"https:\/\/us.edu.pl\/szkola-doktorska\/wp-json\/wp\/v2\/pages\/25378\/revisions\/25379"}],"wp:attachment":[{"href":"https:\/\/us.edu.pl\/szkola-doktorska\/wp-json\/wp\/v2\/media?parent=25378"}],"curies":[{"name":"wp","href":"https:\/\/api.w.org\/{rel}","templated":true}]}}