{"id":25382,"date":"2026-04-07T12:34:00","date_gmt":"2026-04-07T10:34:00","guid":{"rendered":"https:\/\/us.edu.pl\/szkola-doktorska\/?page_id=25382"},"modified":"2026-04-07T12:34:30","modified_gmt":"2026-04-07T10:34:30","slug":"seminarium-obszarowe","status":"publish","type":"page","link":"https:\/\/us.edu.pl\/szkola-doktorska\/seminarium-obszarowe\/","title":{"rendered":"Seminarium obszarowe"},"content":{"rendered":"<p>[vc_row][vc_column]\r\n                <div class=\"text-modules \">\r\n                    <div class=\"container\">\r\n                        <h3 class=\"section-title section-title_border-bottom\">Seminarium obszarowe<\/h3> \r\n                        <div class=\"row m-0\">\r\n                            <div class=\"text-modules__content\">\r\n                                25.02.2026, g. 13:00, s.219<br \/>\nSylwia Kwa\u015bniewska &#8211; referat: &#8222;Praca kobiet w domach pomocy spo\u0142ecznej w dobie starzej\u0105cego si\u0119 spo\u0142ecze\u0144stwa&#8221;<\/p>\n<p>Opiekun seminarium: dr hab. Grzegorz Gawron prof. U\u015a \r\n                                <div class=\"mt-3\"><\/div>\r\n                            <\/div>\r\n                            \r\n                            \r\n                        <\/div>\r\n                    <\/div>\r\n                <\/div>[\/vc_column][\/vc_row]<\/p>","protected":false},"excerpt":{"rendered":"<p>[vc_row][vc_column][\/vc_column][\/vc_row] [&#8230;]<\/p>\n<p><a class=\"btn btn-secondary understrap-read-more-link\" href=\"https:\/\/us.edu.pl\/szkola-doktorska\/seminarium-obszarowe\/\">Read More&#8230;<\/a><\/p>\n","protected":false},"author":205,"featured_media":0,"parent":0,"menu_order":0,"comment_status":"closed","ping_status":"closed","template":"","meta":{"_expiration-date-status":"","_expiration-date":0,"_expiration-date-type":"","_expiration-date-categories":[],"_expiration-date-options":[]},"acf":[],"_links":{"self":[{"href":"https:\/\/us.edu.pl\/szkola-doktorska\/wp-json\/wp\/v2\/pages\/25382"}],"collection":[{"href":"https:\/\/us.edu.pl\/szkola-doktorska\/wp-json\/wp\/v2\/pages"}],"about":[{"href":"https:\/\/us.edu.pl\/szkola-doktorska\/wp-json\/wp\/v2\/types\/page"}],"author":[{"embeddable":true,"href":"https:\/\/us.edu.pl\/szkola-doktorska\/wp-json\/wp\/v2\/users\/205"}],"replies":[{"embeddable":true,"href":"https:\/\/us.edu.pl\/szkola-doktorska\/wp-json\/wp\/v2\/comments?post=25382"}],"version-history":[{"count":1,"href":"https:\/\/us.edu.pl\/szkola-doktorska\/wp-json\/wp\/v2\/pages\/25382\/revisions"}],"predecessor-version":[{"id":25383,"href":"https:\/\/us.edu.pl\/szkola-doktorska\/wp-json\/wp\/v2\/pages\/25382\/revisions\/25383"}],"wp:attachment":[{"href":"https:\/\/us.edu.pl\/szkola-doktorska\/wp-json\/wp\/v2\/media?parent=25382"}],"curies":[{"name":"wp","href":"https:\/\/api.w.org\/{rel}","templated":true}]}}