{"id":25387,"date":"2026-04-07T12:44:28","date_gmt":"2026-04-07T10:44:28","guid":{"rendered":"https:\/\/us.edu.pl\/szkola-doktorska\/?page_id=25387"},"modified":"2026-04-07T12:45:26","modified_gmt":"2026-04-07T10:45:26","slug":"alternatywy-dla-tradycyjnego-procesu-sadowego-miedzy-czlowiekiem-w-technologia-mediacja-karna-w-ujeciu-kognitywnym-automatyzacja-postepowan-upominawczych-z-wykorzystaniem-ai","status":"publish","type":"page","link":"https:\/\/us.edu.pl\/szkola-doktorska\/alternatywy-dla-tradycyjnego-procesu-sadowego-miedzy-czlowiekiem-w-technologia-mediacja-karna-w-ujeciu-kognitywnym-automatyzacja-postepowan-upominawczych-z-wykorzystaniem-ai\/","title":{"rendered":"Alternatywy dla tradycyjnego procesu s\u0105dowego: miedzy cz\u0142owiekiem w technologi\u0105 (mediacja karna w uj\u0119ciu kognitywnym; automatyzacja post\u0119powa\u0144 upominawczych z wykorzystaniem AI)"},"content":{"rendered":"<p>[vc_row][vc_column]\r\n                <div class=\"text-modules \">\r\n                    <div class=\"container\">\r\n                        <h3 class=\"section-title section-title_border-bottom\">Alternatywy dla tradycyjnego procesu s\u0105dowego: miedzy cz\u0142owiekiem w technologi\u0105 (mediacja karna w uj\u0119ciu kognitywnym; automatyzacja post\u0119powa\u0144 upominawczych z wykorzystaniem AI)<\/h3> \r\n                        <div class=\"row m-0\">\r\n                            <div class=\"text-modules__content\">\r\n                                19.06.2026 &#8211; 17:00-17:45 Wojciech Leder &#8222;mediacja karna w uj\u0119ciu kognitywnym&#8221;<br \/>\n19.06.2026 &#8211; 17:45-18:30 Rafa\u0142 Wieczerzak &#8222;automatyzacja post\u0119powa\u0144 upominawczych z wykorzystaniem AI&#8221;<\/p>\n<p>Opiekun seminarium: dr hab. Olga Sitarz, prof. U\u015a \r\n                                <div class=\"mt-3\"><\/div>\r\n                            <\/div>\r\n                            \r\n                            \r\n                        <\/div>\r\n                    <\/div>\r\n                <\/div>[\/vc_column][\/vc_row]<\/p>","protected":false},"excerpt":{"rendered":"<p>[vc_row][vc_column][\/vc_column][\/vc_row] [&#8230;]<\/p>\n<p><a class=\"btn btn-secondary understrap-read-more-link\" href=\"https:\/\/us.edu.pl\/szkola-doktorska\/alternatywy-dla-tradycyjnego-procesu-sadowego-miedzy-czlowiekiem-w-technologia-mediacja-karna-w-ujeciu-kognitywnym-automatyzacja-postepowan-upominawczych-z-wykorzystaniem-ai\/\">Read More&#8230;<\/a><\/p>\n","protected":false},"author":205,"featured_media":0,"parent":0,"menu_order":0,"comment_status":"closed","ping_status":"closed","template":"","meta":{"_expiration-date-status":"","_expiration-date":0,"_expiration-date-type":"","_expiration-date-categories":[],"_expiration-date-options":[]},"acf":[],"_links":{"self":[{"href":"https:\/\/us.edu.pl\/szkola-doktorska\/wp-json\/wp\/v2\/pages\/25387"}],"collection":[{"href":"https:\/\/us.edu.pl\/szkola-doktorska\/wp-json\/wp\/v2\/pages"}],"about":[{"href":"https:\/\/us.edu.pl\/szkola-doktorska\/wp-json\/wp\/v2\/types\/page"}],"author":[{"embeddable":true,"href":"https:\/\/us.edu.pl\/szkola-doktorska\/wp-json\/wp\/v2\/users\/205"}],"replies":[{"embeddable":true,"href":"https:\/\/us.edu.pl\/szkola-doktorska\/wp-json\/wp\/v2\/comments?post=25387"}],"version-history":[{"count":2,"href":"https:\/\/us.edu.pl\/szkola-doktorska\/wp-json\/wp\/v2\/pages\/25387\/revisions"}],"predecessor-version":[{"id":25389,"href":"https:\/\/us.edu.pl\/szkola-doktorska\/wp-json\/wp\/v2\/pages\/25387\/revisions\/25389"}],"wp:attachment":[{"href":"https:\/\/us.edu.pl\/szkola-doktorska\/wp-json\/wp\/v2\/media?parent=25387"}],"curies":[{"name":"wp","href":"https:\/\/api.w.org\/{rel}","templated":true}]}}