{"id":25390,"date":"2026-04-07T12:48:25","date_gmt":"2026-04-07T10:48:25","guid":{"rendered":"https:\/\/us.edu.pl\/szkola-doktorska\/?page_id=25390"},"modified":"2026-04-07T12:49:10","modified_gmt":"2026-04-07T10:49:10","slug":"granice-prawa-karnego-miedzy-autonomia-jednostki-represja-a-populizmem-penalnym","status":"publish","type":"page","link":"https:\/\/us.edu.pl\/szkola-doktorska\/granice-prawa-karnego-miedzy-autonomia-jednostki-represja-a-populizmem-penalnym\/","title":{"rendered":"Granice prawa karnego &#8211; mi\u0119dzy autonomi\u0105 jednostki, represj\u0105 a populizmem penalnym"},"content":{"rendered":"<p>[vc_row][vc_column]\r\n                <div class=\"text-modules \">\r\n                    <div class=\"container\">\r\n                        <h3 class=\"section-title section-title_border-bottom\">Granice prawa karnego - mi\u0119dzy autonomi\u0105 jednostki, represj\u0105 a populizmem penalnym<\/h3> \r\n                        <div class=\"row m-0\">\r\n                            <div class=\"text-modules__content\">\r\n                                Data: 26.06.2026 r.<br \/>\nMiejsce: Wydzia\u0142 Prawa i Administracji Uniwersytetu \u015al\u0105skiego, sala 2.3<br \/>\n1) godz. 17:00 &#8211; 17:45 mgr Agnieszka Froch &#8222;Dopuszczalno\u015b\u0107 decydowania o w\u0142asnej \u015bmierci i podejmowania ryzyka \u015bmierci przez cz\u0142owieka w polskim prawie karnym&#8221;<br \/>\n2) godz. 17:45 &#8211; 18:30 mgr Katarzyna Mr\u00f3z &#8222;Nadzwyczajne obostrzenie kary &#8211; mi\u0119dzy racjonalno\u015bci\u0105 polityki karnej a populizmem penalnym&#8221;<\/p>\n<p>Opiekun seminarium: dr hab. Olga Sitarz, prof. U\u015a \r\n                                <div class=\"mt-3\"><\/div>\r\n                            <\/div>\r\n                            \r\n                            <div class=\"text-modules__img\"><img src=\"https:\/\/us.edu.pl\/szkola-doktorska\/wp-content\/uploads\/sites\/50\/Bez-kategorii\/1200x1200_ogolny_SD_Seminaria_Obszarowe_Doktorant-w-2.png\" alt=\"img\"><\/div>\r\n                        <\/div>\r\n                    <\/div>\r\n                <\/div>[\/vc_column][\/vc_row]<\/p>","protected":false},"excerpt":{"rendered":"<p>[vc_row][vc_column][\/vc_column][\/vc_row] [&#8230;]<\/p>\n<p><a class=\"btn btn-secondary understrap-read-more-link\" href=\"https:\/\/us.edu.pl\/szkola-doktorska\/granice-prawa-karnego-miedzy-autonomia-jednostki-represja-a-populizmem-penalnym\/\">Read More&#8230;<\/a><\/p>\n","protected":false},"author":205,"featured_media":0,"parent":0,"menu_order":0,"comment_status":"closed","ping_status":"closed","template":"","meta":{"_expiration-date-status":"","_expiration-date":0,"_expiration-date-type":"","_expiration-date-categories":[],"_expiration-date-options":[]},"acf":[],"_links":{"self":[{"href":"https:\/\/us.edu.pl\/szkola-doktorska\/wp-json\/wp\/v2\/pages\/25390"}],"collection":[{"href":"https:\/\/us.edu.pl\/szkola-doktorska\/wp-json\/wp\/v2\/pages"}],"about":[{"href":"https:\/\/us.edu.pl\/szkola-doktorska\/wp-json\/wp\/v2\/types\/page"}],"author":[{"embeddable":true,"href":"https:\/\/us.edu.pl\/szkola-doktorska\/wp-json\/wp\/v2\/users\/205"}],"replies":[{"embeddable":true,"href":"https:\/\/us.edu.pl\/szkola-doktorska\/wp-json\/wp\/v2\/comments?post=25390"}],"version-history":[{"count":2,"href":"https:\/\/us.edu.pl\/szkola-doktorska\/wp-json\/wp\/v2\/pages\/25390\/revisions"}],"predecessor-version":[{"id":25392,"href":"https:\/\/us.edu.pl\/szkola-doktorska\/wp-json\/wp\/v2\/pages\/25390\/revisions\/25392"}],"wp:attachment":[{"href":"https:\/\/us.edu.pl\/szkola-doktorska\/wp-json\/wp\/v2\/media?parent=25390"}],"curies":[{"name":"wp","href":"https:\/\/api.w.org\/{rel}","templated":true}]}}