{"id":25403,"date":"2026-04-09T14:59:15","date_gmt":"2026-04-09T12:59:15","guid":{"rendered":"https:\/\/us.edu.pl\/szkola-doktorska\/?page_id=25403"},"modified":"2026-04-09T14:59:41","modified_gmt":"2026-04-09T12:59:41","slug":"wywolujac-katastrofe-fenomen-i-fantom-w-tworczosci-zdzislawa-beksinskiego-2","status":"publish","type":"page","link":"https:\/\/us.edu.pl\/szkola-doktorska\/wywolujac-katastrofe-fenomen-i-fantom-w-tworczosci-zdzislawa-beksinskiego-2\/","title":{"rendered":"Wywo\u0142uj\u0105c katastrof\u0119. Fenomen i fantom w tw\u00f3rczo\u015bci Zdzis\u0142awa Beksi\u0144skiego"},"content":{"rendered":"<p>[vc_row][vc_column]\r\n                <div class=\"text-modules \">\r\n                    <div class=\"container\">\r\n                        <h3 class=\"section-title section-title_border-bottom\">Wywo\u0142uj\u0105c katastrof\u0119. Fenomen i fantom w tw\u00f3rczo\u015bci Zdzis\u0142awa Beksi\u0144skiego<\/h3> \r\n                        <div class=\"row m-0\">\r\n                            <div class=\"text-modules__content\">\r\n                                <span style=\"font-size: 10.0pt; font-family: 'Verdana',sans-serif;\">mgr Klaudia W\u0119grzyn<\/span><\/p>\n<p>20.04 godz. 9:00<\/p>\n<p><span style=\"font-size: 10.0pt; font-family: 'Verdana',sans-serif;\">Link do spotkania na platformie Teams: <a href=\"https:\/\/teams.microsoft.com\/meet\/390849112498335?p=e8diplEXPjTmlJ6oS7\">https:\/\/teams.microsoft.com\/meet\/390849112498335?p=e8diplEXPjTmlJ6oS7<\/a><br \/>\n<\/span><\/p>\n<div class=\"mt-3\"><\/div>\r\n                            <\/div>\r\n                            \r\n                            <div class=\"text-modules__img\"><img src=\"https:\/\/us.edu.pl\/szkola-doktorska\/wp-content\/uploads\/sites\/50\/Bez-kategorii\/seminarium-obszarowe-002.png\" alt=\"img\"><\/div>\r\n                        <\/div>\r\n                    <\/div>\r\n                <\/div>[\/vc_column][\/vc_row]<\/p>","protected":false},"excerpt":{"rendered":"<p>[vc_row][vc_column][\/vc_column][\/vc_row] [&#8230;]<\/p>\n<p><a class=\"btn btn-secondary understrap-read-more-link\" href=\"https:\/\/us.edu.pl\/szkola-doktorska\/wywolujac-katastrofe-fenomen-i-fantom-w-tworczosci-zdzislawa-beksinskiego-2\/\">Read More&#8230;<\/a><\/p>\n","protected":false},"author":205,"featured_media":0,"parent":0,"menu_order":0,"comment_status":"closed","ping_status":"closed","template":"","meta":{"_expiration-date-status":"","_expiration-date":0,"_expiration-date-type":"","_expiration-date-categories":[],"_expiration-date-options":[]},"acf":[],"_links":{"self":[{"href":"https:\/\/us.edu.pl\/szkola-doktorska\/wp-json\/wp\/v2\/pages\/25403"}],"collection":[{"href":"https:\/\/us.edu.pl\/szkola-doktorska\/wp-json\/wp\/v2\/pages"}],"about":[{"href":"https:\/\/us.edu.pl\/szkola-doktorska\/wp-json\/wp\/v2\/types\/page"}],"author":[{"embeddable":true,"href":"https:\/\/us.edu.pl\/szkola-doktorska\/wp-json\/wp\/v2\/users\/205"}],"replies":[{"embeddable":true,"href":"https:\/\/us.edu.pl\/szkola-doktorska\/wp-json\/wp\/v2\/comments?post=25403"}],"version-history":[{"count":1,"href":"https:\/\/us.edu.pl\/szkola-doktorska\/wp-json\/wp\/v2\/pages\/25403\/revisions"}],"predecessor-version":[{"id":25405,"href":"https:\/\/us.edu.pl\/szkola-doktorska\/wp-json\/wp\/v2\/pages\/25403\/revisions\/25405"}],"wp:attachment":[{"href":"https:\/\/us.edu.pl\/szkola-doktorska\/wp-json\/wp\/v2\/media?parent=25403"}],"curies":[{"name":"wp","href":"https:\/\/api.w.org\/{rel}","templated":true}]}}