{"id":25491,"date":"2026-05-04T15:12:03","date_gmt":"2026-05-04T13:12:03","guid":{"rendered":"https:\/\/us.edu.pl\/szkola-doktorska\/?page_id=25491"},"modified":"2026-05-04T15:16:21","modified_gmt":"2026-05-04T13:16:21","slug":"interdyscyplinarne-badania-nad-struktura-dynamika-i-stabilnoscia-zlozonych-ukladow-molekularnych","status":"publish","type":"page","link":"https:\/\/us.edu.pl\/szkola-doktorska\/interdyscyplinarne-badania-nad-struktura-dynamika-i-stabilnoscia-zlozonych-ukladow-molekularnych\/","title":{"rendered":"Interdyscyplinarne badania nad struktur\u0105, dynamik\u0105 i stabilno\u015bci\u0105 z\u0142o\u017conych uk\u0142ad\u00f3w molekularnych"},"content":{"rendered":"<p>[vc_row][vc_column]\r\n                <div class=\"text-modules \">\r\n                    <div class=\"container\">\r\n                         \r\n                        <div class=\"row m-0\">\r\n                            <div class=\"text-modules__content\">\r\n                                W dniu <strong>14 maja 2026 r. (czwartek) o godz. 9:00 (sala C\/-1\/06, \u015aMCEBI, Chorz\u00f3w)<\/strong> odb\u0119dzie si\u0119 seminarium obszarowe doktorant\u00f3w<\/p>\n<p>1. mgr Anjana Krishna Sudhakaran Nair Valsala Kumari, &#8222;Study of molecular dynamics and intermolecular interactions in soft materials infiltrated within nanostructured mesoporous membranes&#8221;.<\/p>\n<p>2. mgr Alfred B\u0142a\u017cytko, &#8222;Wp\u0142yw temperatury i wysokiego ci\u015bnienia na dynamik\u0119 du\u017cych, anizotropowych moleku\u0142 tworz\u0105cych faz\u0119 szklist\u0105 i charakteryzuj\u0105cych si\u0119 nietypowym zachowaniem ujawnionym w badaniach relaksacji dielektrycznej\u201d.<\/p>\n<p>3. mgr Patryk Zio\u0142a, &#8222;Chelatory \u017celaza jako inhibitory kinaz tyrozynowych \u2013 nowa strategia leczenia glejaka wielopostaciowego&#8221;.<\/p>\n<p>Seminarium ma charakter otwarty, dlatego serdecznie zapraszam do udzia\u0142u ca\u0142\u0105 spo\u0142eczno\u015b\u0107 akademick\u0105, w szczeg\u00f3lno\u015bci pracownik\u00f3w, doktorant\u00f3w i student\u00f3w Wydzia\u0142u Nauk \u015acis\u0142ych i Technicznych. Uprzejmie prosz\u0119 o rozes\u0142anie niniejszej informacji do wszystkich os\u00f3b zainteresowanych. \r\n                                <div class=\"mt-3\"><\/div>\r\n                            <\/div>\r\n                            \r\n                            <div class=\"text-modules__img\"><img src=\"https:\/\/us.edu.pl\/szkola-doktorska\/wp-content\/uploads\/sites\/50\/Bez-kategorii\/1200x1200_ogolny_SD_Seminaria_Obszarowe_Doktorant-w-2-300x300.png\" alt=\"img\"><\/div>\r\n                        <\/div>\r\n                    <\/div>\r\n                <\/div>[\/vc_column][\/vc_row]<\/p>","protected":false},"excerpt":{"rendered":"<p>[vc_row][vc_column][\/vc_column][\/vc_row] [&#8230;]<\/p>\n<p><a class=\"btn btn-secondary understrap-read-more-link\" href=\"https:\/\/us.edu.pl\/szkola-doktorska\/interdyscyplinarne-badania-nad-struktura-dynamika-i-stabilnoscia-zlozonych-ukladow-molekularnych\/\">Read More&#8230;<\/a><\/p>\n","protected":false},"author":205,"featured_media":0,"parent":0,"menu_order":0,"comment_status":"closed","ping_status":"closed","template":"","meta":{"_expiration-date-status":"","_expiration-date":0,"_expiration-date-type":"","_expiration-date-categories":[],"_expiration-date-options":[]},"acf":[],"_links":{"self":[{"href":"https:\/\/us.edu.pl\/szkola-doktorska\/wp-json\/wp\/v2\/pages\/25491"}],"collection":[{"href":"https:\/\/us.edu.pl\/szkola-doktorska\/wp-json\/wp\/v2\/pages"}],"about":[{"href":"https:\/\/us.edu.pl\/szkola-doktorska\/wp-json\/wp\/v2\/types\/page"}],"author":[{"embeddable":true,"href":"https:\/\/us.edu.pl\/szkola-doktorska\/wp-json\/wp\/v2\/users\/205"}],"replies":[{"embeddable":true,"href":"https:\/\/us.edu.pl\/szkola-doktorska\/wp-json\/wp\/v2\/comments?post=25491"}],"version-history":[{"count":2,"href":"https:\/\/us.edu.pl\/szkola-doktorska\/wp-json\/wp\/v2\/pages\/25491\/revisions"}],"predecessor-version":[{"id":25494,"href":"https:\/\/us.edu.pl\/szkola-doktorska\/wp-json\/wp\/v2\/pages\/25491\/revisions\/25494"}],"wp:attachment":[{"href":"https:\/\/us.edu.pl\/szkola-doktorska\/wp-json\/wp\/v2\/media?parent=25491"}],"curies":[{"name":"wp","href":"https:\/\/api.w.org\/{rel}","templated":true}]}}