{"id":272,"date":"2019-10-29T14:03:14","date_gmt":"2019-10-29T13:03:14","guid":{"rendered":"http:\/\/us.edu.pl\/szkola-doktorska\/?page_id=272"},"modified":"2024-11-04T10:34:48","modified_gmt":"2024-11-04T09:34:48","slug":"kontakt","status":"publish","type":"page","link":"https:\/\/us.edu.pl\/szkola-doktorska\/kontakt\/","title":{"rendered":"Kontakt"},"content":{"rendered":"<p>[vc_row][vc_column]\r\n                <div class=\"text-modules\">\r\n                    <div class=\"container\">\r\n                        <h3 class=\"page-title text__title\">Kontakt<\/h3>\r\n                        <div class=\"text-modules__content\"><p>Szko\u0142a Doktorska w Uniwersytecie \u015al\u0105skim<br \/>\nul. Bankowa 14<br \/>\n40-007 Katowice<\/p>\n<p><span style=\"font-size: 10.0pt; font-family: 'Verdana',sans-serif;\"><a href=\"mailto:phd_admission@us.edu.pl\">phd_admission@us.edu.pl<\/a> &#8211; pytania od kandydat\u00f3w na doktorant\u00f3w z zagranicy<\/span><\/p>\n<p><span style=\"font-size: 10.0pt; font-family: 'Verdana',sans-serif;\"><a href=\"mailto:szkola.doktorska@us.edu.pl\">szkola.doktorska@us.edu.pl<\/a> &#8211; sprawy og\u00f3lne<\/span><\/p>\n<p><a href=\"\/szkola-doktorska\/biuro-szkoly-doktorskiej\/\">Kontakt z biurem<\/a><\/p>\n<p><a href=\"\/szkola-doktorska\/86-2\/\">Kontakt z dziekanami i koordynatorami<\/a><\/p>\n<\/div>\r\n                    <\/div>\r\n                <\/div>[\/vc_column][\/vc_row]<\/p>","protected":false},"excerpt":{"rendered":"<p>[vc_row][vc_column][\/vc_column][\/vc_row] [&#8230;]<\/p>\n<p><a class=\"btn btn-secondary understrap-read-more-link\" href=\"https:\/\/us.edu.pl\/szkola-doktorska\/kontakt\/\">Read More&#8230;<\/a><\/p>\n","protected":false},"author":29,"featured_media":0,"parent":0,"menu_order":0,"comment_status":"closed","ping_status":"closed","template":"","meta":{"_expiration-date-status":"","_expiration-date":0,"_expiration-date-type":"","_expiration-date-categories":[],"_expiration-date-options":[]},"acf":[],"_links":{"self":[{"href":"https:\/\/us.edu.pl\/szkola-doktorska\/wp-json\/wp\/v2\/pages\/272"}],"collection":[{"href":"https:\/\/us.edu.pl\/szkola-doktorska\/wp-json\/wp\/v2\/pages"}],"about":[{"href":"https:\/\/us.edu.pl\/szkola-doktorska\/wp-json\/wp\/v2\/types\/page"}],"author":[{"embeddable":true,"href":"https:\/\/us.edu.pl\/szkola-doktorska\/wp-json\/wp\/v2\/users\/29"}],"replies":[{"embeddable":true,"href":"https:\/\/us.edu.pl\/szkola-doktorska\/wp-json\/wp\/v2\/comments?post=272"}],"version-history":[{"count":11,"href":"https:\/\/us.edu.pl\/szkola-doktorska\/wp-json\/wp\/v2\/pages\/272\/revisions"}],"predecessor-version":[{"id":12226,"href":"https:\/\/us.edu.pl\/szkola-doktorska\/wp-json\/wp\/v2\/pages\/272\/revisions\/12226"}],"wp:attachment":[{"href":"https:\/\/us.edu.pl\/szkola-doktorska\/wp-json\/wp\/v2\/media?parent=272"}],"curies":[{"name":"wp","href":"https:\/\/api.w.org\/{rel}","templated":true}]}}