{"id":394,"date":"2019-11-03T11:11:20","date_gmt":"2019-11-03T10:11:20","guid":{"rendered":"http:\/\/us.edu.pl\/szkola-doktorska\/?page_id=394"},"modified":"2021-01-19T11:46:50","modified_gmt":"2021-01-19T10:46:50","slug":"doktorat-miedzynarodowy","status":"publish","type":"page","link":"https:\/\/us.edu.pl\/szkola-doktorska\/dzialania-miedzynarodowe\/doktorat-miedzynarodowy\/","title":{"rendered":"Doktorat mi\u0119dzynarodowy"},"content":{"rendered":"<p>[vc_row][vc_column]\r\n                <div class=\"text-modules\">\r\n                    <div class=\"container\">\r\n                        <h3 class=\"page-title text__title\">Doktorat mi\u0119dzynarodowy<\/h3>\r\n                        <div class=\"text-modules__content\"><p>W przypadku bada\u0144 prowadzonych r\u00f3wnolegle na dw\u00f3ch uczelniach mo\u017cliwa jest nadanie stopnia doktora r\u00f3wnocze\u015bnie przez dwie uczelnie. Podnosi to presti\u017c uzyskanego stopnia, zwi\u0119ksza jego uznawalno\u015b\u0107, ale przede wszystkim jest odzwierciedleniem rzeczywistego stanu &#8211; du\u017cego wk\u0142adu obu uczelni w kszta\u0142cenie i badania m\u0142odego naukowca.<\/p>\n<p>Inicjatorem tej formy mo\u017ce by\u0107 instytucja (na przyk\u0142ad w postaci mi\u0119dzynarodowej szko\u0142y doktorskiej), promotor jak i sam doktorant. Nie ma jednej sformalizowanej \u015bcie\u017cki i zestawu procedur dla doktoratu mi\u0119dzynarodowego &#8211; jest to rozwi\u0105zanie indywidualne, zale\u017cne od obu uczelni, system\u00f3w prawnych, w jakich funkcjonuj\u0105 (polskie ustawodawstwo nie stawia praktycznie \u017cadnych ogranicze\u0144), a tak\u017ce potrzeb wsp\u00f3\u0142pracy i \u017ar\u00f3d\u0142a ich finansowania. Za ka\u017cdym razem podstaw\u0105 realizacji doktoratu mi\u0119dzynarodowego jest dwustronna (lub wielostronna) umowa mi\u0119dzy instytucjami.<\/p>\n<p>Zach\u0119camy do inicjowania tego typu wsp\u00f3\u0142pracy. Szko\u0142a Doktorska U\u015a jest otwarta i gotowa wsparcia realizacji takich inicjatyw.<\/p>\n<\/div>\r\n                    <\/div>\r\n                <\/div>[\/vc_column][\/vc_row][vc_row][vc_column]\r\n                <div class=\"text-modules\">\r\n                    <div class=\"container\">\r\n                        \r\n                        <div class=\"text-modules__content\"><p><strong><u>Doktorat mi\u0119dzynarodowy \u2013 umowy co-tutelle<\/u><\/strong><\/p>\n<p>Umowy co-tutelle przeznaczone s\u0105 dla doktorant\u00f3w\/doktorantek, kt\u00f3rzy\/kt\u00f3re chc\u0105 prowadzi\u0107 badania r\u00f3wnolegle na dw\u00f3ch uczelniach (Szko\u0142a Doktorska w Uniwersytecie \u015al\u0105skim oraz jednostka zagraniczna). Doktorant\/ka ma mo\u017cliwo\u015b\u0107 przygotowywania pracy doktorskiej pod wsp\u00f3lnym kierunkiem dw\u00f3ch promotor\u00f3w w ka\u017cdej z uczelni, w efekcie czego mo\u017ce uzyska\u0107 stopie\u0144 doktora nadany przez obie uczelnie.<\/p>\n<p>WA\u017bNE! Podpisanie umowy indywidualnej co-tutelle jest poprzedzone oficjalnymi\u0105 procedurami na obu uczelniach. Proces rekrutacyjny przebiega zgodnie z przepisami obowi\u0105zuj\u0105cymi na obu uczelniach.<\/p>\n<p>WA\u017bNE! Doktorat mi\u0119dzynarodowy oparty na umowach co-tutelle NIE JEST sta\u017cem ani wymian\u0105 doktoranck\u0105.<\/p>\n<p>&nbsp;<\/p>\n<ol>\n<li><u>Okres obowi\u0105zywania umowy co-tutelle: <\/u><\/li>\n<\/ol>\n<p>Doktorant\/ka mo\u017ce rozpocz\u0105\u0107 studia doktoranckie w oparciu o co-tutelle na pierwszym lub drugim roku studi\u00f3w. Umowa wygasa w momencie uzyskania przez doktoranta\/k\u0119 stopnia doktora, nie mo\u017ce by\u0107 jednak d\u0142u\u017csza ni\u017c czas trwania kszta\u0142cenia (w Polsce maks. 4 lata dwa lata przed\u0142u\u017cenia kszta\u0142cenia). Je\u017celi uczelnia partnerska przewiduje kr\u00f3tszy czas kszta\u0142cenia, nale\u017cy to wzi\u0105\u0107 to pod uwag\u0119 przy zawieraniu umowy. Na przyk\u0142ad doktorat we Francji trwa 3 lata \u2013 umowa co-tutelle trwa\u0107 b\u0119dzie maks. 3 lata i powinna by\u0107 zawarta na drugim roku studi\u00f3w doktoranta\/ki w Polsce.<\/p>\n<p>Umowy co-tutelle uwzgl\u0119dniaj\u0105 podzia\u0142 roku akademickiego (2020\/2021, 2021\/2022\u2026)<\/p>\n<p>&nbsp;<\/p>\n<ol start=\"2\">\n<li><u>Pobyt w jednostce zagranicznej:<\/u><\/li>\n<\/ol>\n<p>Doktorant\/ka zobowi\u0105zany\/na jest do prowadzenia bada\u0144 oraz uczestniczenia w zaj\u0119ciach zar\u00f3wno w\u00a0Szkole Doktorskiej w Uniwersytecie \u015al\u0105skim, jak i w jednostce partnerskiej. Harmonogram pobytu doktoranta\/ki w obu jednostkach ustalany jest indywidualnie, powinien jednak uwzgl\u0119dnia\u0107 r\u00f3wny podzia\u0142.<\/p>\n<p>&nbsp;<\/p>\n<ol start=\"3\">\n<li><u>Obrona pracy doktorskiej oraz nadanie stopnia<\/u><\/li>\n<\/ol>\n<p>Obrona pracy doktorskiej odbywa si\u0119 w jednej z uczelni (na Uniwersytecie \u015al\u0105skim lub na uczelni partnerskiej) \u2013 wyb\u00f3r konkretnej jednostki dokonany jest w umowie indywidualnej. Komisja doktorska sk\u0142ada si\u0119 z przedstawicieli obu uczelni, a zasady wyboru sk\u0142adu okre\u015blane s\u0105 w tre\u015bci umowy.<\/p>\n<p>Stopie\u0144 doktora nadawany jest przez obie uczelnie zgodnie z obowi\u0105zuj\u0105cymi przepisami. Obie jednostki musz\u0105 posiada\u0107 uprawnienia do nadawania stopni w wybranej dyscyplinie.<\/p>\n<p>&nbsp;<\/p>\n<ol start=\"4\">\n<li><u>Nawi\u0105zanie wsp\u00f3\u0142pracy \u2013 krok po kroku \u2013 obowi\u0105zki doktoranta\/doktorantki:<\/u><\/li>\n<\/ol>\n<p>&nbsp;<\/p>\n<ol>\n<li>doktorant\/ka powinien\/na skontaktowa\u0107 si\u0119 ze swoim promotorem i\u00a0skonsultowa\u0107 pomys\u0142 doktoratu mi\u0119dzynarodowego. Doktorant\/ka musi uzyska\u0107 zgod\u0119 swojego promotora (inicjatywa mo\u017ce te\u017c nale\u017ce\u0107 do promotora, kt\u00f3ry cz\u0119sto ma ju\u017c nawi\u0105zane kontakty mi\u0119dzynarodowe i zna jednostki naukowe prowadz\u0105ce badania w zakresie istotnym dla doktoranta),<\/li>\n<li>doktorant\/ka powinien\/na zainteresowa\u0107 si\u0119 programem nauczania dost\u0119pnym na uniwersytecie zagranicznym \u2013 powinien\/na ustali\u0107, czy uczelnia zagraniczna ma uprawnienia do nadawania stopnia doktora w dziedzinie doktoranta\/ki oraz czy posiada odpowiedni program nauczania,<\/li>\n<li>doktorant\/ka powinien\/na skontaktowa\u0107 si\u0119 ze szko\u0142\u0105 doktorsk\u0105 uniwersytetu zagranicznego (albo podobnym organem) ze wst\u0119pnym pytaniem, czy uniwersytet ten dopuszcza mo\u017cliwo\u015b\u0107 studiowania w oparciu o umowy co-tutelle;<\/li>\n<\/ol>\n<p>WA\u017bNE!!! Rozmowy na tym etapie maj\u0105 charakter jedynie wst\u0119pny \u2013 doktorant\/ka ma za zadanie jedynie zbada\u0107, czy uczelnia zagraniczna jest zainteresowana mi\u0119dzynarodowymi doktoratami. \u017badne z ustale\u0144 na tym etapie nie s\u0105 wi\u0105\u017c\u0105ce dla Szko\u0142y Doktorskiej w Uniwersytecie \u015al\u0105skim.<\/p>\n<ol>\n<li>doktorant\/ka powinien\/na wype\u0142ni\u0107 stosowny formularz i wys\u0142a\u0107 go na adres: <a href=\"mailto:malgorzata.myl@us.edu.pl\">malgorzata.myl@us.edu.pl<\/a> (dr Ma\u0142gorzata Myl \u2013 koordynator ds. wsp\u00f3\u0142pracy mi\u0119dzynarodowej),<\/li>\n<li>Szko\u0142a Doktorska w Uniwersytecie \u015al\u0105skim zapozna si\u0119 z formularzem przes\u0142anym przez doktoranta\/k\u0119 oraz podejmie decyzj\u0119 w sprawie dalszej procedury,<\/li>\n<li>Szko\u0142a Doktorska w Uniwersytecie \u015al\u0105skim (koordynator ds. wsp\u00f3\u0142pracy mi\u0119dzynarodowej) skontaktuje si\u0119 z wybran\u0105 jednostk\u0105 zagraniczn\u0105 oraz rozpocznie negocjacje dotycz\u0105ce tre\u015bci umowy. Doktorant\/ka i promotor s\u0105 informowani o przebiegu rozm\u00f3w i\u00a0na odpowiednich etapach do nich w\u0142\u0105czani,<\/li>\n<\/ol>\n<p>&nbsp;<\/p>\n<p>WA\u017bNE!!! Ostateczna tre\u015b\u0107 umowy co-tutelle ustalana jest pomi\u0119dzy obiema uczelniami \u2013 tre\u015b\u0107 negocjuj\u0105 tylko uprawnione do tego osoby. Ponadto umowa podlega zatwierdzeniu przez organy centralne obu uczelni. Umowa musi spe\u0142nia\u0107 wymogi obu system\u00f3w prawnych;<\/p>\n<p>&nbsp;<\/p>\n<ol>\n<li>podpisanie umowy przez obie uczelnie \u2013 umowy podpisuj\u0105 osoby uprawnione do reprezentowania obu uczelni i do zaci\u0105gania zobowi\u0105za\u0144 w imieniu obu uczelni. Umowa zostanie przekazana r\u00f3wnie\u017c doktorantowi\/doktorantce.<\/li>\n<\/ol>\n<p>&nbsp;<\/p>\n<p>W przypadku pyta\u0144 prosz\u0119 o kontakt:<\/p>\n<p>Dr Ma\u0142gorzata Myl<\/p>\n<p>Koordynator ds. wsp\u00f3\u0142pracy mi\u0119dzynarodowej<\/p>\n<p>Szko\u0142a Doktorska w Uniwersytecie \u015al\u0105skim w Katowicach<\/p>\n<p>e-mail: malgorzata.myl@us.edu.pl<\/p>\n<p>&nbsp;<\/p>\n<p><a href=\"https:\/\/us.edu.pl\/szkola-doktorska\/wp-content\/uploads\/sites\/50\/Nieprzypisane\/Formularz-zg\u0142oszeniowy-do-co-tutelle-2.docx\" class=\"mtli_attachment mtli_docx\" data-mtli=\"mtli_filesize223,70kB\" class=\"mtli_attachment mtli_docx\" data-mtli=\"mtli_filesize223,70kB\">Formularz zg\u0142oszeniowy do co-tutelle<\/a><\/p>\n<style type=\"text\/css\">a[data-mtli~=\"mtli_filesize223,70kB\"]:after {content:\" (223,70 kB)\"}<\/style><\/div>\r\n                    <\/div>\r\n                <\/div>[\/vc_column][\/vc_row]<\/p>\n<style type=\"text\/css\">a[data-mtli~=\"mtli_filesize223,70kB\"]:after {content:\" (223,70 kB)\"}<\/style>","protected":false},"excerpt":{"rendered":"<p>[vc_row][vc_column][\/vc_column][\/vc_row][vc_row][vc_column][\/vc_column][\/vc_row] [&#8230;]<\/p>\n<p><a class=\"btn btn-secondary understrap-read-more-link\" href=\"https:\/\/us.edu.pl\/szkola-doktorska\/dzialania-miedzynarodowe\/doktorat-miedzynarodowy\/\">Read More&#8230;<\/a><\/p>\n","protected":false},"author":42,"featured_media":0,"parent":60,"menu_order":0,"comment_status":"closed","ping_status":"closed","template":"","meta":{"_expiration-date-status":"saved","_expiration-date":0,"_expiration-date-type":"","_expiration-date-categories":[],"_expiration-date-options":[]},"acf":[],"_links":{"self":[{"href":"https:\/\/us.edu.pl\/szkola-doktorska\/wp-json\/wp\/v2\/pages\/394"}],"collection":[{"href":"https:\/\/us.edu.pl\/szkola-doktorska\/wp-json\/wp\/v2\/pages"}],"about":[{"href":"https:\/\/us.edu.pl\/szkola-doktorska\/wp-json\/wp\/v2\/types\/page"}],"author":[{"embeddable":true,"href":"https:\/\/us.edu.pl\/szkola-doktorska\/wp-json\/wp\/v2\/users\/42"}],"replies":[{"embeddable":true,"href":"https:\/\/us.edu.pl\/szkola-doktorska\/wp-json\/wp\/v2\/comments?post=394"}],"version-history":[{"count":8,"href":"https:\/\/us.edu.pl\/szkola-doktorska\/wp-json\/wp\/v2\/pages\/394\/revisions"}],"predecessor-version":[{"id":4476,"href":"https:\/\/us.edu.pl\/szkola-doktorska\/wp-json\/wp\/v2\/pages\/394\/revisions\/4476"}],"up":[{"embeddable":true,"href":"https:\/\/us.edu.pl\/szkola-doktorska\/wp-json\/wp\/v2\/pages\/60"}],"wp:attachment":[{"href":"https:\/\/us.edu.pl\/szkola-doktorska\/wp-json\/wp\/v2\/media?parent=394"}],"curies":[{"name":"wp","href":"https:\/\/api.w.org\/{rel}","templated":true}]}}