{"id":404,"date":"2019-11-03T12:04:41","date_gmt":"2019-11-03T11:04:41","guid":{"rendered":"http:\/\/us.edu.pl\/szkola-doktorska\/?page_id=404"},"modified":"2024-11-06T09:58:51","modified_gmt":"2024-11-06T08:58:51","slug":"szkola-doktorska-w-uniwersytecie-slaskim","status":"publish","type":"page","link":"https:\/\/us.edu.pl\/szkola-doktorska\/szkola-doktorska-w-uniwersytecie-slaskim\/","title":{"rendered":"Szko\u0142a Doktorska w Uniwersytecie \u015al\u0105skim"},"content":{"rendered":"<p>[vc_row][vc_column]\r\n                <div class=\"text-modules\">\r\n                    <div class=\"container\">\r\n                        <h3 class=\"page-title text__title\">Szko\u0142a Doktorska<\/h3>\r\n                        <div class=\"text-modules__content\"><p>Szko\u0142a Doktorska w Uniwersytecie \u015al\u0105skim w Katowicach zosta\u0142a utworzona 14 maja 2019 roku. Pierwszy rocznik doktorant\u00f3w rozpocz\u0105\u0142 kszta\u0142cenie 1 pa\u017adziernika 2019 roku. Zadaniem Szko\u0142y Doktorskiej jest kszta\u0142cenie doktorant\u00f3w na Uniwersytecie \u015al\u0105skim. Jej najwa\u017cniejszym celem jest to, aby doktoranci przygotowali bardzo dobre rozprawy doktorskie i byli przygotowani do uczestnictwa w \u017cyciu akademickim i spo\u0142ecznym zar\u00f3wno jako badacze, nauczyciele akademiccy jak i specjali\u015bci i sprawni administratorzy wiedzy. Ten cel szko\u0142a realizuje przez prowadzenie kszta\u0142cenia na wysokim poziomie we wsp\u00f3\u0142pracy z wydzia\u0142ami U\u015a, a tak\u017ce przez wsparcie administracyjne i merytoryczne doktorant\u00f3w. Najwa\u017cniejsze aspekty tego wsparcia to:<\/p>\n<ul>\n<li>wyb\u00f3r do\u015bwiadczonego i przygotowanego do pracy dydaktycznej promotora<\/li>\n<li>organizowanie wsp\u00f3\u0142pracy mi\u0119dzynarodowej<\/li>\n<li>pomoc doktorantom w pozyskiwaniu \u015brodk\u00f3w na badania i mobilno\u015b\u0107<\/li>\n<li>organizowanie r\u00f3\u017cnych form aktywno\u015bci, takich jak szko\u0142a letnia, otwarte wyk\u0142ady i konferencje naukowe<\/li>\n<li>dzia\u0142ania maj\u0105ce na celu popularyzacj\u0119 nauki, przede wszystkim upowszechnienie informacji na temat bada\u0144 prowadzonych przez doktorant\u00f3w<\/li>\n<\/ul>\n<p>\n<\/div>\r\n                    <\/div>\r\n                <\/div>\r\n                <div class=\"text-modules\">\r\n                    <div class=\"container\">\r\n                        <h3 class=\"page-title text__title\">Podstawy prawne funkcjonowania Szko\u0142y Doktorskiej<\/h3>\r\n                        <div class=\"text-modules__content\"><p>Najwa\u017cniejszym aktem reguluj\u0105cym dzia\u0142anie Szko\u0142y Doktorskiej jest <strong>Regulamin Szko\u0142y Doktorskiej<\/strong>:<\/p>\n<p>Obowi\u0105zuj\u0105cy regulamin:<\/p>\n<p><strong>od 1 pa\u017adziernika 2024 roku &#8211; Uchwa\u0142a Senatu nr 502\/2024 <\/strong>&#8211; <a href=\"https:\/\/aktyprawne.us.edu.pl\/423\/d\/7221\/5\/\">link do uchwa\u0142y<\/a>.<\/p>\n<p>Regulamin organizacyjny Uniwersytetu \u015al\u0105skiego &#8211; obowi\u0105zuj\u0105cy od 3 pa\u017adziernika 2024 r. &#8211;\u00a0 <a href=\"https:\/\/aktyprawne.us.edu.pl\/d\/7625\/5\/\">link do obwieszczenia<\/a>.<\/p>\n<p>Wcze\u015bniejsze wersje regulaminu:<\/p>\n<ul style=\"list-style-type: circle;\">\n<li>obowi\u0105zuj\u0105cy wszystkich doktorant\u00f3w od 1 pa\u017adziernika 2023 roku do 30 wrze\u015bnia 2024 roku\u00a0&#8211; uchwa\u0142a nr 343\/2022 z dnia 21-12-2022 Senatu U\u015a &#8211; <a href=\"https:\/\/aktyprawne.us.edu.pl\/423\/d\/6057\/5\/\">link do uchwa\u0142y<\/a>.<\/li>\n<li>obowi\u0105zuj\u0105cy wszystkich doktorant\u00f3w od 1 pa\u017adziernika 2022 roku do 30 wrze\u015bnia 2023 roku &#8211; uchwa\u0142a nr 257\/2022 z dnia 26-04-2022 Senatu U\u015a &#8211; <a href=\"https:\/\/aktyprawne.us.edu.pl\/423\/d\/5653\/5\/\">link do uchwa\u0142y<\/a>.<\/li>\n<li>obowi\u0105zuj\u0105cy wszystkich doktorant\u00f3w od 1 pa\u017adziernika 2021 roku do 30 wrze\u015bnia 2022 roku &#8211; uchwa\u0142a nr 75\/2021 z dnia 26-01-2021 Senatu U\u015a<strong> &#8211; <\/strong><a href=\"https:\/\/aktyprawne.us.edu.pl\/423-lista\/lang\/pl-PL\/d\/4911\/5\/\">link do uchwa\u0142y<\/a><\/li>\n<li>obowi\u0105zuj\u0105cy wszystkich doktorant\u00f3w od 1 pa\u017adziernika 2019 roku do 30 wrze\u015bnia 2021 roku &#8211; za\u0142\u0105cznik do uchwa\u0142y nr 430\/2019 z dnia 24-09-2019 Senatu U\u015a &#8211; <a href=\"https:\/\/aktyprawne.us.edu.pl\/423\/d\/3223\/5\/\">link do uchwa\u0142y<\/a><\/li>\n<\/ul>\n<p>Ponadto Szko\u0142a Doktorska dzia\u0142a w oparciu o:<\/p>\n<ul>\n<li>Ustaw\u0119 Prawo o Szkolnictwie Wy\u017cszym i Nauce (Dz.U. 2018 poz. 1668) i opartych na niej rozporz\u0105dze\u0144 MNiSW &#8211; <a href=\"https:\/\/isap.sejm.gov.pl\/isap.nsf\/DocDetails.xsp?id=WDU20180001668\">link do ustawy<\/a><\/li>\n<li>Statut Uniwersytetu \u015al\u0105skiego w Katowicach &#8211; <a href=\"https:\/\/aktyprawne.us.edu.pl\/lang\/pl-PL\/d\/4952\/5\/?tc=80\">link do obwieszczenia rektora<\/a><\/li>\n<li>Regulamin organizacyjny Uniwersytetu \u015al\u0105skiego w Katowicach &#8211; <a href=\"https:\/\/aktyprawne.us.edu.pl\/lang\/pl-PL\/d\/6291\/5\/\">link do obwieszczenia rektora<\/a><\/li>\n<li>inne przepisy krajowe i wewn\u0119trzne<\/li>\n<li>zarz\u0105dzenia dziekana Szko\u0142y Doktorskiej<\/li>\n<\/ul>\n<p>\n<\/div>\r\n                    <\/div>\r\n                <\/div>\r\n                <div class=\"text-modules\">\r\n                    <div class=\"container\">\r\n                        <h3 class=\"page-title text__title\">Obszary i dyscypliny kszta\u0142cenia<\/h3>\r\n                        <div class=\"text-modules__content\"><p>Szko\u0142a kszta\u0142ci doktorant\u00f3w w tych wszystkich 26 dyscyplinach naukowych, w kt\u00f3rych Uniwersytet \u015al\u0105ski ma prawo nadawania stopnia doktora. Na potrzeby organizacji kszta\u0142cenia, dyscypliny zosta\u0142y podzielone na trzy du\u017ce obszary, \u0142\u0105cz\u0105ce kilka dziedzin nauki:<\/p>\n<p>W obszarze nauk humanistycznych, nauk teologicznych i sztuki:<\/p>\n<ol>\n<li>filozofia<\/li>\n<li>historia<\/li>\n<li>j\u0119zykoznawstwo<\/li>\n<li>literaturoznawstwo<\/li>\n<li>nauki o kulturze i religii<\/li>\n<li>nauki o sztuce<\/li>\n<li>nauki teologiczne<\/li>\n<li>polonistyka<\/li>\n<li>sztuki filmowe i teatralne<\/li>\n<li>sztuki muzyczne<\/li>\n<li>sztuki plastyczne i konserwacja dzie\u0142 sztuki<\/li>\n<\/ol>\n<p>W obszarze nauk spo\u0142ecznych:<\/p>\n<ol>\n<li>geografia spo\u0142eczno-ekonomiczna i gospodarka przestrzenna<\/li>\n<li>nauki o komunikacji spo\u0142ecznej i mediach<\/li>\n<li>nauki o polityce i administracji<\/li>\n<li>nauki prawne<\/li>\n<li>nauki socjologiczne<\/li>\n<li>pedagogika<\/li>\n<li>psychologia<\/li>\n<\/ol>\n<ul>\n<li style=\"list-style-type: none;\"><\/li>\n<li style=\"list-style-type: none;\"><\/li>\n<\/ul>\n<p>W obszarze nauk \u015bcis\u0142ych i przyrodniczych oraz in\u017cynieryjno-technicznych:<\/p>\n<ol>\n<li>informatyka<\/li>\n<li>in\u017cynieria biomedyczna<\/li>\n<li>in\u017cynieria materia\u0142owa<\/li>\n<li>matematyka<\/li>\n<li>nauki biologiczne<\/li>\n<li>nauki chemiczne<\/li>\n<li>nauki fizyczne<\/li>\n<li>nauki o Ziemi i \u015brodowisku<\/li>\n<\/ol>\n<ul>\n<li style=\"list-style-type: none;\"><\/li>\n<\/ul>\n<ul>\n<li style=\"list-style-type: none;\">\n<ul>\n<li style=\"list-style-type: none;\"><\/li>\n<\/ul>\n<\/li>\n<\/ul>\n<p>\n<\/div>\r\n                    <\/div>\r\n                <\/div>[\/vc_column][\/vc_row]<\/p>","protected":false},"excerpt":{"rendered":"<p>[vc_row][vc_column][\/vc_column][\/vc_row] [&#8230;]<\/p>\n<p><a class=\"btn btn-secondary understrap-read-more-link\" href=\"https:\/\/us.edu.pl\/szkola-doktorska\/szkola-doktorska-w-uniwersytecie-slaskim\/\">Read More&#8230;<\/a><\/p>\n","protected":false},"author":42,"featured_media":0,"parent":0,"menu_order":0,"comment_status":"closed","ping_status":"closed","template":"","meta":{"_expiration-date-status":"","_expiration-date":0,"_expiration-date-type":"","_expiration-date-categories":[],"_expiration-date-options":[]},"acf":[],"_links":{"self":[{"href":"https:\/\/us.edu.pl\/szkola-doktorska\/wp-json\/wp\/v2\/pages\/404"}],"collection":[{"href":"https:\/\/us.edu.pl\/szkola-doktorska\/wp-json\/wp\/v2\/pages"}],"about":[{"href":"https:\/\/us.edu.pl\/szkola-doktorska\/wp-json\/wp\/v2\/types\/page"}],"author":[{"embeddable":true,"href":"https:\/\/us.edu.pl\/szkola-doktorska\/wp-json\/wp\/v2\/users\/42"}],"replies":[{"embeddable":true,"href":"https:\/\/us.edu.pl\/szkola-doktorska\/wp-json\/wp\/v2\/comments?post=404"}],"version-history":[{"count":10,"href":"https:\/\/us.edu.pl\/szkola-doktorska\/wp-json\/wp\/v2\/pages\/404\/revisions"}],"predecessor-version":[{"id":12274,"href":"https:\/\/us.edu.pl\/szkola-doktorska\/wp-json\/wp\/v2\/pages\/404\/revisions\/12274"}],"wp:attachment":[{"href":"https:\/\/us.edu.pl\/szkola-doktorska\/wp-json\/wp\/v2\/media?parent=404"}],"curies":[{"name":"wp","href":"https:\/\/api.w.org\/{rel}","templated":true}]}}