{"id":4067,"date":"2020-10-05T14:25:45","date_gmt":"2020-10-05T12:25:45","guid":{"rendered":"https:\/\/us.edu.pl\/szkola-doktorska\/?page_id=4067"},"modified":"2021-02-25T12:45:59","modified_gmt":"2021-02-25T11:45:59","slug":"zajecia-fakultatywne-w-roku-akademickim-2020-2021","status":"publish","type":"page","link":"https:\/\/us.edu.pl\/szkola-doktorska\/harmonogram-zajec-semestr-letni-2020-2021\/zajecia-fakultatywne-w-roku-akademickim-2020-2021\/","title":{"rendered":"Zaj\u0119cia fakultatywne w roku akademickim 2020\/2021"},"content":{"rendered":"<p>[vc_row][vc_column]\r\n                <div class=\"text-modules\">\r\n                    <div class=\"container\">\r\n                        \r\n                        <div class=\"text-modules__content\"><p>Zgodnie z programem kszta\u0142cenia doktoranci realizuj\u0105 co najmniej jedne zaj\u0119cia fakultatywne (za co najmniej 2 ECTS) w ka\u017cdym roku akademickim. Doktoranci wybieraj\u0105 z oferty Szko\u0142y Doktorskiej, studi\u00f3w doktoranckich lub z zaj\u0119\u0107 innych uczelni (innych szk\u00f3\u0142 doktorskich).<\/p>\n<p>W przypadku zaj\u0119\u0107 spoza oferty Szko\u0142y Doktorskiej doktoranci powinni uzyska\u0107 zgod\u0119 na uczestnictwo w zaj\u0119ciach u koordynatora odpowiedniego obszaru kszta\u0142cenia. Aby to zrobi\u0107, a tak\u017ce aby te zaj\u0119cia znalaz\u0142y si\u0119 w USOS &#8211; prosimy o wype\u0142nienie formularza: <a href=\"https:\/\/formularze.us.edu.pl\/form\/index\/2176\">https:\/\/formularze.us.edu.pl\/form\/index\/2176<\/a><\/p>\n<\/div>\r\n                    <\/div>\r\n                <\/div>\r\n                <div class=\"text-modules\">\r\n                    <div class=\"container\">\r\n                        <h3 class=\"page-title text__title\">Rejestracja na zaj\u0119cia z oferty Szko\u0142y Doktorskiej<\/h3>\r\n                        <div class=\"text-modules__content\"><p>Trwa drugi etap rejestracji na zaj\u0119cia fakultatywne. Instrukcja na tym etapie:<\/p>\n<ol>\n<li><strong>Tylko dla os\u00f3b, kt\u00f3re bra\u0142y udzia\u0142 w poprzedniej rejestracji<\/strong>. Od wtorku 27 pa\u017adziernika od godziny 16:30 do czwartku 28 pa\u017adziernika do ko\u0144ca dnia (23:59) prawo do rejestracji do grup przedmiotowych maj\u0105 osoby, kt\u00f3re zapisa\u0142y si\u0119 do przedmiot\u00f3w w poprzednim etapie (tylko do wybranych wcze\u015bniej przedmiot\u00f3w). Podkre\u015blam \u2013 dotychczasowy zapis nie jest wystarczaj\u0105cy, \u017ceby uczestniczy\u0107 w zaj\u0119ciach \u2013 teraz maj\u0105 Pa\u0144stwo wybra\u0107 jedn\u0105 grup\u0119. Ze wzgl\u0119du na du\u017ce ob\u0142o\u017cenie niekt\u00f3rych przedmiot\u00f3w, bardzo prosz\u0119 aby <strong>ka\u017cdy z Pa\u0144stwa wybra\u0142 tylko jedn\u0105 grup\u0119<\/strong>. Technicznie mo\u017cliwy jest wyb\u00f3r wi\u0119cej ni\u017c jednej grupy, ale prosz\u0119, aby ka\u017cdy z Pa\u0144stwa zapisa\u0142 si\u0119 tylko do jednej grupy w czasie tej rejestracji (nadmiarowe zapisy b\u0119d\u0119 usuwa\u0107 w pi\u0105tek). Uwaga \u2013 jeden przedmiot nie zosta\u0142 dopuszczony do kolejnego etapu ze wzgl\u0119du na brak wystarczaj\u0105cej liczby zapis\u00f3w. Niekt\u00f3re, nieliczne z Pa\u0144stwa wybor\u00f3w zosta\u0142y cofni\u0119te (bo przedmiot by\u0142 ograniczony dla innej grupy).<\/li>\n<li><strong>Rejestracja otwarta dla wszystkich doktorant\u00f3w<\/strong>. Od soboty 31 pa\u017adziernika od 9:00 do poniedzia\u0142ku 2 listopada do godziny 12:30 otwarta jest dodatkowa rejestracja uzupe\u0142niaj\u0105ca. W tej rejestracji ka\u017cdy doktorant mo\u017ce dowolnie wypisa\u0107 si\u0119 lub zapisa\u0107 do dowolnej liczby grup, w miar\u0119 wolnych miejsc. Wszystkich Pa\u0144stwa zainteresowanych rejestracj\u0105 prosz\u0119 o sprawdzenie (jutro lub kolejnego dnia), czy rejestracja wy\u015bwietla si\u0119 w Pa\u0144stwa USOSweb \u2013 je\u017celi nie, prosz\u0119 o zg\u0142oszenie.<\/li>\n<\/ol>\n<p>\n<\/div>\r\n                    <\/div>\r\n                <\/div>\r\n                <div class=\"text-modules\">\r\n                    <div class=\"container\">\r\n                        <h3 class=\"page-title text__title\">Oferta zaj\u0119\u0107 fakultatywnych w Szkole Doktorskiej w roku akademickim 2020\/2021<\/h3>\r\n                        <div class=\"text-modules__content\"><p>(w kolejno\u015bci alfabetycznej)<\/p>\n<\/div>\r\n                    <\/div>\r\n                <\/div>[\/vc_column][\/vc_row]<\/p>","protected":false},"excerpt":{"rendered":"<p>[vc_row][vc_column][\/vc_column][\/vc_row] [&#8230;]<\/p>\n<p><a class=\"btn btn-secondary understrap-read-more-link\" href=\"https:\/\/us.edu.pl\/szkola-doktorska\/harmonogram-zajec-semestr-letni-2020-2021\/zajecia-fakultatywne-w-roku-akademickim-2020-2021\/\">Read More&#8230;<\/a><\/p>\n","protected":false},"author":42,"featured_media":0,"parent":4541,"menu_order":0,"comment_status":"closed","ping_status":"closed","template":"page-templates\/page-with-bookmarks.php","meta":{"_expiration-date-status":"saved","_expiration-date":0,"_expiration-date-type":"","_expiration-date-categories":[],"_expiration-date-options":[]},"acf":[],"_links":{"self":[{"href":"https:\/\/us.edu.pl\/szkola-doktorska\/wp-json\/wp\/v2\/pages\/4067"}],"collection":[{"href":"https:\/\/us.edu.pl\/szkola-doktorska\/wp-json\/wp\/v2\/pages"}],"about":[{"href":"https:\/\/us.edu.pl\/szkola-doktorska\/wp-json\/wp\/v2\/types\/page"}],"author":[{"embeddable":true,"href":"https:\/\/us.edu.pl\/szkola-doktorska\/wp-json\/wp\/v2\/users\/42"}],"replies":[{"embeddable":true,"href":"https:\/\/us.edu.pl\/szkola-doktorska\/wp-json\/wp\/v2\/comments?post=4067"}],"version-history":[{"count":20,"href":"https:\/\/us.edu.pl\/szkola-doktorska\/wp-json\/wp\/v2\/pages\/4067\/revisions"}],"predecessor-version":[{"id":4610,"href":"https:\/\/us.edu.pl\/szkola-doktorska\/wp-json\/wp\/v2\/pages\/4067\/revisions\/4610"}],"up":[{"embeddable":true,"href":"https:\/\/us.edu.pl\/szkola-doktorska\/wp-json\/wp\/v2\/pages\/4541"}],"wp:attachment":[{"href":"https:\/\/us.edu.pl\/szkola-doktorska\/wp-json\/wp\/v2\/media?parent=4067"}],"curies":[{"name":"wp","href":"https:\/\/api.w.org\/{rel}","templated":true}]}}