{"id":41,"date":"2019-10-04T14:02:50","date_gmt":"2019-10-04T12:02:50","guid":{"rendered":"https:\/\/us.edu.pl\/sd\/?page_id=41"},"modified":"2023-05-09T15:14:23","modified_gmt":"2023-05-09T13:14:23","slug":"nasi-wykladowcy","status":"publish","type":"page","link":"https:\/\/us.edu.pl\/szkola-doktorska\/nasi-wykladowcy\/","title":{"rendered":"Doktorat wdro\u017ceniowy"},"content":{"rendered":"<p>[vc_row][vc_column]\r\n                <div class=\"text-modules\">\r\n                    <div class=\"container\">\r\n                        <h3 class=\"page-title text__title\">Doktorat wdro\u017ceniowy<\/h3>\r\n                        <div class=\"text-modules__content\"><p>Program Ministerstwa Edukacji i Nauki &#8222;Doktorat wdro\u017ceniowy&#8221; to bardzo dobra i konkretna wsp\u00f3\u0142praca przedsi\u0119biorc\u00f3w i instytucji z nauk\u0105. Dzi\u0119ki programowi pracownicy tych podmiot\u00f3w mog\u0105 jako doktoranci realizowa\u0107 projekty naukowe przy wsparciu specjalist\u00f3w z uczelni. Wdro\u017cenia, kt\u00f3re w tej wsp\u00f3\u0142pracy powstan\u0105, to innowacyjne rozwi\u0105zania, kt\u00f3re najnowsze osi\u0105gni\u0119cia nauki przek\u0142adaj\u0105 na praktyczne rozwi\u0105zania.<\/p>\n<p>Wszyscy doktoranci wdro\u017ceniowi otrzymuj\u0105 wysokie stypendium, a ich badania otrzymuj\u0105 wsparcie finansowe.<\/p>\n<p>W Uniwersytecie \u015al\u0105skim realizowane jest ponad dwadzie\u015bcia doktorat\u00f3w wdro\u017ceniowych, w takich dyscyplinach jak nauki o Ziemi i \u015brodowisku, in\u017cynieria materia\u0142owa, nauki chemiczne, nauki biologiczne, nauki prawne, psychologia czy nauki polityczne. Uczelnia gotowa jest realizowa\u0107 tak\u017ce dzia\u0142ania w innych dyscyplinach, r\u00f3wnie\u017c w naukach humanistycznych.<\/p>\n<p>Szczeg\u00f3\u0142owe zasady dzia\u0142ania programu dost\u0119pne s\u0105 na stronie MNiSW: <a href=\"https:\/\/www.gov.pl\/web\/edukacja-i-nauka\/komunikat-ministra-edukacji-i-nauki-o-ustanowieniu-programu-doktorat-wdrozeniowy-i-naborze-wnioskow-od-v-edycji\">Komunikat o ustaleniu programu Doktorat wdro\u017ceniowy\u00a0<\/a><\/p>\n<\/div>\r\n                    <\/div>\r\n                <\/div>[\/vc_column][\/vc_row][vc_row][vc_column]\r\n                <div class=\"text-modules \">\r\n                    <div class=\"container\">\r\n                         \r\n                        <div class=\"row m-0\">\r\n                            <div class=\"text-modules__content\">\r\n                                <\/p>\n<h2><strong>Koordynator ds. doktorat\u00f3w wdro\u017ceniowych i grantowych<\/strong><\/h2>\n<hr \/>\n<h3><strong>dr hab. Andrzej Swinarew, prof. U\u015a<\/strong><\/h3>\n<p><a href=\"mailto:andrzej.swinarew@us.edu.pl\">andrzej.swinarew@us.edu.pl<\/a> \r\n                                <div class=\"mt-3\"><\/div>\r\n                            <\/div>\r\n                            \r\n                            <div class=\"text-modules__img\"><img src=\"https:\/\/us.edu.pl\/szkola-doktorska\/wp-content\/uploads\/sites\/50\/Bez-kategorii\/1650539595907-002-2.jpg\" alt=\"img\"><\/div>\r\n                        <\/div>\r\n                    <\/div>\r\n                <\/div>[\/vc_column][\/vc_row][vc_row][vc_column]\r\n                <div class=\"tiles-section\" style=\"background: \">\r\n                    <div class=\"container\">\r\n                        <h3 class=\"page-title\">Przyk\u0142ady doktorat\u00f3w wdro\u017ceniowych realizowanych na Uniwersytecie \u015al\u0105skim<\/h3>\r\n                        <div class=\"tiles tiles-2\">\r\n                            <a href=\"https:\/\/www.gov.pl\/web\/edukacja-i-nauka\/doktorant-ze-laska-rzuca-wyzwanie-smogowi-doktoraty-wdroeniowe\" class=\"tile tile_ justify-content-center\" style=\"background-color: #ffffff; font-weight: ; color: #002E5A;  \">\r\n                                \r\n                                   \r\n                               \r\n                                <div class=\"tile__name\">Projekt wysokowydajnej energetycznie oraz charakteryzuj\u0105cej si\u0119 nisk\u0105 emisj\u0105 mieszanki peletu drzewnego<\/div>\r\n                            <\/a>\r\n                            <a href=\"\/niebezpieczne-zwiazki-w-paliwach-stalych-do-grilla-badania-mgr-zbigniewa-jelonka\/\" class=\"tile tile_ justify-content-center\" style=\"background-color: #ffffff; font-weight: ; color: #002E5A;  \">\r\n                                \r\n                                   \r\n                               \r\n                                <div class=\"tile__name\">Badanie zanieczyszcze\u0144 sta\u0142ych wyst\u0119puj\u0105cych w brykietach z w\u0119gla drzewnego i w w\u0119glu drzewnym do grilla<\/div>\r\n                            <\/a>\r\n                            <a href=\"\" class=\"tile tile_ justify-content-center\" style=\"background-color: #ffffff; font-weight: ; color: #002E5A;  \">\r\n                                \r\n                                   \r\n                               \r\n                                <div class=\"tile__name\">Opracowanie oraz implementacja systemu wczesnego ostrzegania o zagro\u017ceniach \u015brodowiskowych dedykowanego u\u017cytkownikom oraz administratorom publicznych o\u015brodk\u00f3w rekreacyjno-sportowych<\/div>\r\n                            <\/a>\r\n                            <a href=\"\" class=\"tile tile_ justify-content-center\" style=\"background-color: #ffffff; font-weight: ; color: #002E5A;  \">\r\n                                \r\n                                   \r\n                               \r\n                                <div class=\"tile__name\">Adaptacja obiektu zabytkowego do nowych funkcji w \u015bwietle bada\u0144 pro\u015brodowiskowych i zastosowania nowych technologii ekologicznych(na przyk\u0142adzie zespo\u0142u pa\u0142acowo-parkowego w Rzuchowie)<\/div>\r\n                            <\/a><\/div>\r\n                    <\/div>\r\n                <\/div>[\/vc_column][\/vc_row]<\/p>\n","protected":false},"excerpt":{"rendered":"<p>[vc_row][vc_column][\/vc_column][\/vc_row][vc_row][vc_column][\/vc_column][\/vc_row][vc_row][vc_column][\/vc_column][\/vc_row] [&#8230;]<\/p>\n<p><a class=\"btn btn-secondary understrap-read-more-link\" href=\"https:\/\/us.edu.pl\/szkola-doktorska\/nasi-wykladowcy\/\">Read More&#8230;<\/a><\/p>\n","protected":false},"author":29,"featured_media":0,"parent":0,"menu_order":0,"comment_status":"closed","ping_status":"closed","template":"page-templates\/page-with-sidebar.php","meta":{"_expiration-date-status":"","_expiration-date":0,"_expiration-date-type":"","_expiration-date-categories":[],"_expiration-date-options":[]},"acf":[],"_links":{"self":[{"href":"https:\/\/us.edu.pl\/szkola-doktorska\/wp-json\/wp\/v2\/pages\/41"}],"collection":[{"href":"https:\/\/us.edu.pl\/szkola-doktorska\/wp-json\/wp\/v2\/pages"}],"about":[{"href":"https:\/\/us.edu.pl\/szkola-doktorska\/wp-json\/wp\/v2\/types\/page"}],"author":[{"embeddable":true,"href":"https:\/\/us.edu.pl\/szkola-doktorska\/wp-json\/wp\/v2\/users\/29"}],"replies":[{"embeddable":true,"href":"https:\/\/us.edu.pl\/szkola-doktorska\/wp-json\/wp\/v2\/comments?post=41"}],"version-history":[{"count":10,"href":"https:\/\/us.edu.pl\/szkola-doktorska\/wp-json\/wp\/v2\/pages\/41\/revisions"}],"predecessor-version":[{"id":8505,"href":"https:\/\/us.edu.pl\/szkola-doktorska\/wp-json\/wp\/v2\/pages\/41\/revisions\/8505"}],"wp:attachment":[{"href":"https:\/\/us.edu.pl\/szkola-doktorska\/wp-json\/wp\/v2\/media?parent=41"}],"curies":[{"name":"wp","href":"https:\/\/api.w.org\/{rel}","templated":true}]}}