{"id":4189,"date":"2020-10-22T14:17:52","date_gmt":"2020-10-22T12:17:52","guid":{"rendered":"https:\/\/us.edu.pl\/szkola-doktorska\/?page_id=4189"},"modified":"2022-11-29T14:33:31","modified_gmt":"2022-11-29T13:33:31","slug":"rada-szkoly","status":"publish","type":"page","link":"https:\/\/us.edu.pl\/szkola-doktorska\/rada-szkoly\/","title":{"rendered":"Rada Szko\u0142y"},"content":{"rendered":"<p>[vc_row][vc_column]\r\n                <div class=\"text-modules\">\r\n                    <div class=\"container\">\r\n                        \r\n                        <div class=\"text-modules__content\"><p>Cz\u0142onkowie Rady Szko\u0142y Doktorskiej powo\u0142ani na podstawie uchwa\u0142y nr 75 Senatu Uniwersytetu \u015al\u0105skiego z dniem 19 listopada 2021 r:<\/p>\n<p>Przewodnicz\u0105ca Rady:<\/p>\n<p>Dr hab. Alina \u015awie\u015bciak-Fast, prof. U\u015a (Dziekan Szko\u0142y Doktorskiej)<\/p>\n<p>&nbsp;<\/p>\n<p>Pracownicy Uniwersytetu \u015al\u0105skiego:<\/p>\n<p>Prof. dr hab. Janusz Janeczek (Wydzia\u0142 Nauk Przyrodniczych)<\/p>\n<p>Prof. dr hab. Jaros\u0142aw Pola\u0144ski (Wydzia\u0142 Nauk \u015acis\u0142ych i Technicznych)<\/p>\n<p>Dr hab. Tomasz Nawrocki, prof. U\u015a (Wydzia\u0142 Nauk Spo\u0142ecznych)<\/p>\n<p>Prof. dr hab. Zygmunt Tobor (Wydzia\u0142 Prawa i Administracji)<\/p>\n<p>Prof. dr hab. Ryszard Kaczmarek (Wydzia\u0142 Humanistyczny)<\/p>\n<p>Prof. dr hab. Krzysztof K\u0142osi\u0144ski (Wydzia\u0142 Humanistyczny)<\/p>\n<p>&nbsp;<\/p>\n<p>Naukowcy z innych o\u015brodk\u00f3w:<\/p>\n<p>Prof. dr hab. Inga Iwasi\u00f3w (Uniwersytet Szczeci\u0144ski)<\/p>\n<p>Prof. dr hab. Iwona Jakubowska-Branicka (Uniwersytet Warszawski)<\/p>\n<p>Prof. dr hab. in\u017c. \u017baneta Polkowska (Politechnika Gda\u0144ska, Katedra Chemii Analitycznej)<\/p>\n<p>&nbsp;<\/p>\n<p>Cz\u0142onkowie Rady Szko\u0142y Doktorskiej powo\u0142ani z dniem 16 grudnia 2019 r:<\/p>\n<p>Przewodnicz\u0105ca Rady:<\/p>\n<p>prof. dr hab. Alina \u015awie\u015bciak-Fast\u00a0 (Dziekan Szko\u0142y Doktorskiej)<\/p>\n<p>Pracownicy Uniwersytetu \u015al\u0105skiego:<\/p>\n<p>Prof. dr hab. Janusz Janeczek (Wydzia\u0142 Nauk Przyrodniczych)<\/p>\n<p>Prof. dr hab. Jaros\u0142aw Pola\u0144ski (Wydzia\u0142 Nauk \u015acis\u0142ych i Technicznych)<\/p>\n<p>Dr hab. Tomasz Nawrocki, prof. U\u015a (Wydzia\u0142 Nauk Spo\u0142ecznych)<\/p>\n<p>Prof. dr hab. Zygmunt Tobor (Wydzia\u0142 Prawa i Administracji)<\/p>\n<p>Prof. dr hab. Ryszard Kaczmarek (Wydzia\u0142 Humanistyczny)<\/p>\n<p>Prof. dr hab. Krzysztof K\u0142osi\u0144ski (Wydzia\u0142 Humanistyczny)<\/p>\n<p>Naukowcy z innych o\u015brodk\u00f3w:<\/p>\n<p>Prof. dr hab. Andrzej Cechnicki (Zak\u0142ad Psychiatrii \u015arodowiskowej, Collegium Medicum UJ)<\/p>\n<p>Prof. dr hab. Micha\u0142 Pawe\u0142 Markowski (University of Illinois, Chicago)<\/p>\n<p>Prof. dr hab. in\u017c. \u017baneta Polkowska (Politechnika Gda\u0144ska, Katedra Chemii Analitycznej)<\/p>\n<\/div>\r\n                    <\/div>\r\n                <\/div>[\/vc_column][\/vc_row]<\/p>","protected":false},"excerpt":{"rendered":"<p>[vc_row][vc_column][\/vc_column][\/vc_row] [&#8230;]<\/p>\n<p><a class=\"btn btn-secondary understrap-read-more-link\" href=\"https:\/\/us.edu.pl\/szkola-doktorska\/rada-szkoly\/\">Read More&#8230;<\/a><\/p>\n","protected":false},"author":205,"featured_media":0,"parent":0,"menu_order":0,"comment_status":"closed","ping_status":"closed","template":"","meta":{"_expiration-date-status":"","_expiration-date":0,"_expiration-date-type":"","_expiration-date-categories":[],"_expiration-date-options":[]},"acf":[],"_links":{"self":[{"href":"https:\/\/us.edu.pl\/szkola-doktorska\/wp-json\/wp\/v2\/pages\/4189"}],"collection":[{"href":"https:\/\/us.edu.pl\/szkola-doktorska\/wp-json\/wp\/v2\/pages"}],"about":[{"href":"https:\/\/us.edu.pl\/szkola-doktorska\/wp-json\/wp\/v2\/types\/page"}],"author":[{"embeddable":true,"href":"https:\/\/us.edu.pl\/szkola-doktorska\/wp-json\/wp\/v2\/users\/205"}],"replies":[{"embeddable":true,"href":"https:\/\/us.edu.pl\/szkola-doktorska\/wp-json\/wp\/v2\/comments?post=4189"}],"version-history":[{"count":3,"href":"https:\/\/us.edu.pl\/szkola-doktorska\/wp-json\/wp\/v2\/pages\/4189\/revisions"}],"predecessor-version":[{"id":7757,"href":"https:\/\/us.edu.pl\/szkola-doktorska\/wp-json\/wp\/v2\/pages\/4189\/revisions\/7757"}],"wp:attachment":[{"href":"https:\/\/us.edu.pl\/szkola-doktorska\/wp-json\/wp\/v2\/media?parent=4189"}],"curies":[{"name":"wp","href":"https:\/\/api.w.org\/{rel}","templated":true}]}}