{"id":454,"date":"2019-11-19T14:37:38","date_gmt":"2019-11-19T13:37:38","guid":{"rendered":"http:\/\/us.edu.pl\/szkola-doktorska\/?page_id=454"},"modified":"2025-10-01T23:20:17","modified_gmt":"2025-10-01T21:20:17","slug":"promotor","status":"publish","type":"page","link":"https:\/\/us.edu.pl\/szkola-doktorska\/promotor\/","title":{"rendered":"Promotor"},"content":{"rendered":"<p>[vc_row][vc_column]\r\n                <div class=\"tiles-section\" style=\"background: \">\r\n                    <div class=\"container\">\r\n                        <h3 class=\"page-title\">Promotor w Szkole Doktorskiej<\/h3>\r\n                        <div class=\"tiles tiles-2\">\r\n                            <a href=\"\/szkola-doktorska\/promotor\/tryby-wyznaczenia-promotora\/\" class=\"tile tile_ justify-content-center\" style=\"background-color: #ffffff; font-weight: ; color: #002E5A;  \">\r\n                                \r\n                                   \r\n                               \r\n                                <div class=\"tile__name\">Jak zosta\u0107 promotorem?<\/div>\r\n                            <\/a>\r\n                            <a href=\"\/szkola-doktorska\/obowiazki-promotora-w-szkole-doktorskiej\/\" class=\"tile tile_ justify-content-center\" style=\"background-color: #ffffff; font-weight: ; color: #002E5A;  \">\r\n                                \r\n                                   \r\n                               \r\n                                <div class=\"tile__name\">Praca promotora w Szkole Doktorskiej<\/div>\r\n                            <\/a><\/div>\r\n                    <\/div>\r\n                <\/div>[\/vc_column][\/vc_row][vc_row][vc_column]\r\n                <div class=\"text-modules\">\r\n                    <div class=\"container\">\r\n                        <h3 class=\"page-title text__title\">Procedura wyznaczenia promotora obowi\u0105zuj\u0105ca w roku akademickim 2025\/2026<\/h3>\r\n                        <div class=\"text-modules__content\"><p><span style=\"text-decoration: underline;\"><strong>Procedura dla doktorant\u00f3w rozpoczynaj\u0105cych kszta\u0142cenie w roku akademickim 2025\/2026<\/strong><\/span><\/p>\n<p><strong>1. Doktorant<\/strong>, wnioskuj\u0105c o powo\u0142anie promotora przygotowuje wniosek o powo\u0142anie promotora i sk\u0142ada w formie pisemnej, z odpowiednimi podpisami w Biurze Szko\u0142y Doktorskiej <strong>do 10 pa\u017adziernika<\/strong>.<\/p>\n<p>Formularz wniosku:<\/p>\n<ul>\n<li>wersja polska: <a href=\"https:\/\/us.edu.pl\/szkola-doktorska\/wp-content\/uploads\/sites\/50\/promotorzy\/wniosek-o-wyznaczenie-promotora-2024.docx\" class=\"mtli_attachment mtli_docx\" data-mtli=\"mtli_filesize231,99kB\" class=\"mtli_attachment mtli_docx\" data-mtli=\"mtli_filesize231,99kB\">wniosek-o-wyznaczenie-promotora-2024<\/a><\/li>\n<li>wersja dwuj\u0119zyczna: <a href=\"https:\/\/us.edu.pl\/szkola-doktorska\/wp-content\/uploads\/sites\/50\/promotorzy\/wniosek-o-wyznaczenie-promotora-2024-pl-eng.docx\" class=\"mtli_attachment mtli_docx\" data-mtli=\"mtli_filesize234,91kB\" class=\"mtli_attachment mtli_docx\" data-mtli=\"mtli_filesize234,91kB\">wniosek-o-wyznaczenie-promotora-2024-pl-eng<\/a><\/li>\n<\/ul>\n<p>Do wniosku doktorant do\u0142\u0105cza kopie dokument\u00f3w z rekrutacji: opini\u0119 promotora i projekt planu badawczego.<\/p>\n<p><strong>2. Biuro Szko\u0142y Doktorskiej <\/strong>przekazuje komplet wniosk\u00f3w do w\u0142a\u015bciwej rady instytutu przez Biuro Ewaluacji i Obs\u0142ugi Instytutu.<\/p>\n<p><strong>3. Rada naukowa dyscypliny<\/strong>:<\/p>\n<ol>\n<li>Wydaje uchwa\u0142y o wyznaczeniu promotora, oddzielnie dla ka\u017cdego doktoranta. Je\u017celi doktorant wnioskuje o wyznaczenie dw\u00f3ch promotor\u00f3w albo promotora i promotora pomocniczego, Rada wydaje oddzieln\u0105 uchwa\u0142\u0119 wobec ka\u017cdej z tych os\u00f3b.<\/li>\n<li>Przekazuje uchwa\u0142y do doktoranta (drog\u0105 mailow\u0105) i do biura Szko\u0142y Doktorskiej (w formie papierowej).<\/li>\n<\/ol>\n<p><span style=\"text-decoration: underline;\">Uwaga<\/span> &#8211; aktualna lista doktorant\u00f3w pierwszego roku (jak r\u00f3wnie\u017c pozosta\u0142ych doktorant\u00f3w) dost\u0119pna jest stale w Portalu Pracownika (<a href=\"https:\/\/pp.us.edu.pl\/\">https:\/\/pp.us.edu.pl\/<\/a>): Dodatki -&gt; Lista doktorant\u00f3w szk\u00f3\u0142 doktorskich. Je\u017celi pracownik instytutu nie widzi tego raportu, to uprawnienia do raportu mo\u017ce nada\u0107 kierownik organizacyjny wydzia\u0142u w swoim Portalu Pracownika (UPRAWNIENIA &#8211; RAPORTY).<\/p>\n<p><strong>4. Biuro Szko\u0142y Doktorskiej<\/strong><\/p>\n<ol>\n<li>Wprowadza otrzymane informacje do systemu POLon.<\/li>\n<li>Przechowuje dokumentacj\u0119 w teczce osobowej doktoranta.<\/li>\n<li>Tworzy baz\u0119, uzupe\u0142nia dane w USOS, uzupe\u0142nia pensum pracownik\u00f3w wyznaczonych na promotor\u00f3w.<\/li>\n<\/ol>\n<p>Osob\u0105 prowadz\u0105c\u0105 proces w biurze SD jest p. Agnieszka Szewczyk (<a href=\"mailto:agnieszka.a.szewczyk@us.edu.pl\">agnieszka.a.szewczyk@us.edu.pl<\/a>).<br \/>\nZa uzupe\u0142nienie pensum pracownik\u00f3w odpowiedzialna jest w biurze SD p. Agnieszka Filipowska (<a href=\"mailto:agnieszka.filipowska@us.edu.pl\">agnieszka.filipowska@us.edu.pl<\/a>).<\/p>\n<p><strong>Terminy<\/strong><br \/>\nDoktoranci I roku sk\u0142adaj\u0105 wnioski w ci\u0105gu 10 dni od rozpocz\u0119cia kszta\u0142cenia.<br \/>\nRada naukowa dyscypliny wyznacza promotora nie p\u00f3\u017aniej ni\u017c na 3 miesi\u0105ce od rozpocz\u0119cia kszta\u0142cenia doktoranta, nie p\u00f3\u017aniej ni\u017c na 45 dni od z\u0142o\u017cenia wniosku przez doktoranta.<br \/>\nUwaga &#8211; doktoranci, kt\u00f3rzy maj\u0105 ju\u017c wyznaczonego promotora, a chc\u0105 wnioskowa\u0107 o wyznaczenie drugiego promotora lub promotora pomocniczego lub odwo\u0142anie promotora lub promotora pomocniczego nie s\u0105 ograniczeni konkretnymi terminami.<\/p>\n<p><strong>Podstawa prawna<\/strong><br \/>\nUstawa Prawo o Szkolnictwie Wy\u017cszym i Nauce, art. 201<br \/>\nRegulamin Szko\u0142y Doktorskiej, \u00a7 25 (<a href=\"https:\/\/aktyprawne.us.edu.pl\/423\/d\/7221\/5\/\">https:\/\/aktyprawne.us.edu.pl\/423\/d\/6057\/5\/<\/a>)<\/p>\n<style type=\"text\/css\">a[data-mtli~=\"mtli_filesize231,99kB\"]:after {content:\" (231,99 kB)\"}a[data-mtli~=\"mtli_filesize234,91kB\"]:after {content:\" (234,91 kB)\"}<\/style><\/div>\r\n                    <\/div>\r\n                <\/div>[\/vc_column][\/vc_row]<\/p>\n<style type=\"text\/css\">a[data-mtli~=\"mtli_filesize231,99kB\"]:after {content:\" (231,99 kB)\"}a[data-mtli~=\"mtli_filesize234,91kB\"]:after {content:\" (234,91 kB)\"}<\/style>","protected":false},"excerpt":{"rendered":"<p>[vc_row][vc_column][\/vc_column][\/vc_row][vc_row][vc_column][\/vc_column][\/vc_row] [&#8230;]<\/p>\n<p><a class=\"btn btn-secondary understrap-read-more-link\" href=\"https:\/\/us.edu.pl\/szkola-doktorska\/promotor\/\">Read More&#8230;<\/a><\/p>\n","protected":false},"author":42,"featured_media":0,"parent":0,"menu_order":0,"comment_status":"closed","ping_status":"closed","template":"","meta":{"_expiration-date-status":"","_expiration-date":0,"_expiration-date-type":"","_expiration-date-categories":[],"_expiration-date-options":[]},"acf":[],"_links":{"self":[{"href":"https:\/\/us.edu.pl\/szkola-doktorska\/wp-json\/wp\/v2\/pages\/454"}],"collection":[{"href":"https:\/\/us.edu.pl\/szkola-doktorska\/wp-json\/wp\/v2\/pages"}],"about":[{"href":"https:\/\/us.edu.pl\/szkola-doktorska\/wp-json\/wp\/v2\/types\/page"}],"author":[{"embeddable":true,"href":"https:\/\/us.edu.pl\/szkola-doktorska\/wp-json\/wp\/v2\/users\/42"}],"replies":[{"embeddable":true,"href":"https:\/\/us.edu.pl\/szkola-doktorska\/wp-json\/wp\/v2\/comments?post=454"}],"version-history":[{"count":10,"href":"https:\/\/us.edu.pl\/szkola-doktorska\/wp-json\/wp\/v2\/pages\/454\/revisions"}],"predecessor-version":[{"id":23686,"href":"https:\/\/us.edu.pl\/szkola-doktorska\/wp-json\/wp\/v2\/pages\/454\/revisions\/23686"}],"wp:attachment":[{"href":"https:\/\/us.edu.pl\/szkola-doktorska\/wp-json\/wp\/v2\/media?parent=454"}],"curies":[{"name":"wp","href":"https:\/\/api.w.org\/{rel}","templated":true}]}}