{"id":4541,"date":"2021-02-11T11:04:13","date_gmt":"2021-02-11T10:04:13","guid":{"rendered":"https:\/\/us.edu.pl\/szkola-doktorska\/?page_id=4541"},"modified":"2021-02-11T11:42:38","modified_gmt":"2021-02-11T10:42:38","slug":"harmonogram-zajec-semestr-letni-2020-2021","status":"publish","type":"page","link":"https:\/\/us.edu.pl\/szkola-doktorska\/harmonogram-zajec-semestr-letni-2020-2021\/","title":{"rendered":"Harmonogram zaj\u0119\u0107 &#8211; semestr letni 2020\/2021"},"content":{"rendered":"<p>[vc_row][vc_column]\r\n                <div class=\"text-modules \">\r\n                    <div class=\"container\">\r\n                        <h3 class=\"section-title section-title_border-bottom\">Informacja og\u00f3lne<\/h3> \r\n                        <div class=\"row m-0\">\r\n                            <div class=\"text-modules__content\">\r\n                                Zaj\u0119cia odbywaj\u0105 si\u0119 w formie zdalnej, za po\u015brednictwem MS Teams albo innych platform zaproponowanych przez prowadz\u0105cych. Zaj\u0119cia planuj\u0105 prowadz\u0105cy lub biuro Szko\u0142y Doktorskiej &#8211; doktoranci s\u0105 zapraszani do zespo\u0142\u00f3w i na spotkania.<\/p>\n<p>Wi\u0119cej na temat kszta\u0142cenia zdalnego &#8211; zobacz serwis zdalny.us.edu.pl \r\n                                <div class=\"mt-3\"><\/div>\r\n                            <\/div>\r\n                            \r\n                            <div class=\"text-modules__img\"><a href=\"https:\/\/www.zdalny.us.edu.pl\/\" target=\"_blank\"><img src=\"https:\/\/us.edu.pl\/szkola-doktorska\/wp-content\/uploads\/sites\/50\/Nieprzypisane\/uczelnia_mobilna-1-150x150.jpg\" alt=\"img\"><\/a><\/div>\r\n                        <\/div>\r\n                    <\/div>\r\n                <\/div>[\/vc_column][\/vc_row][vc_row][vc_column]\r\n                <div class=\"tiles-section\" style=\"background: \">\r\n                    <div class=\"container\">\r\n                        <h3 class=\"page-title\"><\/h3>\r\n                        <div class=\"tiles tiles-3\">\r\n                            <a href=\"\/szkola-doktorska\/plan-zajec-lato2021-1\/\" class=\"tile tile_ justify-content-center\" style=\"background-color: #ffffff; font-weight: ; color: #002E5A;  \">\r\n                                \r\n                                   \r\n                               \r\n                                <div class=\"tile__name\">I rok - zaj\u0119cia wsp\u00f3lne<\/div>\r\n                            <\/a>\r\n                            <a href=\"\/szkola-doktorska\/plan-zajec-semestr-letni-ii-rok-sd\/\" class=\"tile tile_ justify-content-center\" style=\"background-color: #002E5A; font-weight: ; color: #ffffff;  \">\r\n                                \r\n                                   \r\n                               \r\n                                <div class=\"tile__name\">II rok - zaj\u0119cia wsp\u00f3lne<\/div>\r\n                            <\/a>\r\n                            <a href=\"\/szkola-doktorska\/plan-zajec-lato2021-1\/zajecia-fakultatywne-w-roku-akademickim-2020-2021\/\" class=\"tile tile_ justify-content-center\" style=\"background-color: #ffffff; font-weight: ; color: #002E5A;  \">\r\n                                \r\n                                   \r\n                               \r\n                                <div class=\"tile__name\">Zaj\u0119cia fakultatywne<\/div>\r\n                            <\/a><\/div>\r\n                    <\/div>\r\n                <\/div>[\/vc_column][\/vc_row]<\/p>","protected":false},"excerpt":{"rendered":"<p>[vc_row][vc_column][\/vc_column][\/vc_row][vc_row][vc_column][\/vc_column][\/vc_row] [&#8230;]<\/p>\n<p><a class=\"btn btn-secondary understrap-read-more-link\" href=\"https:\/\/us.edu.pl\/szkola-doktorska\/harmonogram-zajec-semestr-letni-2020-2021\/\">Read More&#8230;<\/a><\/p>\n","protected":false},"author":42,"featured_media":0,"parent":0,"menu_order":0,"comment_status":"closed","ping_status":"closed","template":"","meta":{"_expiration-date-status":"saved","_expiration-date":0,"_expiration-date-type":"","_expiration-date-categories":[],"_expiration-date-options":[]},"acf":[],"_links":{"self":[{"href":"https:\/\/us.edu.pl\/szkola-doktorska\/wp-json\/wp\/v2\/pages\/4541"}],"collection":[{"href":"https:\/\/us.edu.pl\/szkola-doktorska\/wp-json\/wp\/v2\/pages"}],"about":[{"href":"https:\/\/us.edu.pl\/szkola-doktorska\/wp-json\/wp\/v2\/types\/page"}],"author":[{"embeddable":true,"href":"https:\/\/us.edu.pl\/szkola-doktorska\/wp-json\/wp\/v2\/users\/42"}],"replies":[{"embeddable":true,"href":"https:\/\/us.edu.pl\/szkola-doktorska\/wp-json\/wp\/v2\/comments?post=4541"}],"version-history":[{"count":6,"href":"https:\/\/us.edu.pl\/szkola-doktorska\/wp-json\/wp\/v2\/pages\/4541\/revisions"}],"predecessor-version":[{"id":4549,"href":"https:\/\/us.edu.pl\/szkola-doktorska\/wp-json\/wp\/v2\/pages\/4541\/revisions\/4549"}],"wp:attachment":[{"href":"https:\/\/us.edu.pl\/szkola-doktorska\/wp-json\/wp\/v2\/media?parent=4541"}],"curies":[{"name":"wp","href":"https:\/\/api.w.org\/{rel}","templated":true}]}}