{"id":4574,"date":"2021-02-19T11:38:25","date_gmt":"2021-02-19T10:38:25","guid":{"rendered":"https:\/\/us.edu.pl\/szkola-doktorska\/?page_id=4574"},"modified":"2021-02-19T12:20:03","modified_gmt":"2021-02-19T11:20:03","slug":"autoprezentacja-i-upowszechanie-badan","status":"publish","type":"page","link":"https:\/\/us.edu.pl\/szkola-doktorska\/autoprezentacja-i-upowszechanie-badan\/","title":{"rendered":"Autoprezentacja i upowszechanie bada\u0144"},"content":{"rendered":"<p>[vc_row][vc_column]\r\n                <div class=\"title-with-link color-blue\" style=\"background: \">\r\n                    <div class=\"container\">\r\n                        <div class=\"title-with-link-container \">\r\n                            <div class=\"title-with-link__title\"><span>Zesp\u00f3\u0142 na MS Teams<\/span><\/div>\r\n                            <a href=\"https:\/\/teams.microsoft.com\/l\/team\/19%3a3a068cfffec6470484da887a3fcd9cf7%40thread.tacv2\/conversations?groupId=996ec3e7-1116-4ff7-b470-56eb705bdf97&amp;tenantId=50c76291-0c80-4444-a2fb-4f8ab168c311\" class=\"title-with-link__link\">Do\u0142\u0105cz do zespo\u0142u<\/a>\r\n                        <\/div>\r\n                    <\/div>\r\n                <\/div>\r\n            \r\n                <div class=\"title-with-link color-white\" style=\"background: #002E5A\">\r\n                    <div class=\"container\">\r\n                        <div class=\"title-with-link-container \">\r\n                            <div class=\"title-with-link__title\"><span>Spotkanie prezentacyjne 22 lutego o godz. 11:30 - dla wszystkich doktorant\u00f3w<\/span><\/div>\r\n                            <a href=\"https:\/\/teams.microsoft.com\/l\/meetup-join\/19%3a3a068cfffec6470484da887a3fcd9cf7%40thread.tacv2\/1613731595597?context=%7b%22Tid%22%3a%2250c76291-0c80-4444-a2fb-4f8ab168c311%22%2c%22Oid%22%3a%229cae5104-85d7-4e12-8a7e-f6765806eed9%22%7d\" class=\"title-with-link__link\">Do\u0142\u0105cz do spotkania<\/a>\r\n                        <\/div>\r\n                    <\/div>\r\n                <\/div>\r\n            \r\n                <div class=\"text-modules\">\r\n                    <div class=\"container\">\r\n                        <h3 class=\"page-title text__title\">Rejestracja na zaj\u0119cia<\/h3>\r\n                        <div class=\"text-modules__content\"><p>USOSweb &#8211; od poniedzia\u0142ku 22 lutego od godz. 20:00 &#8211; 27 lutego do godz. 23:59<\/p>\n<\/div>\r\n                    <\/div>\r\n                <\/div><div class=\"container\"><div class=\"separator\" style=\"background-color: #002E5A\"><\/div><\/div>\r\n                <div class=\"text-modules \">\r\n                    <div class=\"container\">\r\n                        <h3 class=\"section-title section-title_border-bottom\">Wiktor Niedzicki<\/h3> <h3 class=\"subtitle text-modules__subtitle\">dziennikarz naukowy, wyk\u0142adowca akademicki, ambasador \u015al\u0105skiego Festiwalu Nauki<\/h3>\r\n                        <div class=\"row m-0\">\r\n                            <div class=\"text-modules__content\">\r\n                                Wyst\u0105pienie publiczne nie sprawia problem\u00f3w, je\u015bli wiemy, jak si\u0119 do niego przygotowa\u0107.<\/p>\n<p>Jestem popularyzatorem nauki. Od 45 lat staram si\u0119 pokazywa\u0107 osi\u0105gni\u0119cia polskich instytut\u00f3w i uczelni. Przygotowuj\u0119 i prowadz\u0119 pokazy dla doros\u0142ych i dzieci. M\u00f3j telewizyjny program \u201eLaboratorium\u201d by\u0142 przez 25 lat na antenie i mia\u0142 ponad 500 wyda\u0144.<\/p>\n<p>Od ponad 20 lat zajmuj\u0119 si\u0119 tak\u017ce sztuk\u0105 prezentacji. Przekazuj\u0119 s\u0142uchaczom moje do\u015bwiadczenia wielu lat pracy przed kamer\u0105, mikrofonem i \u017cyw\u0105 publiczno\u015bci\u0105. Tak\u017ce te wynikaj\u0105ce z wielu lat wyk\u0142ad\u00f3w na uczelniach. Zach\u0119cam s\u0142uchaczy do \u0107wicze\u0144, kt\u00f3re u\u0142atwiaj\u0105 opanowanie tej sztuki.<\/p>\n<p>Zapraszam na moje zaj\u0119cia w Szkole Doktorskiej U\u015a.<\/p>\n<p><strong>Cel przedmiotu: <\/strong><\/p>\n<p>Opanowanie przez studenta umiej\u0119tno\u015bci prezentacji i autoprezentacji. Opanowanie tremy, Redagowanie tekst\u00f3w, w tym tekst\u00f3w promocyjnych, Poszukiwanie element\u00f3w atrakcyjnych, kt\u00f3re zwr\u00f3c\u0105 uwag\u0119 odbiorc\u00f3w. Zdobycie umiej\u0119tno\u015bci skutecznej promocji swoich osi\u0105gni\u0119\u0107. Organizacja i prowadzenie konferencji, w szczeg\u00f3lno\u015bci konferencji prasowych. Wybrane metody promocji osi\u0105gni\u0119\u0107 nauki.<\/p>\n<p><strong>Tre\u015bci kszta\u0142cenia: <\/strong><\/p>\n<ol>\n<li>Sprzeda\u017c nauki i techniki. Czym jest sprzeda\u017c nauki i techniki? Jak dotrze\u0107 do odbiorc\u00f3w? Szukamy ciekawostek i temat\u00f3w.<\/li>\n<li>Podstawy komunikacji. Jak zdoby\u0107 s\u0142uchacza? Jak utraci\u0107 widza lub s\u0142uchacza?<\/li>\n<li>\u017bywe s\u0142owo. Jak przekonuj\u0105co i ciekawie m\u00f3wi\u0107? Co m\u00f3wi\u0107 i czego nie m\u00f3wi\u0107? Pr\u00f3by zaprojektowania ciekawego wyst\u0105pienia. W\u0142a\u015bciwe s\u0142owa.<\/li>\n<li>Tworzenie dobrego wyst\u0105pienia.<\/li>\n<\/ol>\n<ol start=\"5\">\n<li>Sztuka pisania \u2013 podanie, CV, list motywacyjny, ulotka promocyjna, tekst dla prasy.<\/li>\n<li>Przeka\u017c emocje. Skuteczne operowanie g\u0142osem.<\/li>\n<li>Ciekawe wyst\u0105pienie. Jak stworzy\u0107 wiarygodne i ciekawe wyst\u0105pienie? Pr\u00f3by wyst\u0105pie\u0144 w praktyce<\/li>\n<li>Jak zadba\u0107 o stron\u0119 wizualn\u0105 naszego wyst\u0105pienia. Str\u00f3j, zachowanie, rekwizyty, otoczenie.<\/li>\n<li>Czym jest mowa cia\u0142a i jak wykorzystuje si\u0119 j\u0105 w praktyce? Co zrobi\u0107 z r\u0119kami? Jak usi\u0105\u015b\u0107?<\/li>\n<li>Prezentacja z wykorzystaniem komputera. Zalety i pu\u0142apki program\u00f3w prezentacyjnych. Jak przygotowa\u0107 slajdy? Jak je prezentowa\u0107?<\/li>\n<li>Prowadzenie konferencji.<\/li>\n<\/ol>\n<p><strong>UWAGA: W czasie wyk\u0142ad\u00f3w zaplanowa\u0142em ponad 15 \u0107wicze\u0144. S\u0142uchacze b\u0119d\u0105 proszeni o w\u0142\u0105czanie swoich kamer podczas tych zaj\u0119\u0107. <\/strong><\/p>\n<p><strong>Zaliczenie:<\/strong><\/p>\n<p>W ramach zaliczenia s\u0142uchacze przygotuj\u0105 kr\u00f3tkie wyst\u0105pienie prezentuj\u0105ce najciekawsze osi\u0105gni\u0119cie swojej katedry lub zak\u0142adu (3 minuty) oraz ulotk\u0119 zach\u0119caj\u0105c\u0105 do studi\u00f3w na swoim wydziale.<\/p>\n<p><strong>Literatura:<\/strong><\/p>\n<p>1.Wiktor Niedzicki \u2013 Prezentacja w nauce, biznesie, polityce Poltext 2010<\/p>\n<ol start=\"2\">\n<li>Wiktor Niedzicki \u2013 Jak sprzeda\u0107 nauk\u0119\u201d OPI 2015<\/li>\n<li>Natalia Osica, Wiktor Niedzicki \u2013 Sztuka promocji nauki, OPI 2017<\/li>\n<li>Wiktor Niedzicki \u2013 Dobrze zaprezentuj swoj\u0105 prac\u0119 Mechatronika 2017<\/li>\n<li>Maciej Or\u0142o\u015b \u2013 O sztuce wyst\u0105pie\u0144 publicznych Wydawnictwo RM 2018<\/li>\n<li>Jeremey Donovan \u2013 TED Jak wyg\u0142osi\u0107 mow\u0119 \u017cycia Wydawnictwo Helion 2016<\/li>\n<li>Gloria Beck \u2013 W\u017csza szko\u0142a skutecznej retoryki \u2013 Wydawnictwo He;ion 2010<\/li>\n<li>Peter Guber \u2013 Zwyci\u0119skie opowie\u015bci MT Biznes 2011<\/li>\n<li>Jerry Wiessman \u2013 Skuteczny prezenter MT Biznes 2011<\/li>\n<li>Dale Carnegie \u2013 Jak sta\u0107 si\u0119 doskona\u0142ym m\u00f3wc\u0105 i rozm\u00f3wc\u0105 Wydawnictwo Studio EMKA 2009<\/li>\n<li>Bert Decker \u2013 Wyst\u0105pienia publiczne MT Biznes 2008<\/li>\n<li>Wiktor Niedzicki \u2013 Sekrety prezentacji nauki Ambernet 2005<\/li>\n<li>Carmine Gallo \u2013 M\u00f3w jak TED Wydawnictwo Buchmann, 2016<\/li>\n<\/ol>\n<p>W charakterze pomocy, ksi\u0105\u017ck\u0119 Wiktora Niedzickiego \u201eDobrze zaprezentuj swoj\u0105 prac\u0119\u201d s\u0142uchacze otrzymaj\u0105 w formie pliku pdf. Przewidziane s\u0105 tak\u017ce inne materia\u0142y pomocnicze udost\u0119pniane podczas zaj\u0119\u0107.<\/p>\n<p><strong>Termin<\/strong><\/p>\n<p>poniedzia\u0142ek 10:15-13:30 od 1 marca do 29 marca (5 spotka\u0144) \r\n                                <div class=\"mt-3\"><\/div>\r\n                            <\/div>\r\n                            \r\n                            <div class=\"text-modules__img\"><img src=\"https:\/\/us.edu.pl\/szkola-doktorska\/wp-content\/uploads\/sites\/50\/Nieprzypisane\/MG_5148kor-300x200.jpg\" alt=\"img\"><\/div>\r\n                        <\/div>\r\n                    <\/div>\r\n                <\/div>\r\n                <div class=\"text-modules \">\r\n                    <div class=\"container\">\r\n                        <h3 class=\"section-title section-title_border-bottom\">Rados\u0142aw Aksamit<\/h3> <h3 class=\"subtitle text-modules__subtitle\">Wydzia\u0142 Nauk Spo\u0142ecznych, Centrum Medialne U\u015a, rzecznik prasowy i organizator \u015al\u0105skiego Festiwalu Nauki<\/h3>\r\n                        <div class=\"row m-0\">\r\n                            <div class=\"text-modules__content\">\r\n                                <b>Zaj\u0119cia w zakresie popularyzacji nauki na przyk\u0142adzie \u015al\u0105skiego Festiwalu Nauki\u00a0<\/b><\/p>\n<ol>\n<li><b> Czego mo\u017cesz si\u0119 nauczy\u0107?<\/b><\/li>\n<\/ol>\n<ul>\n<li style=\"font-weight: 400\"><span style=\"font-weight: 400\">podstawowych zasady organizacji wydarze\u0144 naukowych i popularnonaukowych<\/span><\/li>\n<li style=\"font-weight: 400\"><span style=\"font-weight: 400\">zagadnie\u0144 zwi\u0105zanych z zasadami kontaktu z dzia\u0142ami administracji U\u015a w zakresie realizacji wydarze\u0144 online<\/span><\/li>\n<li style=\"font-weight: 400\"><span style=\"font-weight: 400\">zasad organizacji wydarze\u0144 online (tak\u017ce od strony realizacji technicznej)<\/span><\/li>\n<li style=\"font-weight: 400\"><span style=\"font-weight: 400\">wsp\u00f3\u0142pracy z podwykonawcami<\/span><\/li>\n<li style=\"font-weight: 400\"><span style=\"font-weight: 400\">budowania programu wydarzenia w zale\u017cno\u015bci od grup docelowych i wymog\u00f3w lokalizacji<\/span><\/li>\n<li style=\"font-weight: 400\"><span style=\"font-weight: 400\">zasad promocji wydarze\u0144 z wykorzystaniem medi\u00f3w klasycznych i nowych medi\u00f3w<\/span><\/li>\n<li style=\"font-weight: 400\"><span style=\"font-weight: 400\">realizacji materia\u0142\u00f3w informacyjnych i promocyjnych dla wydarzenia<\/span><\/li>\n<li style=\"font-weight: 400\"><span style=\"font-weight: 400\">obs\u0142ugi patronat\u00f3w medialnych<\/span><\/li>\n<li style=\"font-weight: 400\"><span style=\"font-weight: 400\">zasad zwi\u0105zanych z zapewnieniem dost\u0119pno\u015bci dla os\u00f3b z niepe\u0142nosprawno\u015bci\u0105 (m.in. wymogi WCAG oraz zasady zwi\u0105zane z ustaw\u0105 o dost\u0119pno\u015bci cyfrowej)<\/span><\/li>\n<li style=\"font-weight: 400\"><span style=\"font-weight: 400\">nawi\u0105zywania komunikacji z zagranicznymi o\u015brodkami naukowymi<\/span><\/li>\n<li style=\"font-weight: 400\"><span style=\"font-weight: 400\">wsp\u00f3\u0142pracy z ambasadorami i go\u015b\u0107mi specjalnymi wydarzenia<\/span><\/li>\n<\/ul>\n<ol start=\"2\">\n<li><b> Zasady organizacji zaj\u0119\u0107:<\/b><\/li>\n<\/ol>\n<ul>\n<li style=\"font-weight: 400\"><span style=\"font-weight: 400\">zaj\u0119cia o charakterze wyk\u0142adowym<\/span>\n<ul>\n<li style=\"font-weight: 400\"><span style=\"font-weight: 400\">przedstawienie zasad zwi\u0105zanych z organizacj\u0105 wydarze\u0144 naukowych i popularnonaukowych<\/span><\/li>\n<\/ul>\n<\/li>\n<li style=\"font-weight: 400\"><span style=\"font-weight: 400\">zaj\u0119cia o charakterze warsztatowym<\/span>\n<ul>\n<li style=\"font-weight: 400\"><span style=\"font-weight: 400\">udzia\u0142 w pracach zw. z organizacj\u0105 \u015al\u0105skiego Festiwalu Nauki\u00a0<\/span><\/li>\n<li style=\"font-weight: 400\"><span style=\"font-weight: 400\">przygotowanie analizy oraz propozycji rozwi\u0105zania wybranego problemu zwi\u0105zanego z tematyk\u0105 zaj\u0119\u0107\u00a0<\/span><\/li>\n<\/ul>\n<\/li>\n<\/ul>\n<p><span style=\"font-weight: 400\">Decyzj\u0119 o ostatecznej formie zaj\u0119\u0107 podejmuj\u0105 uczestnicy wsp\u00f3lnie z prowadz\u0105cym.<\/span><\/p>\n<ol start=\"3\">\n<li><b> Program zaj\u0119\u0107<\/b><\/li>\n<\/ol>\n<p><span style=\"font-weight: 400\">Zaj\u0119cia 1+2 &#8211; spotkanie konsultacyjno-wyk\u0142adowe (4 godziny)<\/span><\/p>\n<ul>\n<li style=\"font-weight: 400\"><span style=\"font-weight: 400\">ustalenie potrzeb uczestnik\u00f3w w zakresie wiedzy i umiej\u0119tno\u015bci zw. z popularyzacj\u0105 nauki<\/span><\/li>\n<li style=\"font-weight: 400\"><span style=\"font-weight: 400\">ustalenie formy zaj\u0119\u0107<\/span><\/li>\n<li style=\"font-weight: 400\"><span style=\"font-weight: 400\">podstawowe zasady organizacji wydarze\u0144 naukowych i popularnonaukowych<\/span><\/li>\n<li style=\"font-weight: 400\"><span style=\"font-weight: 400\">zagadnie\u0144 zwi\u0105zanyc z zasadami kontaktu z dzia\u0142ami administracji U\u015a w zakresie realizacji wydarze\u0144 online<\/span><\/li>\n<li style=\"font-weight: 400\"><span style=\"font-weight: 400\">zasad organizacji wydarze\u0144 online (tak\u017ce od strony realizacji technicznej)<\/span><\/li>\n<li style=\"font-weight: 400\"><span style=\"font-weight: 400\">wsp\u00f3\u0142pracy z podwykonawcami<\/span><\/li>\n<li style=\"font-weight: 400\"><span style=\"font-weight: 400\">budowania programu wydarzenia w zale\u017cno\u015bci od grup docelowych i wymog\u00f3w lokalizacji<\/span><\/li>\n<li style=\"font-weight: 400\"><span style=\"font-weight: 400\">pytania uczestnik\u00f3w\u00a0<\/span><\/li>\n<\/ul>\n<p><span style=\"font-weight: 400\">Zaj\u0119cia 3+4 &#8211; spotkanie wyk\u0142adowe (3 godziny)<\/span><\/p>\n<ul>\n<li style=\"font-weight: 400\"><span style=\"font-weight: 400\">zasady promocji wydarze\u0144 z wykorzystaniem medi\u00f3w klasycznych i nowych medi\u00f3w<\/span><\/li>\n<li style=\"font-weight: 400\"><span style=\"font-weight: 400\">realizacja materia\u0142\u00f3w marketingowych i promocyjnych dla wydarzenia<\/span><\/li>\n<li style=\"font-weight: 400\"><span style=\"font-weight: 400\">obs\u0142uga patronat\u00f3w medialnych<\/span><\/li>\n<li style=\"font-weight: 400\"><span style=\"font-weight: 400\">zasad zwi\u0105zanych z zapewnieniem dost\u0119pno\u015bci dla os\u00f3b z niepe\u0142nosprawno\u015bci\u0105 (m.in. wymogi WCAG oraz zasady zwi\u0105zane z ustaw\u0105 o dost\u0119pno\u015bci cyfrowej)<\/span><\/li>\n<li style=\"font-weight: 400\"><span style=\"font-weight: 400\">nawi\u0105zywanie komunikacji z zagranicznymi o\u015brodkami naukowymi<\/span><\/li>\n<li style=\"font-weight: 400\"><span style=\"font-weight: 400\">wsp\u00f3\u0142praca z ambasadorami i go\u015b\u0107mi specjalnymi wydarzenia<\/span><\/li>\n<li style=\"font-weight: 400\"><span style=\"font-weight: 400\">pytania uczestnik\u00f3w<\/span><\/li>\n<\/ul>\n<p><span style=\"font-weight: 400\">Zaj\u0119cia 5+6 &#8211; spotkanie warsztatowe (w zale\u017cno\u015bci od wyboru opcji realizacji zaj\u0119\u0107; 3 godziny):<\/span><\/p>\n<p><span style=\"font-weight: 400\">OPCJA A: ustalenie zadania realizowanego na potrzeby \u015al\u0105skiego Festiwalu Nauki, podzia\u0142 na grupy, ustalenie termin\u00f3w zw. z wykonaniem zadania<\/span><\/p>\n<p><span style=\"font-weight: 400\">Mo\u017cliwe do realizacji zadania:<\/span><\/p>\n<ul>\n<li style=\"font-weight: 400\"><span style=\"font-weight: 400\">opracowanie zasad organizacji oraz przygotowanie strefy specjalnej (strefy tematycznej) na potrzeby \u015al\u0105skiego Festiwalu Nauki KATOWICE<\/span><\/li>\n<li style=\"font-weight: 400\"><span style=\"font-weight: 400\">nawi\u0105zanie kontaktu z go\u015bciem zagranicznym oraz przeprowadzenie dzia\u0142a\u0144 zw. z jego obecno\u015bci\u0105 na \u015al\u0105skim Festiwalu Nauki KATOWICE<\/span><\/li>\n<li style=\"font-weight: 400\"><span style=\"font-weight: 400\">opracowanie dzia\u0142a\u0144 popularnonaukowych maj\u0105cych na celu opracowanie tre\u015bci na potrzeby szk\u00f3\u0142 uczestnicz\u0105cych w \u015al\u0105skim Festiwalu Nauki KATOWICE<\/span><\/li>\n<\/ul>\n<p><span style=\"font-weight: 400\">OPCJA B: ustalenie problem\u00f3w do przeanalizowania, ustalenie formy realizacji zadania, podzia\u0142 na grupy, ustalenie termin\u00f3w zw. z wykonaniem zadania<\/span><\/p>\n<p><span style=\"font-weight: 400\">Mo\u017cliwe do realizacji zadania:<\/span><\/p>\n<ul>\n<li style=\"font-weight: 400\"><span style=\"font-weight: 400\">przygotowanie poradnika popularyzatora\/organizatora dla pracownik\u00f3w U\u015a<\/span><\/li>\n<li style=\"font-weight: 400\"><span style=\"font-weight: 400\">analiza g\u0142\u00f3wnych trudno\u015bci zwi\u0105zanych z popularyzacj\u0105 bada\u0144 naukowych &#8211; propozycje rozwi\u0105za\u0144<\/span><\/li>\n<\/ul>\n<p><span style=\"font-weight: 400\">Zaj\u0119cia 7+8 &#8211; 13+14- spotkanie warsztatowe (po 3 godziny)<\/span><\/p>\n<ul>\n<li style=\"font-weight: 400\"><span style=\"font-weight: 400\">praca indywidualna z grupami w ramach realizacji wybranego zadania<\/span><\/li>\n<li style=\"font-weight: 400\"><span style=\"font-weight: 400\">prezentacja efekt\u00f3w zrealizowanego zadania<\/span><\/li>\n<\/ul>\n<p>Termin zaj\u0119\u0107:<\/p>\n<p>poniedzia\u0142ki od 13:45 &#8211; pierwsze spotkanie. \r\n                                <div class=\"mt-3\"><\/div>\r\n                            <\/div>\r\n                            \r\n                            <div class=\"text-modules__img\"><img src=\"https:\/\/us.edu.pl\/szkola-doktorska\/wp-content\/uploads\/sites\/50\/Nieprzypisane\/IMG_8381-300x200.jpg\" alt=\"img\"><\/div>\r\n                        <\/div>\r\n                    <\/div>\r\n                <\/div>\r\n                <div class=\"text-modules reverse\">\r\n                    <div class=\"container\">\r\n                        <h3 class=\"section-title section-title_border-bottom\">dr Marek Kaczmarzyk<\/h3> <h3 class=\"subtitle text-modules__subtitle\">Wydzia\u0142 Nauk Przyrodniczych, biolog i neurodydaktyk<\/h3>\r\n                        <div class=\"row m-0\">\r\n                            <div class=\"text-modules__content\">\r\n                                W swoich zaj\u0119ciach nacisk chcia\u0142bym po\u0142o\u017cy\u0107 na popularyzacj\u0119 wiedzy oraz odpowiedzialno\u015b\u0107 jaka spoczywa na \u015bwiecie naukowym w sytuacji \u0142atwego dost\u0119pu do informacji.<\/p>\n<p>Zmian\u0119 jaka zachodzi na naszych oczach w obszarze jako\u015bci dost\u0119pnej informacji chcia\u0142bym pokaza\u0107 w aspekcie biologicznego pod\u0142o\u017ca dystrybucji informacji, takiego jak pami\u0119\u0107 oraz procesy percepcyjne, relacje pomi\u0119dzy racjonalnym a emocjonalnym postrzeganiem rzeczywisto\u015bci oraz pomi\u0119dzy czynnikami inherentnymi (genetycznymi) a \u015brodowiskowymi w zakresie sprawno\u015bci przyswajania i przetwarzania informacji. G\u0142\u00f3wn\u0105 osi\u0105 analiz b\u0119dzie interpretacja memetyczna oraz podstawowe prawa selekcji i ewolucji informacji kulturowej.<\/p>\n<p>Termin zaj\u0119\u0107:<\/p>\n<p>poniedzia\u0142ki od 9:45. \r\n                                <div class=\"mt-3\"><\/div>\r\n                            <\/div>\r\n                            \r\n                            <div class=\"text-modules__img\"><img src=\"https:\/\/us.edu.pl\/szkola-doktorska\/wp-content\/uploads\/sites\/50\/Nieprzypisane\/IMG_8426-e1613729540919-200x300.jpg\" alt=\"img\"><\/div>\r\n                        <\/div>\r\n                    <\/div>\r\n                <\/div>\r\n                <div class=\"text-modules \">\r\n                    <div class=\"container\">\r\n                        <h3 class=\"section-title section-title_border-bottom\">dr Andrzej Boczarowski<\/h3> <h3 class=\"subtitle text-modules__subtitle\">Wydzia\u0142 Nauk Przyrodniczych, Jurapark Krasiej\u00f3w, paleontolog, grafik, muzealnik<\/h3>\r\n                        <div class=\"row m-0\">\r\n                            <div class=\"text-modules__content\">\r\n                                Prezentacja zaj\u0119\u0107 w postaci filmu do pobrania &#8211; kliknij w zdj\u0119cie.<\/p>\n<p>Termin zaj\u0119\u0107:<\/p>\n<p>poniedzia\u0142ki od 15:30 po 3 godziny zaj\u0119ciowe. \r\n                                <div class=\"mt-3\"><\/div>\r\n                            <\/div>\r\n                            \r\n                            <div class=\"text-modules__img\"><a href=\"https:\/\/wetransfer.com\/downloads\/2ab095afd24d0898296b28d7d2509f5720210217173051\/1a636a\" target=\"_blank\"><img src=\"https:\/\/us.edu.pl\/szkola-doktorska\/wp-content\/uploads\/sites\/50\/Nieprzypisane\/Za\u0142\u0105cznik-bez-tytu\u0142u-00285-300x225.jpg\" alt=\"img\"><\/a><\/div>\r\n                        <\/div>\r\n                    <\/div>\r\n                <\/div>\r\n                <div class=\"text-modules \">\r\n                    <div class=\"container\">\r\n                        <h3 class=\"section-title section-title_border-bottom\">dr Jerzy Jarosz, prof. U\u015a<\/h3> <h3 class=\"subtitle text-modules__subtitle\">Wydzia\u0142 Nauk \u015acis\u0142ych i Technicznych, Uniwersytet \u015al\u0105ski Dziecki, fizyk, popularyzator nauki<\/h3>\r\n                        <div class=\"row m-0\">\r\n                            <div class=\"text-modules__content\">\r\n                                Oba poj\u0119cia tytu\u0142owe &#8211; autoprezentacja i upowszechnianie bada\u0144 &#8211; zwi\u0105zane s\u0105 ze \u015bwiadom\u0105 i efektywn\u0105 komunikacj\u0105. Zaj\u0119cia b\u0119d\u0105 w g\u0142\u00f3wnej mierze koncentrowa\u0142y si\u0119 na tej problematyce. Om\u00f3wimy zagadnienia zwi\u0105zane z mo\u017cliwo\u015bci\u0105 i wieloma sposobami komunikowania si\u0119, poznamy budow\u0119 komunikatu i najprostsze modele komunikacji.<\/p>\n<p>Poznamy tak\u017ce przeszkody i zak\u0142\u00f3cenia towarzysz\u0105ce ka\u017cdemu komunikatowi oraz sposoby s\u0142u\u017c\u0105ce ich eliminowaniu i u\u015bci\u015blaniu znacze\u0144 komunikatu. Przeanalizujemy tr\u00f3jk\u0105t semantyczny i zastanowimy si\u0119 czy 2+2 mo\u017ce nie r\u00f3wna\u0107 si\u0119 4.<\/p>\n<p>Na zaj\u0119ciach zajmiemy si\u0119 r\u00f3wnie\u017c komunikacj\u0105 zmys\u0142ow\u0105. Analizuj\u0105c zak\u0142\u00f3cenia wp\u0142ywaj\u0105ce na funkcjonowanie zmys\u0142\u00f3w na poziomie receptor\u00f3w i na poziomie przetwarzania informacji, poznamy ich specyfik\u0119 i przekonamy si\u0119, \u017ce \u017cyjemy w Matrixie.<\/p>\n<p>Zastanowimy si\u0119 nad mechanizmami percepcji i zapami\u0119tywania, poznamy rol\u0119 i znaczenie symboli, mem\u00f3w i kompetencji w procesie edukacji.<\/p>\n<p>Odpowiemy na pytanie jak pozyskiwa\u0107 uwag\u0119 s\u0142uchaczy i jak ni\u0105 kierowa\u0107. Przeanalizujemy rol\u0119 eksperymentu w edukacji oraz zaplanujemy, wykonamy i zinterpretujemy w\u0142asne eksperymenty s\u0142u\u017c\u0105ce potrzebom zaj\u0119\u0107.<\/p>\n<p>Na koniec poszukamy odniesie\u0144 poruszanych zagadnie\u0144 do pracy dydaktycznej, naukowej i do w\u0142asnej codzienno\u015bci badawczej.<\/p>\n<p>Termin zaj\u0119\u0107:<\/p>\n<p>poniedzia\u0142ki od 11:30 \r\n                                <div class=\"mt-3\"><\/div>\r\n                            <\/div>\r\n                            \r\n                            <div class=\"text-modules__img\"><img src=\"https:\/\/us.edu.pl\/szkola-doktorska\/wp-content\/uploads\/sites\/50\/Nieprzypisane\/SFN-Dzie\u0144-pierwszy_0243-300x269.jpg\" alt=\"img\"><\/div>\r\n                        <\/div>\r\n                    <\/div>\r\n                <\/div>[\/vc_column][\/vc_row]<\/p>","protected":false},"excerpt":{"rendered":"<p>[vc_row][vc_column][\/vc_column][\/vc_row] [&#8230;]<\/p>\n<p><a class=\"btn btn-secondary understrap-read-more-link\" href=\"https:\/\/us.edu.pl\/szkola-doktorska\/autoprezentacja-i-upowszechanie-badan\/\">Read More&#8230;<\/a><\/p>\n","protected":false},"author":42,"featured_media":0,"parent":0,"menu_order":0,"comment_status":"closed","ping_status":"closed","template":"","meta":{"_expiration-date-status":"saved","_expiration-date":0,"_expiration-date-type":"","_expiration-date-categories":[],"_expiration-date-options":[]},"acf":[],"_links":{"self":[{"href":"https:\/\/us.edu.pl\/szkola-doktorska\/wp-json\/wp\/v2\/pages\/4574"}],"collection":[{"href":"https:\/\/us.edu.pl\/szkola-doktorska\/wp-json\/wp\/v2\/pages"}],"about":[{"href":"https:\/\/us.edu.pl\/szkola-doktorska\/wp-json\/wp\/v2\/types\/page"}],"author":[{"embeddable":true,"href":"https:\/\/us.edu.pl\/szkola-doktorska\/wp-json\/wp\/v2\/users\/42"}],"replies":[{"embeddable":true,"href":"https:\/\/us.edu.pl\/szkola-doktorska\/wp-json\/wp\/v2\/comments?post=4574"}],"version-history":[{"count":7,"href":"https:\/\/us.edu.pl\/szkola-doktorska\/wp-json\/wp\/v2\/pages\/4574\/revisions"}],"predecessor-version":[{"id":4587,"href":"https:\/\/us.edu.pl\/szkola-doktorska\/wp-json\/wp\/v2\/pages\/4574\/revisions\/4587"}],"wp:attachment":[{"href":"https:\/\/us.edu.pl\/szkola-doktorska\/wp-json\/wp\/v2\/media?parent=4574"}],"curies":[{"name":"wp","href":"https:\/\/api.w.org\/{rel}","templated":true}]}}