{"id":4675,"date":"2021-03-12T12:49:11","date_gmt":"2021-03-12T11:49:11","guid":{"rendered":"https:\/\/us.edu.pl\/szkola-doktorska\/?page_id=4675"},"modified":"2022-11-08T14:03:28","modified_gmt":"2022-11-08T13:03:28","slug":"prom-procedura-przygotowania-wyjazdu","status":"publish","type":"page","link":"https:\/\/us.edu.pl\/szkola-doktorska\/prom-procedura-przygotowania-wyjazdu\/","title":{"rendered":"PROM &#8211; procedura przygotowania wyjazdu"},"content":{"rendered":"<p>[vc_row][vc_column]\r\n                <div class=\"text-modules\">\r\n                    <div class=\"container\">\r\n                        <h3 class=\"page-title text__title\">Etap I - przygotowanie podr\u00f3\u017cy (dane i dokumenty)<\/h3>\r\n                        <div class=\"text-modules__content\"><p>Na tym etapie nale\u017cy potwierdzi\u0107 termin wyjazdu i uzyska\u0107 informacj\u0119 od organizatora\/gospodarza o mo\u017cliwo\u015bci przyjazdu, a w przypadku konferencji i szkole\u0144 tak\u017ce o kosztach. Doktorant przesy\u0142a na adres email: <a href=\"mailto:diana.pasek@us.edu.pl\">diana.pasek@us.edu.pl<\/a> nast\u0119puj\u0105ce wst\u0119pnie wype\u0142nione dokumenty (w formie edytowalnych plik\u00f3w):<\/p>\n<ul>\n<li><a href=\"https:\/\/us.edu.pl\/szkola-doktorska\/wp-content\/uploads\/sites\/50\/Nieprzypisane\/zalacznik_nr_1_-_wniosek_o_wyjazd_za_granice-5.doc\" class=\"mtli_attachment mtli_doc\" data-mtli=\"mtli_filesize378,50kB\" class=\"mtli_attachment mtli_doc\" data-mtli=\"mtli_filesize378,50kB\">zalacznik_nr_1_-_wniosek_o_wyjazd_za_granice (5)<\/a><\/li>\n<li><a href=\"https:\/\/us.edu.pl\/szkola-doktorska\/wp-content\/uploads\/sites\/50\/Nieprzypisane\/zalacznik_nr_3_do_regulaminu_-_zlecenie_platnosci_0.docx\" class=\"mtli_attachment mtli_docx\" data-mtli=\"mtli_filesize269,95kB\" class=\"mtli_attachment mtli_docx\" data-mtli=\"mtli_filesize269,95kB\">zalacznik_nr_3_do_regulaminu_-_zlecenie_platnosci_0<\/a><\/li>\n<li><a href=\"https:\/\/us.edu.pl\/szkola-doktorska\/wp-content\/uploads\/sites\/50\/Nieprzypisane\/dane-do-umowy-data-for-the-agreement.xlsx\" class=\"mtli_attachment mtli_xlsx\" data-mtli=\"mtli_filesize16,35kB\" class=\"mtli_attachment mtli_xlsx\" data-mtli=\"mtli_filesize16,35kB\">dane do umowy &#8211; data for the agreement<\/a><\/li>\n<li>potwierdzenie organizatora\/gospodarza o zgodzie na wyjazd, ewentualnie potwierdzenie promotora o realizacji projektu (w postaci skanu b\u0105d\u017a maila)<\/li>\n<\/ul>\n<p>Po przes\u0142aniu dokument\u00f3w biuro Szko\u0142y Doktorskiej kontaktuje si\u0119 z w sprawie ustalenia terminu spotkania i podpisania wszystkich dokument\u00f3w.<\/p>\n<style type=\"text\/css\">a[data-mtli~=\"mtli_filesize378,50kB\"]:after {content:\" (378,50 kB)\"}a[data-mtli~=\"mtli_filesize269,95kB\"]:after {content:\" (269,95 kB)\"}a[data-mtli~=\"mtli_filesize16,35kB\"]:after {content:\" (16,35 kB)\"}<\/style><\/div>\r\n                    <\/div>\r\n                <\/div>\r\n                <div class=\"text-modules\">\r\n                    <div class=\"container\">\r\n                        <h3 class=\"page-title text__title\">Etap II - podpisanie dokument\u00f3w<\/h3>\r\n                        <div class=\"text-modules__content\"><p>Po przes\u0142aniu dokument\u00f3w przez doktoranta biuro przygotowuje ostateczne dokumenty do podpisu. Pracownik biura prowadz\u0105cy dan\u0105 spraw\u0119 kontaktuje si\u0119 z doktorantem i umawia termin podpisania dokument\u00f3w. Na tym etapie niezb\u0119dne jest przyj\u015bcie doktoranta do <a href=\"\/szkola-doktorska\/biuro-szkoly-doktorskiej\/\">biura Szko\u0142y Doktorskiej<\/a>.<\/p>\n<p>Doktorant przynosi ze sob\u0105 wydrukowane nast\u0119puj\u0105ce dokumenty:<\/p>\n<ul>\n<li><a href=\"https:\/\/us.edu.pl\/szkola-doktorska\/wp-content\/uploads\/sites\/50\/Nieprzypisane\/16.10.2020_O\u015bwiadczenie_COVID_WS-1.doc\" class=\"mtli_attachment mtli_doc\" data-mtli=\"mtli_filesize26,50kB\" class=\"mtli_attachment mtli_doc\" data-mtli=\"mtli_filesize26,50kB\">16.10.2020_O\u015bwiadczenie_COVID_WS<\/a><\/li>\n<li><a href=\"https:\/\/us.edu.pl\/szkola-doktorska\/wp-content\/uploads\/sites\/50\/Nieprzypisane\/formularz-zg\u0142oszeniowy-uczestnika-projektu.docx\" class=\"mtli_attachment mtli_docx\" data-mtli=\"mtli_filesize80,05kB\" class=\"mtli_attachment mtli_docx\" data-mtli=\"mtli_filesize80,05kB\">formularz zg\u0142oszeniowy uczestnika projektu<\/a> (koniecznie w kolorze)<\/li>\n<li><a href=\"https:\/\/us.edu.pl\/szkola-doktorska\/wp-content\/uploads\/sites\/50\/Nieprzypisane\/zalacznik_nr_3_do_regulaminu_-_zlecenie_platnosci_0.docx\" class=\"mtli_attachment mtli_docx\" data-mtli=\"mtli_filesize269,95kB\" class=\"mtli_attachment mtli_docx\" data-mtli=\"mtli_filesize269,95kB\">zalacznik_nr_3_do_regulaminu_-_zlecenie_platnosci_0<\/a> (w przypadku op\u0142aty konferencyjnej)<\/li>\n<\/ul>\n<p>\n<style type=\"text\/css\">a[data-mtli~=\"mtli_filesize26,50kB\"]:after {content:\" (26,50 kB)\"}a[data-mtli~=\"mtli_filesize80,05kB\"]:after {content:\" (80,05 kB)\"}a[data-mtli~=\"mtli_filesize269,95kB\"]:after {content:\" (269,95 kB)\"}<\/style><\/div>\r\n                    <\/div>\r\n                <\/div>\r\n                <div class=\"text-modules\">\r\n                    <div class=\"container\">\r\n                        \r\n                        <div class=\"text-modules__content\"><p><img class=\"aligncenter size-large wp-image-466\" src=\"http:\/\/us.edu.pl\/szkola-doktorska\/wp-content\/uploads\/sites\/50\/2019\/11\/logotypy-pl-1024x136.jpg\" alt=\"\" width=\"640\" height=\"85\" srcset=\"https:\/\/us.edu.pl\/szkola-doktorska\/wp-content\/uploads\/sites\/50\/2019\/11\/logotypy-pl.jpg 1024w, https:\/\/us.edu.pl\/szkola-doktorska\/wp-content\/uploads\/sites\/50\/2019\/11\/logotypy-pl-300x40.jpg 300w, https:\/\/us.edu.pl\/szkola-doktorska\/wp-content\/uploads\/sites\/50\/2019\/11\/logotypy-pl-768x102.jpg 768w, https:\/\/us.edu.pl\/szkola-doktorska\/wp-content\/uploads\/sites\/50\/2019\/11\/logotypy-pl-575x76.jpg 575w\" sizes=\"(max-width: 640px) 100vw, 640px\" \/><\/p>\n<p><em><span style=\"font-size: 10pt;\">Program jest wsp\u00f3\u0142finansowany ze \u015brodk\u00f3w Europejskiego Funduszu Spo\u0142ecznego w ramach Programu Operacyjnego Wiedza Edukacja Rozw\u00f3j, projekt pozakonkursowy pt. \u201eMi\u0119dzynarodowa wymiana stypendialna doktorant\u00f3w i kadry akademickiej\u201d, realizowany w ramach Dzia\u0142ania okre\u015blony we wniosku o dofinansowanie projektu nr POWR.03.03.00-00-PN13\/18.<\/span><\/em><\/p>\n<\/div>\r\n                    <\/div>\r\n                <\/div>[\/vc_column][\/vc_row]<\/p>\n<style type=\"text\/css\">a[data-mtli~=\"mtli_filesize378,50kB\"]:after {content:\" (378,50 kB)\"}a[data-mtli~=\"mtli_filesize269,95kB\"]:after {content:\" (269,95 kB)\"}a[data-mtli~=\"mtli_filesize16,35kB\"]:after {content:\" (16,35 kB)\"}a[data-mtli~=\"mtli_filesize26,50kB\"]:after {content:\" (26,50 kB)\"}a[data-mtli~=\"mtli_filesize80,05kB\"]:after {content:\" (80,05 kB)\"}<\/style>","protected":false},"excerpt":{"rendered":"<p>[vc_row][vc_column][\/vc_column][\/vc_row] [&#8230;]<\/p>\n<p><a class=\"btn btn-secondary understrap-read-more-link\" href=\"https:\/\/us.edu.pl\/szkola-doktorska\/prom-procedura-przygotowania-wyjazdu\/\">Read More&#8230;<\/a><\/p>\n","protected":false},"author":42,"featured_media":0,"parent":0,"menu_order":0,"comment_status":"closed","ping_status":"closed","template":"page-templates\/page-with-sidebar.php","meta":{"_expiration-date-status":"","_expiration-date":0,"_expiration-date-type":"","_expiration-date-categories":[],"_expiration-date-options":[]},"acf":[],"_links":{"self":[{"href":"https:\/\/us.edu.pl\/szkola-doktorska\/wp-json\/wp\/v2\/pages\/4675"}],"collection":[{"href":"https:\/\/us.edu.pl\/szkola-doktorska\/wp-json\/wp\/v2\/pages"}],"about":[{"href":"https:\/\/us.edu.pl\/szkola-doktorska\/wp-json\/wp\/v2\/types\/page"}],"author":[{"embeddable":true,"href":"https:\/\/us.edu.pl\/szkola-doktorska\/wp-json\/wp\/v2\/users\/42"}],"replies":[{"embeddable":true,"href":"https:\/\/us.edu.pl\/szkola-doktorska\/wp-json\/wp\/v2\/comments?post=4675"}],"version-history":[{"count":10,"href":"https:\/\/us.edu.pl\/szkola-doktorska\/wp-json\/wp\/v2\/pages\/4675\/revisions"}],"predecessor-version":[{"id":7727,"href":"https:\/\/us.edu.pl\/szkola-doktorska\/wp-json\/wp\/v2\/pages\/4675\/revisions\/7727"}],"wp:attachment":[{"href":"https:\/\/us.edu.pl\/szkola-doktorska\/wp-json\/wp\/v2\/media?parent=4675"}],"curies":[{"name":"wp","href":"https:\/\/api.w.org\/{rel}","templated":true}]}}