{"id":4859,"date":"2021-03-17T00:00:43","date_gmt":"2021-03-16T23:00:43","guid":{"rendered":"https:\/\/us.edu.pl\/szkola-doktorska\/?page_id=4859"},"modified":"2025-02-27T14:39:42","modified_gmt":"2025-02-27T13:39:42","slug":"zasady-programu-doktorat-wdrozeniowy-2021-2022","status":"publish","type":"page","link":"https:\/\/us.edu.pl\/szkola-doktorska\/doktorat-wdrozeniowy\/zasady-programu-doktorat-wdrozeniowy-2021-2022\/","title":{"rendered":"Zasady programu &#8222;Doktorat wdro\u017ceniowy&#8221;"},"content":{"rendered":"<p>[vc_row][vc_column]\r\n                <div class=\"text-modules\">\r\n                    <div class=\"container\">\r\n                        <h3 class=\"page-title text__title\">Warunki udzia\u0142u w programie<\/h3>\r\n                        <div class=\"text-modules__content\"><\/p>\n<h2>Warunki wst\u0119pne udzia\u0142u w programie<\/h2>\n<ul>\n<li>z\u0142o\u017cenie wniosku z systemie OSF i zakwalifikowanie go do finansowania przez Ministerstwo Nauki i Szkolnictwa Wy\u017cszego<\/li>\n<li>przyj\u0119cie do Szko\u0142y Doktorskiej osoby, kt\u00f3ra jest albo zostanie zatrudniona w pe\u0142nym wymiarze czasu pracy przez podmiot, kt\u00f3ry wyrazi zgod\u0119 na jej kszta\u0142cenie w Szkole Doktorskiej w ramach programu i zapewni jej opiekuna pomocniczego,<\/li>\n<li>wyznaczenie przez wnioskodawc\u0119 opiekuna pomocniczego wskazanego przez podmiot zatrudniaj\u0105cy doktoranta spo\u015br\u00f3d pracownik\u00f3w tego podmiotu.<\/li>\n<\/ul>\n<h2>Promotor<\/h2>\n<ul>\n<li>promotorem doktoranta wdro\u017ceniowego mo\u017ce by\u0107 ka\u017cdy samodzielny pracownik naukowy Uniwersytetu \u015al\u0105skiego, kt\u00f3ry jest aktywny naukowo i ma do\u015bwiadczenie w pracy z otoczeniem spo\u0142eczno-gospodarczym uczelni<\/li>\n<li>promotor jest kierownikiem projektu i dysponentem \u015brodk\u00f3w<\/li>\n<li>zadania promotora doktoranta wdro\u017ceniowego s\u0105 analogiczne do zada\u0144 promotor\u00f3w pozosta\u0142ych doktorant\u00f3w;<\/li>\n<\/ul>\n<h2>Opiekun pomocniczy ze strony pracodawcy<\/h2>\n<ul>\n<li>Opiekunem pomocniczym mo\u017ce by\u0107 osoba posiadaj\u0105ca:\n<ol style=\"list-style-type: lower-alpha;\">\n<li>stopie\u0144 doktora lub<\/li>\n<li>co najmniej pi\u0119cioletnie do\u015bwiadczenie w prowadzeniu dzia\u0142alno\u015bci naukowej lub<\/li>\n<li>znacz\u0105ce osi\u0105gni\u0119cia w zakresie opracowania i wdro\u017cenia w sferze gospodarczej lub spo\u0142ecznej oryginalnego rozwi\u0105zania projektowego, konstrukcyjnego, technologicznego lub artystycznego, o ponadlokalnym zakresie oraz trwa\u0142ym i uniwersalnym charakterze<\/li>\n<\/ol>\n<\/li>\n<li>kwalifikacje, o kt\u00f3rych mowa powy\u017cej, powinny by\u0107 potwierdzone dokumentami lub o\u015bwiadczeniem kandydata na opiekuna pomocniczego.<\/li>\n<li>zadaniem opiekuna pomocniczego jest monitorowanie post\u0119p\u00f3w doktoranta w prowadzeniu dzia\u0142alno\u015bci naukowej w ramach przygotowania rozprawy doktorskiej.<\/li>\n<li>uczelnia mo\u017ce zmieni\u0107 opiekuna pomocniczego na wniosek:\n<ol>\n<li>doktoranta \u2013 po zasi\u0119gni\u0119ciu opinii podmiotu zatrudniaj\u0105cego doktoranta;<\/li>\n<li>podmiotu zatrudniaj\u0105cego doktoranta.<\/li>\n<\/ol>\n<\/li>\n<\/ul>\n<h2>\u015arodki finansowe przyznane w ramach programu<\/h2>\n<ul>\n<li>\u015brodki przekazywane s\u0105 na konto Uniwersytetu \u015al\u0105skiego, a dysponentem \u015brodk\u00f3w jest promotor<\/li>\n<li>za weryfikacj\u0119 poprawnego wydatkowania \u015brodk\u00f3w odpowiedzialny jest promotor (merytorycznie) i biuro Szko\u0142y Doktorskiej<\/li>\n<li>na \u015brodki sk\u0142adaj\u0105 si\u0119\n<ul>\n<li>stypendium doktoranckie, o kt\u00f3rym mowa w art. 209 ust. 1 ustawy z dnia 20 lipca 2018 r. \u2013 Prawo o szkolnictwie wy\u017cszym i nauce, zwanej dalej \u201eustaw\u0105\u201d<\/li>\n<li>koszty ubezpieczenia spo\u0142ecznego, o kt\u00f3rym mowa w art. 6 ust. 1 pkt 7b ustawy z dnia 13 pa\u017adziernika 1998 r. o systemie ubezpiecze\u0144 spo\u0142ecznych (Dz. U. z 2019 r. poz. 300, 303 i 730), kt\u00f3rych finansowanie jest obowi\u0105zkiem wnioskodawcy;<\/li>\n<li>dofinansowanie ponoszonych przez wnioskodawc\u0119 koszt\u00f3w wykorzystania infrastruktury badawczej w celu prowadzenia przez doktoranta dzia\u0142alno\u015bci naukowej w ramach przygotowania rozprawy doktorskiej,<\/li>\n<li>koszty po\u015brednie.<\/li>\n<\/ul>\n<\/li>\n<li>miesi\u0119czna kwota stypendium doktoranckiego dla jednego doktoranta jest zr\u00f3\u017cnicowana w zale\u017cno\u015bci od edycji programu. Dla edycji 2024 wynosi\u0107 ma:\n<ul>\n<li>42% minimalnego wynagrodzenia profesora, tj. 3 935 z\u0142 \u2013 do miesi\u0105ca, w kt\u00f3rym zosta\u0142a przeprowadzona ocena \u015br\u00f3dokresowa, o kt\u00f3rej mowa w art. 202 ust. 2 ustawy;<\/li>\n<li>64% minimalnego wynagrodzenia profesora, tj. 5 997 z\u0142 \u2013 po miesi\u0105cu, w kt\u00f3rym zosta\u0142a przeprowadzona ocena \u015br\u00f3dokresowa, o kt\u00f3rej mowa w art. 202 ust. 2 ustawy, ale nie wcze\u015bniej ni\u017c zak\u0142ada bud\u017cet projektu.<\/li>\n<\/ul>\n<\/li>\n<li>dofinansowanie koszt\u00f3w infrastruktury badawczej &#8211; roczna kwota = 12 x (miesi\u0119czna kwota stypendium przed ocen\u0105 \u015br\u00f3dokresow\u0105 + koszty ubezpieczenia spo\u0142ecznego) x wsp\u00f3\u0142czynnik kosztoch\u0142onno\u015bci dyscypliny x 10%<\/li>\n<li>koszty po\u015brednie &#8211; roczna kwota = 12 x (miesi\u0119czna kwota stypendium przed ocen\u0105 \u015br\u00f3dokresow\u0105 + koszty ubezpieczenia spo\u0142ecznego) x wsp\u00f3\u0142czynnik kosztoch\u0142onno\u015bci dyscypliny x 5%<\/li>\n<\/ul>\n<h2>Istotne sprawy, o kt\u00f3rych nale\u017cy pami\u0119ta\u0107<\/h2>\n<ul>\n<li><strong>Przyj\u0119cie do Szko\u0142y Doktorskiej\u00a0<\/strong>oznacza, \u017ce osoba realizuj\u0105ca prac\u0119 doktorsk\u0105 w ramach programu \u201eDoktorat wdro\u017ceniowy\u201d\u00a0<strong>jest jednocze\u015bnie doktorantem w Szkole Doktorskiej\u00a0<\/strong>w pe\u0142nym znaczeniu tego s\u0142owa, tzn. jest zobowi\u0105zana do uczestnictwa w zaj\u0119ciach dydaktycznych (cz\u0119\u015b\u0107 grup jest organizowana dla doktorant\u00f3w wdro\u017ceniowych oddzielnie) oraz realizuje\u00a0<strong>Indywidualny Plan Badawczy<\/strong>,<\/li>\n<li>Pracodawca musi by\u0107 wi\u0119c \u015bwiadomy, \u017ce udzia\u0142 pracownika w programie \u201eDoktorat wdro\u017ce\u00adniowy\u201d oznacza, \u017ce obci\u0105\u017cenie pracownika zwi\u0105zane z prac\u0105 zawodow\u0105 musi uwzgl\u0119dnia\u0107 fakt jego kszta\u0142cenia w Szkole Doktorskiej. Cz\u0119\u015b\u0107 zaj\u0119\u0107 dla doktorant\u00f3w wdro\u017ceniowych realizowana jest w formie zdalnej, popo\u0142udniami i weekendami, ale cz\u0119\u015b\u0107 zaj\u0119\u0107 specjalistycznych doktoranci wdro\u017ceniowy realizuj\u0105 razem z pozosta\u0142ymi doktorantami w terminach dla nich wyznaczonych,<\/li>\n<li>Przygotowanie rozprawy doktorskiej w ramach programu nie mo\u017ce trwa\u0107 d\u0142u\u017cej ni\u017c 4 lata program nie przewiduje mo\u017cliwo\u015bci przed\u0142u\u017cenia terminu z\u0142o\u017cenia rozprawy.<\/li>\n<\/ul>\n<p>\n<\/div>\r\n                    <\/div>\r\n                <\/div>[\/vc_column][\/vc_row]<\/p>","protected":false},"excerpt":{"rendered":"<p>[vc_row][vc_column][\/vc_column][\/vc_row] [&#8230;]<\/p>\n<p><a class=\"btn btn-secondary understrap-read-more-link\" href=\"https:\/\/us.edu.pl\/szkola-doktorska\/doktorat-wdrozeniowy\/zasady-programu-doktorat-wdrozeniowy-2021-2022\/\">Read More&#8230;<\/a><\/p>\n","protected":false},"author":42,"featured_media":0,"parent":75,"menu_order":0,"comment_status":"closed","ping_status":"closed","template":"page-templates\/page-with-sidebar.php","meta":{"_expiration-date-status":"","_expiration-date":0,"_expiration-date-type":"","_expiration-date-categories":[],"_expiration-date-options":[]},"acf":[],"_links":{"self":[{"href":"https:\/\/us.edu.pl\/szkola-doktorska\/wp-json\/wp\/v2\/pages\/4859"}],"collection":[{"href":"https:\/\/us.edu.pl\/szkola-doktorska\/wp-json\/wp\/v2\/pages"}],"about":[{"href":"https:\/\/us.edu.pl\/szkola-doktorska\/wp-json\/wp\/v2\/types\/page"}],"author":[{"embeddable":true,"href":"https:\/\/us.edu.pl\/szkola-doktorska\/wp-json\/wp\/v2\/users\/42"}],"replies":[{"embeddable":true,"href":"https:\/\/us.edu.pl\/szkola-doktorska\/wp-json\/wp\/v2\/comments?post=4859"}],"version-history":[{"count":9,"href":"https:\/\/us.edu.pl\/szkola-doktorska\/wp-json\/wp\/v2\/pages\/4859\/revisions"}],"predecessor-version":[{"id":14283,"href":"https:\/\/us.edu.pl\/szkola-doktorska\/wp-json\/wp\/v2\/pages\/4859\/revisions\/14283"}],"up":[{"embeddable":true,"href":"https:\/\/us.edu.pl\/szkola-doktorska\/wp-json\/wp\/v2\/pages\/75"}],"wp:attachment":[{"href":"https:\/\/us.edu.pl\/szkola-doktorska\/wp-json\/wp\/v2\/media?parent=4859"}],"curies":[{"name":"wp","href":"https:\/\/api.w.org\/{rel}","templated":true}]}}