{"id":4865,"date":"2021-03-17T00:04:59","date_gmt":"2021-03-16T23:04:59","guid":{"rendered":"https:\/\/us.edu.pl\/szkola-doktorska\/?page_id=4865"},"modified":"2021-03-17T00:18:02","modified_gmt":"2021-03-16T23:18:02","slug":"harmonogram-rekrutacji-do-programu-na-rok-akademicki-2021-2022","status":"publish","type":"page","link":"https:\/\/us.edu.pl\/szkola-doktorska\/harmonogram-rekrutacji-do-programu-na-rok-akademicki-2021-2022\/","title":{"rendered":"Harmonogram rekrutacji do programu na rok akademicki 2021\/2022"},"content":{"rendered":"<p>[vc_row][vc_column]\r\n                <div class=\"text-modules\">\r\n                    <div class=\"container\">\r\n                        \r\n                        <div class=\"text-modules__content\"><\/p>\n<h4><strong>Do 30 kwietnia 2021 r.<\/strong><\/h4>\n<p>Kandydat przygotowuje zg\u0142oszenie do uczestniczenia w Programie MEiN, wed\u0142ug ustalonego wzoru (<a href=\"https:\/\/us.edu.pl\/szkola-doktorska\/wp-content\/uploads\/sites\/50\/Nieprzypisane\/zal_1_Zgloszenie-do-programu-Doktorat-wdro\u017ceniowy-2021.docx\" class=\"mtli_attachment mtli_docx\" data-mtli=\"mtli_filesize35,38kB\" class=\"mtli_attachment mtli_docx\" data-mtli=\"mtli_filesize35,38kB\">zal_1_Zgloszenie do programu<\/a>).<\/p>\n<p>Zg\u0142oszenie nale\u017cy przes\u0142a\u0107 w wersji elektronicznej, w postaci pliku edytowalnego i pliku pdf z podpisami wraz z wymaganymi za\u0142\u0105cznikami, do Szko\u0142y Doktorskiej U\u015a na adres (<a href=\"mailto:szkola.doktorska@us.edu.pl\">szkola.doktorska@us.edu.pl<\/a>) oraz na adres koordynatora projektu pani dr hab. Iwony Jelonek, prof. U\u015a (<a href=\"mailto:iwona.jelonek@us.edu.pl\">iwona.jelonek@us.edu.pl<\/a>). Umo\u017cliwi to rozpocz\u0119cie dialogu w celu weryfikacji zg\u0142oszonego tematu doktoratu po stronie uczelni oraz znalezienia promotora w uczelni.<\/p>\n<h4>Je\u017celi promotor nie jest jeszcze ustalony &#8211; prosimy o kontakt z jak najwi\u0119kszym wyprzedzeniem.<\/h4>\n<h4><strong>Do 15 maja<\/strong><\/h4>\n<p>\n<style type=\"text\/css\">a[data-mtli~=\"mtli_filesize35,38kB\"]:after {content:\" (35,38 kB)\"}<\/style><\/div>\r\n                    <\/div>\r\n                <\/div>[\/vc_column][\/vc_row]<\/p>\n<style type=\"text\/css\">a[data-mtli~=\"mtli_filesize35,38kB\"]:after {content:\" (35,38 kB)\"}<\/style>","protected":false},"excerpt":{"rendered":"<p>[vc_row][vc_column][\/vc_column][\/vc_row] [&#8230;]<\/p>\n<p><a class=\"btn btn-secondary understrap-read-more-link\" href=\"https:\/\/us.edu.pl\/szkola-doktorska\/harmonogram-rekrutacji-do-programu-na-rok-akademicki-2021-2022\/\">Read More&#8230;<\/a><\/p>\n","protected":false},"author":42,"featured_media":0,"parent":0,"menu_order":0,"comment_status":"closed","ping_status":"closed","template":"","meta":{"_expiration-date-status":"saved","_expiration-date":0,"_expiration-date-type":"","_expiration-date-categories":[],"_expiration-date-options":[]},"acf":[],"_links":{"self":[{"href":"https:\/\/us.edu.pl\/szkola-doktorska\/wp-json\/wp\/v2\/pages\/4865"}],"collection":[{"href":"https:\/\/us.edu.pl\/szkola-doktorska\/wp-json\/wp\/v2\/pages"}],"about":[{"href":"https:\/\/us.edu.pl\/szkola-doktorska\/wp-json\/wp\/v2\/types\/page"}],"author":[{"embeddable":true,"href":"https:\/\/us.edu.pl\/szkola-doktorska\/wp-json\/wp\/v2\/users\/42"}],"replies":[{"embeddable":true,"href":"https:\/\/us.edu.pl\/szkola-doktorska\/wp-json\/wp\/v2\/comments?post=4865"}],"version-history":[{"count":2,"href":"https:\/\/us.edu.pl\/szkola-doktorska\/wp-json\/wp\/v2\/pages\/4865\/revisions"}],"predecessor-version":[{"id":4870,"href":"https:\/\/us.edu.pl\/szkola-doktorska\/wp-json\/wp\/v2\/pages\/4865\/revisions\/4870"}],"wp:attachment":[{"href":"https:\/\/us.edu.pl\/szkola-doktorska\/wp-json\/wp\/v2\/media?parent=4865"}],"curies":[{"name":"wp","href":"https:\/\/api.w.org\/{rel}","templated":true}]}}