{"id":4883,"date":"2021-03-17T11:04:37","date_gmt":"2021-03-17T10:04:37","guid":{"rendered":"https:\/\/us.edu.pl\/szkola-doktorska\/?page_id=4883"},"modified":"2026-03-03T14:22:32","modified_gmt":"2026-03-03T13:22:32","slug":"harmonogram-rekrutacji-do-programu","status":"publish","type":"page","link":"https:\/\/us.edu.pl\/szkola-doktorska\/doktorat-wdrozeniowy\/harmonogram-rekrutacji-do-programu\/","title":{"rendered":"Harmonogram rekrutacji do programu"},"content":{"rendered":"<p>[vc_row][vc_column]\r\n                <div class=\"text-modules\">\r\n                    <div class=\"container\">\r\n                        \r\n                        <div class=\"text-modules__content\"><p><strong>Harmonogram naboru do programu w Szkole Doktorskiej<\/strong><\/p>\n<ol>\n<li><strong>Sk\u0142adanie wniosk\u00f3w do Ministerstwa Nauki i Szkolnictwa Wy\u017cszego<\/strong><\/li>\n<\/ol>\n<ul>\n<li><strong>do 30 kwietnia\u00a0 2026 r.<\/strong> \u2013 termin nadsy\u0142ania wst\u0119pnych formularzy zg\u0142oszeniowych do Szko\u0142y Doktorskiej<strong><u>: <\/u><\/strong><\/li>\n<li><strong>formularz: <\/strong><a href=\"https:\/\/formularze.us.edu.pl\/form\/index\/7079\">https:\/\/formularze.us.edu.pl\/form\/index\/7079<\/a><\/li>\n<\/ul>\n<ol>\n<li><strong>Program &#8222;Doktorat wdro\u017ceniowy 2026&#8221;<\/strong><\/li>\n<\/ol>\n<p>Ministerstwo Nauki i Szkolnictwa Wy\u017cszego nie og\u0142osi\u0142o jeszcze naboru\u00a0do programu &#8222;Doktorat wdro\u017ceniowy 2026&#8221; (stan na 3.03.2026). W zwi\u0105zku z tym szczeg\u00f3\u0142owe \u00a0zasady, kryteria i warunki nie s\u0105 jeszcze znane. Dalsze tre\u015bci oparte s\u0105 na dotychczasowych edycjach programu.<\/p>\n<ol start=\"3\">\n<li><strong>Rekrutacja do Szko\u0142y Doktorskiej (warunkiem przyj\u0119cie doktoranta do programu jest przej\u015bcie weryfikacji w Szkole Doktorskiej)<\/strong><\/li>\n<\/ol>\n<p><strong>Szczeg\u00f3\u0142owy harmonogram <\/strong>dzia\u0142a\u0144 w post\u0119powaniu rekrutacyjnym do Szko\u0142y Doktorskiej w Uniwersytecie \u015al\u0105skim w Katowicach na rok akademicki 2026\/2027 zostanie opublikowany wkr\u00f3tce.<\/p>\n<\/div>\r\n                    <\/div>\r\n                <\/div>[\/vc_column][\/vc_row]<\/p>","protected":false},"excerpt":{"rendered":"<p>[vc_row][vc_column][\/vc_column][\/vc_row] [&#8230;]<\/p>\n<p><a class=\"btn btn-secondary understrap-read-more-link\" href=\"https:\/\/us.edu.pl\/szkola-doktorska\/doktorat-wdrozeniowy\/harmonogram-rekrutacji-do-programu\/\">Read More&#8230;<\/a><\/p>\n","protected":false},"author":42,"featured_media":0,"parent":75,"menu_order":0,"comment_status":"closed","ping_status":"closed","template":"page-templates\/page-with-sidebar.php","meta":{"_expiration-date-status":"","_expiration-date":0,"_expiration-date-type":"","_expiration-date-categories":[],"_expiration-date-options":[]},"acf":[],"_links":{"self":[{"href":"https:\/\/us.edu.pl\/szkola-doktorska\/wp-json\/wp\/v2\/pages\/4883"}],"collection":[{"href":"https:\/\/us.edu.pl\/szkola-doktorska\/wp-json\/wp\/v2\/pages"}],"about":[{"href":"https:\/\/us.edu.pl\/szkola-doktorska\/wp-json\/wp\/v2\/types\/page"}],"author":[{"embeddable":true,"href":"https:\/\/us.edu.pl\/szkola-doktorska\/wp-json\/wp\/v2\/users\/42"}],"replies":[{"embeddable":true,"href":"https:\/\/us.edu.pl\/szkola-doktorska\/wp-json\/wp\/v2\/comments?post=4883"}],"version-history":[{"count":10,"href":"https:\/\/us.edu.pl\/szkola-doktorska\/wp-json\/wp\/v2\/pages\/4883\/revisions"}],"predecessor-version":[{"id":24898,"href":"https:\/\/us.edu.pl\/szkola-doktorska\/wp-json\/wp\/v2\/pages\/4883\/revisions\/24898"}],"up":[{"embeddable":true,"href":"https:\/\/us.edu.pl\/szkola-doktorska\/wp-json\/wp\/v2\/pages\/75"}],"wp:attachment":[{"href":"https:\/\/us.edu.pl\/szkola-doktorska\/wp-json\/wp\/v2\/media?parent=4883"}],"curies":[{"name":"wp","href":"https:\/\/api.w.org\/{rel}","templated":true}]}}