{"id":49,"date":"2019-10-04T14:07:23","date_gmt":"2019-10-04T12:07:23","guid":{"rendered":"https:\/\/us.edu.pl\/sd\/?page_id=49"},"modified":"2021-04-19T11:57:33","modified_gmt":"2021-04-19T09:57:33","slug":"plan-zajec-lato2021-1","status":"publish","type":"page","link":"https:\/\/us.edu.pl\/szkola-doktorska\/harmonogram-zajec-semestr-letni-2020-2021\/plan-zajec-lato2021-1\/","title":{"rendered":"Plan zaj\u0119\u0107 &#8211; semestr letni &#8211; I rok SD"},"content":{"rendered":"<p>[vc_row][vc_column]\r\n                <div class=\"text-modules \">\r\n                    <div class=\"container\">\r\n                        <h3 class=\"section-title section-title_border-bottom\">Seminarium doktorskie i tutoring<\/h3> \r\n                        <div class=\"row m-0\">\r\n                            <div class=\"text-modules__content\">\r\n                                Zaj\u0119cia indywidualne (seminarium, tutoring) realizowane s\u0105 zgodnie ze zg\u0142oszeniami. O formie zaj\u0119\u0107 i kryteriach zaliczenia decyduj\u0105 wsp\u00f3lnie prowadz\u0105cy i doktorant. Je\u017celi co\u015b wymaga poprawy w USOS &#8211; <a href=\"agnieszka.filipowska@us.edu.pl\">zg\u0142o\u015b to<\/a>.<\/p>\n<p>Wi\u0119cej na temat tutoringu: <a href=\"\/szkola-doktorska\/ksztalcenie-indywidualne\/tutoring\/\">tutoring ekspercki w Szkole Doktorskiej<\/a> \r\n                                <div class=\"mt-3\"><\/div>\r\n                            <\/div>\r\n                            \r\n                            <div class=\"text-modules__img\"><img src=\"https:\/\/us.edu.pl\/szkola-doktorska\/wp-content\/uploads\/sites\/50\/2019\/11\/apple-256268_1920-300x199.jpg\" alt=\"img\"><\/div>\r\n                        <\/div>\r\n                    <\/div>\r\n                <\/div>\r\n                <div class=\"text-modules reverse\">\r\n                    <div class=\"container\">\r\n                        <h3 class=\"section-title section-title_border-bottom\">Przygotowanie i realizacja projektu badawczego<\/h3> \r\n                        <div class=\"row m-0\">\r\n                            <div class=\"text-modules__content\">\r\n                                G\u0142\u00f3wnym celem zaj\u0119\u0107 jest przygotowanie projektu grantowego &#8211; zaplanowanie go w ten spos\u00f3b, \u017ceby mia\u0142 du\u017ce szanse na finansowanie, a jego realizacja przynios\u0142a korzy\u015bci naukowe. Praca odbywa si\u0119 w grupach i w postaci indywidualnych konsultacji. Zaj\u0119cia prowadzone s\u0105 we wsp\u00f3\u0142pracy z promotorami, kt\u00f3rzy stanowi\u0105 merytoryczne wsparcie w przygotowaniu wniosk\u00f3w.<\/p>\n<p>Zaliczenie zaj\u0119\u0107 odbywa si\u0119 na podstawie przygotowania wniosku i z\u0142o\u017cenia wniosku grantowego. Doktoranci maj\u0105 czas na z\u0142o\u017cenie wniosku grantowego do ko\u0144ca drugiego roku kszta\u0142cenia, a wi\u0119c zaliczenie mog\u0105 uzyska\u0107 te\u017c na drugim roku, ale w zaj\u0119ciach uczestnicz\u0105 na pierwszym roku.<\/p>\n<p><strong>Doktoranci, kt\u00f3rzy realizuj\u0105 swoje projektu doktorskie w ramach projektu grantowego<\/strong> (np. PRELUDIUM BIS, OPUS) i pozyskanie kolejnego grantu zamiast korzy\u015bci mog\u0142oby zak\u0142\u00f3ci\u0107 mo\u017cliwo\u015b\u0107 realizacji projektu, mog\u0105 zosta\u0107 zwolnieni z obowi\u0105zku wysy\u0142ania wniosku grantowego. Powinni z\u0142o\u017cy\u0107 wniosek (drog\u0105 elektroniczn\u0105 &#8211; szkola.doktorska@us.edu.pl) o zwolnienie z tego obowi\u0105zku. Wniosek powinien by\u0107 potwierdzony przez promotora (podpis na skanie pisma albo oddzielny mail potwierdzaj\u0105cy). Uwaga &#8211; zwolnienie ze z\u0142o\u017cenia wniosku nie oznacza zwolnienia z zaj\u0119\u0107, na kt\u00f3rych doktoranci ucz\u0105 si\u0119 jak samodzielnie pozyskiwa\u0107 \u015brodki na badania. Doktorant powinien ustali\u0107 kryteria zaliczenia z prowadz\u0105cym.<\/p>\n<p><strong>Doktoranci, kt\u00f3rzy samodzielnie pozyskali ju\u017c \u015brodki na badania w postaci grantu<\/strong> (np. PRELUDIUM, Diamentowy Grant, Doktorat wdro\u017ceniowy) mog\u0105 z\u0142o\u017cy\u0107 wniosek o ca\u0142kowite zwolnienie z tych zaj\u0119\u0107.<\/p>\n<p>&nbsp;<\/p>\n<h3>Cykl zaj\u0119\u0107<\/h3>\n<h3>Cz\u0119\u015b\u0107 I &#8211; spotkania wprowadzaj\u0105ce<\/h3>\n<p>Spotkania odbywaj\u0105 si\u0119 na MS Teams, z wyj\u0105tkiem pierwszego spotkania (stypendium Fulbrighta). Link do zespo\u0142u: <a href=\"https:\/\/teams.microsoft.com\/l\/team\/19%3a57909932eb714e5ea922278b2a843917%40thread.tacv2\/conversations?groupId=42d0bb83-709c-49e3-9bfd-67376bc0d1d4&amp;tenantId=50c76291-0c80-4444-a2fb-4f8ab168c311\">zapisz si\u0119 ju\u017c dzi\u015b<\/a>.<\/p>\n<p>Wsp\u00f3lne dla wszystkich spotkania z pracownikami administracji i innymi osobami, kt\u00f3re przeka\u017c\u0105 informacje o \u017ar\u00f3d\u0142ach finansowania projekt\u00f3w badawczych, procedurach i wymaganiach.<\/p>\n<p>23 lutego (wtorek) godz. 13:00 &#8211; <span style=\"text-decoration: underline\"><strong>webinarium dotycz\u0105ce oferty programowej Polsko-Ameryka\u0144skiej Komisji Fulbrighta<\/strong><\/span>. Spotkanie poprowadzi <strong>Koordynatorka Programu &#8211; Patrycja Donaburska<\/strong> wraz z go\u015b\u0107mi &#8211; cz\u0142onkiem Rady Polsko-Ameryka\u0144skiej Komisji Fulbrighta &#8211; prof. Markiem Konarzewskim oraz absolwentk\u0105 Programu &#8211; dr Barbar\u0105 Lewick\u0105 z Instytutu Socjologii Uniwersytetu \u015al\u0105skiego. Aby wzi\u0105\u0107 udzia\u0142 w spotkaniu, prosz\u0119 o wype\u0142nienie\u00a0do 22 lutego, do godziny 12:00, formularza rejestracyjnego, kt\u00f3ry jest dost\u0119pny <a href=\"https:\/\/forms.gle\/UUzi6rjzkNKSxHcK8\">tutaj<\/a>. Spotkanie po polsku &#8211; oferta jest dost\u0119pna tylko dla obywateli polskich.<\/p>\n<p>24 lutego (\u015broda) godz. 15:30 &#8211; spotkanie z dr Emili\u0105 Rekosz-Cebul\u0105 z Dzia\u0142u Projekt\u00f3w U\u015a (MS Teams) dotycz\u0105ce procedur wewn\u0119trznych U\u015a.<\/p>\n<p>26 lutego (pi\u0105tek) godz. 15:30 &#8211; spotkanie z mgr Karolin\u0105 Habdas z Dzia\u0142u Projekt\u00f3w, dyrektotor ds. funduszy krajowych &#8211; wst\u0119pna informacja o konkursach NCN (przede wszystkim &#8211; PRELUDIUM)<\/p>\n<p>kolejne spotkania dotycz\u0105ce program\u00f3w NCN, NAWA i Erasmus b\u0119d\u0105 organizowane na bie\u017c\u0105co, wraz z otwarciem konkurs\u00f3w<\/p>\n<h3><\/h3>\n<h3>Cz\u0119\u015b\u0107 II &#8211; warsztaty &#8211; praca nad projektami<\/h3>\n<p>Doktoranci pracuj\u0105 ze specjalistami maj\u0105cymi du\u017ce do\u015bwiadczenie w przygotowywaniu i pozyskiwaniu grant\u00f3w. Zaj\u0119cia rozpoczynaj\u0105 si\u0119 od drugiego tygodnia semestru, tj. od 1 marca. Na pierwszym spotkaniu ustalony b\u0119dzie harmonogram pracy. Zaj\u0119cia rozpoczynaj\u0105 si\u0119 regularnymi spotkaniami, a potem &#8211; praca indywidualna w ramach konsultacji.<\/p>\n<p><strong>Rejestracja na t\u0119 cz\u0119\u015b\u0107 zaj\u0119\u0107 odbywa si\u0119 w USOSweb od czwartku 11 lutego godz. 15:00 do wtorku 16 lutego godz. 23:59.<\/strong><\/p>\n<h4>Obszar: nauki \u015bcis\u0142e i przyrodnicze oraz in\u017cynieryjno-techniczne<\/h4>\n<p>Prowadz\u0105cy:<\/p>\n<ul>\n<li>nauki &#8211; fizyczne &#8211; prof. dr hab. Marian Paluch (<a href=\"mailto:marian.paluch@us.edu.pl\">e-mail<\/a>) &#8211; \u015brody 11:30-13:00<\/li>\n<li>nauki chemiczne &#8211; dr hab. Rafa\u0142 Podeszwa, prof. U\u015a (<a href=\"mailto:rafal.podeszwa@us.edu.pl\">e-mail<\/a>) &#8211; pi\u0105tki 9:45-11:15 (mo\u017cliwa zmiana)<\/li>\n<li>nauki o Ziemi i \u015brodowisku &#8211; prof. dr hab. Micha\u0142 Zato\u0144 (<a href=\"mailto:michal.zaton@us.edu.pl\">e-mail<\/a>) &#8211; \u015brody15:30-17:00<\/li>\n<li>nauki biologiczne &#8211; dr hab. Damian Gruszka, prof. U\u015a (<a href=\"mailto:damian.gruszka@us.edu.pl\">e-mail<\/a>) &#8211; \u015brody 13:45-15:15<\/li>\n<li>doktoranci matematyki, in\u017cynierii materia\u0142owej i informatyki technicznej &#8211; wybieraj\u0105 jednego z powy\u017cszych prowadz\u0105cych<\/li>\n<\/ul>\n<h4>Obszar: nauki spo\u0142eczne<\/h4>\n<p>Zaj\u0119cia prowadzi dr Dorota Kiebzak-Mandera (Instytut J\u0119zyka Polskiego PAN, by\u0142y pracownik NCN). Doktoranci wybieraj\u0105 jeden z termin\u00f3w:<\/p>\n<ul>\n<li>pi\u0105tek 9:45-11:15<\/li>\n<li>pi\u0105tek 11:30-13:00<\/li>\n<li>pi\u0105tek 13:45-15:15<\/li>\n<li>pi\u0105tek 15:30-17:00<\/li>\n<\/ul>\n<p>Dodatkowo ka\u017cdy z doktorant\u00f3w b\u0119dzie uczestniczy\u0142 w jednym z wyk\u0142ad\u00f3w do wyboru &#8211; terminy zostan\u0105 dopiero podane:<\/p>\n<ul>\n<li>dr hab. Magdalena Habdas, prof. U\u015a (nauki prawne)<\/li>\n<li>dr Dagna Kocur (psychologia)<\/li>\n<\/ul>\n<h4>Obszar: nauki humanistyczne, nauki teologiczne i sztuka<\/h4>\n<ul>\n<li>j\u0119zykoznawstwo &#8211; doktoranci do\u0142\u0105czaj\u0105 do wybranej grupy z nauk spo\u0142ecznych (dr Dorota Kiebzak-Mandera)<\/li>\n<li>historia, filozofia &#8211; dr Maciej Stanek &#8211; pi\u0105tki 11:30-13:00<\/li>\n<li>literaturozawstwo, nauki o kulturze i reglii, teologia &#8211; dr hab. Anna Czarnowus, prof. U\u015a &#8211; pi\u0105tki 13:45-15:15<\/li>\n<li>sztuki filmowe i teatralne &#8211; dr Anna Huth &#8211; \u015brody 9:45-11:15<\/li>\n<\/ul>\n<div class=\"mt-3\"><\/div>\r\n                            <\/div>\r\n                            \r\n                            <div class=\"text-modules__img\"><img src=\"https:\/\/us.edu.pl\/szkola-doktorska\/wp-content\/uploads\/sites\/50\/Nieprzypisane\/provetas-118222_1280-300x183.jpg\" alt=\"img\"><\/div>\r\n                        <\/div>\r\n                    <\/div>\r\n                <\/div>\r\n                <div class=\"text-modules reverse\">\r\n                    <div class=\"container\">\r\n                        <h3 class=\"section-title section-title_border-bottom\">Etyka bada\u0144<\/h3> \r\n                        <div class=\"row m-0\">\r\n                            <div class=\"text-modules__content\">\r\n                                Zapoznanie doktorant\u00f3w z szerokim spektrum wsp\u00f3\u0142czesnych problem\u00f3w zwi\u0105zanych z etyk\u0105 bada\u0144. W szczeg\u00f3lno\u015bci modu\u0142 obejmie normy dotycz\u0105ce plagiatu i dobrej praktyki naukowej, a tak\u017ce normy i wymogi prawne dotycz\u0105ce ochrony uczestnik\u00f3w bada\u0144 i przetwarzania danych osobowych. Zaj\u0119cia wspieraj\u0105 proces przygotowania grantu.<\/p>\n<p>Prowadz\u0105cy: dr hab. Mariusz Jagielski, prof. U\u015a (<a href=\"mailto:mariusz.jagielski@us.edu.pl\">e-mail<\/a>) i zaproszeni go\u015bcie<\/p>\n<p>terminy: \u015brody i pi\u0105tki od 3 do 26 marca, do wyboru (niezale\u017cnie od obszar\u00f3w i dyscyplin):<\/p>\n<ul>\n<li>\u015brody 13:45-15:15<\/li>\n<li>\u015brody 15:30-17:00<\/li>\n<li>\u015brody 17:15-18:45<\/li>\n<li>pi\u0105tki 11:30-13:00<\/li>\n<li>pi\u0105tki 13:45-15:15 (grupa angloj\u0119zyczna)<\/li>\n<li>pi\u0105tki 15:30-17:00<\/li>\n<\/ul>\n<p><strong>Rejestracja na te zaj\u0119cia odbywa si\u0119 w USOSweb od czwartku 11 lutego godz. 15:00 do wtorku 16 lutego godz. 23:59.<\/strong> \r\n                                <div class=\"mt-3\"><\/div>\r\n                            <\/div>\r\n                            \r\n                            <div class=\"text-modules__img\"><img src=\"https:\/\/us.edu.pl\/szkola-doktorska\/wp-content\/uploads\/sites\/50\/Nieprzypisane\/animal-1554745_1280-300x195.jpg\" alt=\"img\"><\/div>\r\n                        <\/div>\r\n                    <\/div>\r\n                <\/div>\r\n                <div class=\"text-modules reverse\">\r\n                    <div class=\"container\">\r\n                        <h3 class=\"section-title section-title_border-bottom\">Planowanie kariery naukowej<\/h3> \r\n                        <div class=\"row m-0\">\r\n                            <div class=\"text-modules__content\">\r\n                                Konwersacje dotycz\u0105ce kr\u00f3tkoterminowego i d\u0142ugofalowego planowania i rozwoju kariery naukowej. Jak znale\u017a\u0107 si\u0119 w \u015brodowisku akademickim, jak efektywnie pracowa\u0107 w zespo\u0142ach badawczych, jak planowa\u0107 mi\u0119dzynarodowe dzia\u0142ania.<\/p>\n<p>Prowadz\u0105cy: prof. dr hab. Micha\u0142 Zato\u0144<\/p>\n<p>Zaj\u0119cia w grupach mieszanych (niezale\u017cnie od obszaru i dyscypliny) w pi\u0105tki od 5 marca do 16 kwietnia. Terminy do wyboru:<\/p>\n<p>pi\u0105tek 9:45-11:15<\/p>\n<p>pi\u0105tek 11:30-13:00<\/p>\n<p>pi\u0105tek 13:45-15:15<\/p>\n<p>pi\u0105tek 15:30-17:00 (grupa angloj\u0119zyczna)<\/p>\n<p>Oddzielna grupa zaj\u0119ciowa b\u0119dzie zorganizowana dla doktorant\u00f3w wdro\u017ceniowych &#8211; termin i prowadz\u0105cy zostanie podany wkr\u00f3tce.<\/p>\n<p><strong>Rejestracja na te zaj\u0119cia odbywa si\u0119 w USOSweb od czwartku 11 lutego godz. 15:00 do wtorku 16 lutego godz. 23:59.<\/strong> \r\n                                <div class=\"mt-3\"><\/div>\r\n                            <\/div>\r\n                            \r\n                            <div class=\"text-modules__img\"><img src=\"https:\/\/us.edu.pl\/szkola-doktorska\/wp-content\/uploads\/sites\/50\/Nieprzypisane\/DSC8475-300x200.jpg\" alt=\"img\"><\/div>\r\n                        <\/div>\r\n                    <\/div>\r\n                <\/div>\r\n                <div class=\"text-modules reverse\">\r\n                    <div class=\"container\">\r\n                        <h3 class=\"section-title section-title_border-bottom\">Lektorat j\u0119zyka angielskiego<\/h3> \r\n                        <div class=\"row m-0\">\r\n                            <div class=\"text-modules__content\">\r\n                                Kontynuacja zaj\u0119\u0107 z poprzedniego semestru (z mo\u017cliwo\u015bci\u0105 dopisywania si\u0119 do grup).<\/p>\n<p>Zaj\u0119cia prowadzone s\u0105 w sze\u015bciu grupach przez ca\u0142y semestr, od 3 marca.<\/p>\n<ul>\n<li>gr. 1, poziom C1, mgr Iwona Wojtala, \u015broda 11:30-13:00<\/li>\n<li>gr. 2, poziom C1, mgr Iwona Wojtala, \u015broda 9:45-11:15<\/li>\n<li>gr. 3, poziom C1, mgr Iwona Wojtala, \u015broda 13:45-15:15<\/li>\n<li>gr. 4, poziom B2, dr Maria Stec, \u015broda 11:30-13:00<\/li>\n<li>gr. 5, poziom B2, dr Maria Stec, \u015broda 9:45-11:15<\/li>\n<li>gr. 6, poziom B2, dr Maria Stec, \u015broda 13:45-15:15<\/li>\n<li>gr. 7 poziom B1, mgr Katarzyna Bana\u015b-Sieradzka, \u015broda 11:30-13:00 (po\u0142\u0105czone grupy 7 i 8)<\/li>\n<\/ul>\n<p>Nie b\u0119dzie rejestracji na zaj\u0119cia. Mo\u017cliwa zmiana grupy z powodu kolizji termin\u00f3w z innymi zaj\u0119ciami, po uzgodnieniu z prowadz\u0105c\u0105. Pro\u015bby o przepisanie nale\u017cy kierowa\u0107 do p. <a href=\"mailto:agnieszka.filipowska@us.edu.pl\">Agnieszki Filipowskiej<\/a>. \r\n                                <div class=\"mt-3\"><\/div>\r\n                            <\/div>\r\n                            \r\n                            <div class=\"text-modules__img\"><img src=\"https:\/\/us.edu.pl\/szkola-doktorska\/wp-content\/uploads\/sites\/50\/Nieprzypisane\/DSC4867-300x200.jpg\" alt=\"img\"><\/div>\r\n                        <\/div>\r\n                    <\/div>\r\n                <\/div>\r\n                <div class=\"text-modules \">\r\n                    <div class=\"container\">\r\n                        <h3 class=\"section-title section-title_border-bottom\">Dydaktyka szko\u0142y wy\u017cszej<\/h3> <h3 class=\"subtitle text-modules__subtitle\">Warsztaty<\/h3>\r\n                        <div class=\"row m-0\">\r\n                            <div class=\"text-modules__content\">\r\n                                Przedostatni etap kszta\u0142cenia przysz\u0142ych nauczycieli akademickich &#8211; warsztaty tematyczne. Ka\u017cdy z doktorant\u00f3w wybiera jedn\u0105 z grup warsztatowych. Wszystkie zaj\u0119cia odbywaj\u0105 si\u0119 w pi\u0105tek 23 kwietnia.<\/p>\n<ol>\n<li>Aktywizuj\u0105ce strategie w pracy z grup\u0105 &#8211; mgr Ewa D\u0119bska (zaj\u0119cia po angielsku)<\/li>\n<li>Grywalizacja i gry edukacyjne \u2013 jak je wykorzysta\u0107? &#8211; dr Jacek Francikowski<\/li>\n<li>Design thinking w edukacji &#8211; dr Miko\u0142aj Marcela<\/li>\n<li>Dydaktyk w laboratorium. Nowoczesne metody dydaktyczne w naukach \u015bcis\u0142ych &#8211; dr hab. prof. U\u015a Armand Cholewka<\/li>\n<\/ol>\n<p><a href=\"\/szkola-doktorska\/2021\/04\/19\/dydaktyka-szkoly-wyzszej-warsztaty\/\">Wi\u0119cej informacji<\/a> \r\n                                <div class=\"mt-3\"><\/div>\r\n                            <\/div>\r\n                            \r\n                            <div class=\"text-modules__img\"><img src=\"https:\/\/us.edu.pl\/szkola-doktorska\/wp-content\/uploads\/sites\/50\/Nieprzypisane\/tools-1083796_640-300x225.jpg\" alt=\"img\"><\/div>\r\n                        <\/div>\r\n                    <\/div>\r\n                <\/div>[\/vc_column][\/vc_row]<\/p>","protected":false},"excerpt":{"rendered":"<p>[vc_row][vc_column][\/vc_column][\/vc_row] [&#8230;]<\/p>\n<p><a class=\"btn btn-secondary understrap-read-more-link\" href=\"https:\/\/us.edu.pl\/szkola-doktorska\/harmonogram-zajec-semestr-letni-2020-2021\/plan-zajec-lato2021-1\/\">Read More&#8230;<\/a><\/p>\n","protected":false},"author":29,"featured_media":0,"parent":4541,"menu_order":0,"comment_status":"closed","ping_status":"closed","template":"","meta":{"_expiration-date-status":"saved","_expiration-date":0,"_expiration-date-type":"","_expiration-date-categories":[],"_expiration-date-options":[]},"acf":[],"_links":{"self":[{"href":"https:\/\/us.edu.pl\/szkola-doktorska\/wp-json\/wp\/v2\/pages\/49"}],"collection":[{"href":"https:\/\/us.edu.pl\/szkola-doktorska\/wp-json\/wp\/v2\/pages"}],"about":[{"href":"https:\/\/us.edu.pl\/szkola-doktorska\/wp-json\/wp\/v2\/types\/page"}],"author":[{"embeddable":true,"href":"https:\/\/us.edu.pl\/szkola-doktorska\/wp-json\/wp\/v2\/users\/29"}],"replies":[{"embeddable":true,"href":"https:\/\/us.edu.pl\/szkola-doktorska\/wp-json\/wp\/v2\/comments?post=49"}],"version-history":[{"count":33,"href":"https:\/\/us.edu.pl\/szkola-doktorska\/wp-json\/wp\/v2\/pages\/49\/revisions"}],"predecessor-version":[{"id":5363,"href":"https:\/\/us.edu.pl\/szkola-doktorska\/wp-json\/wp\/v2\/pages\/49\/revisions\/5363"}],"up":[{"embeddable":true,"href":"https:\/\/us.edu.pl\/szkola-doktorska\/wp-json\/wp\/v2\/pages\/4541"}],"wp:attachment":[{"href":"https:\/\/us.edu.pl\/szkola-doktorska\/wp-json\/wp\/v2\/media?parent=49"}],"curies":[{"name":"wp","href":"https:\/\/api.w.org\/{rel}","templated":true}]}}