{"id":503,"date":"2019-12-08T12:57:00","date_gmt":"2019-12-08T11:57:00","guid":{"rendered":"http:\/\/us.edu.pl\/szkola-doktorska\/?page_id=503"},"modified":"2021-03-22T10:49:09","modified_gmt":"2021-03-22T09:49:09","slug":"tryby-wyznaczenia-promotora","status":"publish","type":"page","link":"https:\/\/us.edu.pl\/szkola-doktorska\/promotor\/tryby-wyznaczenia-promotora\/","title":{"rendered":"Tryby wyznaczenia promotora"},"content":{"rendered":"<p>[vc_row][vc_column]\r\n                <div class=\"text-modules\">\r\n                    <div class=\"container\">\r\n                        \r\n                        <div class=\"text-modules__content\"><p>Promotora doktoranta w Szkole Doktorskiej wyznacza dziekan Szko\u0142y Doktorskiej. Jest to jednak dopiero finalny etap, kt\u00f3ry nast\u0119puje nie p\u00f3\u017aniej ni\u017c w trzy miesi\u0105ce od dnia, w kt\u00f3rym doktorant rozpocznie kszta\u0142cenie. Do tego etapu prowadzi kilka \u015bcie\u017cek.<\/p>\n<p>W zale\u017cno\u015bci od trybu rekrutacji doktoranta, inicjatywa mo\u017ce by\u0107 po stronie doktoranta, przysz\u0142ego promotora lub instytucji (Szko\u0142y Doktorskiej oraz wsp\u00f3\u0142pracuj\u0105cych z ni\u0105 jednostek naukowych, przedsi\u0119biorstw lub instytucji publicznych, samorz\u0105dowych i prywatnych).<\/p>\n<p>Inicjuj\u0105c ten proces, warto jest zna\u0107 <a href=\"\/szkola-doktorska\/cykl-ksztalcenia-doktoranta-w-szkole-doktorskiej\/\">schemat cyklu kszta\u0142cenia doktoranta w Szkole Doktorskiej<\/a>, kt\u00f3rego cz\u0119\u015bci\u0105 jest wyb\u00f3r a nast\u0119pnie wyznaczenie promotora.<\/p>\n<p>Poniewa\u017c ca\u0142a procedura mo\u017ce wyda\u0107 si\u0119 skomplikowana, warto podkre\u015bli\u0107, \u017ce <strong>biuro Szko\u0142y Doktorskiej zapewnia wsparcie i informuje o kolejnych etapach w ca\u0142ym przebiegu procedury<\/strong>.<\/p>\n<\/div>\r\n                    <\/div>\r\n                <\/div>[\/vc_column][\/vc_row]<\/p>","protected":false},"excerpt":{"rendered":"<p>[vc_row][vc_column][\/vc_column][\/vc_row] [&#8230;]<\/p>\n<p><a class=\"btn btn-secondary understrap-read-more-link\" href=\"https:\/\/us.edu.pl\/szkola-doktorska\/promotor\/tryby-wyznaczenia-promotora\/\">Read More&#8230;<\/a><\/p>\n","protected":false},"author":42,"featured_media":0,"parent":454,"menu_order":0,"comment_status":"closed","ping_status":"closed","template":"page-templates\/page-with-bookmarks.php","meta":{"_expiration-date-status":"saved","_expiration-date":0,"_expiration-date-type":"","_expiration-date-categories":[],"_expiration-date-options":[]},"acf":[],"_links":{"self":[{"href":"https:\/\/us.edu.pl\/szkola-doktorska\/wp-json\/wp\/v2\/pages\/503"}],"collection":[{"href":"https:\/\/us.edu.pl\/szkola-doktorska\/wp-json\/wp\/v2\/pages"}],"about":[{"href":"https:\/\/us.edu.pl\/szkola-doktorska\/wp-json\/wp\/v2\/types\/page"}],"author":[{"embeddable":true,"href":"https:\/\/us.edu.pl\/szkola-doktorska\/wp-json\/wp\/v2\/users\/42"}],"replies":[{"embeddable":true,"href":"https:\/\/us.edu.pl\/szkola-doktorska\/wp-json\/wp\/v2\/comments?post=503"}],"version-history":[{"count":16,"href":"https:\/\/us.edu.pl\/szkola-doktorska\/wp-json\/wp\/v2\/pages\/503\/revisions"}],"predecessor-version":[{"id":5044,"href":"https:\/\/us.edu.pl\/szkola-doktorska\/wp-json\/wp\/v2\/pages\/503\/revisions\/5044"}],"up":[{"embeddable":true,"href":"https:\/\/us.edu.pl\/szkola-doktorska\/wp-json\/wp\/v2\/pages\/454"}],"wp:attachment":[{"href":"https:\/\/us.edu.pl\/szkola-doktorska\/wp-json\/wp\/v2\/media?parent=503"}],"curies":[{"name":"wp","href":"https:\/\/api.w.org\/{rel}","templated":true}]}}